{"id":4578284,"date":"2026-02-03T15:30:56","date_gmt":"2026-02-03T14:30:56","guid":{"rendered":"https:\/\/fabijan.si\/kellerei\/pumpen\/peristaltic\/verdrangerpumpe-typ-pr-250-tf-hp-4-tem\/"},"modified":"2026-02-03T15:30:56","modified_gmt":"2026-02-03T14:30:56","slug":"verdrangerpumpe-typ-pr-250-tf-hp-4-tem","status":"publish","type":"page","link":"https:\/\/fabijan.si\/de\/kellerei\/pumpen\/peristaltic\/verdrangerpumpe-typ-pr-250-tf-hp-4-tem\/","title":{"rendered":"verdrangerpumpe-typ-pr-250-tf-hp-4-tem"},"content":{"rendered":"\n<div class=\"container\">\n<div class=\"breadcrumb-container\"><span><br \/>\n<a href=\"https:\/\/fabijan.si\/de\/\">Zuhause<\/a> | <a href=\"https:\/\/fabijan.si\/de\/kellerei\/\">Kellerei<\/a> | <a href=\"https:\/\/fabijan.si\/de\/kellerei\/pumpen\/\">Pumpen<\/a> | <a href=\"https:\/\/fabijan.si\/de\/kellerei\/pumpen\/peristaltic\/\">Peristaltic<\/a><\/span>\n<\/div>\n<div class=\"row\">\n<div class=\"col-6\">\n<div id=\"carouselExampleControls\" class=\"carousel slide carousel-container\" data-interval=\"false\">\n<div class=\"carousel-inner\">\n<div class=\"carousel-item active\">   <img decoding=\"async\" src=\"https:\/\/fabijan.si\/wp-content\/uploads\/site-content\/tem-pr250.jpg\" class=\"d-block w-100\" alt=\"...\"><\/div>\n<div class=\"carousel-item \">   <img decoding=\"async\" src=\"https:\/\/fabijan.si\/wp-content\/uploads\/site-content\/tem-pr250-1.jpg\" class=\"d-block w-100\" alt=\"...\"><\/div>\n<\/p><\/div>\n<p>              <button class=\"carousel-control-prev\" type=\"button\" data-bs-target=\"#carouselExampleControls\" data-bs-slide=\"prev\"><br \/>\n                <span class=\"carousel-control-prev-icon\" aria-hidden=\"true\"><\/span><br \/>\n              <\/button><br \/>\n              <button class=\"carousel-control-next\" type=\"button\" data-bs-target=\"#carouselExampleControls\" data-bs-slide=\"next\"><br \/>\n                <span class=\"carousel-control-next-icon\" aria-hidden=\"true\"><\/span><br \/>\n              <\/button>\n            <\/div>\n<\/p><\/div>\n<div class=\"col-6 slo-name\">\n            Verdr\u00e4ngerpumpe Typ  PR.250 TF. HP.4 TEM<\/p>\n<div class=\"brand\">Die Pumpen PR 250 ist aus Edelstahl V2A gefertigt und eignet sich<br \/>\nhervorragend f\u00fcr die Bef\u00f6rderung von Trauben, Maische und Trestern. <\/p>\n<p>SERIENMAESSIGE AUSSTATTUNG:<br \/>\nF\u00f6rderschnecke im Trichters zur Produktbef\u00f6rderung in den Pumpenk\u00f6rper Elliptisches Rotor sorgt f\u00fcr schonende Bef\u00f6rderung (durch Druck)<br \/>\nRohrleitungen DU 100\/120 mm optimal f\u00fcr gepresste Trauben und Trester oder 60\/80 f\u00fcr Maische.<\/p>\n<p>Auf Wunsch mit Ausgleichsgef\u00e4\u00df und Drehzahlregulierung lieferbar.<\/p>\n<p>Elektromotor 380v , F\u00f6rderh\u00f6he 8 Mt Auf fahrbarem Gestell zur gesamten Trichterh\u00f6he 400 mm Schlauchanschluss UNI 60\/80\/100\/120<br \/>\n* Abmessungen: 160x70x75<br \/>\n* Gewicht: 145 kg<br \/>\n* Kapazit\u00e4t: 10-12 t\/h<br \/>\n* LEISTUNG Kg\/Std: 10000\/12000<\/p><\/div>\n<p>\t\t\t<!-- \n\n<div class=\"price-container\">\n                \n\n<p class=\"price\">###PRICE###<\/p>\n\n --><br \/>\n                <!-- <button type=\"button\" class=\"btn btn-config btn-lg\">Pojdi na konfigurator<\/button> -->\n            <\/div>\n<\/p><\/div>\n<div class=\"menu\">\n<div class=\"btn-group d-flex justify-content-center\" id=\"menu-buttons\">\n              <button type=\"button\" onClick = \"showSpecs()\" class=\"btn menu-button menu-title active\">SPEZIFIKATIONEN<\/button><br \/>\n              <button type=\"button\" onClick = \"showDescription()\" class=\"btn menu-button menu-title\">BESCHREIBUNG<\/button><br \/>\n              <button type=\"button\" onClick = \"showMaterial()\" class=\"btn menu-button menu-title\">MATERIAL<\/button>\n            <\/div>\n<div id=\"specs\">\n<ul class=\"list-group\">\n                Die Pumpen PR 250 ist aus Edelstahl V2A gefertigt und eignet sich<br \/>\nhervorragend f\u00fcr die Bef\u00f6rderung von Trauben, Maische und Trestern. <\/p>\n<p>SERIENMAESSIGE AUSSTATTUNG:<br \/>\nF\u00f6rderschnecke im Trichters zur Produktbef\u00f6rderung in den Pumpenk\u00f6rper Elliptisches Rotor sorgt f\u00fcr schonende Bef\u00f6rderung (durch Druck)<br \/>\nRohrleitungen DU 100\/120 mm optimal f\u00fcr gepresste Trauben und Trester oder 60\/80 f\u00fcr Maische.<\/p>\n<p>Auf Wunsch mit Ausgleichsgef\u00e4\u00df und Drehzahlregulierung lieferbar.<\/p>\n<p>Elektromotor 380v , F\u00f6rderh\u00f6he 8 Mt Auf fahrbarem Gestell zur gesamten Trichterh\u00f6he 400 mm Schlauchanschluss UNI 60\/80\/100\/120<br \/>\n* Abmessungen: 160x70x75<br \/>\n* Gewicht: 145 kg<br \/>\n* Kapazit\u00e4t: 10-12 t\/h<br \/>\n* LEISTUNG Kg\/Std: 10000\/12000\n              <\/ul>\n<\/p><\/div>\n<div id=\"description\">\n              Die Pumpen PR 250 ist aus Edelstahl V2A gefertigt und eignet sich<br \/>\nhervorragend f\u00fcr die Bef\u00f6rderung von Trauben, Maische und Trestern. <\/p>\n<p>AUSSTATTUNG:<\/p>\n<p>F\u00f6rderschnecke im Trichter zur Produktbef\u00f6rderung in den<br \/>\nPumpenk\u00f6rper<br \/>\nElliptischer Rotor sorgt f\u00fcr schonende Bef\u00f6rderung (durch Druck)<br \/>\nRohrleitungen DM 100\/120 mm , optimal f\u00fcr Trauben,Maische oder Trestern.<br \/>\nMit Ausgleichsgef\u00e4\u00df und Drehzahlregulierung.<br \/>\nElektromotor 380v , F\u00f6rderh\u00f6he 8 Mt<br \/>\nAuf fahrbarem Gestell.<br \/>\nTrichterh\u00f6he 400 mm<\/p>\n<p>* Abmessungen: 160x70x75<br \/>\n* Gewicht: 145 kg<br \/>\n* Kapazit\u00e4t: 10-12 t\/h<br \/>\n* Leistung: 3 kW\n            <\/p><\/div>\n<div id=\"material\"><\/div>\n<\/p><\/div>\n<\/p><\/div>\n<\/p><\/div>\n","protected":false},"excerpt":{"rendered":"<p>Zuhause | Kellerei | Pumpen | Peristaltic Verdr\u00e4ngerpumpe Typ PR.250 TF. HP.4 TEM Die Pumpen PR 250 ist aus Edelstahl V2A gefertigt und eignet sich hervorragend f\u00fcr die Bef\u00f6rderung von Trauben, Maische und Trestern. SERIENMAESSIGE AUSSTATTUNG: F\u00f6rderschnecke im Trichters zur Produktbef\u00f6rderung in den Pumpenk\u00f6rper Elliptisches Rotor sorgt f\u00fcr schonende Bef\u00f6rderung (durch Druck) Rohrleitungen DU 100\/120 [&hellip;]<\/p>\n","protected":false},"author":1,"featured_media":0,"parent":4578275,"menu_order":0,"comment_status":"closed","ping_status":"closed","template":"elementor_theme","meta":{"footnotes":""},"class_list":["post-4578284","page","type-page","status-publish","hentry"],"_links":{"self":[{"href":"https:\/\/fabijan.si\/de\/wp-json\/wp\/v2\/pages\/4578284","targetHints":{"allow":["GET"]}}],"collection":[{"href":"https:\/\/fabijan.si\/de\/wp-json\/wp\/v2\/pages"}],"about":[{"href":"https:\/\/fabijan.si\/de\/wp-json\/wp\/v2\/types\/page"}],"author":[{"embeddable":true,"href":"https:\/\/fabijan.si\/de\/wp-json\/wp\/v2\/users\/1"}],"replies":[{"embeddable":true,"href":"https:\/\/fabijan.si\/de\/wp-json\/wp\/v2\/comments?post=4578284"}],"version-history":[{"count":0,"href":"https:\/\/fabijan.si\/de\/wp-json\/wp\/v2\/pages\/4578284\/revisions"}],"up":[{"embeddable":true,"href":"https:\/\/fabijan.si\/de\/wp-json\/wp\/v2\/pages\/4578275"}],"wp:attachment":[{"href":"https:\/\/fabijan.si\/de\/wp-json\/wp\/v2\/media?parent=4578284"}],"curies":[{"name":"wp","href":"https:\/\/api.w.org\/{rel}","templated":true}]}}