{"id":4578317,"date":"2026-02-03T15:31:05","date_gmt":"2026-02-03T14:31:05","guid":{"rendered":"https:\/\/fabijan.si\/kellerei\/pumpen\/schneckenpumpen\/schneider-m\/exzenterschneckenpumpe-schneider-at-50m\/"},"modified":"2026-02-03T15:31:05","modified_gmt":"2026-02-03T14:31:05","slug":"exzenterschneckenpumpe-schneider-at-50m","status":"publish","type":"page","link":"https:\/\/fabijan.si\/de\/kellerei\/pumpen\/schneckenpumpen\/schneider-m\/exzenterschneckenpumpe-schneider-at-50m\/","title":{"rendered":"exzenterschneckenpumpe-schneider-at-50m"},"content":{"rendered":"\n<div class=\"container\">\n<div class=\"breadcrumb-container\"><span><br \/>\n<a href=\"https:\/\/fabijan.si\/de\/\">Zuhause<\/a> | <a href=\"https:\/\/fabijan.si\/de\/kellerei\/\">Kellerei<\/a> | <a href=\"https:\/\/fabijan.si\/de\/kellerei\/pumpen\/\">Pumpen<\/a> | <a href=\"https:\/\/fabijan.si\/de\/kellerei\/pumpen\/schneckenpumpen\/\">Schneckenpumpen<\/a> | <a href=\"https:\/\/fabijan.si\/de\/kellerei\/pumpen\/schneckenpumpen\/schneider-m\/\">SCHNEIDER M<\/a><\/span>\n<\/div>\n<div class=\"row\">\n<div class=\"col-6\">\n<div id=\"carouselExampleControls\" class=\"carousel slide carousel-container\" data-interval=\"false\">\n<div class=\"carousel-inner\">\n<div class=\"carousel-item active\">   <img decoding=\"async\" src=\"https:\/\/fabijan.si\/wp-content\/uploads\/site-content\/schneider-zeleni-tip-m.jpg\" class=\"d-block w-100\" alt=\"...\"><\/div>\n<\/p><\/div>\n<p>              <button class=\"carousel-control-prev\" type=\"button\" data-bs-target=\"#carouselExampleControls\" data-bs-slide=\"prev\"><br \/>\n                <span class=\"carousel-control-prev-icon\" aria-hidden=\"true\"><\/span><br \/>\n              <\/button><br \/>\n              <button class=\"carousel-control-next\" type=\"button\" data-bs-target=\"#carouselExampleControls\" data-bs-slide=\"next\"><br \/>\n                <span class=\"carousel-control-next-icon\" aria-hidden=\"true\"><\/span><br \/>\n              <\/button>\n            <\/div>\n<\/p><\/div>\n<div class=\"col-6 slo-name\">\n            Exzenterschneckenpumpe SCHNEIDER AT 50M<\/p>\n<div class=\"brand\">Eine preisg\u00fcnstige und robuste Exzenterschneckenpumpe, deren Antrieb direkt \u00fcber einen polumschaltbaren Drehstrommotor mit 2 Drehzahlen erfolgt.<br \/>\nAnwendungsbereich:<br \/>\nF\u00f6rdern von dickfl\u00fcssigen Medien auf der ersten Drehzahlstufe und F\u00f6rdern von d\u00fcnnfl\u00fcssigen Medien auf der zweiten Drehzahlstufe.<br \/>\nDrehzahl (UpM) \t700 \/ 1400<br \/>\nF\u00f6rdermenge Q (l\/h) 3000 \/ 5300<\/div>\n<p>\t\t\t<!-- \n\n<div class=\"price-container\">\n                \n\n<p class=\"price\">###PRICE###<\/p>\n\n --><br \/>\n                <!-- <button type=\"button\" class=\"btn btn-config btn-lg\">Pojdi na konfigurator<\/button> -->\n            <\/div>\n<\/p><\/div>\n<div class=\"menu\">\n<div class=\"btn-group d-flex justify-content-center\" id=\"menu-buttons\">\n              <button type=\"button\" onClick = \"showSpecs()\" class=\"btn menu-button menu-title active\">SPEZIFIKATIONEN<\/button><br \/>\n              <button type=\"button\" onClick = \"showDescription()\" class=\"btn menu-button menu-title\">BESCHREIBUNG<\/button><br \/>\n              <button type=\"button\" onClick = \"showMaterial()\" class=\"btn menu-button menu-title\">MATERIAL<\/button>\n            <\/div>\n<div id=\"specs\">\n<ul class=\"list-group\">\n                Eine preisg\u00fcnstige und robuste Exzenterschneckenpumpe, deren Antrieb direkt \u00fcber einen polumschaltbaren Drehstrommotor mit 2 Drehzahlen erfolgt.<br \/>\nAnwendungsbereich:<br \/>\nF\u00f6rdern von dickfl\u00fcssigen Medien auf der ersten Drehzahlstufe und F\u00f6rdern von d\u00fcnnfl\u00fcssigen Medien auf der zweiten Drehzahlstufe.<br \/>\nDrehzahl (UpM) \t700 \/ 1400<br \/>\nF\u00f6rdermenge Q (l\/h) 3000 \/ 5300\n              <\/ul>\n<\/p><\/div>\n<div id=\"description\"><\/div>\n<div id=\"material\"><\/div>\n<\/p><\/div>\n<\/p><\/div>\n<\/p><\/div>\n","protected":false},"excerpt":{"rendered":"<p>Zuhause | Kellerei | Pumpen | Schneckenpumpen | SCHNEIDER M Exzenterschneckenpumpe SCHNEIDER AT 50M Eine preisg\u00fcnstige und robuste Exzenterschneckenpumpe, deren Antrieb direkt \u00fcber einen polumschaltbaren Drehstrommotor mit 2 Drehzahlen erfolgt. Anwendungsbereich: F\u00f6rdern von dickfl\u00fcssigen Medien auf der ersten Drehzahlstufe und F\u00f6rdern von d\u00fcnnfl\u00fcssigen Medien auf der zweiten Drehzahlstufe. Drehzahl (UpM) 700 \/ 1400 F\u00f6rdermenge Q [&hellip;]<\/p>\n","protected":false},"author":1,"featured_media":0,"parent":4578314,"menu_order":0,"comment_status":"closed","ping_status":"closed","template":"elementor_theme","meta":{"footnotes":""},"class_list":["post-4578317","page","type-page","status-publish","hentry"],"_links":{"self":[{"href":"https:\/\/fabijan.si\/de\/wp-json\/wp\/v2\/pages\/4578317","targetHints":{"allow":["GET"]}}],"collection":[{"href":"https:\/\/fabijan.si\/de\/wp-json\/wp\/v2\/pages"}],"about":[{"href":"https:\/\/fabijan.si\/de\/wp-json\/wp\/v2\/types\/page"}],"author":[{"embeddable":true,"href":"https:\/\/fabijan.si\/de\/wp-json\/wp\/v2\/users\/1"}],"replies":[{"embeddable":true,"href":"https:\/\/fabijan.si\/de\/wp-json\/wp\/v2\/comments?post=4578317"}],"version-history":[{"count":0,"href":"https:\/\/fabijan.si\/de\/wp-json\/wp\/v2\/pages\/4578317\/revisions"}],"up":[{"embeddable":true,"href":"https:\/\/fabijan.si\/de\/wp-json\/wp\/v2\/pages\/4578314"}],"wp:attachment":[{"href":"https:\/\/fabijan.si\/de\/wp-json\/wp\/v2\/media?parent=4578317"}],"curies":[{"name":"wp","href":"https:\/\/api.w.org\/{rel}","templated":true}]}}