{"id":4578341,"date":"2026-02-03T15:31:11","date_gmt":"2026-02-03T14:31:11","guid":{"rendered":"https:\/\/fabijan.si\/kellerei\/pumpen\/schneckenpumpen\/schneider-p\/exzenterschneckenpumpe-schneider-at-400p\/"},"modified":"2026-02-03T15:31:11","modified_gmt":"2026-02-03T14:31:11","slug":"exzenterschneckenpumpe-schneider-at-400p","status":"publish","type":"page","link":"https:\/\/fabijan.si\/de\/kellerei\/pumpen\/schneckenpumpen\/schneider-p\/exzenterschneckenpumpe-schneider-at-400p\/","title":{"rendered":"exzenterschneckenpumpe-schneider-at-400p"},"content":{"rendered":"\n<div class=\"container\">\n<div class=\"breadcrumb-container\"><span><br \/>\n<a href=\"https:\/\/fabijan.si\/de\/\">Zuhause<\/a> | <a href=\"https:\/\/fabijan.si\/de\/kellerei\/\">Kellerei<\/a> | <a href=\"https:\/\/fabijan.si\/de\/kellerei\/pumpen\/\">Pumpen<\/a> | <a href=\"https:\/\/fabijan.si\/de\/kellerei\/pumpen\/schneckenpumpen\/\">Schneckenpumpen<\/a> | <a href=\"https:\/\/fabijan.si\/de\/kellerei\/pumpen\/schneckenpumpen\/schneider-p\/\">SCHNEIDER P<\/a><\/span>\n<\/div>\n<div class=\"row\">\n<div class=\"col-6\">\n<div id=\"carouselExampleControls\" class=\"carousel slide carousel-container\" data-interval=\"false\">\n<div class=\"carousel-inner\">\n<div class=\"carousel-item active\">   <img decoding=\"async\" src=\"https:\/\/fabijan.si\/wp-content\/uploads\/site-content\/schneider-zeleni-tip-p.jpg\" class=\"d-block w-100\" alt=\"...\"><\/div>\n<\/p><\/div>\n<p>              <button class=\"carousel-control-prev\" type=\"button\" data-bs-target=\"#carouselExampleControls\" data-bs-slide=\"prev\"><br \/>\n                <span class=\"carousel-control-prev-icon\" aria-hidden=\"true\"><\/span><br \/>\n              <\/button><br \/>\n              <button class=\"carousel-control-next\" type=\"button\" data-bs-target=\"#carouselExampleControls\" data-bs-slide=\"next\"><br \/>\n                <span class=\"carousel-control-next-icon\" aria-hidden=\"true\"><\/span><br \/>\n              <\/button>\n            <\/div>\n<\/p><\/div>\n<div class=\"col-6 slo-name\">\n            Exzenterschneckenpumpe SCHNEIDER AT 400P<\/p>\n<div class=\"brand\">Baugr\u00f6\u00dfe 17 \u2013 6L<br \/>\nDrehzahl (UpM) 113 \u2013 674<br \/>\nF\u00f6rdermenge Q (l\/h) 6000 \u2013 38000<\/div>\n<p>\t\t\t<!-- \n\n<div class=\"price-container\">\n                \n\n<p class=\"price\">###PRICE###<\/p>\n\n --><br \/>\n                <!-- <button type=\"button\" class=\"btn btn-config btn-lg\">Pojdi na konfigurator<\/button> -->\n            <\/div>\n<\/p><\/div>\n<div class=\"menu\">\n<div class=\"btn-group d-flex justify-content-center\" id=\"menu-buttons\">\n              <button type=\"button\" onClick = \"showSpecs()\" class=\"btn menu-button menu-title active\">SPEZIFIKATIONEN<\/button><br \/>\n              <button type=\"button\" onClick = \"showDescription()\" class=\"btn menu-button menu-title\">BESCHREIBUNG<\/button><br \/>\n              <button type=\"button\" onClick = \"showMaterial()\" class=\"btn menu-button menu-title\">MATERIAL<\/button>\n            <\/div>\n<div id=\"specs\">\n<ul class=\"list-group\">\n                Baugr\u00f6\u00dfe 17 \u2013 6L<br \/>\nDrehzahl (UpM) 113 \u2013 674<br \/>\nF\u00f6rdermenge Q (l\/h) 6000 \u2013 38000\n              <\/ul>\n<\/p><\/div>\n<div id=\"description\">\n              Exzenterschneckenpumpe deren Antrieb \u00fcber ein stufenlos verstellbares Getriebe erfolgt. Die Drehzahl und somit die F\u00f6rdermenge der Pumpe kann \u00fcber ein Handrad pr\u00e4zise gesteuert werden.<br \/>\nDies erh\u00f6ht die Lebensdauer der Pumpe und bewirkt eine sehr schonende Behandlung des F\u00f6rdergutes.<br \/>\nDurch Verwendung eines Planetengetriebes in Differentialausf\u00fchrung kann die F\u00f6rdermenge bis nahezu &#8222;Null&#8220; reduziert werden.<\/p>\n<p>Anwendungsbereich:<br \/>\n\u00dcberall dort wo eine besonders schonende F\u00f6rderung ben\u00f6tigt wird und eine exakte Einstellung der F\u00f6rdermenge \u00fcber den gesamten Drehzahlbereich notwendig ist.\n            <\/p><\/div>\n<div id=\"material\"><\/div>\n<\/p><\/div>\n<\/p><\/div>\n<\/p><\/div>\n","protected":false},"excerpt":{"rendered":"<p>Zuhause | Kellerei | Pumpen | Schneckenpumpen | SCHNEIDER P Exzenterschneckenpumpe SCHNEIDER AT 400P Baugr\u00f6\u00dfe 17 \u2013 6L Drehzahl (UpM) 113 \u2013 674 F\u00f6rdermenge Q (l\/h) 6000 \u2013 38000 SPEZIFIKATIONEN BESCHREIBUNG MATERIAL Baugr\u00f6\u00dfe 17 \u2013 6L Drehzahl (UpM) 113 \u2013 674 F\u00f6rdermenge Q (l\/h) 6000 \u2013 38000 Exzenterschneckenpumpe deren Antrieb \u00fcber ein stufenlos verstellbares Getriebe [&hellip;]<\/p>\n","protected":false},"author":1,"featured_media":0,"parent":4578323,"menu_order":0,"comment_status":"closed","ping_status":"closed","template":"elementor_theme","meta":{"footnotes":""},"class_list":["post-4578341","page","type-page","status-publish","hentry"],"_links":{"self":[{"href":"https:\/\/fabijan.si\/de\/wp-json\/wp\/v2\/pages\/4578341","targetHints":{"allow":["GET"]}}],"collection":[{"href":"https:\/\/fabijan.si\/de\/wp-json\/wp\/v2\/pages"}],"about":[{"href":"https:\/\/fabijan.si\/de\/wp-json\/wp\/v2\/types\/page"}],"author":[{"embeddable":true,"href":"https:\/\/fabijan.si\/de\/wp-json\/wp\/v2\/users\/1"}],"replies":[{"embeddable":true,"href":"https:\/\/fabijan.si\/de\/wp-json\/wp\/v2\/comments?post=4578341"}],"version-history":[{"count":0,"href":"https:\/\/fabijan.si\/de\/wp-json\/wp\/v2\/pages\/4578341\/revisions"}],"up":[{"embeddable":true,"href":"https:\/\/fabijan.si\/de\/wp-json\/wp\/v2\/pages\/4578323"}],"wp:attachment":[{"href":"https:\/\/fabijan.si\/de\/wp-json\/wp\/v2\/media?parent=4578341"}],"curies":[{"name":"wp","href":"https:\/\/api.w.org\/{rel}","templated":true}]}}