{"id":4578356,"date":"2026-02-03T15:31:15","date_gmt":"2026-02-03T14:31:15","guid":{"rendered":"https:\/\/fabijan.si\/kellerei\/pumpen\/schneckenpumpen\/schneider-g\/exzenterschneckenpumpe-schneider-at-150g\/"},"modified":"2026-02-03T15:31:15","modified_gmt":"2026-02-03T14:31:15","slug":"exzenterschneckenpumpe-schneider-at-150g","status":"publish","type":"page","link":"https:\/\/fabijan.si\/de\/kellerei\/pumpen\/schneckenpumpen\/schneider-g\/exzenterschneckenpumpe-schneider-at-150g\/","title":{"rendered":"exzenterschneckenpumpe-schneider-at-150g"},"content":{"rendered":"\n<div class=\"container\">\n<div class=\"breadcrumb-container\"><span><br \/>\n<a href=\"https:\/\/fabijan.si\/de\/\">Zuhause<\/a> | <a href=\"https:\/\/fabijan.si\/de\/kellerei\/\">Kellerei<\/a> | <a href=\"https:\/\/fabijan.si\/de\/kellerei\/pumpen\/\">Pumpen<\/a> | <a href=\"https:\/\/fabijan.si\/de\/kellerei\/pumpen\/schneckenpumpen\/\">Schneckenpumpen<\/a> | <a href=\"https:\/\/fabijan.si\/de\/kellerei\/pumpen\/schneckenpumpen\/schneider-g\/\">SCHNEIDER G<\/a><\/span>\n<\/div>\n<div class=\"row\">\n<div class=\"col-6\">\n<div id=\"carouselExampleControls\" class=\"carousel slide carousel-container\" data-interval=\"false\">\n<div class=\"carousel-inner\">\n<div class=\"carousel-item active\">   <img decoding=\"async\" src=\"https:\/\/fabijan.si\/wp-content\/uploads\/site-content\/schneider-zeleni-tip-g.jpg\" class=\"d-block w-100\" alt=\"...\"><\/div>\n<\/p><\/div>\n<p>              <button class=\"carousel-control-prev\" type=\"button\" data-bs-target=\"#carouselExampleControls\" data-bs-slide=\"prev\"><br \/>\n                <span class=\"carousel-control-prev-icon\" aria-hidden=\"true\"><\/span><br \/>\n              <\/button><br \/>\n              <button class=\"carousel-control-next\" type=\"button\" data-bs-target=\"#carouselExampleControls\" data-bs-slide=\"next\"><br \/>\n                <span class=\"carousel-control-next-icon\" aria-hidden=\"true\"><\/span><br \/>\n              <\/button>\n            <\/div>\n<\/p><\/div>\n<div class=\"col-6 slo-name\">\n            Exzenterschneckenpumpe SCHNEIDER AT 150G<\/p>\n<div class=\"brand\">* Baugr\u00f6\u00dfe 5-6L<br \/>\n* Drehzahl (UpM) 460 \/ 920<br \/>\n* F\u00f6rdermenge Q (l\/h)7500 \/ 15000<\/div>\n<p>\t\t\t<!-- \n\n<div class=\"price-container\">\n                \n\n<p class=\"price\">###PRICE###<\/p>\n\n --><br \/>\n                <!-- <button type=\"button\" class=\"btn btn-config btn-lg\">Pojdi na konfigurator<\/button> -->\n            <\/div>\n<\/p><\/div>\n<div class=\"menu\">\n<div class=\"btn-group d-flex justify-content-center\" id=\"menu-buttons\">\n              <button type=\"button\" onClick = \"showSpecs()\" class=\"btn menu-button menu-title active\">SPEZIFIKATIONEN<\/button><br \/>\n              <button type=\"button\" onClick = \"showDescription()\" class=\"btn menu-button menu-title\">BESCHREIBUNG<\/button><br \/>\n              <button type=\"button\" onClick = \"showMaterial()\" class=\"btn menu-button menu-title\">MATERIAL<\/button>\n            <\/div>\n<div id=\"specs\">\n<ul class=\"list-group\">\n                * Baugr\u00f6\u00dfe 5-6L<br \/>\n* Drehzahl (UpM) 460 \/ 920<br \/>\n* F\u00f6rdermenge Q (l\/h)7500 \/ 15000\n              <\/ul>\n<\/p><\/div>\n<div id=\"description\">\n              Exzenterschneckenpumpe deren Antrieb \u00fcber einen polumschaltbaren Drehstrommotor mit 2 Drehzahlen<br \/>\nerfolgt und zus\u00e4tzlich von einem Stirnradgetriebe untersetzt wird.<br \/>\nDurch die Drehzahlreduzierung der Pumpe wird der Verschlei\u00df von Rotor und Stator<br \/>\nreduziert, sowie eine schonende Behandlung des F\u00f6rdergutes beg\u00fcnstigt.<br \/>\nAnwendungsbereich:<br \/>\n\u00dcberall dort wo schonendes F\u00f6rdern von dickfl\u00fcssigen Medien auf der ersten Drehzahlstufe und F\u00f6rdern<br \/>\nvon gr\u00f6\u00dferen Mengen d\u00fcnnfl\u00fcssiger Medien auf der zweiten Drehzahlstufe notwendig ist\n            <\/div>\n<div id=\"material\"><\/div>\n<\/p><\/div>\n<\/p><\/div>\n<\/p><\/div>\n","protected":false},"excerpt":{"rendered":"<p>Zuhause | Kellerei | Pumpen | Schneckenpumpen | SCHNEIDER G Exzenterschneckenpumpe SCHNEIDER AT 150G * Baugr\u00f6\u00dfe 5-6L * Drehzahl (UpM) 460 \/ 920 * F\u00f6rdermenge Q (l\/h)7500 \/ 15000 SPEZIFIKATIONEN BESCHREIBUNG MATERIAL * Baugr\u00f6\u00dfe 5-6L * Drehzahl (UpM) 460 \/ 920 * F\u00f6rdermenge Q (l\/h)7500 \/ 15000 Exzenterschneckenpumpe deren Antrieb \u00fcber einen polumschaltbaren Drehstrommotor mit [&hellip;]<\/p>\n","protected":false},"author":1,"featured_media":0,"parent":4578353,"menu_order":0,"comment_status":"closed","ping_status":"closed","template":"elementor_theme","meta":{"footnotes":""},"class_list":["post-4578356","page","type-page","status-publish","hentry"],"_links":{"self":[{"href":"https:\/\/fabijan.si\/de\/wp-json\/wp\/v2\/pages\/4578356","targetHints":{"allow":["GET"]}}],"collection":[{"href":"https:\/\/fabijan.si\/de\/wp-json\/wp\/v2\/pages"}],"about":[{"href":"https:\/\/fabijan.si\/de\/wp-json\/wp\/v2\/types\/page"}],"author":[{"embeddable":true,"href":"https:\/\/fabijan.si\/de\/wp-json\/wp\/v2\/users\/1"}],"replies":[{"embeddable":true,"href":"https:\/\/fabijan.si\/de\/wp-json\/wp\/v2\/comments?post=4578356"}],"version-history":[{"count":0,"href":"https:\/\/fabijan.si\/de\/wp-json\/wp\/v2\/pages\/4578356\/revisions"}],"up":[{"embeddable":true,"href":"https:\/\/fabijan.si\/de\/wp-json\/wp\/v2\/pages\/4578353"}],"wp:attachment":[{"href":"https:\/\/fabijan.si\/de\/wp-json\/wp\/v2\/media?parent=4578356"}],"curies":[{"name":"wp","href":"https:\/\/api.w.org\/{rel}","templated":true}]}}