{"id":4578395,"date":"2026-02-03T15:31:24","date_gmt":"2026-02-03T14:31:24","guid":{"rendered":"https:\/\/fabijan.si\/kellerei\/pumpen\/schneckenpumpen\/schneider-fu\/exzenterschneckenpumpe-at-500fu\/"},"modified":"2026-02-03T15:31:24","modified_gmt":"2026-02-03T14:31:24","slug":"exzenterschneckenpumpe-at-500fu","status":"publish","type":"page","link":"https:\/\/fabijan.si\/de\/kellerei\/pumpen\/schneckenpumpen\/schneider-fu\/exzenterschneckenpumpe-at-500fu\/","title":{"rendered":"exzenterschneckenpumpe-at-500fu"},"content":{"rendered":"\n<div class=\"container\">\n<div class=\"breadcrumb-container\"><span><br \/>\n<a href=\"https:\/\/fabijan.si\/de\/\">Zuhause<\/a> | <a href=\"https:\/\/fabijan.si\/de\/kellerei\/\">Kellerei<\/a> | <a href=\"https:\/\/fabijan.si\/de\/kellerei\/pumpen\/\">Pumpen<\/a> | <a href=\"https:\/\/fabijan.si\/de\/kellerei\/pumpen\/schneckenpumpen\/\">Schneckenpumpen<\/a> | <a href=\"https:\/\/fabijan.si\/de\/kellerei\/pumpen\/schneckenpumpen\/schneider-fu\/\">SCHNEIDER FU<\/a><\/span>\n<\/div>\n<div class=\"row\">\n<div class=\"col-6\">\n<div id=\"carouselExampleControls\" class=\"carousel slide carousel-container\" data-interval=\"false\">\n<div class=\"carousel-inner\">\n<div class=\"carousel-item active\">   <img decoding=\"async\" src=\"https:\/\/fabijan.si\/wp-content\/uploads\/site-content\/schneider-zeleni-tip-fu.jpg\" class=\"d-block w-100\" alt=\"...\"><\/div>\n<\/p><\/div>\n<p>              <button class=\"carousel-control-prev\" type=\"button\" data-bs-target=\"#carouselExampleControls\" data-bs-slide=\"prev\"><br \/>\n                <span class=\"carousel-control-prev-icon\" aria-hidden=\"true\"><\/span><br \/>\n              <\/button><br \/>\n              <button class=\"carousel-control-next\" type=\"button\" data-bs-target=\"#carouselExampleControls\" data-bs-slide=\"next\"><br \/>\n                <span class=\"carousel-control-next-icon\" aria-hidden=\"true\"><\/span><br \/>\n              <\/button>\n            <\/div>\n<\/p><\/div>\n<div class=\"col-6 slo-name\">\n            Exzenterschneckenpumpe AT 500FU<\/p>\n<div class=\"brand\">Die  Schneider Exzenterschneckenpumpe 500 FU<br \/>\n\u00a0 Geeignet f\u00fcr Wein und Maische<br \/>\n\u00a0 Drehzahl (Upm) 90-500 o \/ min<br \/>\n\u00a0 F\u00f6rdermenge Q (l\/h 9000 bis 50.000 l \/ h<br \/>\n\u00a0 Spannung 380V<br \/>\n\u00a0 Baugr\u00f6\u00dfe Geometrie 35-6 L<br \/>\n\u00a0<br \/>\n\u00dcberall dort wo eine besonders schonende F\u00f6rderung ben\u00f6tigt wird und eine exakte Einstellung der F\u00f6rdermenge \u00fcber den gesamten Drehzahlbereich notwendig ist.<br \/>\n Zus\u00e4tzlich bietet der Frequenzumrichter die M\u00f6glichkeit, \u00fcber nachtr\u00e4glich angeschlossene Sensoren, die Pumpe zu regeln.<br \/>\n Zum Beispiel F\u00fcllstand, Druck, Temperatur, usw.<\/div>\n<p>\t\t\t<!-- \n\n<div class=\"price-container\">\n                \n\n<p class=\"price\">###PRICE###<\/p>\n\n --><br \/>\n                <!-- <button type=\"button\" class=\"btn btn-config btn-lg\">Pojdi na konfigurator<\/button> -->\n            <\/div>\n<\/p><\/div>\n<div class=\"menu\">\n<div class=\"btn-group d-flex justify-content-center\" id=\"menu-buttons\">\n              <button type=\"button\" onClick = \"showSpecs()\" class=\"btn menu-button menu-title active\">SPEZIFIKATIONEN<\/button><br \/>\n              <button type=\"button\" onClick = \"showDescription()\" class=\"btn menu-button menu-title\">BESCHREIBUNG<\/button><br \/>\n              <button type=\"button\" onClick = \"showMaterial()\" class=\"btn menu-button menu-title\">MATERIAL<\/button>\n            <\/div>\n<div id=\"specs\">\n<ul class=\"list-group\">\n                Die  Schneider Exzenterschneckenpumpe 500 FU<br \/>\n\u00a0 Geeignet f\u00fcr Wein und Maische<br \/>\n\u00a0 Drehzahl (Upm) 90-500 o \/ min<br \/>\n\u00a0 F\u00f6rdermenge Q (l\/h 9000 bis 50.000 l \/ h<br \/>\n\u00a0 Spannung 380V<br \/>\n\u00a0 Baugr\u00f6\u00dfe Geometrie 35-6 L<br \/>\n\u00a0<br \/>\n\u00dcberall dort wo eine besonders schonende F\u00f6rderung ben\u00f6tigt wird und eine exakte Einstellung der F\u00f6rdermenge \u00fcber den gesamten Drehzahlbereich notwendig ist.<br \/>\n Zus\u00e4tzlich bietet der Frequenzumrichter die M\u00f6glichkeit, \u00fcber nachtr\u00e4glich angeschlossene Sensoren, die Pumpe zu regeln.<br \/>\n Zum Beispiel F\u00fcllstand, Druck, Temperatur, usw.\n              <\/ul>\n<\/p><\/div>\n<div id=\"description\"><\/div>\n<div id=\"material\"><\/div>\n<\/p><\/div>\n<\/p><\/div>\n<\/p><\/div>\n","protected":false},"excerpt":{"rendered":"<p>Zuhause | Kellerei | Pumpen | Schneckenpumpen | SCHNEIDER FU Exzenterschneckenpumpe AT 500FU Die Schneider Exzenterschneckenpumpe 500 FU \u00a0 Geeignet f\u00fcr Wein und Maische \u00a0 Drehzahl (Upm) 90-500 o \/ min \u00a0 F\u00f6rdermenge Q (l\/h 9000 bis 50.000 l \/ h \u00a0 Spannung 380V \u00a0 Baugr\u00f6\u00dfe Geometrie 35-6 L \u00a0 \u00dcberall dort wo eine besonders [&hellip;]<\/p>\n","protected":false},"author":1,"featured_media":0,"parent":4578374,"menu_order":0,"comment_status":"closed","ping_status":"closed","template":"elementor_theme","meta":{"footnotes":""},"class_list":["post-4578395","page","type-page","status-publish","hentry"],"_links":{"self":[{"href":"https:\/\/fabijan.si\/de\/wp-json\/wp\/v2\/pages\/4578395","targetHints":{"allow":["GET"]}}],"collection":[{"href":"https:\/\/fabijan.si\/de\/wp-json\/wp\/v2\/pages"}],"about":[{"href":"https:\/\/fabijan.si\/de\/wp-json\/wp\/v2\/types\/page"}],"author":[{"embeddable":true,"href":"https:\/\/fabijan.si\/de\/wp-json\/wp\/v2\/users\/1"}],"replies":[{"embeddable":true,"href":"https:\/\/fabijan.si\/de\/wp-json\/wp\/v2\/comments?post=4578395"}],"version-history":[{"count":0,"href":"https:\/\/fabijan.si\/de\/wp-json\/wp\/v2\/pages\/4578395\/revisions"}],"up":[{"embeddable":true,"href":"https:\/\/fabijan.si\/de\/wp-json\/wp\/v2\/pages\/4578374"}],"wp:attachment":[{"href":"https:\/\/fabijan.si\/de\/wp-json\/wp\/v2\/media?parent=4578395"}],"curies":[{"name":"wp","href":"https:\/\/api.w.org\/{rel}","templated":true}]}}