{"id":4578449,"date":"2026-02-03T15:31:48","date_gmt":"2026-02-03T14:31:48","guid":{"rendered":"https:\/\/fabijan.si\/kellerei\/filter\/platenfilter\/40-x-40\/filter-40x40-20p-mit-doppelten-steigrohr\/"},"modified":"2026-02-03T15:31:48","modified_gmt":"2026-02-03T14:31:48","slug":"filter-40x40-20p-mit-doppelten-steigrohr","status":"publish","type":"page","link":"https:\/\/fabijan.si\/de\/kellerei\/filter\/platenfilter\/40-x-40\/filter-40x40-20p-mit-doppelten-steigrohr\/","title":{"rendered":"filter-40&#215;40-20p-mit-doppelten-steigrohr"},"content":{"rendered":"\n<div class=\"container\">\n<div class=\"breadcrumb-container\"><span><br \/>\n<a href=\"https:\/\/fabijan.si\/de\/\">Zuhause<\/a> | <a href=\"https:\/\/fabijan.si\/de\/kellerei\/\">Kellerei<\/a> | <a href=\"https:\/\/fabijan.si\/de\/kellerei\/filter\/\">Filter<\/a> | <a href=\"https:\/\/fabijan.si\/de\/kellerei\/filter\/platenfilter\/\">Platenfilter<\/a> | <a href=\"https:\/\/fabijan.si\/de\/kellerei\/filter\/platenfilter\/40-x-40\/\">40 X 40<\/a><\/span>\n<\/div>\n<div class=\"row\">\n<div class=\"col-6\">\n<div id=\"carouselExampleControls\" class=\"carousel slide carousel-container\" data-interval=\"false\">\n<div class=\"carousel-inner\">\n<div class=\"carousel-item active\">   <img decoding=\"async\" src=\"https:\/\/fabijan.si\/wp-content\/uploads\/site-content\/00003020.jpg\" class=\"d-block w-100\" alt=\"...\"><\/div>\n<div class=\"carousel-item \">   <img decoding=\"async\" src=\"https:\/\/fabijan.si\/wp-content\/uploads\/site-content\/00003020_1.jpg\" class=\"d-block w-100\" alt=\"...\"><\/div>\n<div class=\"carousel-item \">   <img decoding=\"async\" src=\"https:\/\/fabijan.si\/wp-content\/uploads\/site-content\/00003020_2.jpg\" class=\"d-block w-100\" alt=\"...\"><\/div>\n<\/p><\/div>\n<p>              <button class=\"carousel-control-prev\" type=\"button\" data-bs-target=\"#carouselExampleControls\" data-bs-slide=\"prev\"><br \/>\n                <span class=\"carousel-control-prev-icon\" aria-hidden=\"true\"><\/span><br \/>\n              <\/button><br \/>\n              <button class=\"carousel-control-next\" type=\"button\" data-bs-target=\"#carouselExampleControls\" data-bs-slide=\"next\"><br \/>\n                <span class=\"carousel-control-next-icon\" aria-hidden=\"true\"><\/span><br \/>\n              <\/button>\n            <\/div>\n<\/p><\/div>\n<div class=\"col-6 slo-name\">\n            Filter 40&#215;40 \/ 20P mit doppelten Steigrohr<\/p>\n<div class=\"brand\">Platten \/ Schichten: 20\/19<br \/>\nLeistung Ltr\/Std: 3000<br \/>\nGewicht Kg: 215<br \/>\nAbmessungen: 1200x700x830<\/p>\n<p>SERIENMAESSIGE AUSSTATTUNG:<br \/>\n* Fahrbarer Gestell mit 3 Raeder und Abtropfwanne<br \/>\n* Filterplatten aus PP30 (Polypropylene) , lebensmittelecht &#8211; ohne Schichten<br \/>\n* Dichtungen aus EPDM St\u00e4rke 4,5 mm<br \/>\n* 2 x Manometer (Ein- u. Ausgang) u. 1 x Schauglass im Ausgang,<br \/>\n* Nirosta Flachventile Marke Tassalini mit Anschl\u00fcssen DN40 oder WAG 5\/4\u201c auf Wunsch<br \/>\n* Auf Anfrage wird der Filter Modell S f\u00fcr die Filtration von Oliven\u00f6l, Raps\u00f6le , Sekt (10 ATU) usw. ausgestattet<\/p><\/div>\n<p>\t\t\t<!-- \n\n<div class=\"price-container\">\n                \n\n<p class=\"price\">###PRICE###<\/p>\n\n --><br \/>\n                <!-- <button type=\"button\" class=\"btn btn-config btn-lg\">Pojdi na konfigurator<\/button> -->\n            <\/div>\n<\/p><\/div>\n<div class=\"menu\">\n<div class=\"btn-group d-flex justify-content-center\" id=\"menu-buttons\">\n              <button type=\"button\" onClick = \"showSpecs()\" class=\"btn menu-button menu-title active\">SPEZIFIKATIONEN<\/button><br \/>\n              <button type=\"button\" onClick = \"showDescription()\" class=\"btn menu-button menu-title\">BESCHREIBUNG<\/button><br \/>\n              <button type=\"button\" onClick = \"showMaterial()\" class=\"btn menu-button menu-title\">MATERIAL<\/button>\n            <\/div>\n<div id=\"specs\">\n<ul class=\"list-group\">\n                Platten \/ Schichten: 20\/19<br \/>\nLeistung Ltr\/Std: 3000<br \/>\nGewicht Kg: 215<br \/>\nAbmessungen: 1200x700x830<\/p>\n<p>SERIENMAESSIGE AUSSTATTUNG:<br \/>\n* Fahrbarer Gestell mit 3 Raeder und Abtropfwanne<br \/>\n* Filterplatten aus PP30 (Polypropylene) , lebensmittelecht &#8211; ohne Schichten<br \/>\n* Dichtungen aus EPDM St\u00e4rke 4,5 mm<br \/>\n* 2 x Manometer (Ein- u. Ausgang) u. 1 x Schauglass im Ausgang,<br \/>\n* Nirosta Flachventile Marke Tassalini mit Anschl\u00fcssen DN40 oder WAG 5\/4\u201c auf Wunsch<br \/>\n* Auf Anfrage wird der Filter Modell S f\u00fcr die Filtration von Oliven\u00f6l, Raps\u00f6le , Sekt (10 ATU) usw. ausgestattet\n              <\/ul>\n<\/p><\/div>\n<div id=\"description\">\n              SERIENMAESSIGE AUSSTATTUNG:<br \/>\nFahrbarer Gestell mit 3 Raeder und Abtropfwanne<br \/>\nFilterplatten aus PPT30 ,<br \/>\nlebensmittelecht &#8211; ohne Schichten Dichtungen aus EPDM St\u00e4rke 4,5 mm<br \/>\n2 x Manometer (Ein- u. Ausgang) u. 1 x Schauglass im Ausgang,<br \/>\nNirosta Flachventile Marke Tassalini mit Anschl\u00fcssen DN40 oder WAG 5\/4\u201c<br \/>\nauf Wunsch Auf Anfrage wird der Filter Modell S f\u00fcr die Filtration von<br \/>\nOliven\u00f6l, Raps\u00f6le usw. ausgestattet\n            <\/div>\n<div id=\"material\"><\/div>\n<\/p><\/div>\n<\/p><\/div>\n<\/p><\/div>\n","protected":false},"excerpt":{"rendered":"<p>Zuhause | Kellerei | Filter | Platenfilter | 40 X 40 Filter 40&#215;40 \/ 20P mit doppelten Steigrohr Platten \/ Schichten: 20\/19 Leistung Ltr\/Std: 3000 Gewicht Kg: 215 Abmessungen: 1200x700x830 SERIENMAESSIGE AUSSTATTUNG: * Fahrbarer Gestell mit 3 Raeder und Abtropfwanne * Filterplatten aus PP30 (Polypropylene) , lebensmittelecht &#8211; ohne Schichten * Dichtungen aus EPDM St\u00e4rke [&hellip;]<\/p>\n","protected":false},"author":1,"featured_media":0,"parent":4578446,"menu_order":0,"comment_status":"closed","ping_status":"closed","template":"elementor_theme","meta":{"footnotes":""},"class_list":["post-4578449","page","type-page","status-publish","hentry"],"_links":{"self":[{"href":"https:\/\/fabijan.si\/de\/wp-json\/wp\/v2\/pages\/4578449","targetHints":{"allow":["GET"]}}],"collection":[{"href":"https:\/\/fabijan.si\/de\/wp-json\/wp\/v2\/pages"}],"about":[{"href":"https:\/\/fabijan.si\/de\/wp-json\/wp\/v2\/types\/page"}],"author":[{"embeddable":true,"href":"https:\/\/fabijan.si\/de\/wp-json\/wp\/v2\/users\/1"}],"replies":[{"embeddable":true,"href":"https:\/\/fabijan.si\/de\/wp-json\/wp\/v2\/comments?post=4578449"}],"version-history":[{"count":0,"href":"https:\/\/fabijan.si\/de\/wp-json\/wp\/v2\/pages\/4578449\/revisions"}],"up":[{"embeddable":true,"href":"https:\/\/fabijan.si\/de\/wp-json\/wp\/v2\/pages\/4578446"}],"wp:attachment":[{"href":"https:\/\/fabijan.si\/de\/wp-json\/wp\/v2\/media?parent=4578449"}],"curies":[{"name":"wp","href":"https:\/\/api.w.org\/{rel}","templated":true}]}}