{"id":4578458,"date":"2026-02-03T15:31:51","date_gmt":"2026-02-03T14:31:51","guid":{"rendered":"https:\/\/fabijan.si\/kellerei\/filter\/kieselgurfilter\/kieselgurfilter-sfoggia-3m2-mit-dosierpumpe\/"},"modified":"2026-02-03T15:31:51","modified_gmt":"2026-02-03T14:31:51","slug":"kieselgurfilter-sfoggia-3m2-mit-dosierpumpe","status":"publish","type":"page","link":"https:\/\/fabijan.si\/de\/kellerei\/filter\/kieselgurfilter\/kieselgurfilter-sfoggia-3m2-mit-dosierpumpe\/","title":{"rendered":"kieselgurfilter-sfoggia-3m2-mit-dosierpumpe"},"content":{"rendered":"\n<div class=\"container\">\n<div class=\"breadcrumb-container\"><span><br \/>\n<a href=\"https:\/\/fabijan.si\/de\/\">Zuhause<\/a> | <a href=\"https:\/\/fabijan.si\/de\/kellerei\/\">Kellerei<\/a> | <a href=\"https:\/\/fabijan.si\/de\/kellerei\/filter\/\">Filter<\/a> | <a href=\"https:\/\/fabijan.si\/de\/kellerei\/filter\/kieselgurfilter\/\">Kieselgurfilter<\/a><\/span>\n<\/div>\n<div class=\"row\">\n<div class=\"col-6\">\n<div id=\"carouselExampleControls\" class=\"carousel slide carousel-container\" data-interval=\"false\">\n<div class=\"carousel-inner\">\n<div class=\"carousel-item active\">   <img decoding=\"async\" src=\"https:\/\/fabijan.si\/wp-content\/uploads\/site-content\/naplavni-filter-sfoggia.jpg\" class=\"d-block w-100\" alt=\"...\"><\/div>\n<\/p><\/div>\n<p>              <button class=\"carousel-control-prev\" type=\"button\" data-bs-target=\"#carouselExampleControls\" data-bs-slide=\"prev\"><br \/>\n                <span class=\"carousel-control-prev-icon\" aria-hidden=\"true\"><\/span><br \/>\n              <\/button><br \/>\n              <button class=\"carousel-control-next\" type=\"button\" data-bs-target=\"#carouselExampleControls\" data-bs-slide=\"next\"><br \/>\n                <span class=\"carousel-control-next-icon\" aria-hidden=\"true\"><\/span><br \/>\n              <\/button>\n            <\/div>\n<\/p><\/div>\n<div class=\"col-6 slo-name\">\n            Kieselgurfilter Sfoggia 3m2 mit Dosierpumpe<\/p>\n<div class=\"brand\">Leistung \/ Wein HL\/Std: 60\/90<br \/>\nGewicht Kg: 190<br \/>\nAbmessungen: 1000x1770x1780<\/p>\n<p>der professionelle Kiselguhrfilter, komplett aus Edelstahl V2A<br \/>\nmit PED 97\/23\/EC Zertifikat f\u00fcr 6 Bar Betriebsdruck<br \/>\nrobuste und zweckm\u00e4\u00dfige Konstruktion<br \/>\nsichere und einfache Bedienung dank der perfekten Stabilit\u00e4t der Konstruktion<br \/>\nDesign funktionell und elegant<\/p>\n<p>SERIENMAESSIGE AUSSTATTUNG: Fahrbarer Gestell mit bremsbaren R\u00e4dern Gelagerte horizontale<br \/>\nSiebelemente aus REPS 35\/196 90 uM) DU 500<br \/>\nKiselgurdosierpumpe OBL 110 Lt\/Std<br \/>\n(Membranpumpe oder Kolbenpumpe auf Wunsch)<br \/>\nZentrifugalpumpe LOWARA 3000-9000 Lt\/Std<br \/>\nKlappung der Glocke 90\u00b0 mit Gassto\u00dfd\u00e4mpferunterst\u00fctzung ( ab 4 Qm)<br \/>\nGleitstange zum problemlosen Abnehmen der Glocke<br \/>\nRestfiltration durch die unterste Filterscheibe<br \/>\nElektr. Schaltkasten mit Sicherheitsvorrichtungen<br \/>\nBeleuchtete Schauglaeser zur Kontrolle der Filtrationsvorgang<br \/>\nNirosta Flachventile Tassalini NW40\/50\/65 oder WAG 5\/4\u201c oder 6\/4\u201d auf Wunsch<br \/>\nDruckregler mit Druckw\u00e4chter (anstatt eines einfachen Sicherheitsventils &#8211; d.h. der Druckw\u00e4chter schaltet die Dosierpumpe immer aus,<br \/>\nbevor die Druck zu hoch wird und der Filter besch\u00e4digt wird) Ladung von Produkt VON OBEN !<\/p><\/div>\n<p>\t\t\t<!-- \n\n<div class=\"price-container\">\n                \n\n<p class=\"price\">###PRICE###<\/p>\n\n --><br \/>\n                <!-- <button type=\"button\" class=\"btn btn-config btn-lg\">Pojdi na konfigurator<\/button> -->\n            <\/div>\n<\/p><\/div>\n<div class=\"menu\">\n<div class=\"btn-group d-flex justify-content-center\" id=\"menu-buttons\">\n              <button type=\"button\" onClick = \"showSpecs()\" class=\"btn menu-button menu-title active\">SPEZIFIKATIONEN<\/button><br \/>\n              <button type=\"button\" onClick = \"showDescription()\" class=\"btn menu-button menu-title\">BESCHREIBUNG<\/button><br \/>\n              <button type=\"button\" onClick = \"showMaterial()\" class=\"btn menu-button menu-title\">MATERIAL<\/button>\n            <\/div>\n<div id=\"specs\">\n<ul class=\"list-group\">\n                Leistung \/ Wein HL\/Std: 60\/90<br \/>\nGewicht Kg: 190<br \/>\nAbmessungen: 1000x1770x1780<\/p>\n<p>der professionelle Kiselguhrfilter, komplett aus Edelstahl V2A<br \/>\nmit PED 97\/23\/EC Zertifikat f\u00fcr 6 Bar Betriebsdruck<br \/>\nrobuste und zweckm\u00e4\u00dfige Konstruktion<br \/>\nsichere und einfache Bedienung dank der perfekten Stabilit\u00e4t der Konstruktion<br \/>\nDesign funktionell und elegant<\/p>\n<p>SERIENMAESSIGE AUSSTATTUNG: Fahrbarer Gestell mit bremsbaren R\u00e4dern Gelagerte horizontale<br \/>\nSiebelemente aus REPS 35\/196 90 uM) DU 500<br \/>\nKiselgurdosierpumpe OBL 110 Lt\/Std<br \/>\n(Membranpumpe oder Kolbenpumpe auf Wunsch)<br \/>\nZentrifugalpumpe LOWARA 3000-9000 Lt\/Std<br \/>\nKlappung der Glocke 90\u00b0 mit Gassto\u00dfd\u00e4mpferunterst\u00fctzung ( ab 4 Qm)<br \/>\nGleitstange zum problemlosen Abnehmen der Glocke<br \/>\nRestfiltration durch die unterste Filterscheibe<br \/>\nElektr. Schaltkasten mit Sicherheitsvorrichtungen<br \/>\nBeleuchtete Schauglaeser zur Kontrolle der Filtrationsvorgang<br \/>\nNirosta Flachventile Tassalini NW40\/50\/65 oder WAG 5\/4\u201c oder 6\/4\u201d auf Wunsch<br \/>\nDruckregler mit Druckw\u00e4chter (anstatt eines einfachen Sicherheitsventils &#8211; d.h. der Druckw\u00e4chter schaltet die Dosierpumpe immer aus,<br \/>\nbevor die Druck zu hoch wird und der Filter besch\u00e4digt wird) Ladung von Produkt VON OBEN !\n              <\/ul>\n<\/p><\/div>\n<div id=\"description\"><\/div>\n<div id=\"material\"><\/div>\n<\/p><\/div>\n<\/p><\/div>\n<\/p><\/div>\n","protected":false},"excerpt":{"rendered":"<p>Zuhause | Kellerei | Filter | Kieselgurfilter Kieselgurfilter Sfoggia 3m2 mit Dosierpumpe Leistung \/ Wein HL\/Std: 60\/90 Gewicht Kg: 190 Abmessungen: 1000x1770x1780 der professionelle Kiselguhrfilter, komplett aus Edelstahl V2A mit PED 97\/23\/EC Zertifikat f\u00fcr 6 Bar Betriebsdruck robuste und zweckm\u00e4\u00dfige Konstruktion sichere und einfache Bedienung dank der perfekten Stabilit\u00e4t der Konstruktion Design funktionell und elegant [&hellip;]<\/p>\n","protected":false},"author":1,"featured_media":0,"parent":4578452,"menu_order":0,"comment_status":"closed","ping_status":"closed","template":"elementor_theme","meta":{"footnotes":""},"class_list":["post-4578458","page","type-page","status-publish","hentry"],"_links":{"self":[{"href":"https:\/\/fabijan.si\/de\/wp-json\/wp\/v2\/pages\/4578458","targetHints":{"allow":["GET"]}}],"collection":[{"href":"https:\/\/fabijan.si\/de\/wp-json\/wp\/v2\/pages"}],"about":[{"href":"https:\/\/fabijan.si\/de\/wp-json\/wp\/v2\/types\/page"}],"author":[{"embeddable":true,"href":"https:\/\/fabijan.si\/de\/wp-json\/wp\/v2\/users\/1"}],"replies":[{"embeddable":true,"href":"https:\/\/fabijan.si\/de\/wp-json\/wp\/v2\/comments?post=4578458"}],"version-history":[{"count":0,"href":"https:\/\/fabijan.si\/de\/wp-json\/wp\/v2\/pages\/4578458\/revisions"}],"up":[{"embeddable":true,"href":"https:\/\/fabijan.si\/de\/wp-json\/wp\/v2\/pages\/4578452"}],"wp:attachment":[{"href":"https:\/\/fabijan.si\/de\/wp-json\/wp\/v2\/media?parent=4578458"}],"curies":[{"name":"wp","href":"https:\/\/api.w.org\/{rel}","templated":true}]}}