{"id":4578470,"date":"2026-02-03T15:31:55","date_gmt":"2026-02-03T14:31:55","guid":{"rendered":"https:\/\/fabijan.si\/kellerei\/filter\/crossflowfilter\/"},"modified":"2026-02-03T15:31:55","modified_gmt":"2026-02-03T14:31:55","slug":"crossflowfilter","status":"publish","type":"page","link":"https:\/\/fabijan.si\/de\/kellerei\/filter\/crossflowfilter\/","title":{"rendered":"crossflowfilter"},"content":{"rendered":"<div class=\"breadcrumb-container\"><span><br \/>\n<a href=\"https:\/\/fabijan.si\/de\/\">Zuhause<\/a> | <a href=\"https:\/\/fabijan.si\/de\/kellerei\/\">Kellerei<\/a> | <a href=\"https:\/\/fabijan.si\/de\/kellerei\/filter\/\">Filter<\/a><\/span>\n<\/div>\n<div class=\"category-title\" style=\"display: flex; justify-content: center;\">\n<h2>Crossflowfilter<\/h2>\n<\/div>\n<div class=\"mygallery\">\n<div class=\"row\">\n<div class=\"col-sm-3 galleryitem\">\n     <!-- order:1 --><\/p>\n<div class=\"one-item\">\n       <img decoding=\"async\" src=\"https:\/\/fabijan.si\/wp-content\/uploads\/site-content\/bucher-flavy-fx-3-ics.jpg\" srcset=\" https:\/\/fabijan.si\/wp-content\/uploads\/site-content\/bucher-flavy-fx-3-ics.jpg 300w, https:\/\/fabijan.si\/wp-content\/uploads\/site-content\/bucher-flavy-fx-3-ics.jpg 150w \" \/><\/p>\n<h4>Filter BUCHER VASLIN FX2<\/h4>\n<p>       <button onclick=\"window.location.href='filter-bucher-vaslin-fx2' \"type=\"button\">Weiterlesen<\/button>\n    <\/div>\n<\/p><\/div>\n<div class=\"col-sm-3 galleryitem\">\n     <!-- order:2 --><\/p>\n<div class=\"one-item\">\n       <img decoding=\"async\" src=\"https:\/\/fabijan.si\/wp-content\/uploads\/site-content\/bucher-flavy-fx-3-ics.jpg\" srcset=\" https:\/\/fabijan.si\/wp-content\/uploads\/site-content\/bucher-flavy-fx-3-ics.jpg 300w, https:\/\/fabijan.si\/wp-content\/uploads\/site-content\/bucher-flavy-fx-3-ics.jpg 150w \" \/><\/p>\n<h4>Cross-flow Filter BUCHER FLAVY FX 2 ICS<\/h4>\n<p>       <button onclick=\"window.location.href='cross-flow-filter-bucher-flavy-fx-2-ics' \"type=\"button\">Weiterlesen<\/button>\n    <\/div>\n<\/p><\/div>\n<div class=\"col-sm-3 galleryitem\">\n     <!-- order:3 --><\/p>\n<div class=\"one-item\">\n       <img decoding=\"async\" src=\"https:\/\/fabijan.si\/wp-content\/uploads\/site-content\/bucher-flavy-fx-3-ics.jpg\" srcset=\" https:\/\/fabijan.si\/wp-content\/uploads\/site-content\/bucher-flavy-fx-3-ics.jpg 300w, https:\/\/fabijan.si\/wp-content\/uploads\/site-content\/bucher-flavy-fx-3-ics.jpg 150w \" \/><\/p>\n<h4>Flavy FX2 ICS Vorkl\u00e4rtrub<\/h4>\n<p>       <button onclick=\"window.location.href='flavy-fx2-ics-vorklartrub' \"type=\"button\">Weiterlesen<\/button>\n    <\/div>\n<\/p><\/div>\n<div class=\"col-sm-3 galleryitem\">\n     <!-- order:4 --><\/p>\n<div class=\"one-item\">\n       <img decoding=\"async\" src=\"https:\/\/fabijan.si\/wp-content\/uploads\/site-content\/bucher-flavy-fx-3-ics.jpg\" srcset=\" https:\/\/fabijan.si\/wp-content\/uploads\/site-content\/bucher-flavy-fx-3-ics.jpg 300w, https:\/\/fabijan.si\/wp-content\/uploads\/site-content\/bucher-flavy-fx-3-ics.jpg 150w \" \/><\/p>\n<h4>Filter Bucher Vaslin FX3<\/h4>\n<p>       <button onclick=\"window.location.href='filter-bucher-vaslin-fx3' \"type=\"button\">Weiterlesen<\/button>\n    <\/div>\n<\/p><\/div>\n<\/div>\n<div class=\"row\">\n<div class=\"col-sm-3 galleryitem\">\n     <!-- order:5 --><\/p>\n<div class=\"one-item\">\n       <img decoding=\"async\" src=\"https:\/\/fabijan.si\/wp-content\/uploads\/site-content\/bucher-flavy-fx-3-ics.jpg\" srcset=\" https:\/\/fabijan.si\/wp-content\/uploads\/site-content\/bucher-flavy-fx-3-ics.jpg 300w, https:\/\/fabijan.si\/wp-content\/uploads\/site-content\/bucher-flavy-fx-3-ics.jpg 150w \" \/><\/p>\n<h4>Flavy FX3 ICS f\u00fcr tieferstehende Tank<\/h4>\n<p>       <button onclick=\"window.location.href='flavy-fx3-ics-fur-tieferstehende-tank' \"type=\"button\">Weiterlesen<\/button>\n    <\/div>\n<\/p><\/div>\n<div class=\"col-sm-3 galleryitem\">\n     <!-- order:6 --><\/p>\n<div class=\"one-item\">\n       <img decoding=\"async\" src=\"https:\/\/fabijan.si\/wp-content\/uploads\/site-content\/bucher-flavy-fx-3-ics.jpg\" srcset=\" https:\/\/fabijan.si\/wp-content\/uploads\/site-content\/bucher-flavy-fx-3-ics.jpg 300w, https:\/\/fabijan.si\/wp-content\/uploads\/site-content\/bucher-flavy-fx-3-ics.jpg 150w \" \/><\/p>\n<h4>Flavy FX3 ICS Vorkl\u00e4rtrub<\/h4>\n<p>       <button onclick=\"window.location.href='flavy-fx3-ics-vorklartrub' \"type=\"button\">Weiterlesen<\/button>\n    <\/div>\n<\/p><\/div>\n<div class=\"col-sm-3 galleryitem\">\n     <!-- order:7 --><\/p>\n<div class=\"one-item\">\n       <img decoding=\"async\" src=\"https:\/\/fabijan.si\/wp-content\/uploads\/2021\/04\/Trgovina_foto-izdelka-ni-na-voljo.jpg\" srcset=\" https:\/\/fabijan.si\/wp-content\/uploads\/2021\/04\/Trgovina_foto-izdelka-ni-na-voljo.jpg 300w, https:\/\/fabijan.si\/wp-content\/uploads\/2021\/04\/Trgovina_foto-izdelka-ni-na-voljo.jpg 150w \" \/><\/p>\n<h4>Vorfilter D3<\/h4>\n<p>       <button onclick=\"window.location.href='vorfilter-d3' \"type=\"button\">Weiterlesen<\/button>\n    <\/div>\n<\/p><\/div>\n<div class=\"col-sm-3 galleryitem\">\n     <!-- order:8 --><\/p>\n<div class=\"one-item\">\n       <img decoding=\"async\" src=\"https:\/\/fabijan.si\/wp-content\/uploads\/site-content\/bucher-flavy-db.jpg\" srcset=\" https:\/\/fabijan.si\/wp-content\/uploads\/site-content\/bucher-flavy-db.jpg 300w, https:\/\/fabijan.si\/wp-content\/uploads\/site-content\/bucher-flavy-db.jpg 150w \" \/><\/p>\n<h4>Vorfilter DB f\u00fcr Trubfiltration<\/h4>\n<p>       <button onclick=\"window.location.href='vorfilter-db-fur-trubfiltration' \"type=\"button\">Weiterlesen<\/button>\n    <\/div>\n<\/p><\/div>\n<\/div>\n<div class=\"row\">\n<div class=\"col-sm-3 galleryitem\">\n     <!-- order:9 --><\/p>\n<div class=\"one-item\">\n       <img decoding=\"async\" src=\"https:\/\/fabijan.si\/wp-content\/uploads\/site-content\/bucher-flavy-x.jpg\" srcset=\" https:\/\/fabijan.si\/wp-content\/uploads\/site-content\/bucher-flavy-x.jpg 300w, https:\/\/fabijan.si\/wp-content\/uploads\/site-content\/bucher-flavy-x.jpg 150w \" \/><\/p>\n<h4>FLAVY X-WINE 4<\/h4>\n<p>       <button onclick=\"window.location.href='flavy-x-wine-4' \"type=\"button\">Weiterlesen<\/button>\n    <\/div>\n<\/p><\/div>\n<div class=\"col-sm-3 galleryitem\">\n     <!-- order:10 --><\/p>\n<div class=\"one-item\">\n       <img decoding=\"async\" src=\"https:\/\/fabijan.si\/wp-content\/uploads\/site-content\/bucher-flavy-x.jpg\" srcset=\" https:\/\/fabijan.si\/wp-content\/uploads\/site-content\/bucher-flavy-x.jpg 300w, https:\/\/fabijan.si\/wp-content\/uploads\/site-content\/bucher-flavy-x.jpg 150w \" \/><\/p>\n<h4>FLAVY X-TREME 4<\/h4>\n<p>       <button onclick=\"window.location.href='flavy-x-treme-4' \"type=\"button\">Weiterlesen<\/button>\n    <\/div>\n<\/p><\/div>\n<div class=\"col-sm-3 galleryitem\">\n     <!-- order:11 --><\/p>\n<div class=\"one-item\">\n       <img decoding=\"async\" src=\"https:\/\/fabijan.si\/wp-content\/uploads\/site-content\/bucher-flavy-x.jpg\" srcset=\" https:\/\/fabijan.si\/wp-content\/uploads\/site-content\/bucher-flavy-x.jpg 300w, https:\/\/fabijan.si\/wp-content\/uploads\/site-content\/bucher-flavy-x.jpg 150w \" \/><\/p>\n<h4>FLAVY X-WINE 6<\/h4>\n<p>       <button onclick=\"window.location.href='flavy-x-wine-6' \"type=\"button\">Weiterlesen<\/button>\n    <\/div>\n<\/p><\/div>\n<div class=\"col-sm-3 galleryitem\">\n     <!-- order:12 --><\/p>\n<div class=\"one-item\">\n       <img decoding=\"async\" src=\"https:\/\/fabijan.si\/wp-content\/uploads\/site-content\/bucher-flavy-x.jpg\" srcset=\" https:\/\/fabijan.si\/wp-content\/uploads\/site-content\/bucher-flavy-x.jpg 300w, https:\/\/fabijan.si\/wp-content\/uploads\/site-content\/bucher-flavy-x.jpg 150w \" \/><\/p>\n<h4>FLAVY X-TREME 6<\/h4>\n<p>       <button onclick=\"window.location.href='flavy-x-treme-6' \"type=\"button\">Weiterlesen<\/button>\n    <\/div>\n<\/p><\/div>\n<\/div>\n<div class=\"row\">\n<div class=\"col-sm-3 galleryitem\">\n     <!-- order:13 --><\/p>\n<div class=\"one-item\">\n       <img decoding=\"async\" src=\"https:\/\/fabijan.si\/wp-content\/uploads\/site-content\/bucher-flavy-x.jpg\" srcset=\" https:\/\/fabijan.si\/wp-content\/uploads\/site-content\/bucher-flavy-x.jpg 300w, https:\/\/fabijan.si\/wp-content\/uploads\/site-content\/bucher-flavy-x.jpg 150w \" \/><\/p>\n<h4>FLAVY X-WINE 8<\/h4>\n<p>       <button onclick=\"window.location.href='flavy-x-wine-8' \"type=\"button\">Weiterlesen<\/button>\n    <\/div>\n<\/p><\/div>\n<div class=\"col-sm-3 galleryitem\">\n     <!-- order:14 --><\/p>\n<div class=\"one-item\">\n       <img decoding=\"async\" src=\"https:\/\/fabijan.si\/wp-content\/uploads\/site-content\/bucher-flavy-x.jpg\" srcset=\" https:\/\/fabijan.si\/wp-content\/uploads\/site-content\/bucher-flavy-x.jpg 300w, https:\/\/fabijan.si\/wp-content\/uploads\/site-content\/bucher-flavy-x.jpg 150w \" \/><\/p>\n<h4>FLAVY X-TREME 8<\/h4>\n<p>       <button onclick=\"window.location.href='flavy-x-treme-8' \"type=\"button\">Weiterlesen<\/button>\n    <\/div>\n<\/p><\/div>\n<div class=\"col-sm-3 galleryitem\">\n     <!-- order:15 --><\/p>\n<div class=\"one-item\">\n       <img decoding=\"async\" src=\"https:\/\/fabijan.si\/wp-content\/uploads\/site-content\/bucher-flavy-x.jpg\" srcset=\" https:\/\/fabijan.si\/wp-content\/uploads\/site-content\/bucher-flavy-x.jpg 300w, https:\/\/fabijan.si\/wp-content\/uploads\/site-content\/bucher-flavy-x.jpg 150w \" \/><\/p>\n<h4>FLAVY X-WINE 10<\/h4>\n<p>       <button onclick=\"window.location.href='flavy-x-wine-10' \"type=\"button\">Weiterlesen<\/button>\n    <\/div>\n<\/p><\/div>\n<div class=\"col-sm-3 galleryitem\">\n     <!-- order:16 --><\/p>\n<div class=\"one-item\">\n       <img decoding=\"async\" src=\"https:\/\/fabijan.si\/wp-content\/uploads\/site-content\/bucher-flavy-x.jpg\" srcset=\" https:\/\/fabijan.si\/wp-content\/uploads\/site-content\/bucher-flavy-x.jpg 300w, https:\/\/fabijan.si\/wp-content\/uploads\/site-content\/bucher-flavy-x.jpg 150w \" \/><\/p>\n<h4>FLAVY X-TREME 10<\/h4>\n<p>       <button onclick=\"window.location.href='flavy-x-treme-10' \"type=\"button\">Weiterlesen<\/button>\n    <\/div>\n<\/p><\/div>\n<\/div>\n<\/div>\n","protected":false},"excerpt":{"rendered":"<p>Zuhause | Kellerei | Filter Crossflowfilter Filter BUCHER VASLIN FX2 Weiterlesen Cross-flow Filter BUCHER FLAVY FX 2 ICS Weiterlesen Flavy FX2 ICS Vorkl\u00e4rtrub Weiterlesen Filter Bucher Vaslin FX3 Weiterlesen Flavy FX3 ICS f\u00fcr tieferstehende Tank Weiterlesen Flavy FX3 ICS Vorkl\u00e4rtrub Weiterlesen Vorfilter D3 Weiterlesen Vorfilter DB f\u00fcr Trubfiltration Weiterlesen FLAVY X-WINE 4 Weiterlesen FLAVY X-TREME [&hellip;]<\/p>\n","protected":false},"author":1,"featured_media":0,"parent":4577648,"menu_order":0,"comment_status":"closed","ping_status":"closed","template":"elementor_theme","meta":{"footnotes":""},"class_list":["post-4578470","page","type-page","status-publish","hentry"],"_links":{"self":[{"href":"https:\/\/fabijan.si\/de\/wp-json\/wp\/v2\/pages\/4578470","targetHints":{"allow":["GET"]}}],"collection":[{"href":"https:\/\/fabijan.si\/de\/wp-json\/wp\/v2\/pages"}],"about":[{"href":"https:\/\/fabijan.si\/de\/wp-json\/wp\/v2\/types\/page"}],"author":[{"embeddable":true,"href":"https:\/\/fabijan.si\/de\/wp-json\/wp\/v2\/users\/1"}],"replies":[{"embeddable":true,"href":"https:\/\/fabijan.si\/de\/wp-json\/wp\/v2\/comments?post=4578470"}],"version-history":[{"count":0,"href":"https:\/\/fabijan.si\/de\/wp-json\/wp\/v2\/pages\/4578470\/revisions"}],"up":[{"embeddable":true,"href":"https:\/\/fabijan.si\/de\/wp-json\/wp\/v2\/pages\/4577648"}],"wp:attachment":[{"href":"https:\/\/fabijan.si\/de\/wp-json\/wp\/v2\/media?parent=4578470"}],"curies":[{"name":"wp","href":"https:\/\/api.w.org\/{rel}","templated":true}]}}