{"id":4578509,"date":"2026-02-03T15:32:42","date_gmt":"2026-02-03T14:32:42","guid":{"rendered":"https:\/\/fabijan.si\/kellerei\/filter\/crossflowfilter\/flavy-x-wine-8\/"},"modified":"2026-02-03T15:32:42","modified_gmt":"2026-02-03T14:32:42","slug":"flavy-x-wine-8","status":"publish","type":"page","link":"https:\/\/fabijan.si\/de\/kellerei\/filter\/crossflowfilter\/flavy-x-wine-8\/","title":{"rendered":"flavy-x-wine-8"},"content":{"rendered":"\n<div class=\"container\">\n<div class=\"breadcrumb-container\"><span><br \/>\n<a href=\"https:\/\/fabijan.si\/de\/\">Zuhause<\/a> | <a href=\"https:\/\/fabijan.si\/de\/kellerei\/\">Kellerei<\/a> | <a href=\"https:\/\/fabijan.si\/de\/kellerei\/filter\/\">Filter<\/a> | <a href=\"https:\/\/fabijan.si\/de\/kellerei\/filter\/crossflowfilter\/\">Crossflowfilter<\/a><\/span>\n<\/div>\n<div class=\"row\">\n<div class=\"col-6\">\n<div id=\"carouselExampleControls\" class=\"carousel slide carousel-container\" data-interval=\"false\">\n<div class=\"carousel-inner\">\n<div class=\"carousel-item active\">   <img decoding=\"async\" src=\"https:\/\/fabijan.si\/wp-content\/uploads\/site-content\/bucher-flavy-x.jpg\" class=\"d-block w-100\" alt=\"...\"><\/div>\n<\/p><\/div>\n<p>              <button class=\"carousel-control-prev\" type=\"button\" data-bs-target=\"#carouselExampleControls\" data-bs-slide=\"prev\"><br \/>\n                <span class=\"carousel-control-prev-icon\" aria-hidden=\"true\"><\/span><br \/>\n              <\/button><br \/>\n              <button class=\"carousel-control-next\" type=\"button\" data-bs-target=\"#carouselExampleControls\" data-bs-slide=\"next\"><br \/>\n                <span class=\"carousel-control-next-icon\" aria-hidden=\"true\"><\/span><br \/>\n              <\/button>\n            <\/div>\n<\/p><\/div>\n<div class=\"col-6 slo-name\">\n            FLAVY X-WINE 8<\/p>\n<div class=\"brand\">Module nicht inbegriffen &#8211; m\u00fcssen aus nachfolgender Modulliste<br \/>\nausgew\u00e4hlt werden<br \/>\nPumpe f\u00fcr Tiefstehender Tank und f\u00fcr Schaumwein<br \/>\nWeinvorfilter 500 \u00b5m<br \/>\nRouter f\u00fcr 4G-Konnektivit\u00e4t<br \/>\nAnschluss DIN 50<\/div>\n<p>\t\t\t<!-- \n\n<div class=\"price-container\">\n                \n\n<p class=\"price\">###PRICE###<\/p>\n\n --><br \/>\n                <!-- <button type=\"button\" class=\"btn btn-config btn-lg\">Pojdi na konfigurator<\/button> -->\n            <\/div>\n<\/p><\/div>\n<div class=\"menu\">\n<div class=\"btn-group d-flex justify-content-center\" id=\"menu-buttons\">\n              <button type=\"button\" onClick = \"showSpecs()\" class=\"btn menu-button menu-title active\">SPEZIFIKATIONEN<\/button><br \/>\n              <button type=\"button\" onClick = \"showDescription()\" class=\"btn menu-button menu-title\">BESCHREIBUNG<\/button><br \/>\n              <button type=\"button\" onClick = \"showMaterial()\" class=\"btn menu-button menu-title\">MATERIAL<\/button>\n            <\/div>\n<div id=\"specs\">\n<ul class=\"list-group\">\n                Module nicht inbegriffen &#8211; m\u00fcssen aus nachfolgender Modulliste<br \/>\nausgew\u00e4hlt werden<br \/>\nPumpe f\u00fcr Tiefstehender Tank und f\u00fcr Schaumwein<br \/>\nWeinvorfilter 500 \u00b5m<br \/>\nRouter f\u00fcr 4G-Konnektivit\u00e4t<br \/>\nAnschluss DIN 50\n              <\/ul>\n<\/p><\/div>\n<div id=\"description\"><\/div>\n<div id=\"material\">\n<div class=\"one-item\"><button onclick=\"window.open('https:\/\/fabijan.si\/wp-content\/uploads\/site-content\/bucher-flavy-x-wine-gb.pdf')\" type=\"button\">Katalog herunterladen<\/button><\/div>\n<\/p><\/div>\n<\/p><\/div>\n<\/p><\/div>\n<\/p><\/div>\n","protected":false},"excerpt":{"rendered":"<p>Zuhause | Kellerei | Filter | Crossflowfilter FLAVY X-WINE 8 Module nicht inbegriffen &#8211; m\u00fcssen aus nachfolgender Modulliste ausgew\u00e4hlt werden Pumpe f\u00fcr Tiefstehender Tank und f\u00fcr Schaumwein Weinvorfilter 500 \u00b5m Router f\u00fcr 4G-Konnektivit\u00e4t Anschluss DIN 50 SPEZIFIKATIONEN BESCHREIBUNG MATERIAL Module nicht inbegriffen &#8211; m\u00fcssen aus nachfolgender Modulliste ausgew\u00e4hlt werden Pumpe f\u00fcr Tiefstehender Tank und f\u00fcr [&hellip;]<\/p>\n","protected":false},"author":1,"featured_media":0,"parent":4578470,"menu_order":0,"comment_status":"closed","ping_status":"closed","template":"elementor_theme","meta":{"footnotes":""},"class_list":["post-4578509","page","type-page","status-publish","hentry"],"_links":{"self":[{"href":"https:\/\/fabijan.si\/de\/wp-json\/wp\/v2\/pages\/4578509","targetHints":{"allow":["GET"]}}],"collection":[{"href":"https:\/\/fabijan.si\/de\/wp-json\/wp\/v2\/pages"}],"about":[{"href":"https:\/\/fabijan.si\/de\/wp-json\/wp\/v2\/types\/page"}],"author":[{"embeddable":true,"href":"https:\/\/fabijan.si\/de\/wp-json\/wp\/v2\/users\/1"}],"replies":[{"embeddable":true,"href":"https:\/\/fabijan.si\/de\/wp-json\/wp\/v2\/comments?post=4578509"}],"version-history":[{"count":0,"href":"https:\/\/fabijan.si\/de\/wp-json\/wp\/v2\/pages\/4578509\/revisions"}],"up":[{"embeddable":true,"href":"https:\/\/fabijan.si\/de\/wp-json\/wp\/v2\/pages\/4578470"}],"wp:attachment":[{"href":"https:\/\/fabijan.si\/de\/wp-json\/wp\/v2\/media?parent=4578509"}],"curies":[{"name":"wp","href":"https:\/\/api.w.org\/{rel}","templated":true}]}}