{"id":4578530,"date":"2026-02-03T15:32:51","date_gmt":"2026-02-03T14:32:51","guid":{"rendered":"https:\/\/fabijan.si\/kellerei\/filter\/umkehrbare-osmose\/bucher-vaslin-osmoze-flavy-ep\/"},"modified":"2026-02-03T15:32:51","modified_gmt":"2026-02-03T14:32:51","slug":"bucher-vaslin-osmoze-flavy-ep","status":"publish","type":"page","link":"https:\/\/fabijan.si\/de\/kellerei\/filter\/umkehrbare-osmose\/bucher-vaslin-osmoze-flavy-ep\/","title":{"rendered":"bucher-vaslin-osmoze-flavy-ep"},"content":{"rendered":"\n<div class=\"container\">\n<div class=\"breadcrumb-container\"><span><br \/>\n<a href=\"https:\/\/fabijan.si\/de\/\">Zuhause<\/a> | <a href=\"https:\/\/fabijan.si\/de\/kellerei\/\">Kellerei<\/a> | <a href=\"https:\/\/fabijan.si\/de\/kellerei\/filter\/\">Filter<\/a> | <a href=\"https:\/\/fabijan.si\/de\/kellerei\/filter\/umkehrbare-osmose\/\">Umkehrbare Osmose<\/a><\/span>\n<\/div>\n<div class=\"row\">\n<div class=\"col-6\">\n<div id=\"carouselExampleControls\" class=\"carousel slide carousel-container\" data-interval=\"false\">\n<div class=\"carousel-inner\">\n<div class=\"carousel-item active\">   <img decoding=\"async\" src=\"https:\/\/fabijan.si\/wp-content\/uploads\/site-content\/bucher-flavy-ep.jpg\" class=\"d-block w-100\" alt=\"...\"><\/div>\n<\/p><\/div>\n<p>              <button class=\"carousel-control-prev\" type=\"button\" data-bs-target=\"#carouselExampleControls\" data-bs-slide=\"prev\"><br \/>\n                <span class=\"carousel-control-prev-icon\" aria-hidden=\"true\"><\/span><br \/>\n              <\/button><br \/>\n              <button class=\"carousel-control-next\" type=\"button\" data-bs-target=\"#carouselExampleControls\" data-bs-slide=\"next\"><br \/>\n                <span class=\"carousel-control-next-icon\" aria-hidden=\"true\"><\/span><br \/>\n              <\/button>\n            <\/div>\n<\/p><\/div>\n<div class=\"col-6 slo-name\">\n            BUCHER VASLIN  Osmoze FLAVY EP<\/p>\n<div class=\"brand\">Leistung: 40, 50 oder 60 hl Wein pro Tag<br \/>\nStruktur und Farbe des Weins bleiben unver\u00e4ndert<br \/>\nDer aufbereitete Wein wird sensorisch positiv bewertet<br \/>\nPhenolischer und animalischer Charakter wird bereinigt<br \/>\nDer Wein wird als fruchtiger und vielschichtiger erachtet<\/div>\n<p>\t\t\t<!-- \n\n<div class=\"price-container\">\n                \n\n<p class=\"price\">###PRICE###<\/p>\n\n --><br \/>\n                <!-- <button type=\"button\" class=\"btn btn-config btn-lg\">Pojdi na konfigurator<\/button> -->\n            <\/div>\n<\/p><\/div>\n<div class=\"menu\">\n<div class=\"btn-group d-flex justify-content-center\" id=\"menu-buttons\">\n              <button type=\"button\" onClick = \"showSpecs()\" class=\"btn menu-button menu-title active\">SPEZIFIKATIONEN<\/button><br \/>\n              <button type=\"button\" onClick = \"showDescription()\" class=\"btn menu-button menu-title\">BESCHREIBUNG<\/button><br \/>\n              <button type=\"button\" onClick = \"showMaterial()\" class=\"btn menu-button menu-title\">MATERIAL<\/button>\n            <\/div>\n<div id=\"specs\">\n<ul class=\"list-group\">\n                Leistung: 40, 50 oder 60 hl Wein pro Tag<br \/>\nStruktur und Farbe des Weins bleiben unver\u00e4ndert<br \/>\nDer aufbereitete Wein wird sensorisch positiv bewertet<br \/>\nPhenolischer und animalischer Charakter wird bereinigt<br \/>\nDer Wein wird als fruchtiger und vielschichtiger erachtet\n              <\/ul>\n<\/p><\/div>\n<div id=\"description\">\n              Die Umkehrosmoseanlage Flavy EP bietet eine effiziente L\u00f6sung, um fl\u00fcchtige Phenole im Wein, wie sie aus dem Stoffwechsel von Hefen der Gattung Brettanomycesim entstehen, stark zu reduzieren.<\/p>\n<p>Die Anwendung ist einfach und geschieht in zwei aufeinanderfolgenden Schritten:<\/p>\n<p>Extraktion der fl\u00fcchtigen Phenole im Wein mittels eines Osmoseger\u00e4ts Flavy ML-X<br \/>\nR\u00fcckhaltung der fl\u00fcchtigen Phenole beim Durchlauf des Permeats durch die Adsorbers\u00e4ule Flavy EP<br \/>\nDurch diese Aufbereitung werden die fl\u00fcchtigen Phenole \u2013 unabh\u00e4ngig vom urspr\u00fcnglichen Kontaminationsniveau \u2013 derart reduziert, dass sie unter der Wahrnehmungsschwelle liegen.<\/p>\n<p>Leistung: 40, 50 oder 60 hl Wein pro Tag<\/p>\n<p>Vorteile:<\/p>\n<p>Struktur und Farbe des Weins bleiben unver\u00e4ndert<br \/>\nDer aufbereitete Wein wird sensorisch positiv bewertet<br \/>\nPhenolischer und animalischer Charakter wird bereinigt<br \/>\nDer Wein wird als fruchtiger und vielschichtiger erachtet\n            <\/p><\/div>\n<div id=\"material\">\n<div class=\"one-item\"><button onclick=\"window.open('https:\/\/fabijan.si\/wp-content\/uploads\/site-content\/bucher-flavy-ep-mlx-gb.pdf')\" type=\"button\">Katalog herunterladen<\/button><\/div>\n<div class=\"one-item\"><button onclick=\"window.open('https:\/\/fabijan.si\/wp-content\/uploads\/site-content\/bucher-flavy-ep-mlx-de.pdf')\" type=\"button\">Katalog herunterladen<\/button><\/div>\n<\/p><\/div>\n<\/p><\/div>\n<\/p><\/div>\n<\/p><\/div>\n","protected":false},"excerpt":{"rendered":"<p>Zuhause | Kellerei | Filter | Umkehrbare Osmose BUCHER VASLIN Osmoze FLAVY EP Leistung: 40, 50 oder 60 hl Wein pro Tag Struktur und Farbe des Weins bleiben unver\u00e4ndert Der aufbereitete Wein wird sensorisch positiv bewertet Phenolischer und animalischer Charakter wird bereinigt Der Wein wird als fruchtiger und vielschichtiger erachtet SPEZIFIKATIONEN BESCHREIBUNG MATERIAL Leistung: 40, [&hellip;]<\/p>\n","protected":false},"author":1,"featured_media":0,"parent":4578527,"menu_order":0,"comment_status":"closed","ping_status":"closed","template":"elementor_theme","meta":{"footnotes":""},"class_list":["post-4578530","page","type-page","status-publish","hentry"],"_links":{"self":[{"href":"https:\/\/fabijan.si\/de\/wp-json\/wp\/v2\/pages\/4578530","targetHints":{"allow":["GET"]}}],"collection":[{"href":"https:\/\/fabijan.si\/de\/wp-json\/wp\/v2\/pages"}],"about":[{"href":"https:\/\/fabijan.si\/de\/wp-json\/wp\/v2\/types\/page"}],"author":[{"embeddable":true,"href":"https:\/\/fabijan.si\/de\/wp-json\/wp\/v2\/users\/1"}],"replies":[{"embeddable":true,"href":"https:\/\/fabijan.si\/de\/wp-json\/wp\/v2\/comments?post=4578530"}],"version-history":[{"count":0,"href":"https:\/\/fabijan.si\/de\/wp-json\/wp\/v2\/pages\/4578530\/revisions"}],"up":[{"embeddable":true,"href":"https:\/\/fabijan.si\/de\/wp-json\/wp\/v2\/pages\/4578527"}],"wp:attachment":[{"href":"https:\/\/fabijan.si\/de\/wp-json\/wp\/v2\/media?parent=4578530"}],"curies":[{"name":"wp","href":"https:\/\/api.w.org\/{rel}","templated":true}]}}