{"id":4578548,"date":"2026-02-03T15:32:59","date_gmt":"2026-02-03T14:32:59","guid":{"rendered":"https:\/\/fabijan.si\/kellerei\/filter\/entalkoholisierung\/stroj-za-dealkoholizacijo-lexy-x-low-10\/"},"modified":"2026-02-03T15:32:59","modified_gmt":"2026-02-03T14:32:59","slug":"stroj-za-dealkoholizacijo-lexy-x-low-10","status":"publish","type":"page","link":"https:\/\/fabijan.si\/de\/kellerei\/filter\/entalkoholisierung\/stroj-za-dealkoholizacijo-lexy-x-low-10\/","title":{"rendered":"stroj-za-dealkoholizacijo-lexy-x-low-10"},"content":{"rendered":"\n<div class=\"container\">\n<div class=\"breadcrumb-container\"><span><br \/>\n<a href=\"https:\/\/fabijan.si\/de\/\">Zuhause<\/a> | <a href=\"https:\/\/fabijan.si\/de\/kellerei\/\">Kellerei<\/a> | <a href=\"https:\/\/fabijan.si\/de\/kellerei\/filter\/\">Filter<\/a> | <a href=\"https:\/\/fabijan.si\/de\/kellerei\/filter\/entalkoholisierung\/\">Entalkoholisierung<\/a><\/span>\n<\/div>\n<div class=\"row\">\n<div class=\"col-6\">\n<div id=\"carouselExampleControls\" class=\"carousel slide carousel-container\" data-interval=\"false\">\n<div class=\"carousel-inner\">\n<div class=\"carousel-item active\">   <img decoding=\"async\" src=\"https:\/\/fabijan.si\/wp-content\/uploads\/2021\/04\/Trgovina_foto-izdelka-ni-na-voljo.jpg\" class=\"d-block w-100\" alt=\"...\"><\/div>\n<\/p><\/div>\n<p>              <button class=\"carousel-control-prev\" type=\"button\" data-bs-target=\"#carouselExampleControls\" data-bs-slide=\"prev\"><br \/>\n                <span class=\"carousel-control-prev-icon\" aria-hidden=\"true\"><\/span><br \/>\n              <\/button><br \/>\n              <button class=\"carousel-control-next\" type=\"button\" data-bs-target=\"#carouselExampleControls\" data-bs-slide=\"next\"><br \/>\n                <span class=\"carousel-control-next-icon\" aria-hidden=\"true\"><\/span><br \/>\n              <\/button>\n            <\/div>\n<\/p><\/div>\n<div class=\"col-6 slo-name\">\n            Stroj za dealkoholizacijo Lexy X-Low 10<\/p>\n<div class=\"brand\"><\/div>\n<p>\t\t\t<!-- \n\n<div class=\"price-container\">\n                \n\n<p class=\"price\">###PRICE###<\/p>\n\n --><br \/>\n                <!-- <button type=\"button\" class=\"btn btn-config btn-lg\">Pojdi na konfigurator<\/button> -->\n            <\/div>\n<\/p><\/div>\n<div class=\"menu\">\n<div class=\"btn-group d-flex justify-content-center\" id=\"menu-buttons\">\n              <button type=\"button\" onClick = \"showSpecs()\" class=\"btn menu-button menu-title active\">SPEZIFIKATIONEN<\/button><br \/>\n              <button type=\"button\" onClick = \"showDescription()\" class=\"btn menu-button menu-title\">BESCHREIBUNG<\/button><br \/>\n              <button type=\"button\" onClick = \"showMaterial()\" class=\"btn menu-button menu-title\">MATERIAL<\/button>\n            <\/div>\n<div id=\"specs\">\n<ul class=\"list-group\">\n<\/ul><\/div>\n<div id=\"description\">\n              \u2013 Lexy X-Low, kompaktna in prilagodljiva re\u0161itev za prilagajanje vsebnosti alkohola v vinih<br \/>\n\u2013 Tehnologija mehkega vakuumskega izhlapevanja, ki omogo\u010da predelavo vin pri nizkih temperaturah, hkrati pa ohranja organolepti\u010dne lastnosti vina.<br \/>\n\u2013 Lexy X-Low ponuja veliko prilagodljivost uporabe in vsestranskost uporabe.<\/p>\n<p>Izbolj\u0161anje kon\u010dnega izdelka<br \/>\nRavnovesje vina zagotavlja optimalne arome in okuse. Po potrebi se lahko raven alkohola prilagodi po trgatvi, kar lahko izbolj\u0161a naravno kislost in da bolj uravnote\u017een okus.<br \/>\nMetoda uporablja vakuumski postopek pri najvi\u0161ji temperaturi 35 \u00b0C, ki ohranja naravne lastnosti vina.<br \/>\nZahvaljujo\u010d posebni mo\u017enosti je mogo\u010de hlapne arome ponovno vklju\u010diti in jih ponovno vklju\u010diti v kon\u010dno vino. Poleg tega stroj Lexy X-Low poenostavi postopek s predelavo nefiltriranega mo\u0161ta in vina ter se lahko uporablja v razli\u010dnih fazah za zmanj\u0161anje alkohola ali koncentriranje mo\u0161ta. Je kompakten in mobilen, zato je zelo prakti\u010den<br \/>\ntudi v zaprtih prostorih.<\/p>\n<p>Uporaba:<br \/>\nLexy X-Low uporablja izjemno kompaktno tehnologijo vakuumskega izhlapevanja z integracijo patentirane re\u0161itve, ki ustvarja vakuumski vrtinec.<br \/>\nTa tehnologija ponuja prilagodljivo re\u0161itev za prilagajanje vsebnosti alkohola v vinih od 0,5 do ve\u010d stopinj.<br \/>\nTehnologija se uporablja tudi za koncentracijo mo\u0161ta za namen koncentriranje suhe snovi in ponovne uporabe v vinu.<br \/>\nLexy X-Low 1 je zasnovan za predelavo serij od 0,5 do 1 litra. Lexy X-Low 10, kletska razli\u010dica, omogo\u010da zmanj\u0161anje alkohola (1 % vol.) pri pretoku 400 l\/h ali 800 l\/h z mo\u017enostjo Booster.<br \/>\nKmetijski alkohol se lahko ponovno uporabi za druge namene, v skladu z lokalnimi predpisi. Izgube volumna so zmanj\u0161ane zaradi u\u010dinkovite rektifikacije (neobvezno) in rekuperacije arome (neobvezno).\n            <\/p><\/div>\n<div id=\"material\"><\/div>\n<\/p><\/div>\n<\/p><\/div>\n<\/p><\/div>\n","protected":false},"excerpt":{"rendered":"<p>Zuhause | Kellerei | Filter | Entalkoholisierung Stroj za dealkoholizacijo Lexy X-Low 10 SPEZIFIKATIONEN BESCHREIBUNG MATERIAL \u2013 Lexy X-Low, kompaktna in prilagodljiva re\u0161itev za prilagajanje vsebnosti alkohola v vinih \u2013 Tehnologija mehkega vakuumskega izhlapevanja, ki omogo\u010da predelavo vin pri nizkih temperaturah, hkrati pa ohranja organolepti\u010dne lastnosti vina. \u2013 Lexy X-Low ponuja veliko prilagodljivost uporabe in [&hellip;]<\/p>\n","protected":false},"author":1,"featured_media":0,"parent":4578545,"menu_order":0,"comment_status":"closed","ping_status":"closed","template":"elementor_theme","meta":{"footnotes":""},"class_list":["post-4578548","page","type-page","status-publish","hentry"],"_links":{"self":[{"href":"https:\/\/fabijan.si\/de\/wp-json\/wp\/v2\/pages\/4578548","targetHints":{"allow":["GET"]}}],"collection":[{"href":"https:\/\/fabijan.si\/de\/wp-json\/wp\/v2\/pages"}],"about":[{"href":"https:\/\/fabijan.si\/de\/wp-json\/wp\/v2\/types\/page"}],"author":[{"embeddable":true,"href":"https:\/\/fabijan.si\/de\/wp-json\/wp\/v2\/users\/1"}],"replies":[{"embeddable":true,"href":"https:\/\/fabijan.si\/de\/wp-json\/wp\/v2\/comments?post=4578548"}],"version-history":[{"count":0,"href":"https:\/\/fabijan.si\/de\/wp-json\/wp\/v2\/pages\/4578548\/revisions"}],"up":[{"embeddable":true,"href":"https:\/\/fabijan.si\/de\/wp-json\/wp\/v2\/pages\/4578545"}],"wp:attachment":[{"href":"https:\/\/fabijan.si\/de\/wp-json\/wp\/v2\/media?parent=4578548"}],"curies":[{"name":"wp","href":"https:\/\/api.w.org\/{rel}","templated":true}]}}