{"id":4578575,"date":"2026-02-03T15:33:07","date_gmt":"2026-02-03T14:33:07","guid":{"rendered":"https:\/\/fabijan.si\/kellerei\/fullgerate\/halbautomatische-fullmaschinen\/reihenfuller-6-stellig\/"},"modified":"2026-02-03T15:33:07","modified_gmt":"2026-02-03T14:33:07","slug":"reihenfuller-6-stellig","status":"publish","type":"page","link":"https:\/\/fabijan.si\/de\/kellerei\/fullgerate\/halbautomatische-fullmaschinen\/reihenfuller-6-stellig\/","title":{"rendered":"reihenfuller-6-stellig"},"content":{"rendered":"\n<div class=\"container\">\n<div class=\"breadcrumb-container\"><span><br \/>\n<a href=\"https:\/\/fabijan.si\/de\/\">Zuhause<\/a> | <a href=\"https:\/\/fabijan.si\/de\/kellerei\/\">Kellerei<\/a> | <a href=\"https:\/\/fabijan.si\/de\/kellerei\/fullgerate\/\">F\u00fcllger\u00e4te<\/a> | <a href=\"https:\/\/fabijan.si\/de\/kellerei\/fullgerate\/halbautomatische-fullmaschinen\/\">Halbautomatische F\u00fcllmaschinen<\/a><\/span>\n<\/div>\n<div class=\"row\">\n<div class=\"col-6\">\n<div id=\"carouselExampleControls\" class=\"carousel slide carousel-container\" data-interval=\"false\">\n<div class=\"carousel-inner\">\n<div class=\"carousel-item active\">   <img decoding=\"async\" src=\"https:\/\/fabijan.si\/wp-content\/uploads\/site-content\/00043277.jpg\" class=\"d-block w-100\" alt=\"...\"><\/div>\n<div class=\"carousel-item \">   <img decoding=\"async\" src=\"https:\/\/fabijan.si\/wp-content\/uploads\/site-content\/00043277-3.JPG\" class=\"d-block w-100\" alt=\"...\"><\/div>\n<\/p><\/div>\n<p>              <button class=\"carousel-control-prev\" type=\"button\" data-bs-target=\"#carouselExampleControls\" data-bs-slide=\"prev\"><br \/>\n                <span class=\"carousel-control-prev-icon\" aria-hidden=\"true\"><\/span><br \/>\n              <\/button><br \/>\n              <button class=\"carousel-control-next\" type=\"button\" data-bs-target=\"#carouselExampleControls\" data-bs-slide=\"next\"><br \/>\n                <span class=\"carousel-control-next-icon\" aria-hidden=\"true\"><\/span><br \/>\n              <\/button>\n            <\/div>\n<\/p><\/div>\n<div class=\"col-6 slo-name\">\n            Reihenf\u00fcller 6-Stellig<\/p>\n<div class=\"brand\">* Geh\u00e4use aus Edelstahl.<br \/>\n* Einstellbare F\u00fcllh\u00f6he der Fl\u00fcssigkeit in der Flasche.<br \/>\n* Verstellbare H\u00f6he f\u00fcr verschiedene Flaschengr\u00f6\u00dfen.<br \/>\n* Gewicht: 44 kg.<br \/>\n* 550 Flaschen\/Stunde<br \/>\n* 90 x 50 x 100 cm<\/div>\n<p>\t\t\t<!-- \n\n<div class=\"price-container\">\n                \n\n<p class=\"price\">###PRICE###<\/p>\n\n --><br \/>\n                <!-- <button type=\"button\" class=\"btn btn-config btn-lg\">Pojdi na konfigurator<\/button> -->\n            <\/div>\n<\/p><\/div>\n<div class=\"menu\">\n<div class=\"btn-group d-flex justify-content-center\" id=\"menu-buttons\">\n              <button type=\"button\" onClick = \"showSpecs()\" class=\"btn menu-button menu-title active\">SPEZIFIKATIONEN<\/button><br \/>\n              <button type=\"button\" onClick = \"showDescription()\" class=\"btn menu-button menu-title\">BESCHREIBUNG<\/button><br \/>\n              <button type=\"button\" onClick = \"showMaterial()\" class=\"btn menu-button menu-title\">MATERIAL<\/button>\n            <\/div>\n<div id=\"specs\">\n<ul class=\"list-group\">\n                * Geh\u00e4use aus Edelstahl.<br \/>\n* Einstellbare F\u00fcllh\u00f6he der Fl\u00fcssigkeit in der Flasche.<br \/>\n* Verstellbare H\u00f6he f\u00fcr verschiedene Flaschengr\u00f6\u00dfen.<br \/>\n* Gewicht: 44 kg.<br \/>\n* 550 Flaschen\/Stunde<br \/>\n* 90 x 50 x 100 cm\n              <\/ul>\n<\/p><\/div>\n<div id=\"description\">\n              Falldruck Flaschenabf\u00fcllger\u00e4t aus Edelstahl V2A, robust und stabil, ideal f\u00fcr die kleinen und mittleren Keller.<br \/>\n Dank der mehreren Verstellungsm\u00f6glichkeiten, erm\u00f6glicht die F\u00fcllmaschine Moderna die Abf\u00fcllung von praktisch aller g\u00e4ngigen Flaschengr\u00f6\u00dfen<br \/>\nSERIENMAESSIGE AUSSTATTUNG: Stabiler Fu\u00dfgestell in niedriger oder h\u00f6her Ausf\u00fchrung geschlossener Trichter mit F\u00fcllstandanzeige und<br \/>\nEntleerungsventil Edelstahlf\u00fcllventile DU 14 beweglich, mit F\u00fcllkonus zur schnellen und einfachen Niveauregulierung R\u00fccksaugschlauch<br \/>\naus lebensmittelechter Kunststoff Flaschenhalterung in der H\u00f6he verstellbar Alle Ventile aus Edelstahl !\n            <\/div>\n<div id=\"material\"><\/div>\n<\/p><\/div>\n<\/p><\/div>\n<\/p><\/div>\n","protected":false},"excerpt":{"rendered":"<p>Zuhause | Kellerei | F\u00fcllger\u00e4te | Halbautomatische F\u00fcllmaschinen Reihenf\u00fcller 6-Stellig * Geh\u00e4use aus Edelstahl. * Einstellbare F\u00fcllh\u00f6he der Fl\u00fcssigkeit in der Flasche. * Verstellbare H\u00f6he f\u00fcr verschiedene Flaschengr\u00f6\u00dfen. * Gewicht: 44 kg. * 550 Flaschen\/Stunde * 90 x 50 x 100 cm SPEZIFIKATIONEN BESCHREIBUNG MATERIAL * Geh\u00e4use aus Edelstahl. * Einstellbare F\u00fcllh\u00f6he der Fl\u00fcssigkeit in [&hellip;]<\/p>\n","protected":false},"author":1,"featured_media":0,"parent":4578569,"menu_order":0,"comment_status":"closed","ping_status":"closed","template":"elementor_theme","meta":{"footnotes":""},"class_list":["post-4578575","page","type-page","status-publish","hentry"],"_links":{"self":[{"href":"https:\/\/fabijan.si\/de\/wp-json\/wp\/v2\/pages\/4578575","targetHints":{"allow":["GET"]}}],"collection":[{"href":"https:\/\/fabijan.si\/de\/wp-json\/wp\/v2\/pages"}],"about":[{"href":"https:\/\/fabijan.si\/de\/wp-json\/wp\/v2\/types\/page"}],"author":[{"embeddable":true,"href":"https:\/\/fabijan.si\/de\/wp-json\/wp\/v2\/users\/1"}],"replies":[{"embeddable":true,"href":"https:\/\/fabijan.si\/de\/wp-json\/wp\/v2\/comments?post=4578575"}],"version-history":[{"count":0,"href":"https:\/\/fabijan.si\/de\/wp-json\/wp\/v2\/pages\/4578575\/revisions"}],"up":[{"embeddable":true,"href":"https:\/\/fabijan.si\/de\/wp-json\/wp\/v2\/pages\/4578569"}],"wp:attachment":[{"href":"https:\/\/fabijan.si\/de\/wp-json\/wp\/v2\/media?parent=4578575"}],"curies":[{"name":"wp","href":"https:\/\/api.w.org\/{rel}","templated":true}]}}