{"id":4578587,"date":"2026-02-03T15:33:10","date_gmt":"2026-02-03T14:33:10","guid":{"rendered":"https:\/\/fabijan.si\/kellerei\/fullgerate\/automatische-abfullanlagen\/costral\/automatische-abfull-gruppe-comet\/monoblok-comet-2000-m-ng\/"},"modified":"2026-02-03T15:33:10","modified_gmt":"2026-02-03T14:33:10","slug":"monoblok-comet-2000-m-ng","status":"publish","type":"page","link":"https:\/\/fabijan.si\/de\/kellerei\/fullgerate\/automatische-abfullanlagen\/costral\/automatische-abfull-gruppe-comet\/monoblok-comet-2000-m-ng\/","title":{"rendered":"monoblok-comet-2000-m-ng-"},"content":{"rendered":"\n<div class=\"container\">\n<div class=\"breadcrumb-container\"><span><br \/>\n<a href=\"https:\/\/fabijan.si\/de\/\">Zuhause<\/a> | <a href=\"https:\/\/fabijan.si\/de\/kellerei\/\">Kellerei<\/a> | <a href=\"https:\/\/fabijan.si\/de\/kellerei\/fullgerate\/\">F\u00fcllger\u00e4te<\/a> | <a href=\"https:\/\/fabijan.si\/de\/kellerei\/fullgerate\/automatische-abfullanlagen\/\">Automatische Abf\u00fcllanlagen<\/a> | <a href=\"https:\/\/fabijan.si\/de\/kellerei\/fullgerate\/automatische-abfullanlagen\/costral\/\">COSTRAL<\/a> | <a href=\"https:\/\/fabijan.si\/de\/kellerei\/fullgerate\/automatische-abfullanlagen\/costral\/automatische-abfull-gruppe-comet\/\">AUTOMATISCHE ABFULL GRUPPE COMET<\/a><\/span>\n<\/div>\n<div class=\"row\">\n<div class=\"col-6\">\n<div id=\"carouselExampleControls\" class=\"carousel slide carousel-container\" data-interval=\"false\">\n<div class=\"carousel-inner\">\n<div class=\"carousel-item active\">   <img decoding=\"async\" src=\"https:\/\/fabijan.si\/wp-content\/uploads\/site-content\/costral-comet.jpg\" class=\"d-block w-100\" alt=\"...\"><\/div>\n<\/p><\/div>\n<p>              <button class=\"carousel-control-prev\" type=\"button\" data-bs-target=\"#carouselExampleControls\" data-bs-slide=\"prev\"><br \/>\n                <span class=\"carousel-control-prev-icon\" aria-hidden=\"true\"><\/span><br \/>\n              <\/button><br \/>\n              <button class=\"carousel-control-next\" type=\"button\" data-bs-target=\"#carouselExampleControls\" data-bs-slide=\"next\"><br \/>\n                <span class=\"carousel-control-next-icon\" aria-hidden=\"true\"><\/span><br \/>\n              <\/button>\n            <\/div>\n<\/p><\/div>\n<div class=\"col-6 slo-name\">\n            Monoblok\u00ab COMET 2000 M NG \u00bb<\/p>\n<div class=\"brand\">*LEISTUNG: bis 2200 Fl\/St (0,75 liter)<\/div>\n<p>\t\t\t<!-- \n\n<div class=\"price-container\">\n                \n\n<p class=\"price\">###PRICE###<\/p>\n\n --><br \/>\n                <!-- <button type=\"button\" class=\"btn btn-config btn-lg\">Pojdi na konfigurator<\/button> -->\n            <\/div>\n<\/p><\/div>\n<div class=\"menu\">\n<div class=\"btn-group d-flex justify-content-center\" id=\"menu-buttons\">\n              <button type=\"button\" onClick = \"showSpecs()\" class=\"btn menu-button menu-title active\">SPEZIFIKATIONEN<\/button><br \/>\n              <button type=\"button\" onClick = \"showDescription()\" class=\"btn menu-button menu-title\">BESCHREIBUNG<\/button><br \/>\n              <button type=\"button\" onClick = \"showMaterial()\" class=\"btn menu-button menu-title\">MATERIAL<\/button>\n            <\/div>\n<div id=\"specs\">\n<ul class=\"list-group\">\n                *LEISTUNG: bis 2200 Fl\/St (0,75 liter)\n              <\/ul>\n<\/p><\/div>\n<div id=\"description\">\n              F\u00dcLLER VERSCHLIESSER \u00ab COMET 2000 M NG \u00bb<br \/>\n* Flaschenselektion \u00fcber Einlaufschnecke.<br \/>\n* Falldruckf\u00fcller mit oder ohne leichtem Vakuum mit 11 F\u00fcllrohre<br \/>\n&#8211; gesamte Ausf\u00fchrung aus Edelstahl V4A.<br \/>\n* F\u00fcllniveau automatisch einstellbar auf dem F\u00fcller (-10 bis &#8211; 80mm).<br \/>\n* Weineingang von oben mit Elektroventil (pneumatisch gesteuert).<br \/>\n* Waschrampe im F\u00fcllkessel und Aufangswanne f\u00fcr Waschfl\u00fcssigkeit.<br \/>\n* F\u00fcllkesselniveau steuerung mit Anzeiger und Lehrlaufschutz.<br \/>\n* Thermometer im F\u00fcllgut.<br \/>\n* Drehbare Korksa\u00fcle f\u00fcr Montage bis drei Verschliess M\u00f6glichkeiten<br \/>\n* Naturkorken : vier Edelstahl Backen Schloss leicht abmontierbar \u2013<br \/>\nohne Werkzeug<br \/>\n(Schublade).<br \/>\n* Elektronische programmierbare Steuerung der Verkorkzyklusse f\u00fcr<br \/>\nein langsammes<br \/>\nKomprimieren und ein schnelles Einstossen des Korkens.<br \/>\n* Vakuum Einrichtung in der Flaschenm\u00fcndung w\u00e4hrend des Verkorkens.<br \/>\n* Grossen Korktrichter (1500 St\u00fcck) mit Entstaubungsblech auf der Sa\u00fcle.<br \/>\n* Geschwindichkeit durch Elecktrovariator einstellbar.<br \/>\n* Elektriche Einstellung der :<br \/>\n&#8211; Flaschenh\u00f6he am F\u00fcller (180 &#8211; 380 mm)<br \/>\n&#8211; Flaschenh\u00f6he am Korker (180 &#8211; 380 mm)<br \/>\n&#8211; des F\u00fcllniveaus (10 &#8211; 80 mm)<br \/>\n* Schalttafel mit Digitalanzeiger :<br \/>\n&#8211; der F\u00fcllgut Temperatur,<br \/>\n&#8211; des F\u00fcllkesselniveaus,<br \/>\n&#8211; der Stundenleistung,<br \/>\n&#8211; des Flaschenzahl,<br \/>\n&#8211; der St\u00f6rungen.<br \/>\n* Ausr\u00fcstung f\u00fcr eine zylindrische Flaschengr\u00f6sse.<br \/>\n* Mit Plexiglas Schutzvorrichtung \u2013 CE \u2013 Norm.<br \/>\n* Mit 0,65 Meter Ein- &#038; Auslaufb\u00e4nder, synchronisierten Bandantrieb<br \/>\nund Sammeltisch<br \/>\n500 x 650mm am Ausgang.<br \/>\nLEISTUNG : bis 2200 Fl\/St (0,75 liter)\n            <\/div>\n<div id=\"material\"><\/div>\n<\/p><\/div>\n<\/p><\/div>\n<\/p><\/div>\n","protected":false},"excerpt":{"rendered":"<p>Zuhause | Kellerei | F\u00fcllger\u00e4te | Automatische Abf\u00fcllanlagen | COSTRAL | AUTOMATISCHE ABFULL GRUPPE COMET Monoblok\u00ab COMET 2000 M NG \u00bb *LEISTUNG: bis 2200 Fl\/St (0,75 liter) SPEZIFIKATIONEN BESCHREIBUNG MATERIAL *LEISTUNG: bis 2200 Fl\/St (0,75 liter) F\u00dcLLER VERSCHLIESSER \u00ab COMET 2000 M NG \u00bb * Flaschenselektion \u00fcber Einlaufschnecke. * Falldruckf\u00fcller mit oder ohne leichtem Vakuum [&hellip;]<\/p>\n","protected":false},"author":1,"featured_media":0,"parent":4578578,"menu_order":0,"comment_status":"closed","ping_status":"closed","template":"elementor_theme","meta":{"footnotes":""},"class_list":["post-4578587","page","type-page","status-publish","hentry"],"_links":{"self":[{"href":"https:\/\/fabijan.si\/de\/wp-json\/wp\/v2\/pages\/4578587","targetHints":{"allow":["GET"]}}],"collection":[{"href":"https:\/\/fabijan.si\/de\/wp-json\/wp\/v2\/pages"}],"about":[{"href":"https:\/\/fabijan.si\/de\/wp-json\/wp\/v2\/types\/page"}],"author":[{"embeddable":true,"href":"https:\/\/fabijan.si\/de\/wp-json\/wp\/v2\/users\/1"}],"replies":[{"embeddable":true,"href":"https:\/\/fabijan.si\/de\/wp-json\/wp\/v2\/comments?post=4578587"}],"version-history":[{"count":0,"href":"https:\/\/fabijan.si\/de\/wp-json\/wp\/v2\/pages\/4578587\/revisions"}],"up":[{"embeddable":true,"href":"https:\/\/fabijan.si\/de\/wp-json\/wp\/v2\/pages\/4578578"}],"wp:attachment":[{"href":"https:\/\/fabijan.si\/de\/wp-json\/wp\/v2\/media?parent=4578587"}],"curies":[{"name":"wp","href":"https:\/\/api.w.org\/{rel}","templated":true}]}}