{"id":4578599,"date":"2026-02-03T15:33:14","date_gmt":"2026-02-03T14:33:14","guid":{"rendered":"https:\/\/fabijan.si\/kellerei\/fullgerate\/automatische-abfullanlagen\/costral\/automatische-abfull-gruppe-galaxy\/monoblock-galaxy-2000\/"},"modified":"2026-02-03T15:33:14","modified_gmt":"2026-02-03T14:33:14","slug":"monoblock-galaxy-2000","status":"publish","type":"page","link":"https:\/\/fabijan.si\/de\/kellerei\/fullgerate\/automatische-abfullanlagen\/costral\/automatische-abfull-gruppe-galaxy\/monoblock-galaxy-2000\/","title":{"rendered":"monoblock-galaxy-2000"},"content":{"rendered":"\n<div class=\"container\">\n<div class=\"breadcrumb-container\"><span><br \/>\n<a href=\"https:\/\/fabijan.si\/de\/\">Zuhause<\/a> | <a href=\"https:\/\/fabijan.si\/de\/kellerei\/\">Kellerei<\/a> | <a href=\"https:\/\/fabijan.si\/de\/kellerei\/fullgerate\/\">F\u00fcllger\u00e4te<\/a> | <a href=\"https:\/\/fabijan.si\/de\/kellerei\/fullgerate\/automatische-abfullanlagen\/\">Automatische Abf\u00fcllanlagen<\/a> | <a href=\"https:\/\/fabijan.si\/de\/kellerei\/fullgerate\/automatische-abfullanlagen\/costral\/\">COSTRAL<\/a> | <a href=\"https:\/\/fabijan.si\/de\/kellerei\/fullgerate\/automatische-abfullanlagen\/costral\/automatische-abfull-gruppe-galaxy\/\">AUTOMATISCHE ABFULL GRUPPE GALAXY<\/a><\/span>\n<\/div>\n<div class=\"row\">\n<div class=\"col-6\">\n<div id=\"carouselExampleControls\" class=\"carousel slide carousel-container\" data-interval=\"false\">\n<div class=\"carousel-inner\">\n<div class=\"carousel-item active\">   <img decoding=\"async\" src=\"https:\/\/fabijan.si\/wp-content\/uploads\/site-content\/galaxy.JPG\" class=\"d-block w-100\" alt=\"...\"><\/div>\n<\/p><\/div>\n<p>              <button class=\"carousel-control-prev\" type=\"button\" data-bs-target=\"#carouselExampleControls\" data-bs-slide=\"prev\"><br \/>\n                <span class=\"carousel-control-prev-icon\" aria-hidden=\"true\"><\/span><br \/>\n              <\/button><br \/>\n              <button class=\"carousel-control-next\" type=\"button\" data-bs-target=\"#carouselExampleControls\" data-bs-slide=\"next\"><br \/>\n                <span class=\"carousel-control-next-icon\" aria-hidden=\"true\"><\/span><br \/>\n              <\/button>\n            <\/div>\n<\/p><\/div>\n<div class=\"col-6 slo-name\">\n            Monoblock Galaxy 2000<\/p>\n<div class=\"brand\">TECHNISCHE DATEN :<br \/>\nRINSER \/STERILISATOR :<br \/>\n* Flaschenselektion \u00fcber Einlaufschnecke.<br \/>\n* Greiferstation die kontinuierlich laufend drei Flaschen aus den Transportband<br \/>\n  entnimmt, umdreht und in eine \u00ab Halterschublade \u00bb beladet.<br \/>\nDie Greifer sind f\u00fcr Flaschen D: 65 bis 95mm vorgesehen, die Zentrierkegel der<br \/>\nHalterschubladen sind f\u00fcr Bandm\u00fcndungen, MCA 28 &#038; BVS 30H60 M\u00fcndungen vorgesehen.<br \/>\n* 24-Stellige sequential funktionnierende Behandlungsstation, mit Taktzeit von<br \/>\nvier Sekunden bei 2000 Flaschen\/Std.<br \/>\n* Gesamte Wirkzeit (Flasche umgedreht) bei 2000 Fl\/Std: 32 Sekunden.<br \/>\n* Grundausf\u00fchrung mit einer langen Einspritzung (einstellbar) mit fixen D\u00fcsen.<br \/>\n* Entladung der Flaschen, Umdrehung und laufend auf das Band Aufstellung<br \/>\nf\u00fcr F\u00f6rderung in die F\u00fcllstation.<br \/>\nF\u00dcLLER :<br \/>\n* Falldruckf\u00fcller mit oder ohne leichtem Vakuum mit 11 F\u00fcllrohre<br \/>\n&#8211; gesamte Ausf\u00fchrung aus Edelstahl V4A.<br \/>\n* F\u00fcllniveau automatisch einstellbar auf dem F\u00fcller.<br \/>\n* Weineingang von oben mit Elektroventil (pneumatisch gesteuert).<br \/>\n* Waschrampe im F\u00fcllkessel und Auffangwanne f\u00fcr Waschfl\u00fcssigkeit.<br \/>\n* F\u00fcllkesselniveausteuerung mit Anzeiger und Leerlaufschutz.<br \/>\nVERSCHLIESSER :<br \/>\n* Drehbare Korks\u00e4ule f\u00fcr Montage bis drei Verschliess M\u00f6glichkeiten.<br \/>\n* Naturkorken : vier-Edelstahl Backen Schloss leicht abmontierbar,<br \/>\nohne Werkzeug (Schublade).<br \/>\n* Elektronische programmierbare Steuerung der Verkorkzyklen f\u00fcr ein<br \/>\nlangsames Komprimieren und ein schnelles Einstossen des Korkens.<br \/>\n* Vakuum Einrichtung in der Flaschenm\u00fcndung w\u00e4hrend des Verkorkens.<br \/>\n* Grossen Korktrichter (1500 St\u00fcck) mit Entstaubungsblech auf der S\u00e4ule.<br \/>\nALLGEMEINES :<br \/>\n* Komplette Edelstahl Konstruktion.<br \/>\n* Geschwindigkeit durch Elektrovariator einstellbar.<br \/>\n* Elektrische Einstellung der:<br \/>\n&#8211; Flaschenh\u00f6he am Rinser (180-380 mm)<br \/>\n&#8211; Flaschenh\u00f6he am F\u00fcller (180 &#8211; 380 mm)<br \/>\n&#8211; Flaschenh\u00f6he am Korker (180 &#8211; 380 mm)<br \/>\n&#8211; des F\u00fcllniveaus (10 &#8211; 80 mm).<br \/>\n* Ausr\u00fcstung f\u00fcr eine zylindrische Flaschengr\u00f6sse.<br \/>\n* Mit Plexiglas Schutzvorrichtung \u2013 CE \u2013 Norm.<br \/>\n* Mit 0,65 m Ein- &#038; Auslaufb\u00e4nder, synchronisierte Zugeinrichtung und<br \/>\nSammeltisch 500x650mm am Ausgang.<br \/>\nLEISTUNG : bis 2200 Fl\/St (0,75 liter)<\/div>\n<p>\t\t\t<!-- \n\n<div class=\"price-container\">\n                \n\n<p class=\"price\">###PRICE###<\/p>\n\n --><br \/>\n                <!-- <button type=\"button\" class=\"btn btn-config btn-lg\">Pojdi na konfigurator<\/button> -->\n            <\/div>\n<\/p><\/div>\n<div class=\"menu\">\n<div class=\"btn-group d-flex justify-content-center\" id=\"menu-buttons\">\n              <button type=\"button\" onClick = \"showSpecs()\" class=\"btn menu-button menu-title active\">SPEZIFIKATIONEN<\/button><br \/>\n              <button type=\"button\" onClick = \"showDescription()\" class=\"btn menu-button menu-title\">BESCHREIBUNG<\/button><br \/>\n              <button type=\"button\" onClick = \"showMaterial()\" class=\"btn menu-button menu-title\">MATERIAL<\/button>\n            <\/div>\n<div id=\"specs\">\n<ul class=\"list-group\">\n                TECHNISCHE DATEN :<br \/>\nRINSER \/STERILISATOR :<br \/>\n* Flaschenselektion \u00fcber Einlaufschnecke.<br \/>\n* Greiferstation die kontinuierlich laufend drei Flaschen aus den Transportband<br \/>\n  entnimmt, umdreht und in eine \u00ab Halterschublade \u00bb beladet.<br \/>\nDie Greifer sind f\u00fcr Flaschen D: 65 bis 95mm vorgesehen, die Zentrierkegel der<br \/>\nHalterschubladen sind f\u00fcr Bandm\u00fcndungen, MCA 28 &#038; BVS 30H60 M\u00fcndungen vorgesehen.<br \/>\n* 24-Stellige sequential funktionnierende Behandlungsstation, mit Taktzeit von<br \/>\nvier Sekunden bei 2000 Flaschen\/Std.<br \/>\n* Gesamte Wirkzeit (Flasche umgedreht) bei 2000 Fl\/Std: 32 Sekunden.<br \/>\n* Grundausf\u00fchrung mit einer langen Einspritzung (einstellbar) mit fixen D\u00fcsen.<br \/>\n* Entladung der Flaschen, Umdrehung und laufend auf das Band Aufstellung<br \/>\nf\u00fcr F\u00f6rderung in die F\u00fcllstation.<br \/>\nF\u00dcLLER :<br \/>\n* Falldruckf\u00fcller mit oder ohne leichtem Vakuum mit 11 F\u00fcllrohre<br \/>\n&#8211; gesamte Ausf\u00fchrung aus Edelstahl V4A.<br \/>\n* F\u00fcllniveau automatisch einstellbar auf dem F\u00fcller.<br \/>\n* Weineingang von oben mit Elektroventil (pneumatisch gesteuert).<br \/>\n* Waschrampe im F\u00fcllkessel und Auffangwanne f\u00fcr Waschfl\u00fcssigkeit.<br \/>\n* F\u00fcllkesselniveausteuerung mit Anzeiger und Leerlaufschutz.<br \/>\nVERSCHLIESSER :<br \/>\n* Drehbare Korks\u00e4ule f\u00fcr Montage bis drei Verschliess M\u00f6glichkeiten.<br \/>\n* Naturkorken : vier-Edelstahl Backen Schloss leicht abmontierbar,<br \/>\nohne Werkzeug (Schublade).<br \/>\n* Elektronische programmierbare Steuerung der Verkorkzyklen f\u00fcr ein<br \/>\nlangsames Komprimieren und ein schnelles Einstossen des Korkens.<br \/>\n* Vakuum Einrichtung in der Flaschenm\u00fcndung w\u00e4hrend des Verkorkens.<br \/>\n* Grossen Korktrichter (1500 St\u00fcck) mit Entstaubungsblech auf der S\u00e4ule.<br \/>\nALLGEMEINES :<br \/>\n* Komplette Edelstahl Konstruktion.<br \/>\n* Geschwindigkeit durch Elektrovariator einstellbar.<br \/>\n* Elektrische Einstellung der:<br \/>\n&#8211; Flaschenh\u00f6he am Rinser (180-380 mm)<br \/>\n&#8211; Flaschenh\u00f6he am F\u00fcller (180 &#8211; 380 mm)<br \/>\n&#8211; Flaschenh\u00f6he am Korker (180 &#8211; 380 mm)<br \/>\n&#8211; des F\u00fcllniveaus (10 &#8211; 80 mm).<br \/>\n* Ausr\u00fcstung f\u00fcr eine zylindrische Flaschengr\u00f6sse.<br \/>\n* Mit Plexiglas Schutzvorrichtung \u2013 CE \u2013 Norm.<br \/>\n* Mit 0,65 m Ein- &#038; Auslaufb\u00e4nder, synchronisierte Zugeinrichtung und<br \/>\nSammeltisch 500x650mm am Ausgang.<br \/>\nLEISTUNG : bis 2200 Fl\/St (0,75 liter)\n              <\/ul>\n<\/p><\/div>\n<div id=\"description\"><\/div>\n<div id=\"material\"><\/div>\n<\/p><\/div>\n<\/p><\/div>\n<\/p><\/div>\n","protected":false},"excerpt":{"rendered":"<p>Zuhause | Kellerei | F\u00fcllger\u00e4te | Automatische Abf\u00fcllanlagen | COSTRAL | AUTOMATISCHE ABFULL GRUPPE GALAXY Monoblock Galaxy 2000 TECHNISCHE DATEN : RINSER \/STERILISATOR : * Flaschenselektion \u00fcber Einlaufschnecke. * Greiferstation die kontinuierlich laufend drei Flaschen aus den Transportband entnimmt, umdreht und in eine \u00ab Halterschublade \u00bb beladet. Die Greifer sind f\u00fcr Flaschen D: 65 bis [&hellip;]<\/p>\n","protected":false},"author":1,"featured_media":0,"parent":4578596,"menu_order":0,"comment_status":"closed","ping_status":"closed","template":"elementor_theme","meta":{"footnotes":""},"class_list":["post-4578599","page","type-page","status-publish","hentry"],"_links":{"self":[{"href":"https:\/\/fabijan.si\/de\/wp-json\/wp\/v2\/pages\/4578599","targetHints":{"allow":["GET"]}}],"collection":[{"href":"https:\/\/fabijan.si\/de\/wp-json\/wp\/v2\/pages"}],"about":[{"href":"https:\/\/fabijan.si\/de\/wp-json\/wp\/v2\/types\/page"}],"author":[{"embeddable":true,"href":"https:\/\/fabijan.si\/de\/wp-json\/wp\/v2\/users\/1"}],"replies":[{"embeddable":true,"href":"https:\/\/fabijan.si\/de\/wp-json\/wp\/v2\/comments?post=4578599"}],"version-history":[{"count":0,"href":"https:\/\/fabijan.si\/de\/wp-json\/wp\/v2\/pages\/4578599\/revisions"}],"up":[{"embeddable":true,"href":"https:\/\/fabijan.si\/de\/wp-json\/wp\/v2\/pages\/4578596"}],"wp:attachment":[{"href":"https:\/\/fabijan.si\/de\/wp-json\/wp\/v2\/media?parent=4578599"}],"curies":[{"name":"wp","href":"https:\/\/api.w.org\/{rel}","templated":true}]}}