{"id":4578611,"date":"2026-02-03T15:33:17","date_gmt":"2026-02-03T14:33:17","guid":{"rendered":"https:\/\/fabijan.si\/kellerei\/fullgerate\/automatische-abfullanlagen\/costral\/costral-fiamat-2000\/automatische-abfullanlage-costral-fiamat-2000\/"},"modified":"2026-02-03T15:33:17","modified_gmt":"2026-02-03T14:33:17","slug":"automatische-abfullanlage-costral-fiamat-2000","status":"publish","type":"page","link":"https:\/\/fabijan.si\/de\/kellerei\/fullgerate\/automatische-abfullanlagen\/costral\/costral-fiamat-2000\/automatische-abfullanlage-costral-fiamat-2000\/","title":{"rendered":"automatische-abfullanlage-costral-fiamat-2000"},"content":{"rendered":"\n<div class=\"container\">\n<div class=\"breadcrumb-container\"><span><br \/>\n<a href=\"https:\/\/fabijan.si\/de\/\">Zuhause<\/a> | <a href=\"https:\/\/fabijan.si\/de\/kellerei\/\">Kellerei<\/a> | <a href=\"https:\/\/fabijan.si\/de\/kellerei\/fullgerate\/\">F\u00fcllger\u00e4te<\/a> | <a href=\"https:\/\/fabijan.si\/de\/kellerei\/fullgerate\/automatische-abfullanlagen\/\">Automatische Abf\u00fcllanlagen<\/a> | <a href=\"https:\/\/fabijan.si\/de\/kellerei\/fullgerate\/automatische-abfullanlagen\/costral\/\">COSTRAL<\/a> | <a href=\"https:\/\/fabijan.si\/de\/kellerei\/fullgerate\/automatische-abfullanlagen\/costral\/costral-fiamat-2000\/\">COSTRAL FIAMAT 2000<\/a><\/span>\n<\/div>\n<div class=\"row\">\n<div class=\"col-6\">\n<div id=\"carouselExampleControls\" class=\"carousel slide carousel-container\" data-interval=\"false\">\n<div class=\"carousel-inner\">\n<div class=\"carousel-item active\">   <img decoding=\"async\" src=\"https:\/\/fabijan.si\/wp-content\/uploads\/site-content\/costral-fiamat-2000.jpg\" class=\"d-block w-100\" alt=\"...\"><\/div>\n<\/p><\/div>\n<p>              <button class=\"carousel-control-prev\" type=\"button\" data-bs-target=\"#carouselExampleControls\" data-bs-slide=\"prev\"><br \/>\n                <span class=\"carousel-control-prev-icon\" aria-hidden=\"true\"><\/span><br \/>\n              <\/button><br \/>\n              <button class=\"carousel-control-next\" type=\"button\" data-bs-target=\"#carouselExampleControls\" data-bs-slide=\"next\"><br \/>\n                <span class=\"carousel-control-next-icon\" aria-hidden=\"true\"><\/span><br \/>\n              <\/button>\n            <\/div>\n<\/p><\/div>\n<div class=\"col-6 slo-name\">\n            Automatische Abf\u00fcllanlage COSTRAL FIAMAT 2000<\/p>\n<div class=\"brand\">* 14 F\u00fcllrohre mit Schwimmer f\u00fcr abf\u00fcllen mit Falldruck oder mit Pumpe<br \/>\n* Feste Korksa\u00fcle mit 4 Backenschlo\u00df<br \/>\n* Niveauausgleich<br \/>\n* Elektrovariator von 700 bis 2300 Fl\/Stunde (Stufenlosregelbar)<br \/>\n* Drehendem Sammeltisch durchmesser 450 mm und Vakum am Korkschloss<\/p>\n<p>* Leistung:  2000 Flaschen 0,75 L\/H<br \/>\n* Sammeltisch: O 450 mm<br \/>\n* Flaschendurchmesser : O 55 bis 115 mm;<br \/>\n* Flasch. Gewicht: 190 bis 380 mm<br \/>\n* Gewicht: 460 kg<br \/>\n* Motor: 1,3 kW<\/p><\/div>\n<p>\t\t\t<!-- \n\n<div class=\"price-container\">\n                \n\n<p class=\"price\">###PRICE###<\/p>\n\n --><br \/>\n                <!-- <button type=\"button\" class=\"btn btn-config btn-lg\">Pojdi na konfigurator<\/button> -->\n            <\/div>\n<\/p><\/div>\n<div class=\"menu\">\n<div class=\"btn-group d-flex justify-content-center\" id=\"menu-buttons\">\n              <button type=\"button\" onClick = \"showSpecs()\" class=\"btn menu-button menu-title active\">SPEZIFIKATIONEN<\/button><br \/>\n              <button type=\"button\" onClick = \"showDescription()\" class=\"btn menu-button menu-title\">BESCHREIBUNG<\/button><br \/>\n              <button type=\"button\" onClick = \"showMaterial()\" class=\"btn menu-button menu-title\">MATERIAL<\/button>\n            <\/div>\n<div id=\"specs\">\n<ul class=\"list-group\">\n                * 14 F\u00fcllrohre mit Schwimmer f\u00fcr abf\u00fcllen mit Falldruck oder mit Pumpe<br \/>\n* Feste Korksa\u00fcle mit 4 Backenschlo\u00df<br \/>\n* Niveauausgleich<br \/>\n* Elektrovariator von 700 bis 2300 Fl\/Stunde (Stufenlosregelbar)<br \/>\n* Drehendem Sammeltisch durchmesser 450 mm und Vakum am Korkschloss<\/p>\n<p>* Leistung:  2000 Flaschen 0,75 L\/H<br \/>\n* Sammeltisch: O 450 mm<br \/>\n* Flaschendurchmesser : O 55 bis 115 mm;<br \/>\n* Flasch. Gewicht: 190 bis 380 mm<br \/>\n* Gewicht: 460 kg<br \/>\n* Motor: 1,3 kW\n              <\/ul>\n<\/p><\/div>\n<div id=\"description\"><\/div>\n<div id=\"material\"><\/div>\n<\/p><\/div>\n<\/p><\/div>\n<\/p><\/div>\n","protected":false},"excerpt":{"rendered":"<p>Zuhause | Kellerei | F\u00fcllger\u00e4te | Automatische Abf\u00fcllanlagen | COSTRAL | COSTRAL FIAMAT 2000 Automatische Abf\u00fcllanlage COSTRAL FIAMAT 2000 * 14 F\u00fcllrohre mit Schwimmer f\u00fcr abf\u00fcllen mit Falldruck oder mit Pumpe * Feste Korksa\u00fcle mit 4 Backenschlo\u00df * Niveauausgleich * Elektrovariator von 700 bis 2300 Fl\/Stunde (Stufenlosregelbar) * Drehendem Sammeltisch durchmesser 450 mm und Vakum [&hellip;]<\/p>\n","protected":false},"author":1,"featured_media":0,"parent":4578608,"menu_order":0,"comment_status":"closed","ping_status":"closed","template":"elementor_theme","meta":{"footnotes":""},"class_list":["post-4578611","page","type-page","status-publish","hentry"],"_links":{"self":[{"href":"https:\/\/fabijan.si\/de\/wp-json\/wp\/v2\/pages\/4578611","targetHints":{"allow":["GET"]}}],"collection":[{"href":"https:\/\/fabijan.si\/de\/wp-json\/wp\/v2\/pages"}],"about":[{"href":"https:\/\/fabijan.si\/de\/wp-json\/wp\/v2\/types\/page"}],"author":[{"embeddable":true,"href":"https:\/\/fabijan.si\/de\/wp-json\/wp\/v2\/users\/1"}],"replies":[{"embeddable":true,"href":"https:\/\/fabijan.si\/de\/wp-json\/wp\/v2\/comments?post=4578611"}],"version-history":[{"count":0,"href":"https:\/\/fabijan.si\/de\/wp-json\/wp\/v2\/pages\/4578611\/revisions"}],"up":[{"embeddable":true,"href":"https:\/\/fabijan.si\/de\/wp-json\/wp\/v2\/pages\/4578608"}],"wp:attachment":[{"href":"https:\/\/fabijan.si\/de\/wp-json\/wp\/v2\/media?parent=4578611"}],"curies":[{"name":"wp","href":"https:\/\/api.w.org\/{rel}","templated":true}]}}