{"id":4578623,"date":"2026-02-03T15:33:21","date_gmt":"2026-02-03T14:33:21","guid":{"rendered":"https:\/\/fabijan.si\/kellerei\/fullgerate\/automatische-abfullanlagen\/borelli\/abfullmaschine-borelli-ciao-xp-multisystem\/"},"modified":"2026-02-03T15:33:21","modified_gmt":"2026-02-03T14:33:21","slug":"abfullmaschine-borelli-ciao-xp-multisystem","status":"publish","type":"page","link":"https:\/\/fabijan.si\/de\/kellerei\/fullgerate\/automatische-abfullanlagen\/borelli\/abfullmaschine-borelli-ciao-xp-multisystem\/","title":{"rendered":"abfullmaschine-borelli-ciao-xp-multisystem"},"content":{"rendered":"\n<div class=\"container\">\n<div class=\"breadcrumb-container\"><span><br \/>\n<a href=\"https:\/\/fabijan.si\/de\/\">Zuhause<\/a> | <a href=\"https:\/\/fabijan.si\/de\/kellerei\/\">Kellerei<\/a> | <a href=\"https:\/\/fabijan.si\/de\/kellerei\/fullgerate\/\">F\u00fcllger\u00e4te<\/a> | <a href=\"https:\/\/fabijan.si\/de\/kellerei\/fullgerate\/automatische-abfullanlagen\/\">Automatische Abf\u00fcllanlagen<\/a> | <a href=\"https:\/\/fabijan.si\/de\/kellerei\/fullgerate\/automatische-abfullanlagen\/borelli\/\">BORELLI<\/a><\/span>\n<\/div>\n<div class=\"row\">\n<div class=\"col-6\">\n<div id=\"carouselExampleControls\" class=\"carousel slide carousel-container\" data-interval=\"false\">\n<div class=\"carousel-inner\">\n<div class=\"carousel-item active\">   <img decoding=\"async\" src=\"https:\/\/fabijan.si\/wp-content\/uploads\/site-content\/ciaoxp.jpg\" class=\"d-block w-100\" alt=\"...\"><\/div>\n<div class=\"carousel-item \">   <img decoding=\"async\" src=\"https:\/\/fabijan.si\/wp-content\/uploads\/site-content\/00007632.jpg\" class=\"d-block w-100\" alt=\"...\"><\/div>\n<\/p><\/div>\n<p>              <button class=\"carousel-control-prev\" type=\"button\" data-bs-target=\"#carouselExampleControls\" data-bs-slide=\"prev\"><br \/>\n                <span class=\"carousel-control-prev-icon\" aria-hidden=\"true\"><\/span><br \/>\n              <\/button><br \/>\n              <button class=\"carousel-control-next\" type=\"button\" data-bs-target=\"#carouselExampleControls\" data-bs-slide=\"next\"><br \/>\n                <span class=\"carousel-control-next-icon\" aria-hidden=\"true\"><\/span><br \/>\n              <\/button>\n            <\/div>\n<\/p><\/div>\n<div class=\"col-6 slo-name\">\n            Abf\u00fcllmaschine BORELLI Ciao+ xp multisystem<\/p>\n<div class=\"brand\">* izpiranje: 9 glav<br \/>\n* polnilnih ventilov: 10<br \/>\n* tip ventila serijsko: EVO2<br \/>\n* sistem polnjenja: \u010dista gravitacija<br \/>\n* kapaciteta: 1400 litrov ali 1600 steklenic\/uro<br \/>\n* velikosti steklenic: vi\u0161ina od 220 do 410 mm, premer od 55 do 120 mm<br \/>\n* mo\u010d: 2 kW<br \/>\n* nastavitev hitrost: elektronika z inverterjem<br \/>\n* dimenzije (d x \u0161 x v) : 4.100 x 1.006 x 2.300 mm<br \/>\n* te\u017ea: 3300 kg<\/div>\n<p>\t\t\t<!-- \n\n<div class=\"price-container\">\n                \n\n<p class=\"price\">###PRICE###<\/p>\n\n --><br \/>\n                <!-- <button type=\"button\" class=\"btn btn-config btn-lg\">Pojdi na konfigurator<\/button> -->\n            <\/div>\n<\/p><\/div>\n<div class=\"menu\">\n<div class=\"btn-group d-flex justify-content-center\" id=\"menu-buttons\">\n              <button type=\"button\" onClick = \"showSpecs()\" class=\"btn menu-button menu-title active\">SPEZIFIKATIONEN<\/button><br \/>\n              <button type=\"button\" onClick = \"showDescription()\" class=\"btn menu-button menu-title\">BESCHREIBUNG<\/button><br \/>\n              <button type=\"button\" onClick = \"showMaterial()\" class=\"btn menu-button menu-title\">MATERIAL<\/button>\n            <\/div>\n<div id=\"specs\">\n<ul class=\"list-group\">\n                * izpiranje: 9 glav<br \/>\n* polnilnih ventilov: 10<br \/>\n* tip ventila serijsko: EVO2<br \/>\n* sistem polnjenja: \u010dista gravitacija<br \/>\n* kapaciteta: 1400 litrov ali 1600 steklenic\/uro<br \/>\n* velikosti steklenic: vi\u0161ina od 220 do 410 mm, premer od 55 do 120 mm<br \/>\n* mo\u010d: 2 kW<br \/>\n* nastavitev hitrost: elektronika z inverterjem<br \/>\n* dimenzije (d x \u0161 x v) : 4.100 x 1.006 x 2.300 mm<br \/>\n* te\u017ea: 3300 kg\n              <\/ul>\n<\/p><\/div>\n<div id=\"description\"><\/div>\n<div id=\"material\"><\/div>\n<\/p><\/div>\n<\/p><\/div>\n<\/p><\/div>\n","protected":false},"excerpt":{"rendered":"<p>Zuhause | Kellerei | F\u00fcllger\u00e4te | Automatische Abf\u00fcllanlagen | BORELLI Abf\u00fcllmaschine BORELLI Ciao+ xp multisystem * izpiranje: 9 glav * polnilnih ventilov: 10 * tip ventila serijsko: EVO2 * sistem polnjenja: \u010dista gravitacija * kapaciteta: 1400 litrov ali 1600 steklenic\/uro * velikosti steklenic: vi\u0161ina od 220 do 410 mm, premer od 55 do 120 mm [&hellip;]<\/p>\n","protected":false},"author":1,"featured_media":0,"parent":4578614,"menu_order":0,"comment_status":"closed","ping_status":"closed","template":"elementor_theme","meta":{"footnotes":""},"class_list":["post-4578623","page","type-page","status-publish","hentry"],"_links":{"self":[{"href":"https:\/\/fabijan.si\/de\/wp-json\/wp\/v2\/pages\/4578623","targetHints":{"allow":["GET"]}}],"collection":[{"href":"https:\/\/fabijan.si\/de\/wp-json\/wp\/v2\/pages"}],"about":[{"href":"https:\/\/fabijan.si\/de\/wp-json\/wp\/v2\/types\/page"}],"author":[{"embeddable":true,"href":"https:\/\/fabijan.si\/de\/wp-json\/wp\/v2\/users\/1"}],"replies":[{"embeddable":true,"href":"https:\/\/fabijan.si\/de\/wp-json\/wp\/v2\/comments?post=4578623"}],"version-history":[{"count":0,"href":"https:\/\/fabijan.si\/de\/wp-json\/wp\/v2\/pages\/4578623\/revisions"}],"up":[{"embeddable":true,"href":"https:\/\/fabijan.si\/de\/wp-json\/wp\/v2\/pages\/4578614"}],"wp:attachment":[{"href":"https:\/\/fabijan.si\/de\/wp-json\/wp\/v2\/media?parent=4578623"}],"curies":[{"name":"wp","href":"https:\/\/api.w.org\/{rel}","templated":true}]}}