{"id":4578647,"date":"2026-02-03T15:33:28","date_gmt":"2026-02-03T14:33:28","guid":{"rendered":"https:\/\/fabijan.si\/kellerei\/rinser\/automatische\/costral\/flaschen-rinser-sterilisator-neptune-2000\/"},"modified":"2026-02-03T15:33:28","modified_gmt":"2026-02-03T14:33:28","slug":"flaschen-rinser-sterilisator-neptune-2000","status":"publish","type":"page","link":"https:\/\/fabijan.si\/de\/kellerei\/rinser\/automatische\/costral\/flaschen-rinser-sterilisator-neptune-2000\/","title":{"rendered":"flaschen-rinser-sterilisator-neptune-2000"},"content":{"rendered":"\n<div class=\"container\">\n<div class=\"breadcrumb-container\"><span><br \/>\n<a href=\"https:\/\/fabijan.si\/de\/\">Zuhause<\/a> | <a href=\"https:\/\/fabijan.si\/de\/kellerei\/\">Kellerei<\/a> | <a href=\"https:\/\/fabijan.si\/de\/kellerei\/rinser\/\">Rinser<\/a> | <a href=\"https:\/\/fabijan.si\/de\/kellerei\/rinser\/automatische\/\">Automatische<\/a> | <a href=\"https:\/\/fabijan.si\/de\/kellerei\/rinser\/automatische\/costral\/\">COSTRAL<\/a><\/span>\n<\/div>\n<div class=\"row\">\n<div class=\"col-6\">\n<div id=\"carouselExampleControls\" class=\"carousel slide carousel-container\" data-interval=\"false\">\n<div class=\"carousel-inner\">\n<div class=\"carousel-item active\">   <img decoding=\"async\" src=\"https:\/\/fabijan.si\/wp-content\/uploads\/site-content\/sterilizator-costral-neptune.jpg\" class=\"d-block w-100\" alt=\"...\"><\/div>\n<\/p><\/div>\n<p>              <button class=\"carousel-control-prev\" type=\"button\" data-bs-target=\"#carouselExampleControls\" data-bs-slide=\"prev\"><br \/>\n                <span class=\"carousel-control-prev-icon\" aria-hidden=\"true\"><\/span><br \/>\n              <\/button><br \/>\n              <button class=\"carousel-control-next\" type=\"button\" data-bs-target=\"#carouselExampleControls\" data-bs-slide=\"next\"><br \/>\n                <span class=\"carousel-control-next-icon\" aria-hidden=\"true\"><\/span><br \/>\n              <\/button>\n            <\/div>\n<\/p><\/div>\n<div class=\"col-6 slo-name\">\n            Flaschen Rinser-Sterilisator NEPTUNE 2000<\/p>\n<div class=\"brand\">* LEISTUNG : bis 3000 Fl\/St als Rinser, bis 2000 Fl\/St als Sterilisator<\/div>\n<p>\t\t\t<!-- \n\n<div class=\"price-container\">\n                \n\n<p class=\"price\">###PRICE###<\/p>\n\n --><br \/>\n                <!-- <button type=\"button\" class=\"btn btn-config btn-lg\">Pojdi na konfigurator<\/button> -->\n            <\/div>\n<\/p><\/div>\n<div class=\"menu\">\n<div class=\"btn-group d-flex justify-content-center\" id=\"menu-buttons\">\n              <button type=\"button\" onClick = \"showSpecs()\" class=\"btn menu-button menu-title active\">SPEZIFIKATIONEN<\/button><br \/>\n              <button type=\"button\" onClick = \"showDescription()\" class=\"btn menu-button menu-title\">BESCHREIBUNG<\/button><br \/>\n              <button type=\"button\" onClick = \"showMaterial()\" class=\"btn menu-button menu-title\">MATERIAL<\/button>\n            <\/div>\n<div id=\"specs\">\n<ul class=\"list-group\">\n                * LEISTUNG : bis 3000 Fl\/St als Rinser, bis 2000 Fl\/St als Sterilisator\n              <\/ul>\n<\/p><\/div>\n<div id=\"description\">\n              TECHNISCHE DATEN :<br \/>\n* Flaschenselektion \u00fcber Einlaufschnecke.<br \/>\n* Greifferstation die kontinuirlich laufend drei Flaschen aus den<br \/>\nTransportband entnimt, umdreht und in eine \u00ab Halteschublade \u00bb beladet<br \/>\n(Greiffer f\u00fcr Flaschen D : 65 bis D : 95mm &#8211; Halteschubladen f\u00fcr<br \/>\nBandm\u00fcndungen, BVS 30H60 &#038; MCA 28 M\u00fcndungen).<br \/>\n* 24 &#8211; Stellige sequential funktionnierende Behandlungsstation, mit Taktzeit<br \/>\nvon vier Sekunden bei 2000 Flaschen\/Stunden.<br \/>\n* Gesamte Wirkzeit (Flasche umgedreht) bei 2000 Fl\/St: 32 Sekunden.<br \/>\nBei Ben\u00fctzung als Sterilisator mit Peressigs\u00e4urel\u00f6sung :<br \/>\n&#8211; Einwirkzeit nach erster Einspritzung : 14 Sekunden,<br \/>\n&#8211; Abtropfzeit nach zweiter Einspritzung : 14 Sekunden.<br \/>\n* Grundausf\u00fchrung mit einer langen Einspritzung (einstellbar) mit fixen D\u00fcsen.<br \/>\n* Entladung der Flaschen, umdrehung und Aufstellung auf das laufende Band f\u00fcr<br \/>\nF\u00f6rderung zum F\u00fcller.<br \/>\n* Komplete Edelstahl Konstruktion.<br \/>\n* Geschwindigkeit durch Elektrovariator einstellbar.<br \/>\n* Elektrische Einstellung der Flaschenh\u00f6he (180-380 mm).<br \/>\n* Programmierung der Parameter der verschiedenen Flaschenformate,<br \/>\nmit Speicherung (bis zu 12 Modele).<br \/>\n* Schalttafel mit Digitalanzeige<br \/>\n&#8211; des Flaschenformates,<br \/>\n&#8211; der Stundenleistung,<br \/>\n&#8211; des Flaschenzahl,<br \/>\n&#8211; der St\u00f6rungen.<br \/>\n* Ausr\u00fcstung f\u00fcr eine zylindrische Flaschengr\u00f6sse.<br \/>\n* Mit Plexiglas Schutzvorrichtung \u2013 CE \u2013 Norm.<br \/>\n* Mit 0,65 Meter Ein- &#038; Auslaufb\u00e4nder, synchronisierte Zugeinrichtung und<br \/>\nseitliche \u00dcbergabegel\u00e4nder am Ausgang (f\u00fcr Verbindung mit dem F\u00fcller).<br \/>\nLEISTUNG : bis 3000 Fl\/St als Rinser, bis 2000 Fl\/St als Sterilisator\n            <\/div>\n<div id=\"material\"><\/div>\n<\/p><\/div>\n<\/p><\/div>\n<\/p><\/div>\n","protected":false},"excerpt":{"rendered":"<p>Zuhause | Kellerei | Rinser | Automatische | COSTRAL Flaschen Rinser-Sterilisator NEPTUNE 2000 * LEISTUNG : bis 3000 Fl\/St als Rinser, bis 2000 Fl\/St als Sterilisator SPEZIFIKATIONEN BESCHREIBUNG MATERIAL * LEISTUNG : bis 3000 Fl\/St als Rinser, bis 2000 Fl\/St als Sterilisator TECHNISCHE DATEN : * Flaschenselektion \u00fcber Einlaufschnecke. * Greifferstation die kontinuirlich laufend drei [&hellip;]<\/p>\n","protected":false},"author":1,"featured_media":0,"parent":4578644,"menu_order":0,"comment_status":"closed","ping_status":"closed","template":"elementor_theme","meta":{"footnotes":""},"class_list":["post-4578647","page","type-page","status-publish","hentry"],"_links":{"self":[{"href":"https:\/\/fabijan.si\/de\/wp-json\/wp\/v2\/pages\/4578647","targetHints":{"allow":["GET"]}}],"collection":[{"href":"https:\/\/fabijan.si\/de\/wp-json\/wp\/v2\/pages"}],"about":[{"href":"https:\/\/fabijan.si\/de\/wp-json\/wp\/v2\/types\/page"}],"author":[{"embeddable":true,"href":"https:\/\/fabijan.si\/de\/wp-json\/wp\/v2\/users\/1"}],"replies":[{"embeddable":true,"href":"https:\/\/fabijan.si\/de\/wp-json\/wp\/v2\/comments?post=4578647"}],"version-history":[{"count":0,"href":"https:\/\/fabijan.si\/de\/wp-json\/wp\/v2\/pages\/4578647\/revisions"}],"up":[{"embeddable":true,"href":"https:\/\/fabijan.si\/de\/wp-json\/wp\/v2\/pages\/4578644"}],"wp:attachment":[{"href":"https:\/\/fabijan.si\/de\/wp-json\/wp\/v2\/media?parent=4578647"}],"curies":[{"name":"wp","href":"https:\/\/api.w.org\/{rel}","templated":true}]}}