{"id":4578695,"date":"2026-02-03T15:33:46","date_gmt":"2026-02-03T14:33:46","guid":{"rendered":"https:\/\/fabijan.si\/kellerei\/verschlussmachinen\/halbautomatisch-verschliesser\/pg2010-ve-halbautomatischer-schraubverschliesser-220v\/"},"modified":"2026-02-03T15:33:46","modified_gmt":"2026-02-03T14:33:46","slug":"pg2010-ve-halbautomatischer-schraubverschliesser-220v","status":"publish","type":"page","link":"https:\/\/fabijan.si\/de\/kellerei\/verschlussmachinen\/halbautomatisch-verschliesser\/pg2010-ve-halbautomatischer-schraubverschliesser-220v\/","title":{"rendered":"pg2010-ve-halbautomatischer-schraubverschliesser-220v"},"content":{"rendered":"\n<div class=\"container\">\n<div class=\"breadcrumb-container\"><span><br \/>\n<a href=\"https:\/\/fabijan.si\/de\/\">Zuhause<\/a> | <a href=\"https:\/\/fabijan.si\/de\/kellerei\/\">Kellerei<\/a> | <a href=\"https:\/\/fabijan.si\/de\/kellerei\/verschlussmachinen\/\">Verschlussmachinen<\/a> | <a href=\"https:\/\/fabijan.si\/de\/kellerei\/verschlussmachinen\/halbautomatisch-verschliesser\/\">Halbautomatisch. Verschliesser<\/a><\/span>\n<\/div>\n<div class=\"row\">\n<div class=\"col-6\">\n<div id=\"carouselExampleControls\" class=\"carousel slide carousel-container\" data-interval=\"false\">\n<div class=\"carousel-inner\">\n<div class=\"carousel-item active\"><iframe class=\"ytlnk\" src=\"https:\/\/www.youtube.com\/embed\/KknRa6_48gE\" title=\"YouTube video player\" frameborder=\"0\" allow=\"accelerometer; autoplay; clipboard-write; encrypted-media; gyroscope; picture-in-picture\" allowfullscreen><\/iframe><\/div>\n<div class=\"carousel-item \">   <img decoding=\"async\" src=\"https:\/\/fabijan.si\/wp-content\/uploads\/site-content\/pg-2010-ve-glava.jpg\" class=\"d-block w-100\" alt=\"...\"><\/div>\n<div class=\"carousel-item \">   <img decoding=\"async\" src=\"https:\/\/fabijan.si\/wp-content\/uploads\/site-content\/pg-2010-ve.jpg\" class=\"d-block w-100\" alt=\"...\"><\/div>\n<\/p><\/div>\n<p>              <button class=\"carousel-control-prev\" type=\"button\" data-bs-target=\"#carouselExampleControls\" data-bs-slide=\"prev\"><br \/>\n                <span class=\"carousel-control-prev-icon\" aria-hidden=\"true\"><\/span><br \/>\n              <\/button><br \/>\n              <button class=\"carousel-control-next\" type=\"button\" data-bs-target=\"#carouselExampleControls\" data-bs-slide=\"next\"><br \/>\n                <span class=\"carousel-control-next-icon\" aria-hidden=\"true\"><\/span><br \/>\n              <\/button>\n            <\/div>\n<\/p><\/div>\n<div class=\"col-6 slo-name\">\n            PG2010\/VE Halbautomatischer Schraubverschliesser 220V<\/p>\n<div class=\"brand\">* Ma\u00dfe 60 x 60 x 170 cm<br \/>\n* Gewicht 150 kg<br \/>\n* Flaschen \/ Stunde 500<br \/>\n* Flaschenkapazit\u00e4t von 0,375 bis 1,5 l<br \/>\n* Passend f\u00fcr WEIN, \u00d6L, SPIRITUOSEN<\/div>\n<p>\t\t\t<!-- \n\n<div class=\"price-container\">\n                \n\n<p class=\"price\">###PRICE###<\/p>\n\n --><br \/>\n                <!-- <button type=\"button\" class=\"btn btn-config btn-lg\">Pojdi na konfigurator<\/button> -->\n            <\/div>\n<\/p><\/div>\n<div class=\"menu\">\n<div class=\"btn-group d-flex justify-content-center\" id=\"menu-buttons\">\n              <button type=\"button\" onClick = \"showSpecs()\" class=\"btn menu-button menu-title active\">SPEZIFIKATIONEN<\/button><br \/>\n              <button type=\"button\" onClick = \"showDescription()\" class=\"btn menu-button menu-title\">BESCHREIBUNG<\/button><br \/>\n              <button type=\"button\" onClick = \"showMaterial()\" class=\"btn menu-button menu-title\">MATERIAL<\/button>\n            <\/div>\n<div id=\"specs\">\n<ul class=\"list-group\">\n                * Ma\u00dfe 60 x 60 x 170 cm<br \/>\n* Gewicht 150 kg<br \/>\n* Flaschen \/ Stunde 500<br \/>\n* Flaschenkapazit\u00e4t von 0,375 bis 1,5 l<br \/>\n* Passend f\u00fcr WEIN, \u00d6L, SPIRITUOSEN\n              <\/ul>\n<\/p><\/div>\n<div id=\"description\">\n              * Halbautomatische Verschlie\u00dfmaschine mit R\u00e4dern aus Edelstahl<br \/>\n* Maschine mit absteigendem Schraubenkopf mit mechanischem System<br \/>\n* Druckknopfbedienung und manuelle Kappenverteilung<br \/>\n* Verschlie\u00dfmaschine mit 4 austauschbaren Rollen<br \/>\n* Optional: Stickstoffinjektionsger\u00e4t\n            <\/div>\n<div id=\"material\"><\/div>\n<\/p><\/div>\n<\/p><\/div>\n<\/p><\/div>\n","protected":false},"excerpt":{"rendered":"<p>Zuhause | Kellerei | Verschlussmachinen | Halbautomatisch. Verschliesser PG2010\/VE Halbautomatischer Schraubverschliesser 220V * Ma\u00dfe 60 x 60 x 170 cm * Gewicht 150 kg * Flaschen \/ Stunde 500 * Flaschenkapazit\u00e4t von 0,375 bis 1,5 l * Passend f\u00fcr WEIN, \u00d6L, SPIRITUOSEN SPEZIFIKATIONEN BESCHREIBUNG MATERIAL * Ma\u00dfe 60 x 60 x 170 cm * Gewicht [&hellip;]<\/p>\n","protected":false},"author":1,"featured_media":0,"parent":4578686,"menu_order":0,"comment_status":"closed","ping_status":"closed","template":"elementor_theme","meta":{"footnotes":""},"class_list":["post-4578695","page","type-page","status-publish","hentry"],"_links":{"self":[{"href":"https:\/\/fabijan.si\/de\/wp-json\/wp\/v2\/pages\/4578695","targetHints":{"allow":["GET"]}}],"collection":[{"href":"https:\/\/fabijan.si\/de\/wp-json\/wp\/v2\/pages"}],"about":[{"href":"https:\/\/fabijan.si\/de\/wp-json\/wp\/v2\/types\/page"}],"author":[{"embeddable":true,"href":"https:\/\/fabijan.si\/de\/wp-json\/wp\/v2\/users\/1"}],"replies":[{"embeddable":true,"href":"https:\/\/fabijan.si\/de\/wp-json\/wp\/v2\/comments?post=4578695"}],"version-history":[{"count":0,"href":"https:\/\/fabijan.si\/de\/wp-json\/wp\/v2\/pages\/4578695\/revisions"}],"up":[{"embeddable":true,"href":"https:\/\/fabijan.si\/de\/wp-json\/wp\/v2\/pages\/4578686"}],"wp:attachment":[{"href":"https:\/\/fabijan.si\/de\/wp-json\/wp\/v2\/media?parent=4578695"}],"curies":[{"name":"wp","href":"https:\/\/api.w.org\/{rel}","templated":true}]}}