{"id":4578710,"date":"2026-02-03T15:33:50","date_gmt":"2026-02-03T14:33:50","guid":{"rendered":"https:\/\/fabijan.si\/kellerei\/verschlussmachinen\/halbautomatisch-verschliesser\/pg-2010-c-halbautomatischerverkorker-220v\/"},"modified":"2026-02-03T15:33:50","modified_gmt":"2026-02-03T14:33:50","slug":"pg-2010-c-halbautomatischerverkorker-220v","status":"publish","type":"page","link":"https:\/\/fabijan.si\/de\/kellerei\/verschlussmachinen\/halbautomatisch-verschliesser\/pg-2010-c-halbautomatischerverkorker-220v\/","title":{"rendered":"pg-2010-c-halbautomatischerverkorker-220v"},"content":{"rendered":"\n<div class=\"container\">\n<div class=\"breadcrumb-container\"><span><br \/>\n<a href=\"https:\/\/fabijan.si\/de\/\">Zuhause<\/a> | <a href=\"https:\/\/fabijan.si\/de\/kellerei\/\">Kellerei<\/a> | <a href=\"https:\/\/fabijan.si\/de\/kellerei\/verschlussmachinen\/\">Verschlussmachinen<\/a> | <a href=\"https:\/\/fabijan.si\/de\/kellerei\/verschlussmachinen\/halbautomatisch-verschliesser\/\">Halbautomatisch. Verschliesser<\/a><\/span>\n<\/div>\n<div class=\"row\">\n<div class=\"col-6\">\n<div id=\"carouselExampleControls\" class=\"carousel slide carousel-container\" data-interval=\"false\">\n<div class=\"carousel-inner\">\n<div class=\"carousel-item active\">   <img decoding=\"async\" src=\"https:\/\/fabijan.si\/wp-content\/uploads\/site-content\/pg-2010-c.jpg\" class=\"d-block w-100\" alt=\"...\"><\/div>\n<\/p><\/div>\n<p>              <button class=\"carousel-control-prev\" type=\"button\" data-bs-target=\"#carouselExampleControls\" data-bs-slide=\"prev\"><br \/>\n                <span class=\"carousel-control-prev-icon\" aria-hidden=\"true\"><\/span><br \/>\n              <\/button><br \/>\n              <button class=\"carousel-control-next\" type=\"button\" data-bs-target=\"#carouselExampleControls\" data-bs-slide=\"next\"><br \/>\n                <span class=\"carousel-control-next-icon\" aria-hidden=\"true\"><\/span><br \/>\n              <\/button>\n            <\/div>\n<\/p><\/div>\n<div class=\"col-6 slo-name\">\n            PG 2010\/C Halbautomatischerverkorker 220V<\/p>\n<div class=\"brand\">* Leistung: ca. 500 Flaschen\/Std. (abh\u00e4ngig von der Geschwindigkeit vom Benutzer)<br \/>\n * Flaschengr\u00f6\u00dfen: 0,250 bis 2,000 Liter<br \/>\n * Elektrischer Anschluss: 220V, 50Hz<br \/>\n * Abmessungen LxBxH: 600 x 600 x 1950mm<br \/>\n * Gewicht 150kg<\/p>\n<p>* Halbautomatischer Kronenkorker mit Unterbau aus Edelstahl auf R\u00e4der f\u00fcr Kronenkorke Diam.26mm und<br \/>\n   diam. 29mm f\u00fcr 2 austauschbaren K\u00f6pfen.<br \/>\n* Automatische Verteilung der Kronenkorke mit Vibrationssystem, Pneumatische Funktion.<\/p><\/div>\n<p>\t\t\t<!-- \n\n<div class=\"price-container\">\n                \n\n<p class=\"price\">###PRICE###<\/p>\n\n --><br \/>\n                <!-- <button type=\"button\" class=\"btn btn-config btn-lg\">Pojdi na konfigurator<\/button> -->\n            <\/div>\n<\/p><\/div>\n<div class=\"menu\">\n<div class=\"btn-group d-flex justify-content-center\" id=\"menu-buttons\">\n              <button type=\"button\" onClick = \"showSpecs()\" class=\"btn menu-button menu-title active\">SPEZIFIKATIONEN<\/button><br \/>\n              <button type=\"button\" onClick = \"showDescription()\" class=\"btn menu-button menu-title\">BESCHREIBUNG<\/button><br \/>\n              <button type=\"button\" onClick = \"showMaterial()\" class=\"btn menu-button menu-title\">MATERIAL<\/button>\n            <\/div>\n<div id=\"specs\">\n<ul class=\"list-group\">\n                * Leistung: ca. 500 Flaschen\/Std. (abh\u00e4ngig von der Geschwindigkeit vom Benutzer)<br \/>\n * Flaschengr\u00f6\u00dfen: 0,250 bis 2,000 Liter<br \/>\n * Elektrischer Anschluss: 220V, 50Hz<br \/>\n * Abmessungen LxBxH: 600 x 600 x 1950mm<br \/>\n * Gewicht 150kg<\/p>\n<p>* Halbautomatischer Kronenkorker mit Unterbau aus Edelstahl auf R\u00e4der f\u00fcr Kronenkorke Diam.26mm und<br \/>\n   diam. 29mm f\u00fcr 2 austauschbaren K\u00f6pfen.<br \/>\n* Automatische Verteilung der Kronenkorke mit Vibrationssystem, Pneumatische Funktion.\n              <\/ul>\n<\/p><\/div>\n<div id=\"description\">\n              * Halbautomatische Maschine aus Edelstahl<br \/>\n* Elektrisch-pneumatischer Verschluss zum Verschlie\u00dfen<br \/>\n   von Kronkorken O 26 mm oder 29 mm<br \/>\n* Druckknopfbedienung<br \/>\n* Automatische Verteilung der Kronkorken durch Vibrator<br \/>\n* Sicherheitsstopp des Verschlie\u00dfers bei ge\u00f6ffneter T\u00fcr<br \/>\n* Auf R\u00e4dern\n            <\/div>\n<div id=\"material\"><\/div>\n<\/p><\/div>\n<\/p><\/div>\n<\/p><\/div>\n","protected":false},"excerpt":{"rendered":"<p>Zuhause | Kellerei | Verschlussmachinen | Halbautomatisch. Verschliesser PG 2010\/C Halbautomatischerverkorker 220V * Leistung: ca. 500 Flaschen\/Std. (abh\u00e4ngig von der Geschwindigkeit vom Benutzer) * Flaschengr\u00f6\u00dfen: 0,250 bis 2,000 Liter * Elektrischer Anschluss: 220V, 50Hz * Abmessungen LxBxH: 600 x 600 x 1950mm * Gewicht 150kg * Halbautomatischer Kronenkorker mit Unterbau aus Edelstahl auf R\u00e4der f\u00fcr [&hellip;]<\/p>\n","protected":false},"author":1,"featured_media":0,"parent":4578686,"menu_order":0,"comment_status":"closed","ping_status":"closed","template":"elementor_theme","meta":{"footnotes":""},"class_list":["post-4578710","page","type-page","status-publish","hentry"],"_links":{"self":[{"href":"https:\/\/fabijan.si\/de\/wp-json\/wp\/v2\/pages\/4578710","targetHints":{"allow":["GET"]}}],"collection":[{"href":"https:\/\/fabijan.si\/de\/wp-json\/wp\/v2\/pages"}],"about":[{"href":"https:\/\/fabijan.si\/de\/wp-json\/wp\/v2\/types\/page"}],"author":[{"embeddable":true,"href":"https:\/\/fabijan.si\/de\/wp-json\/wp\/v2\/users\/1"}],"replies":[{"embeddable":true,"href":"https:\/\/fabijan.si\/de\/wp-json\/wp\/v2\/comments?post=4578710"}],"version-history":[{"count":0,"href":"https:\/\/fabijan.si\/de\/wp-json\/wp\/v2\/pages\/4578710\/revisions"}],"up":[{"embeddable":true,"href":"https:\/\/fabijan.si\/de\/wp-json\/wp\/v2\/pages\/4578686"}],"wp:attachment":[{"href":"https:\/\/fabijan.si\/de\/wp-json\/wp\/v2\/media?parent=4578710"}],"curies":[{"name":"wp","href":"https:\/\/api.w.org\/{rel}","templated":true}]}}