{"id":4578722,"date":"2026-02-03T15:33:53","date_gmt":"2026-02-03T14:33:53","guid":{"rendered":"https:\/\/fabijan.si\/kellerei\/verschlussmachinen\/halbautomatisch-verschliesser\/degorgiermaschine-pesce-atlas-ma\/"},"modified":"2026-02-03T15:33:53","modified_gmt":"2026-02-03T14:33:53","slug":"degorgiermaschine-pesce-atlas-ma","status":"publish","type":"page","link":"https:\/\/fabijan.si\/de\/kellerei\/verschlussmachinen\/halbautomatisch-verschliesser\/degorgiermaschine-pesce-atlas-ma\/","title":{"rendered":"degorgiermaschine-pesce-atlas-ma"},"content":{"rendered":"\n<div class=\"container\">\n<div class=\"breadcrumb-container\"><span><br \/>\n<a href=\"https:\/\/fabijan.si\/de\/\">Zuhause<\/a> | <a href=\"https:\/\/fabijan.si\/de\/kellerei\/\">Kellerei<\/a> | <a href=\"https:\/\/fabijan.si\/de\/kellerei\/verschlussmachinen\/\">Verschlussmachinen<\/a> | <a href=\"https:\/\/fabijan.si\/de\/kellerei\/verschlussmachinen\/halbautomatisch-verschliesser\/\">Halbautomatisch. Verschliesser<\/a><\/span>\n<\/div>\n<div class=\"row\">\n<div class=\"col-6\">\n<div id=\"carouselExampleControls\" class=\"carousel slide carousel-container\" data-interval=\"false\">\n<div class=\"carousel-inner\">\n<div class=\"carousel-item active\">   <img decoding=\"async\" src=\"https:\/\/fabijan.si\/wp-content\/uploads\/site-content\/stroj-za-deguziranje.jpg\" class=\"d-block w-100\" alt=\"...\"><\/div>\n<\/p><\/div>\n<p>              <button class=\"carousel-control-prev\" type=\"button\" data-bs-target=\"#carouselExampleControls\" data-bs-slide=\"prev\"><br \/>\n                <span class=\"carousel-control-prev-icon\" aria-hidden=\"true\"><\/span><br \/>\n              <\/button><br \/>\n              <button class=\"carousel-control-next\" type=\"button\" data-bs-target=\"#carouselExampleControls\" data-bs-slide=\"next\"><br \/>\n                <span class=\"carousel-control-next-icon\" aria-hidden=\"true\"><\/span><br \/>\n              <\/button>\n            <\/div>\n<\/p><\/div>\n<div class=\"col-6 slo-name\">\n            Degorgiermaschine Pesce ATLAS-MA<\/p>\n<div class=\"brand\">* Ma\u00dfe 50 x 90 x 158 cm<br \/>\n* Gewicht 70 kg<br \/>\n* Flaschen \/ Stunde 120<br \/>\n* Flaschenkapazit\u00e4t von 0,375 bis 1,5 l<br \/>\n* Passend f\u00fcr METODO CLASSICO<\/div>\n<p>\t\t\t<!-- \n\n<div class=\"price-container\">\n                \n\n<p class=\"price\">###PRICE###<\/p>\n\n --><br \/>\n                <!-- <button type=\"button\" class=\"btn btn-config btn-lg\">Pojdi na konfigurator<\/button> -->\n            <\/div>\n<\/p><\/div>\n<div class=\"menu\">\n<div class=\"btn-group d-flex justify-content-center\" id=\"menu-buttons\">\n              <button type=\"button\" onClick = \"showSpecs()\" class=\"btn menu-button menu-title active\">SPEZIFIKATIONEN<\/button><br \/>\n              <button type=\"button\" onClick = \"showDescription()\" class=\"btn menu-button menu-title\">BESCHREIBUNG<\/button><br \/>\n              <button type=\"button\" onClick = \"showMaterial()\" class=\"btn menu-button menu-title\">MATERIAL<\/button>\n            <\/div>\n<div id=\"specs\">\n<ul class=\"list-group\">\n                * Ma\u00dfe 50 x 90 x 158 cm<br \/>\n* Gewicht 70 kg<br \/>\n* Flaschen \/ Stunde 120<br \/>\n* Flaschenkapazit\u00e4t von 0,375 bis 1,5 l<br \/>\n* Passend f\u00fcr METODO CLASSICO\n              <\/ul>\n<\/p><\/div>\n<div id=\"description\">\n              * Halbautomatische Maschine aus Edelstahl<br \/>\n* Ger\u00e4t f\u00fcr den Betrieb des Degorgierens<br \/>\n* Tank f\u00fcr den Lik\u00f6r mit Drucklufteinlass (CO 2 oder Stickstoff) und Manometer zur Druckregelung<br \/>\n* Ger\u00e4t zur Flaschenplatzierung zur Steuerung des eingehenden Lik\u00f6rflusses: Dieses Ger\u00e4t ist f\u00fcr beide Flaschenformate ausgelegt<br \/>\n* Dreiwegeventil mit automatischer Steuerung, ausgestattet mit der Vorrichtung zum Einstellen der Lik\u00f6rdosis in die Flaschen<br \/>\n* Platzierung der Flasche \/ des Weintanks f\u00fcr den Nivelliervorgang<br \/>\n* Ventil mit Handhebel zur Steuerung der Nivellierphase\n            <\/div>\n<div id=\"material\"><\/div>\n<\/p><\/div>\n<\/p><\/div>\n<\/p><\/div>\n","protected":false},"excerpt":{"rendered":"<p>Zuhause | Kellerei | Verschlussmachinen | Halbautomatisch. Verschliesser Degorgiermaschine Pesce ATLAS-MA * Ma\u00dfe 50 x 90 x 158 cm * Gewicht 70 kg * Flaschen \/ Stunde 120 * Flaschenkapazit\u00e4t von 0,375 bis 1,5 l * Passend f\u00fcr METODO CLASSICO SPEZIFIKATIONEN BESCHREIBUNG MATERIAL * Ma\u00dfe 50 x 90 x 158 cm * Gewicht 70 kg [&hellip;]<\/p>\n","protected":false},"author":1,"featured_media":0,"parent":4578686,"menu_order":0,"comment_status":"closed","ping_status":"closed","template":"elementor_theme","meta":{"footnotes":""},"class_list":["post-4578722","page","type-page","status-publish","hentry"],"_links":{"self":[{"href":"https:\/\/fabijan.si\/de\/wp-json\/wp\/v2\/pages\/4578722","targetHints":{"allow":["GET"]}}],"collection":[{"href":"https:\/\/fabijan.si\/de\/wp-json\/wp\/v2\/pages"}],"about":[{"href":"https:\/\/fabijan.si\/de\/wp-json\/wp\/v2\/types\/page"}],"author":[{"embeddable":true,"href":"https:\/\/fabijan.si\/de\/wp-json\/wp\/v2\/users\/1"}],"replies":[{"embeddable":true,"href":"https:\/\/fabijan.si\/de\/wp-json\/wp\/v2\/comments?post=4578722"}],"version-history":[{"count":0,"href":"https:\/\/fabijan.si\/de\/wp-json\/wp\/v2\/pages\/4578722\/revisions"}],"up":[{"embeddable":true,"href":"https:\/\/fabijan.si\/de\/wp-json\/wp\/v2\/pages\/4578686"}],"wp:attachment":[{"href":"https:\/\/fabijan.si\/de\/wp-json\/wp\/v2\/media?parent=4578722"}],"curies":[{"name":"wp","href":"https:\/\/api.w.org\/{rel}","templated":true}]}}