{"id":4578731,"date":"2026-02-03T15:33:58","date_gmt":"2026-02-03T14:33:58","guid":{"rendered":"https:\/\/fabijan.si\/kellerei\/ausenreiniger\/costral\/flaschenwasch-trockenmaschine-hydra-2000\/"},"modified":"2026-02-03T15:33:58","modified_gmt":"2026-02-03T14:33:58","slug":"flaschenwasch-trockenmaschine-hydra-2000","status":"publish","type":"page","link":"https:\/\/fabijan.si\/de\/kellerei\/ausenreiniger\/costral\/flaschenwasch-trockenmaschine-hydra-2000\/","title":{"rendered":"flaschenwasch-trockenmaschine-hydra-2000"},"content":{"rendered":"\n<div class=\"container\">\n<div class=\"breadcrumb-container\"><span><br \/>\n<a href=\"https:\/\/fabijan.si\/de\/\">Zuhause<\/a> | <a href=\"https:\/\/fabijan.si\/de\/kellerei\/\">Kellerei<\/a> | <a href=\"https:\/\/fabijan.si\/de\/kellerei\/ausenreiniger\/\">Ausenreiniger<\/a> | <a href=\"https:\/\/fabijan.si\/de\/kellerei\/ausenreiniger\/costral\/\">COSTRAL<\/a><\/span>\n<\/div>\n<div class=\"row\">\n<div class=\"col-6\">\n<div id=\"carouselExampleControls\" class=\"carousel slide carousel-container\" data-interval=\"false\">\n<div class=\"carousel-inner\">\n<div class=\"carousel-item active\">   <img decoding=\"async\" src=\"https:\/\/fabijan.si\/wp-content\/uploads\/site-content\/hydra.jpg\" class=\"d-block w-100\" alt=\"...\"><\/div>\n<\/p><\/div>\n<p>              <button class=\"carousel-control-prev\" type=\"button\" data-bs-target=\"#carouselExampleControls\" data-bs-slide=\"prev\"><br \/>\n                <span class=\"carousel-control-prev-icon\" aria-hidden=\"true\"><\/span><br \/>\n              <\/button><br \/>\n              <button class=\"carousel-control-next\" type=\"button\" data-bs-target=\"#carouselExampleControls\" data-bs-slide=\"next\"><br \/>\n                <span class=\"carousel-control-next-icon\" aria-hidden=\"true\"><\/span><br \/>\n              <\/button>\n            <\/div>\n<\/p><\/div>\n<div class=\"col-6 slo-name\">\n            Flaschenwasch\/Trockenmaschine Hydra 2000<\/p>\n<div class=\"brand\">* LEISTUNG: 500 bis 2000 Flaschen \/ Stunde<\/div>\n<p>\t\t\t<!-- \n\n<div class=\"price-container\">\n                \n\n<p class=\"price\">###PRICE###<\/p>\n\n --><br \/>\n                <!-- <button type=\"button\" class=\"btn btn-config btn-lg\">Pojdi na konfigurator<\/button> -->\n            <\/div>\n<\/p><\/div>\n<div class=\"menu\">\n<div class=\"btn-group d-flex justify-content-center\" id=\"menu-buttons\">\n              <button type=\"button\" onClick = \"showSpecs()\" class=\"btn menu-button menu-title active\">SPEZIFIKATIONEN<\/button><br \/>\n              <button type=\"button\" onClick = \"showDescription()\" class=\"btn menu-button menu-title\">BESCHREIBUNG<\/button><br \/>\n              <button type=\"button\" onClick = \"showMaterial()\" class=\"btn menu-button menu-title\">MATERIAL<\/button>\n            <\/div>\n<div id=\"specs\">\n<ul class=\"list-group\">\n                * LEISTUNG: 500 bis 2000 Flaschen \/ Stunde\n              <\/ul>\n<\/p><\/div>\n<div id=\"description\">\n              TECHNISCHE EIGENSCHAFTEN:<br \/>\n&#8211; Gesamte Edelstahl Ausf\u00fchrung<br \/>\n&#8211; Das Waschen der Flasche erfolgt mit Hilfe von drei rotierenden B\u00fcrsten.<br \/>\n&#8211; Magnetventil<br \/>\n&#8211; Abb\u00fcrsten des Bodens und des Kopfes (zwei fixe Bodenb\u00fcrsten &#038;<br \/>\n  eine drehende Kopfb\u00fcrste)<br \/>\n&#8211; Trocknen der Flaschen durch einen Hei\u00dfluftstrom, der von zwei Gebl\u00e4se<br \/>\n  im Inneren des Rahmens erzeugt wird (2 x 3,0 kW).<br \/>\n&#8211; Ausgabe der trockenen Flasche auf die F\u00f6rderkette.<br \/>\n&#8211; Elektronische Geschwindigkeitseinstellung (F\u00fcr den F\u00f6rderband und den<br \/>\n  Flaschenselektionsstern) erm\u00f6glichen eine exakte Synchronisierung mit<br \/>\n  anderen Maschinen des Bandes<br \/>\n&#8211; Zentrales Schaltpult mit vierzeiliges Display u. A. f\u00fcr Flaschenz\u00e4hler<br \/>\n  (Gesamtz\u00e4hler, Tagesz\u00e4hler, usw.)<br \/>\n&#8211; L\u00e4rmschutz (akustische Isolierung)<br \/>\n&#8211; Flaschen-Erkennung bei Aufnahme<br \/>\n&#8211; Flaschenstop bei der Ausgabe<br \/>\n&#8211; Ausr\u00fcstung f\u00fcr eine zylindrische Flaschengr\u00f6sse.<br \/>\n&#8211; Mit Plexiglas Schutzvorrichtung \u2013 CE \u2013 Norm.<br \/>\n&#8211; Mit 0,65 Meter Ein- &#038; Auslaufb\u00e4nder, synchronisierte Zugeinrichtung<br \/>\n  und seitlische \u00dcbergabegel\u00e4nder am Ausgang.<br \/>\n  LEISTUNG: 500 bis 2000 Flaschen \/ Stunde\n            <\/div>\n<div id=\"material\">\n<div class=\"one-item\"><button onclick=\"window.open('https:\/\/fabijan.si\/wp-content\/uploads\/site-content\/hydra-en.pdf')\" type=\"button\">Katalog herunterladen<\/button><\/div>\n<\/p><\/div>\n<\/p><\/div>\n<\/p><\/div>\n<\/p><\/div>\n","protected":false},"excerpt":{"rendered":"<p>Zuhause | Kellerei | Ausenreiniger | COSTRAL Flaschenwasch\/Trockenmaschine Hydra 2000 * LEISTUNG: 500 bis 2000 Flaschen \/ Stunde SPEZIFIKATIONEN BESCHREIBUNG MATERIAL * LEISTUNG: 500 bis 2000 Flaschen \/ Stunde TECHNISCHE EIGENSCHAFTEN: &#8211; Gesamte Edelstahl Ausf\u00fchrung &#8211; Das Waschen der Flasche erfolgt mit Hilfe von drei rotierenden B\u00fcrsten. &#8211; Magnetventil &#8211; Abb\u00fcrsten des Bodens und des [&hellip;]<\/p>\n","protected":false},"author":1,"featured_media":0,"parent":4578725,"menu_order":0,"comment_status":"closed","ping_status":"closed","template":"elementor_theme","meta":{"footnotes":""},"class_list":["post-4578731","page","type-page","status-publish","hentry"],"_links":{"self":[{"href":"https:\/\/fabijan.si\/de\/wp-json\/wp\/v2\/pages\/4578731","targetHints":{"allow":["GET"]}}],"collection":[{"href":"https:\/\/fabijan.si\/de\/wp-json\/wp\/v2\/pages"}],"about":[{"href":"https:\/\/fabijan.si\/de\/wp-json\/wp\/v2\/types\/page"}],"author":[{"embeddable":true,"href":"https:\/\/fabijan.si\/de\/wp-json\/wp\/v2\/users\/1"}],"replies":[{"embeddable":true,"href":"https:\/\/fabijan.si\/de\/wp-json\/wp\/v2\/comments?post=4578731"}],"version-history":[{"count":0,"href":"https:\/\/fabijan.si\/de\/wp-json\/wp\/v2\/pages\/4578731\/revisions"}],"up":[{"embeddable":true,"href":"https:\/\/fabijan.si\/de\/wp-json\/wp\/v2\/pages\/4578725"}],"wp:attachment":[{"href":"https:\/\/fabijan.si\/de\/wp-json\/wp\/v2\/media?parent=4578731"}],"curies":[{"name":"wp","href":"https:\/\/api.w.org\/{rel}","templated":true}]}}