{"id":4578734,"date":"2026-02-03T15:33:59","date_gmt":"2026-02-03T14:33:59","guid":{"rendered":"https:\/\/fabijan.si\/kellerei\/ausenreiniger\/costral\/flaschenwasch-und-trockenmaschine-hydra-3000\/"},"modified":"2026-02-03T15:33:59","modified_gmt":"2026-02-03T14:33:59","slug":"flaschenwasch-und-trockenmaschine-hydra-3000","status":"publish","type":"page","link":"https:\/\/fabijan.si\/de\/kellerei\/ausenreiniger\/costral\/flaschenwasch-und-trockenmaschine-hydra-3000\/","title":{"rendered":"flaschenwasch-und-trockenmaschine-hydra-3000"},"content":{"rendered":"\n<div class=\"container\">\n<div class=\"breadcrumb-container\"><span><br \/>\n<a href=\"https:\/\/fabijan.si\/de\/\">Zuhause<\/a> | <a href=\"https:\/\/fabijan.si\/de\/kellerei\/\">Kellerei<\/a> | <a href=\"https:\/\/fabijan.si\/de\/kellerei\/ausenreiniger\/\">Ausenreiniger<\/a> | <a href=\"https:\/\/fabijan.si\/de\/kellerei\/ausenreiniger\/costral\/\">COSTRAL<\/a><\/span>\n<\/div>\n<div class=\"row\">\n<div class=\"col-6\">\n<div id=\"carouselExampleControls\" class=\"carousel slide carousel-container\" data-interval=\"false\">\n<div class=\"carousel-inner\">\n<div class=\"carousel-item active\">   <img decoding=\"async\" src=\"https:\/\/fabijan.si\/wp-content\/uploads\/site-content\/hydra.jpg\" class=\"d-block w-100\" alt=\"...\"><\/div>\n<\/p><\/div>\n<p>              <button class=\"carousel-control-prev\" type=\"button\" data-bs-target=\"#carouselExampleControls\" data-bs-slide=\"prev\"><br \/>\n                <span class=\"carousel-control-prev-icon\" aria-hidden=\"true\"><\/span><br \/>\n              <\/button><br \/>\n              <button class=\"carousel-control-next\" type=\"button\" data-bs-target=\"#carouselExampleControls\" data-bs-slide=\"next\"><br \/>\n                <span class=\"carousel-control-next-icon\" aria-hidden=\"true\"><\/span><br \/>\n              <\/button>\n            <\/div>\n<\/p><\/div>\n<div class=\"col-6 slo-name\">\n            FLASCHENWASCH- UND TROCKENMASCHINE HYDRA 3000<\/p>\n<div class=\"brand\">* Die Flaschenwasch- und Trockenmaschine \u00ab HYDRA 3000 \u00bb w\u00e4scht und trocknet bef\u00fcllte<br \/>\n   Flaschen. Diese k\u00f6nnen anschlie\u00dfend sofort etikettiert und in Kartons verpackt werden.<\/p>\n<p>* LEISTUNG: 500 bis 3000 Flaschen \/ Stunde<\/p><\/div>\n<p>\t\t\t<!-- \n\n<div class=\"price-container\">\n                \n\n<p class=\"price\">###PRICE###<\/p>\n\n --><br \/>\n                <!-- <button type=\"button\" class=\"btn btn-config btn-lg\">Pojdi na konfigurator<\/button> -->\n            <\/div>\n<\/p><\/div>\n<div class=\"menu\">\n<div class=\"btn-group d-flex justify-content-center\" id=\"menu-buttons\">\n              <button type=\"button\" onClick = \"showSpecs()\" class=\"btn menu-button menu-title active\">SPEZIFIKATIONEN<\/button><br \/>\n              <button type=\"button\" onClick = \"showDescription()\" class=\"btn menu-button menu-title\">BESCHREIBUNG<\/button><br \/>\n              <button type=\"button\" onClick = \"showMaterial()\" class=\"btn menu-button menu-title\">MATERIAL<\/button>\n            <\/div>\n<div id=\"specs\">\n<ul class=\"list-group\">\n                * Die Flaschenwasch- und Trockenmaschine \u00ab HYDRA 3000 \u00bb w\u00e4scht und trocknet bef\u00fcllte<br \/>\n   Flaschen. Diese k\u00f6nnen anschlie\u00dfend sofort etikettiert und in Kartons verpackt werden.<\/p>\n<p>* LEISTUNG: 500 bis 3000 Flaschen \/ Stunde\n              <\/ul>\n<\/p><\/div>\n<div id=\"description\">\n              Die Flaschenwasch- und Trockenmaschine \u00ab HYDRA 3000 \u00bb w\u00e4scht und trocknet bef\u00fcllte<br \/>\nFlaschen. Diese k\u00f6nnen anschlie\u00dfend sofort etikettiert und in Kartons verpackt werden.<br \/>\nTECHNICHE DATEN :<br \/>\n* Die gesamte Maschine ist aus Edelstahl hergestellt.<br \/>\n* Das Waschen der Flaschen erfolgt mit Hilfe von drei rotierenden B\u00fcrsten (davon eine aus<br \/>\nTYNEX &#8211; harte B\u00fcrste &#8211; f\u00fcr stark schmutzige Flaschen).<br \/>\n* Magnetventil am Wassereingang.<br \/>\n* Abb\u00fcrsten des Flaschenbodens und des Korkspiegels (zwei fixe Bodenb\u00fcrsten &#038; eine<br \/>\nrotierende Korkb\u00fcrste).<br \/>\n* Trocknen der Flaschen durch einen Hei\u00dfluftstrom, der von drei 3,0kW Turbinen im Inneren des<br \/>\nRahmens erzeugt wird und durch zwei Blaskan\u00e4le auf die Flaschen wirkt.<br \/>\n* Ausgabe der trockenen Flasche auf die F\u00f6rderkette.<br \/>\n* Elektronische Geschwindigkeitseinstellung (f\u00fcr das F\u00f6rderband und den Flaschenselektionsstern)<br \/>\nerm\u00f6glicht eine exakte Synchronisierung mit anderen Maschinen der f\u00fcllstrasse.<br \/>\n* Zentrales Schaltpult.<br \/>\n* Vierzeiliges Display u. A. f\u00fcr Flaschenz\u00e4hler (Gesamtz\u00e4hler, Tagesz\u00e4hler, usw.).<br \/>\n* L\u00e4rmschutz (akustische Isolierung).<br \/>\n* Flaschen-Erkennung bei Aufnahme.<br \/>\n* Flaschenstop am Ausgang (Stauschalter).<br \/>\n* Mit Plexiglas Schutzvorrichtung \u2013 CE \u2013 Norm.<br \/>\n* Mit 0,65 Meter Ein- &#038; Auslaufb\u00e4nder, synchronisierte Zugeinrichtung und seitlische \u00dcbergabegel\u00e4nder<br \/>\nam Ausgang (f\u00fcr Verbindung mit dem F\u00fcller).<br \/>\nLEISTUNG: 500 bis 3000 Flaschen \/ Stunde\n            <\/div>\n<div id=\"material\">\n<div class=\"one-item\"><button onclick=\"window.open('https:\/\/fabijan.si\/wp-content\/uploads\/site-content\/hydra-en.pdf')\" type=\"button\">Katalog herunterladen<\/button><\/div>\n<\/p><\/div>\n<\/p><\/div>\n<\/p><\/div>\n<\/p><\/div>\n","protected":false},"excerpt":{"rendered":"<p>Zuhause | Kellerei | Ausenreiniger | COSTRAL FLASCHENWASCH- UND TROCKENMASCHINE HYDRA 3000 * Die Flaschenwasch- und Trockenmaschine \u00ab HYDRA 3000 \u00bb w\u00e4scht und trocknet bef\u00fcllte Flaschen. Diese k\u00f6nnen anschlie\u00dfend sofort etikettiert und in Kartons verpackt werden. * LEISTUNG: 500 bis 3000 Flaschen \/ Stunde SPEZIFIKATIONEN BESCHREIBUNG MATERIAL * Die Flaschenwasch- und Trockenmaschine \u00ab HYDRA 3000 [&hellip;]<\/p>\n","protected":false},"author":1,"featured_media":0,"parent":4578725,"menu_order":0,"comment_status":"closed","ping_status":"closed","template":"elementor_theme","meta":{"footnotes":""},"class_list":["post-4578734","page","type-page","status-publish","hentry"],"_links":{"self":[{"href":"https:\/\/fabijan.si\/de\/wp-json\/wp\/v2\/pages\/4578734","targetHints":{"allow":["GET"]}}],"collection":[{"href":"https:\/\/fabijan.si\/de\/wp-json\/wp\/v2\/pages"}],"about":[{"href":"https:\/\/fabijan.si\/de\/wp-json\/wp\/v2\/types\/page"}],"author":[{"embeddable":true,"href":"https:\/\/fabijan.si\/de\/wp-json\/wp\/v2\/users\/1"}],"replies":[{"embeddable":true,"href":"https:\/\/fabijan.si\/de\/wp-json\/wp\/v2\/comments?post=4578734"}],"version-history":[{"count":0,"href":"https:\/\/fabijan.si\/de\/wp-json\/wp\/v2\/pages\/4578734\/revisions"}],"up":[{"embeddable":true,"href":"https:\/\/fabijan.si\/de\/wp-json\/wp\/v2\/pages\/4578725"}],"wp:attachment":[{"href":"https:\/\/fabijan.si\/de\/wp-json\/wp\/v2\/media?parent=4578734"}],"curies":[{"name":"wp","href":"https:\/\/api.w.org\/{rel}","templated":true}]}}