{"id":4578746,"date":"2026-02-03T15:34:16","date_gmt":"2026-02-03T14:34:16","guid":{"rendered":"https:\/\/fabijan.si\/kellerei\/etiketiermachinen\/halbautomatisch\/halbautomatische-etikettiermaschine-e-03-ppf\/"},"modified":"2026-02-03T15:34:16","modified_gmt":"2026-02-03T14:34:16","slug":"halbautomatische-etikettiermaschine-e-03-ppf","status":"publish","type":"page","link":"https:\/\/fabijan.si\/de\/kellerei\/etiketiermachinen\/halbautomatisch\/halbautomatische-etikettiermaschine-e-03-ppf\/","title":{"rendered":"halbautomatische-etikettiermaschine-e-03-ppf"},"content":{"rendered":"\n<div class=\"container\">\n<div class=\"breadcrumb-container\"><span><br \/>\n<a href=\"https:\/\/fabijan.si\/de\/\">Zuhause<\/a> | <a href=\"https:\/\/fabijan.si\/de\/kellerei\/\">Kellerei<\/a> | <a href=\"https:\/\/fabijan.si\/de\/kellerei\/etiketiermachinen\/\">Etiketiermachinen<\/a> | <a href=\"https:\/\/fabijan.si\/de\/kellerei\/etiketiermachinen\/halbautomatisch\/\">Halbautomatisch<\/a><\/span>\n<\/div>\n<div class=\"row\">\n<div class=\"col-6\">\n<div id=\"carouselExampleControls\" class=\"carousel slide carousel-container\" data-interval=\"false\">\n<div class=\"carousel-inner\">\n<div class=\"carousel-item active\"><iframe class=\"ytlnk\" src=\"https:\/\/www.youtube.com\/embed\/nYlf7bLnnNk\" title=\"YouTube video player\" frameborder=\"0\" allow=\"accelerometer; autoplay; clipboard-write; encrypted-media; gyroscope; picture-in-picture\" allowfullscreen><\/iframe><\/div>\n<div class=\"carousel-item \">   <img decoding=\"async\" src=\"https:\/\/fabijan.si\/wp-content\/uploads\/site-content\/polavtomatski-etiketirni-stroj-skrlj.jpg\" class=\"d-block w-100\" alt=\"...\"><\/div>\n<div class=\"carousel-item \">   <img decoding=\"async\" src=\"https:\/\/fabijan.si\/wp-content\/uploads\/site-content\/skrlj-etiketirka.jpeg\" class=\"d-block w-100\" alt=\"...\"><\/div>\n<div class=\"carousel-item \">   <img decoding=\"async\" src=\"https:\/\/fabijan.si\/wp-content\/uploads\/site-content\/skrlj-etiketirka-2.jpeg\" class=\"d-block w-100\" alt=\"...\"><\/div>\n<div class=\"carousel-item \">   <img decoding=\"async\" src=\"https:\/\/fabijan.si\/wp-content\/uploads\/site-content\/skrlj-etiketirka-3.jpeg\" class=\"d-block w-100\" alt=\"...\"><\/div>\n<div class=\"carousel-item \">   <img decoding=\"async\" src=\"https:\/\/fabijan.si\/wp-content\/uploads\/site-content\/skrlj-etiketirka-4.jpeg\" class=\"d-block w-100\" alt=\"...\"><\/div>\n<div class=\"carousel-item \">   <img decoding=\"async\" src=\"https:\/\/fabijan.si\/wp-content\/uploads\/site-content\/skrlj-etiketirka-5.jpg\" class=\"d-block w-100\" alt=\"...\"><\/div>\n<\/p><\/div>\n<p>              <button class=\"carousel-control-prev\" type=\"button\" data-bs-target=\"#carouselExampleControls\" data-bs-slide=\"prev\"><br \/>\n                <span class=\"carousel-control-prev-icon\" aria-hidden=\"true\"><\/span><br \/>\n              <\/button><br \/>\n              <button class=\"carousel-control-next\" type=\"button\" data-bs-target=\"#carouselExampleControls\" data-bs-slide=\"next\"><br \/>\n                <span class=\"carousel-control-next-icon\" aria-hidden=\"true\"><\/span><br \/>\n              <\/button>\n            <\/div>\n<\/p><\/div>\n<div class=\"col-6 slo-name\">\n            Halbautomatische Etikettiermaschine E 03 PPF<\/p>\n<div class=\"brand\">* Leistung: 500 bis 900 Flaschen pro Stunde<br \/>\n* Durchmesser der Flasche: von 55 bis 115 mm<br \/>\n* Mit Fotozelle<br \/>\n* H\u00f6he der Walzen: 210 mm<br \/>\n* Anschlussleistung: 0,2 kW<br \/>\n* Stromanschluss: 230V 50\/60Hz<br \/>\n* Gewicht: ca. 45 kg<\/div>\n<p>\t\t\t<!-- \n\n<div class=\"price-container\">\n                \n\n<p class=\"price\">###PRICE###<\/p>\n\n --><br \/>\n                <!-- <button type=\"button\" class=\"btn btn-config btn-lg\">Pojdi na konfigurator<\/button> -->\n            <\/div>\n<\/p><\/div>\n<div class=\"menu\">\n<div class=\"btn-group d-flex justify-content-center\" id=\"menu-buttons\">\n              <button type=\"button\" onClick = \"showSpecs()\" class=\"btn menu-button menu-title active\">SPEZIFIKATIONEN<\/button><br \/>\n              <button type=\"button\" onClick = \"showDescription()\" class=\"btn menu-button menu-title\">BESCHREIBUNG<\/button><br \/>\n              <button type=\"button\" onClick = \"showMaterial()\" class=\"btn menu-button menu-title\">MATERIAL<\/button>\n            <\/div>\n<div id=\"specs\">\n<ul class=\"list-group\">\n                * Leistung: 500 bis 900 Flaschen pro Stunde<br \/>\n* Durchmesser der Flasche: von 55 bis 115 mm<br \/>\n* Mit Fotozelle<br \/>\n* H\u00f6he der Walzen: 210 mm<br \/>\n* Anschlussleistung: 0,2 kW<br \/>\n* Stromanschluss: 230V 50\/60Hz<br \/>\n* Gewicht: ca. 45 kg\n              <\/ul>\n<\/p><\/div>\n<div id=\"description\">\n              Halbautomatische Eitkettiermaschine Modell E03<\/p>\n<p>Leistung: 500 bis 900 Flaschen pro Stunde (ein Etikett)<br \/>\nDurchmesser der Flasche: von 55 bis 115 mm<br \/>\nM\u00f6glichkeit der Etikettierung mit Front- und R\u00fcckenetikett von einem Tr\u00e4gerband<br \/>\nMit Fotozelle<br \/>\nH\u00f6he der Walzen: 210 mm<br \/>\nAnschlussleistung: 0,2 kW<br \/>\nStromanschluss: 230V 50\/60Hz<br \/>\nGewicht: ca. 45 kg<br \/>\nGeh\u00e4use aus Edelstahl\n            <\/p><\/div>\n<div id=\"material\">\n<div class=\"one-item\"><button onclick=\"window.open('https:\/\/fabijan.si\/wp-content\/uploads\/site-content\/prospekt-polavtomatski-etiketirni-stroj-skrlj.pdf')\" type=\"button\">Katalog herunterladen<\/button><\/div>\n<div class=\"one-item\"><button onclick=\"window.open('https:\/\/fabijan.si\/wp-content\/uploads\/site-content\/prospekt_e03_2023-10sl.pdf')\" type=\"button\">Katalog herunterladen<\/button><\/div>\n<\/p><\/div>\n<\/p><\/div>\n<\/p><\/div>\n<\/p><\/div>\n","protected":false},"excerpt":{"rendered":"<p>Zuhause | Kellerei | Etiketiermachinen | Halbautomatisch Halbautomatische Etikettiermaschine E 03 PPF * Leistung: 500 bis 900 Flaschen pro Stunde * Durchmesser der Flasche: von 55 bis 115 mm * Mit Fotozelle * H\u00f6he der Walzen: 210 mm * Anschlussleistung: 0,2 kW * Stromanschluss: 230V 50\/60Hz * Gewicht: ca. 45 kg SPEZIFIKATIONEN BESCHREIBUNG MATERIAL * [&hellip;]<\/p>\n","protected":false},"author":1,"featured_media":0,"parent":4578737,"menu_order":0,"comment_status":"closed","ping_status":"closed","template":"elementor_theme","meta":{"footnotes":""},"class_list":["post-4578746","page","type-page","status-publish","hentry"],"_links":{"self":[{"href":"https:\/\/fabijan.si\/de\/wp-json\/wp\/v2\/pages\/4578746","targetHints":{"allow":["GET"]}}],"collection":[{"href":"https:\/\/fabijan.si\/de\/wp-json\/wp\/v2\/pages"}],"about":[{"href":"https:\/\/fabijan.si\/de\/wp-json\/wp\/v2\/types\/page"}],"author":[{"embeddable":true,"href":"https:\/\/fabijan.si\/de\/wp-json\/wp\/v2\/users\/1"}],"replies":[{"embeddable":true,"href":"https:\/\/fabijan.si\/de\/wp-json\/wp\/v2\/comments?post=4578746"}],"version-history":[{"count":0,"href":"https:\/\/fabijan.si\/de\/wp-json\/wp\/v2\/pages\/4578746\/revisions"}],"up":[{"embeddable":true,"href":"https:\/\/fabijan.si\/de\/wp-json\/wp\/v2\/pages\/4578737"}],"wp:attachment":[{"href":"https:\/\/fabijan.si\/de\/wp-json\/wp\/v2\/media?parent=4578746"}],"curies":[{"name":"wp","href":"https:\/\/api.w.org\/{rel}","templated":true}]}}