{"id":4578755,"date":"2026-02-03T15:34:23","date_gmt":"2026-02-03T14:34:23","guid":{"rendered":"https:\/\/fabijan.si\/kellerei\/etiketiermachinen\/automatisch\/etikettiermaschine-enos-delta\/"},"modified":"2026-02-03T15:34:23","modified_gmt":"2026-02-03T14:34:23","slug":"etikettiermaschine-enos-delta","status":"publish","type":"page","link":"https:\/\/fabijan.si\/de\/kellerei\/etiketiermachinen\/automatisch\/etikettiermaschine-enos-delta\/","title":{"rendered":"etikettiermaschine-enos-delta"},"content":{"rendered":"\n<div class=\"container\">\n<div class=\"breadcrumb-container\"><span><br \/>\n<a href=\"https:\/\/fabijan.si\/de\/\">Zuhause<\/a> | <a href=\"https:\/\/fabijan.si\/de\/kellerei\/\">Kellerei<\/a> | <a href=\"https:\/\/fabijan.si\/de\/kellerei\/etiketiermachinen\/\">Etiketiermachinen<\/a> | <a href=\"https:\/\/fabijan.si\/de\/kellerei\/etiketiermachinen\/automatisch\/\">Automatisch<\/a><\/span>\n<\/div>\n<div class=\"row\">\n<div class=\"col-6\">\n<div id=\"carouselExampleControls\" class=\"carousel slide carousel-container\" data-interval=\"false\">\n<div class=\"carousel-inner\">\n<div class=\"carousel-item active\">   <img decoding=\"async\" src=\"https:\/\/fabijan.si\/wp-content\/uploads\/site-content\/00052238.jpg\" class=\"d-block w-100\" alt=\"...\"><\/div>\n<\/p><\/div>\n<p>              <button class=\"carousel-control-prev\" type=\"button\" data-bs-target=\"#carouselExampleControls\" data-bs-slide=\"prev\"><br \/>\n                <span class=\"carousel-control-prev-icon\" aria-hidden=\"true\"><\/span><br \/>\n              <\/button><br \/>\n              <button class=\"carousel-control-next\" type=\"button\" data-bs-target=\"#carouselExampleControls\" data-bs-slide=\"next\"><br \/>\n                <span class=\"carousel-control-next-icon\" aria-hidden=\"true\"><\/span><br \/>\n              <\/button>\n            <\/div>\n<\/p><\/div>\n<div class=\"col-6 slo-name\">\n            Etikettiermaschine ENOS DELTA<\/p>\n<div class=\"brand\">Leistung:\t600 &#8211; 1.900 Fl.\/h<br \/>\nFlaschendurchmesser:\t60 &#8211; 115 mm<br \/>\nFlaschenh\u00f6he:\t180 &#8211; 370 mm<br \/>\nEtikett Rollendurchmesser au\u00dfen:\tmax. 250 mm<br \/>\nEtikett Kerndurchmesser innen:\t70 &#8211; 80 mm<br \/>\nH\u00f6he der Etikettenrolle:\tmax. 165 mm<\/div>\n<p>\t\t\t<!-- \n\n<div class=\"price-container\">\n                \n\n<p class=\"price\">###PRICE###<\/p>\n\n --><br \/>\n                <!-- <button type=\"button\" class=\"btn btn-config btn-lg\">Pojdi na konfigurator<\/button> -->\n            <\/div>\n<\/p><\/div>\n<div class=\"menu\">\n<div class=\"btn-group d-flex justify-content-center\" id=\"menu-buttons\">\n              <button type=\"button\" onClick = \"showSpecs()\" class=\"btn menu-button menu-title active\">SPEZIFIKATIONEN<\/button><br \/>\n              <button type=\"button\" onClick = \"showDescription()\" class=\"btn menu-button menu-title\">BESCHREIBUNG<\/button><br \/>\n              <button type=\"button\" onClick = \"showMaterial()\" class=\"btn menu-button menu-title\">MATERIAL<\/button>\n            <\/div>\n<div id=\"specs\">\n<ul class=\"list-group\">\n                Leistung:\t600 &#8211; 1.900 Fl.\/h<br \/>\nFlaschendurchmesser:\t60 &#8211; 115 mm<br \/>\nFlaschenh\u00f6he:\t180 &#8211; 370 mm<br \/>\nEtikett Rollendurchmesser au\u00dfen:\tmax. 250 mm<br \/>\nEtikett Kerndurchmesser innen:\t70 &#8211; 80 mm<br \/>\nH\u00f6he der Etikettenrolle:\tmax. 165 mm\n              <\/ul>\n<\/p><\/div>\n<div id=\"description\"><\/div>\n<div id=\"material\"><\/div>\n<\/p><\/div>\n<\/p><\/div>\n<\/p><\/div>\n","protected":false},"excerpt":{"rendered":"<p>Zuhause | Kellerei | Etiketiermachinen | Automatisch Etikettiermaschine ENOS DELTA Leistung: 600 &#8211; 1.900 Fl.\/h Flaschendurchmesser: 60 &#8211; 115 mm Flaschenh\u00f6he: 180 &#8211; 370 mm Etikett Rollendurchmesser au\u00dfen: max. 250 mm Etikett Kerndurchmesser innen: 70 &#8211; 80 mm H\u00f6he der Etikettenrolle: max. 165 mm SPEZIFIKATIONEN BESCHREIBUNG MATERIAL Leistung: 600 &#8211; 1.900 Fl.\/h Flaschendurchmesser: 60 &#8211; [&hellip;]<\/p>\n","protected":false},"author":1,"featured_media":0,"parent":4578749,"menu_order":0,"comment_status":"closed","ping_status":"closed","template":"elementor_theme","meta":{"footnotes":""},"class_list":["post-4578755","page","type-page","status-publish","hentry"],"_links":{"self":[{"href":"https:\/\/fabijan.si\/de\/wp-json\/wp\/v2\/pages\/4578755","targetHints":{"allow":["GET"]}}],"collection":[{"href":"https:\/\/fabijan.si\/de\/wp-json\/wp\/v2\/pages"}],"about":[{"href":"https:\/\/fabijan.si\/de\/wp-json\/wp\/v2\/types\/page"}],"author":[{"embeddable":true,"href":"https:\/\/fabijan.si\/de\/wp-json\/wp\/v2\/users\/1"}],"replies":[{"embeddable":true,"href":"https:\/\/fabijan.si\/de\/wp-json\/wp\/v2\/comments?post=4578755"}],"version-history":[{"count":0,"href":"https:\/\/fabijan.si\/de\/wp-json\/wp\/v2\/pages\/4578755\/revisions"}],"up":[{"embeddable":true,"href":"https:\/\/fabijan.si\/de\/wp-json\/wp\/v2\/pages\/4578749"}],"wp:attachment":[{"href":"https:\/\/fabijan.si\/de\/wp-json\/wp\/v2\/media?parent=4578755"}],"curies":[{"name":"wp","href":"https:\/\/api.w.org\/{rel}","templated":true}]}}