{"id":4578809,"date":"2026-02-03T15:34:54","date_gmt":"2026-02-03T14:34:54","guid":{"rendered":"https:\/\/fabijan.si\/kellerei\/etiketiermachinen\/automatisch\/kapslaufsetzer-enos-1-kopf\/"},"modified":"2026-02-03T15:34:54","modified_gmt":"2026-02-03T14:34:54","slug":"kapslaufsetzer-enos-1-kopf","status":"publish","type":"page","link":"https:\/\/fabijan.si\/de\/kellerei\/etiketiermachinen\/automatisch\/kapslaufsetzer-enos-1-kopf\/","title":{"rendered":"kapslaufsetzer-enos-1-kopf"},"content":{"rendered":"\n<div class=\"container\">\n<div class=\"breadcrumb-container\"><span><br \/>\n<a href=\"https:\/\/fabijan.si\/de\/\">Zuhause<\/a> | <a href=\"https:\/\/fabijan.si\/de\/kellerei\/\">Kellerei<\/a> | <a href=\"https:\/\/fabijan.si\/de\/kellerei\/etiketiermachinen\/\">Etiketiermachinen<\/a> | <a href=\"https:\/\/fabijan.si\/de\/kellerei\/etiketiermachinen\/automatisch\/\">Automatisch<\/a><\/span>\n<\/div>\n<div class=\"row\">\n<div class=\"col-6\">\n<div id=\"carouselExampleControls\" class=\"carousel slide carousel-container\" data-interval=\"false\">\n<div class=\"carousel-inner\">\n<div class=\"carousel-item active\">   <img decoding=\"async\" src=\"https:\/\/fabijan.si\/wp-content\/uploads\/site-content\/00005483.jpg\" class=\"d-block w-100\" alt=\"...\"><\/div>\n<\/p><\/div>\n<p>              <button class=\"carousel-control-prev\" type=\"button\" data-bs-target=\"#carouselExampleControls\" data-bs-slide=\"prev\"><br \/>\n                <span class=\"carousel-control-prev-icon\" aria-hidden=\"true\"><\/span><br \/>\n              <\/button><br \/>\n              <button class=\"carousel-control-next\" type=\"button\" data-bs-target=\"#carouselExampleControls\" data-bs-slide=\"next\"><br \/>\n                <span class=\"carousel-control-next-icon\" aria-hidden=\"true\"><\/span><br \/>\n              <\/button>\n            <\/div>\n<\/p><\/div>\n<div class=\"col-6 slo-name\">\n            Kapslaufsetzer ENOS 1 Kopf<\/p>\n<div class=\"brand\">Dimensionen: 1000 x 740  2000H<br \/>\nNettogewicht: 200 kg<br \/>\nArbeitstisch: 950mm (+- 50mm)<br \/>\nVoltage: 380 Volt<br \/>\nH\u00e4ufigkeit: 50Hz<br \/>\nArbeitsdruck: 6 Bar<br \/>\nLuftzirkulation: 150Nl\/min<\/div>\n<p>\t\t\t<!-- \n\n<div class=\"price-container\">\n                \n\n<p class=\"price\">###PRICE###<\/p>\n\n --><br \/>\n                <!-- <button type=\"button\" class=\"btn btn-config btn-lg\">Pojdi na konfigurator<\/button> -->\n            <\/div>\n<\/p><\/div>\n<div class=\"menu\">\n<div class=\"btn-group d-flex justify-content-center\" id=\"menu-buttons\">\n              <button type=\"button\" onClick = \"showSpecs()\" class=\"btn menu-button menu-title active\">SPEZIFIKATIONEN<\/button><br \/>\n              <button type=\"button\" onClick = \"showDescription()\" class=\"btn menu-button menu-title\">BESCHREIBUNG<\/button><br \/>\n              <button type=\"button\" onClick = \"showMaterial()\" class=\"btn menu-button menu-title\">MATERIAL<\/button>\n            <\/div>\n<div id=\"specs\">\n<ul class=\"list-group\">\n                Dimensionen: 1000 x 740  2000H<br \/>\nNettogewicht: 200 kg<br \/>\nArbeitstisch: 950mm (+- 50mm)<br \/>\nVoltage: 380 Volt<br \/>\nH\u00e4ufigkeit: 50Hz<br \/>\nArbeitsdruck: 6 Bar<br \/>\nLuftzirkulation: 150Nl\/min\n              <\/ul>\n<\/p><\/div>\n<div id=\"description\">\n              Dimensionen: 1000 x 740  2000H<br \/>\nNettogewicht: 200 kg<br \/>\nArbeitstisch: 950mm (+- 50mm)<br \/>\nOutput:<br \/>\n&#8211; 2500 Kapseln aus PVC<br \/>\n&#8211; 1700 Kapseln aus Aluminium, Zinn &#8211; und Polylaminat-Kapseln<br \/>\nPower: &#8211; 2kw Schrumpfkopf<br \/>\n             &#8211; 1kw Rolliervorrichtung<br \/>\nVoltage: 380 Volt<br \/>\nH\u00e4ufigkeit: 50Hz<br \/>\nArbeitsdruck: 6 Bar<br \/>\nLuftzirkulation: 150Nl\/min<\/p>\n<p>Der Kapselausetzer mit 1 Kopf ist f\u00fcr den Verschluss von Kapseln aus Alu, Zinn, Polylaminat und PVC geeignet. Einschlie\u00dflich Unfallschutz gem\u00e4\u00df CE-Norm, aus Stahl AISI 304 und polierte Aluminium. Er erreicht eine Stundenproduktion von 2500 Flaschen\/h mit PVC-Kapseln und eine Produktion von 1700Flaschen\/h mit Alu-, Zinn &#8211; und Polylaminat-Kapseln.<\/p>\n<p>Sie kann mit folgendem ausger\u00fcstet sein:<br \/>\n&#8211; Kapseln-Plateau-Verteiler mit hoher Autonomie (2000 Kapseln)<br \/>\n&#8211; Kapselerfassungslichtschranken.<\/p>\n<p>Der Kapselaufsetzer mit 1 Kopf ist eine in eine Anlage einzuf\u00fcgende Machine, somit enth\u00e4lt sie keine Zugstange, Umlenkung und Sammelplatte.\n            <\/p><\/div>\n<div id=\"material\">\n<div class=\"one-item\"><button onclick=\"window.open('https:\/\/fabijan.si\/wp-content\/uploads\/site-content\/enoseuro-capsulatrice-pdf.pdf')\" type=\"button\">Katalog herunterladen<\/button><\/div>\n<\/p><\/div>\n<\/p><\/div>\n<\/p><\/div>\n<\/p><\/div>\n","protected":false},"excerpt":{"rendered":"<p>Zuhause | Kellerei | Etiketiermachinen | Automatisch Kapslaufsetzer ENOS 1 Kopf Dimensionen: 1000 x 740 2000H Nettogewicht: 200 kg Arbeitstisch: 950mm (+- 50mm) Voltage: 380 Volt H\u00e4ufigkeit: 50Hz Arbeitsdruck: 6 Bar Luftzirkulation: 150Nl\/min SPEZIFIKATIONEN BESCHREIBUNG MATERIAL Dimensionen: 1000 x 740 2000H Nettogewicht: 200 kg Arbeitstisch: 950mm (+- 50mm) Voltage: 380 Volt H\u00e4ufigkeit: 50Hz Arbeitsdruck: 6 [&hellip;]<\/p>\n","protected":false},"author":1,"featured_media":0,"parent":4578749,"menu_order":0,"comment_status":"closed","ping_status":"closed","template":"elementor_theme","meta":{"footnotes":""},"class_list":["post-4578809","page","type-page","status-publish","hentry"],"_links":{"self":[{"href":"https:\/\/fabijan.si\/de\/wp-json\/wp\/v2\/pages\/4578809","targetHints":{"allow":["GET"]}}],"collection":[{"href":"https:\/\/fabijan.si\/de\/wp-json\/wp\/v2\/pages"}],"about":[{"href":"https:\/\/fabijan.si\/de\/wp-json\/wp\/v2\/types\/page"}],"author":[{"embeddable":true,"href":"https:\/\/fabijan.si\/de\/wp-json\/wp\/v2\/users\/1"}],"replies":[{"embeddable":true,"href":"https:\/\/fabijan.si\/de\/wp-json\/wp\/v2\/comments?post=4578809"}],"version-history":[{"count":0,"href":"https:\/\/fabijan.si\/de\/wp-json\/wp\/v2\/pages\/4578809\/revisions"}],"up":[{"embeddable":true,"href":"https:\/\/fabijan.si\/de\/wp-json\/wp\/v2\/pages\/4578749"}],"wp:attachment":[{"href":"https:\/\/fabijan.si\/de\/wp-json\/wp\/v2\/media?parent=4578809"}],"curies":[{"name":"wp","href":"https:\/\/api.w.org\/{rel}","templated":true}]}}