{"id":4578887,"date":"2026-02-03T15:35:19","date_gmt":"2026-02-03T14:35:19","guid":{"rendered":"https:\/\/fabijan.si\/kellerei\/verschlusse\/kronenverschluss\/kronenverschluss-std-em-gold\/"},"modified":"2026-02-03T15:35:19","modified_gmt":"2026-02-03T14:35:19","slug":"kronenverschluss-std-em-gold","status":"publish","type":"page","link":"https:\/\/fabijan.si\/de\/kellerei\/verschlusse\/kronenverschluss\/kronenverschluss-std-em-gold\/","title":{"rendered":"kronenverschluss-std-em-gold"},"content":{"rendered":"\n<div class=\"container\">\n<div class=\"breadcrumb-container\"><span><br \/>\n<a href=\"https:\/\/fabijan.si\/de\/\">Zuhause<\/a> | <a href=\"https:\/\/fabijan.si\/de\/kellerei\/\">Kellerei<\/a> | <a href=\"https:\/\/fabijan.si\/de\/kellerei\/verschlusse\/\">Verschl\u00fcsse<\/a> | <a href=\"https:\/\/fabijan.si\/de\/kellerei\/verschlusse\/kronenverschluss\/\">Kronenverschlu\u00df<\/a><\/span>\n<\/div>\n<div class=\"row\">\n<div class=\"col-6\">\n<div id=\"carouselExampleControls\" class=\"carousel slide carousel-container\" data-interval=\"false\">\n<div class=\"carousel-inner\">\n<div class=\"carousel-item active\">   <img decoding=\"async\" src=\"https:\/\/fabijan.si\/wp-content\/uploads\/site-content\/kronski-zlat.jpg\" class=\"d-block w-100\" alt=\"...\"><\/div>\n<\/p><\/div>\n<p>              <button class=\"carousel-control-prev\" type=\"button\" data-bs-target=\"#carouselExampleControls\" data-bs-slide=\"prev\"><br \/>\n                <span class=\"carousel-control-prev-icon\" aria-hidden=\"true\"><\/span><br \/>\n              <\/button><br \/>\n              <button class=\"carousel-control-next\" type=\"button\" data-bs-target=\"#carouselExampleControls\" data-bs-slide=\"next\"><br \/>\n                <span class=\"carousel-control-next-icon\" aria-hidden=\"true\"><\/span><br \/>\n              <\/button>\n            <\/div>\n<\/p><\/div>\n<div class=\"col-6 slo-name\">\n            Kronenverschluss STD \/ EM Gold<\/p>\n<div class=\"brand\"><\/div>\n<p>\t\t\t<!-- \n\n<div class=\"price-container\">\n                \n\n<p class=\"price\">###PRICE###<\/p>\n\n --><br \/>\n                <!-- <button type=\"button\" class=\"btn btn-config btn-lg\">Pojdi na konfigurator<\/button> -->\n            <\/div>\n<\/p><\/div>\n<div class=\"menu\">\n<div class=\"btn-group d-flex justify-content-center\" id=\"menu-buttons\">\n              <button type=\"button\" onClick = \"showSpecs()\" class=\"btn menu-button menu-title active\">SPEZIFIKATIONEN<\/button><br \/>\n              <button type=\"button\" onClick = \"showDescription()\" class=\"btn menu-button menu-title\">BESCHREIBUNG<\/button><br \/>\n              <button type=\"button\" onClick = \"showMaterial()\" class=\"btn menu-button menu-title\">MATERIAL<\/button>\n            <\/div>\n<div id=\"specs\">\n<ul class=\"list-group\">\n<\/ul><\/div>\n<div id=\"description\">\n              Bei der Verarbeitung von KK STD sind folgende Verschlie\u00dfdurchmesser einzuhalten: Verschlie\u00dfring zylindrisch<br \/>\n(kompensiert unterschiedliche Flaschenh\u00f6hen): 28,25mm; Verschlie\u00dfdurchmesser des KK auf der Flasche:<br \/>\n28,6-28,8mm; Voraussetzung: Kronenkorkmundst\u00fcck EN 14634. Innendruckfestigkeit mind. 8 bar. Anpressdruck:<br \/>\n180-200 kp. Geeignet f\u00fcr w\u00e4ssrige nicht fetthaltige Lebensmittel &#8211; f\u00fcr Bier, Wein bis max. 16 Vol% Alc,Fruchts\u00e4fte,<br \/>\nLimonaden und Mineralwasser. F\u00fcr F\u00fcllg\u00fcter mit einem PH-Wert < 3 und Sulfitanteilen > 60ppm\/l nicht geeignetEs ist<br \/>\nnicht erlaubt Kronenkorke mit Desinfektionsmittel in Ber\u00fchrung zu bringen. PVC-freie Dichtung: Pasteurisation bis ca.<br \/>\n68\u00b0C 20 Minuten. Wir empfehlen jedem Abf\u00fcller Tests mit seinem Produkt durchzuf\u00fchren.<br \/>\nDiese Informationen gelten als Verarbeitungsrichtlinien und sind unbedingt an die Endverbraucher weiterzugeben. Bei<br \/>\nNichteinhaltung entf\u00e4llt jegliche Gew\u00e4hrleistung.\n            <\/div>\n<div id=\"material\"><\/div>\n<\/p><\/div>\n<\/p><\/div>\n<\/p><\/div>\n","protected":false},"excerpt":{"rendered":"<p>Zuhause | Kellerei | Verschl\u00fcsse | Kronenverschlu\u00df Kronenverschluss STD \/ EM Gold SPEZIFIKATIONEN BESCHREIBUNG MATERIAL Bei der Verarbeitung von KK STD sind folgende Verschlie\u00dfdurchmesser einzuhalten: Verschlie\u00dfring zylindrisch (kompensiert unterschiedliche Flaschenh\u00f6hen): 28,25mm; Verschlie\u00dfdurchmesser des KK auf der Flasche: 28,6-28,8mm; Voraussetzung: Kronenkorkmundst\u00fcck EN 14634. Innendruckfestigkeit mind. 8 bar. Anpressdruck: 180-200 kp. Geeignet f\u00fcr w\u00e4ssrige nicht fetthaltige Lebensmittel [&hellip;]<\/p>\n","protected":false},"author":1,"featured_media":0,"parent":4578884,"menu_order":0,"comment_status":"closed","ping_status":"closed","template":"elementor_theme","meta":{"footnotes":""},"class_list":["post-4578887","page","type-page","status-publish","hentry"],"_links":{"self":[{"href":"https:\/\/fabijan.si\/de\/wp-json\/wp\/v2\/pages\/4578887","targetHints":{"allow":["GET"]}}],"collection":[{"href":"https:\/\/fabijan.si\/de\/wp-json\/wp\/v2\/pages"}],"about":[{"href":"https:\/\/fabijan.si\/de\/wp-json\/wp\/v2\/types\/page"}],"author":[{"embeddable":true,"href":"https:\/\/fabijan.si\/de\/wp-json\/wp\/v2\/users\/1"}],"replies":[{"embeddable":true,"href":"https:\/\/fabijan.si\/de\/wp-json\/wp\/v2\/comments?post=4578887"}],"version-history":[{"count":0,"href":"https:\/\/fabijan.si\/de\/wp-json\/wp\/v2\/pages\/4578887\/revisions"}],"up":[{"embeddable":true,"href":"https:\/\/fabijan.si\/de\/wp-json\/wp\/v2\/pages\/4578884"}],"wp:attachment":[{"href":"https:\/\/fabijan.si\/de\/wp-json\/wp\/v2\/media?parent=4578887"}],"curies":[{"name":"wp","href":"https:\/\/api.w.org\/{rel}","templated":true}]}}