{"id":4578908,"date":"2026-02-03T15:35:25","date_gmt":"2026-02-03T14:35:25","guid":{"rendered":"https:\/\/fabijan.si\/kellerei\/dampfer\/"},"modified":"2026-02-03T15:35:25","modified_gmt":"2026-02-03T14:35:25","slug":"dampfer","status":"publish","type":"page","link":"https:\/\/fabijan.si\/de\/kellerei\/dampfer\/","title":{"rendered":"dampfer"},"content":{"rendered":"<div class=\"breadcrumb-container\"><span><br \/>\n<a href=\"https:\/\/fabijan.si\/de\/\">Zuhause<\/a> | <a href=\"https:\/\/fabijan.si\/de\/kellerei\/\">Kellerei<\/a><\/span>\n<\/div>\n<div class=\"category-title\" style=\"display: flex; justify-content: center;\">\n<h2>D\u00e4mpfer<\/h2>\n<\/div>\n<div class=\"mygallery\">\n<div class=\"row\">\n<div class=\"col-sm-3 galleryitem\">\n     <!-- order:1 --><\/p>\n<div class=\"one-item\">\n       <img decoding=\"async\" src=\"https:\/\/fabijan.si\/wp-content\/uploads\/site-content\/00054287.jpg\" srcset=\" https:\/\/fabijan.si\/wp-content\/uploads\/site-content\/00054287.jpg 300w, https:\/\/fabijan.si\/wp-content\/uploads\/site-content\/00054287.jpg 150w \" \/><\/p>\n<h4>BACCHUS Static 10,8 kW Turbod\u00e4mpfer<\/h4>\n<p>       <button onclick=\"window.location.href='bacchus-static-108-kw-turbodampfer' \"type=\"button\">Weiterlesen<\/button>\n    <\/div>\n<\/p><\/div>\n<div class=\"col-sm-3 galleryitem\">\n     <!-- order:2 --><\/p>\n<div class=\"one-item\">\n       <img decoding=\"async\" src=\"https:\/\/fabijan.si\/wp-content\/uploads\/site-content\/00054290.jpg\" srcset=\" https:\/\/fabijan.si\/wp-content\/uploads\/site-content\/00054290.jpg 300w, https:\/\/fabijan.si\/wp-content\/uploads\/site-content\/00054290.jpg 150w \" \/><\/p>\n<h4>BACCHUS Pro 14,4 kW Turbod\u00e4mpfer<\/h4>\n<p>       <button onclick=\"window.location.href='bacchus-pro-144-kw-turbodampfer' \"type=\"button\">Weiterlesen<\/button>\n    <\/div>\n<\/p><\/div>\n<\/div>\n<\/div>\n","protected":false},"excerpt":{"rendered":"<p>Zuhause | Kellerei D\u00e4mpfer BACCHUS Static 10,8 kW Turbod\u00e4mpfer Weiterlesen BACCHUS Pro 14,4 kW Turbod\u00e4mpfer Weiterlesen<\/p>\n","protected":false},"author":1,"featured_media":0,"parent":4577636,"menu_order":0,"comment_status":"closed","ping_status":"closed","template":"elementor_theme","meta":{"footnotes":""},"class_list":["post-4578908","page","type-page","status-publish","hentry"],"_links":{"self":[{"href":"https:\/\/fabijan.si\/de\/wp-json\/wp\/v2\/pages\/4578908","targetHints":{"allow":["GET"]}}],"collection":[{"href":"https:\/\/fabijan.si\/de\/wp-json\/wp\/v2\/pages"}],"about":[{"href":"https:\/\/fabijan.si\/de\/wp-json\/wp\/v2\/types\/page"}],"author":[{"embeddable":true,"href":"https:\/\/fabijan.si\/de\/wp-json\/wp\/v2\/users\/1"}],"replies":[{"embeddable":true,"href":"https:\/\/fabijan.si\/de\/wp-json\/wp\/v2\/comments?post=4578908"}],"version-history":[{"count":0,"href":"https:\/\/fabijan.si\/de\/wp-json\/wp\/v2\/pages\/4578908\/revisions"}],"up":[{"embeddable":true,"href":"https:\/\/fabijan.si\/de\/wp-json\/wp\/v2\/pages\/4577636"}],"wp:attachment":[{"href":"https:\/\/fabijan.si\/de\/wp-json\/wp\/v2\/media?parent=4578908"}],"curies":[{"name":"wp","href":"https:\/\/api.w.org\/{rel}","templated":true}]}}