{"id":4578911,"date":"2026-02-03T15:35:35","date_gmt":"2026-02-03T14:35:35","guid":{"rendered":"https:\/\/fabijan.si\/kellerei\/dampfer\/bacchus-static-108-kw-turbodampfer\/"},"modified":"2026-02-03T15:35:35","modified_gmt":"2026-02-03T14:35:35","slug":"bacchus-static-108-kw-turbodampfer","status":"publish","type":"page","link":"https:\/\/fabijan.si\/de\/kellerei\/dampfer\/bacchus-static-108-kw-turbodampfer\/","title":{"rendered":"bacchus-static-108-kw-turbodampfer"},"content":{"rendered":"\n<div class=\"container\">\n<div class=\"breadcrumb-container\"><span><br \/>\n<a href=\"https:\/\/fabijan.si\/de\/\">Zuhause<\/a> | <a href=\"https:\/\/fabijan.si\/de\/kellerei\/\">Kellerei<\/a> | <a href=\"https:\/\/fabijan.si\/de\/kellerei\/dampfer\/\">D\u00e4mpfer<\/a><\/span>\n<\/div>\n<div class=\"row\">\n<div class=\"col-6\">\n<div id=\"carouselExampleControls\" class=\"carousel slide carousel-container\" data-interval=\"false\">\n<div class=\"carousel-inner\">\n<div class=\"carousel-item active\"><iframe class=\"ytlnk\" src=\"https:\/\/www.youtube.com\/embed\/zmLDFdESTmo\" title=\"YouTube video player\" frameborder=\"0\" allow=\"accelerometer; autoplay; clipboard-write; encrypted-media; gyroscope; picture-in-picture\" allowfullscreen><\/iframe><\/div>\n<div class=\"carousel-item \">   <img decoding=\"async\" src=\"https:\/\/fabijan.si\/wp-content\/uploads\/site-content\/00054287.jpg\" class=\"d-block w-100\" alt=\"...\"><\/div>\n<\/p><\/div>\n<p>              <button class=\"carousel-control-prev\" type=\"button\" data-bs-target=\"#carouselExampleControls\" data-bs-slide=\"prev\"><br \/>\n                <span class=\"carousel-control-prev-icon\" aria-hidden=\"true\"><\/span><br \/>\n              <\/button><br \/>\n              <button class=\"carousel-control-next\" type=\"button\" data-bs-target=\"#carouselExampleControls\" data-bs-slide=\"next\"><br \/>\n                <span class=\"carousel-control-next-icon\" aria-hidden=\"true\"><\/span><br \/>\n              <\/button>\n            <\/div>\n<\/p><\/div>\n<div class=\"col-6 slo-name\">\n            BACCHUS Static 10,8 kW Turbod\u00e4mpfer<\/p>\n<div class=\"brand\">* Leistung: 10,8 kW<br \/>\n* Betriebsdruck: 6  bar<br \/>\n* Digit. Display f\u00fcr Arbeits. Druck und Betzriebsstunden<br \/>\n* Dampfproduktion: 17,5 kg\/h<br \/>\n* Material: Edelstahl AISI 304<br \/>\n* Stromversorgung: 380\/400 V<br \/>\n* Netzkabel: 5 m<br \/>\n* Gewicht: cca 65 kg<\/div>\n<p>\t\t\t<!-- \n\n<div class=\"price-container\">\n                \n\n<p class=\"price\">###PRICE###<\/p>\n\n --><br \/>\n                <!-- <button type=\"button\" class=\"btn btn-config btn-lg\">Pojdi na konfigurator<\/button> -->\n            <\/div>\n<\/p><\/div>\n<div class=\"menu\">\n<div class=\"btn-group d-flex justify-content-center\" id=\"menu-buttons\">\n              <button type=\"button\" onClick = \"showSpecs()\" class=\"btn menu-button menu-title active\">SPEZIFIKATIONEN<\/button><br \/>\n              <button type=\"button\" onClick = \"showDescription()\" class=\"btn menu-button menu-title\">BESCHREIBUNG<\/button><br \/>\n              <button type=\"button\" onClick = \"showMaterial()\" class=\"btn menu-button menu-title\">MATERIAL<\/button>\n            <\/div>\n<div id=\"specs\">\n<ul class=\"list-group\">\n                * Leistung: 10,8 kW<br \/>\n* Betriebsdruck: 6  bar<br \/>\n* Digit. Display f\u00fcr Arbeits. Druck und Betzriebsstunden<br \/>\n* Dampfproduktion: 17,5 kg\/h<br \/>\n* Material: Edelstahl AISI 304<br \/>\n* Stromversorgung: 380\/400 V<br \/>\n* Netzkabel: 5 m<br \/>\n* Gewicht: cca 65 kg\n              <\/ul>\n<\/p><\/div>\n<div id=\"description\"><\/div>\n<div id=\"material\">\n<div class=\"one-item\"><button onclick=\"window.open('https:\/\/fabijan.si\/wp-content\/uploads\/site-content\/tecnovap-katalog.pdf')\" type=\"button\">Katalog herunterladen<\/button><\/div>\n<\/p><\/div>\n<\/p><\/div>\n<\/p><\/div>\n<\/p><\/div>\n","protected":false},"excerpt":{"rendered":"<p>Zuhause | Kellerei | D\u00e4mpfer BACCHUS Static 10,8 kW Turbod\u00e4mpfer * Leistung: 10,8 kW * Betriebsdruck: 6 bar * Digit. Display f\u00fcr Arbeits. Druck und Betzriebsstunden * Dampfproduktion: 17,5 kg\/h * Material: Edelstahl AISI 304 * Stromversorgung: 380\/400 V * Netzkabel: 5 m * Gewicht: cca 65 kg SPEZIFIKATIONEN BESCHREIBUNG MATERIAL * Leistung: 10,8 kW [&hellip;]<\/p>\n","protected":false},"author":1,"featured_media":0,"parent":4578908,"menu_order":0,"comment_status":"closed","ping_status":"closed","template":"elementor_theme","meta":{"footnotes":""},"class_list":["post-4578911","page","type-page","status-publish","hentry"],"_links":{"self":[{"href":"https:\/\/fabijan.si\/de\/wp-json\/wp\/v2\/pages\/4578911","targetHints":{"allow":["GET"]}}],"collection":[{"href":"https:\/\/fabijan.si\/de\/wp-json\/wp\/v2\/pages"}],"about":[{"href":"https:\/\/fabijan.si\/de\/wp-json\/wp\/v2\/types\/page"}],"author":[{"embeddable":true,"href":"https:\/\/fabijan.si\/de\/wp-json\/wp\/v2\/users\/1"}],"replies":[{"embeddable":true,"href":"https:\/\/fabijan.si\/de\/wp-json\/wp\/v2\/comments?post=4578911"}],"version-history":[{"count":0,"href":"https:\/\/fabijan.si\/de\/wp-json\/wp\/v2\/pages\/4578911\/revisions"}],"up":[{"embeddable":true,"href":"https:\/\/fabijan.si\/de\/wp-json\/wp\/v2\/pages\/4578908"}],"wp:attachment":[{"href":"https:\/\/fabijan.si\/de\/wp-json\/wp\/v2\/media?parent=4578911"}],"curies":[{"name":"wp","href":"https:\/\/api.w.org\/{rel}","templated":true}]}}