{"id":4579070,"date":"2026-02-03T15:36:28","date_gmt":"2026-02-03T14:36:28","guid":{"rendered":"https:\/\/fabijan.si\/kellerei\/rinnensysteme-edelstahl-skrlj\/"},"modified":"2026-02-03T15:36:28","modified_gmt":"2026-02-03T14:36:28","slug":"rinnensysteme-edelstahl-skrlj","status":"publish","type":"page","link":"https:\/\/fabijan.si\/de\/kellerei\/rinnensysteme-edelstahl-skrlj\/","title":{"rendered":"rinnensysteme-edelstahl-skrlj"},"content":{"rendered":"<div class=\"breadcrumb-container\"><span><br \/>\n<a href=\"https:\/\/fabijan.si\/de\/\">Zuhause<\/a> | <a href=\"https:\/\/fabijan.si\/de\/kellerei\/\">Kellerei<\/a><\/span>\n<\/div>\n<div class=\"category-title\" style=\"display: flex; justify-content: center;\">\n<h2>Rinnensysteme Edelstahl \u0160KRLJ<\/h2>\n<\/div>\n<div class=\"mygallery\">\n<div class=\"row\">\n<div class=\"col-sm-3 galleryitem\">\n     <!-- order:1 --><\/p>\n<div class=\"one-item\">\n       <img decoding=\"async\" src=\"https:\/\/fabijan.si\/wp-content\/uploads\/site-content\/00049787.jpeg\" srcset=\" https:\/\/fabijan.si\/wp-content\/uploads\/site-content\/00049787.jpeg 300w, https:\/\/fabijan.si\/wp-content\/uploads\/site-content\/00049787.jpeg 150w \" \/><\/p>\n<h4>SN, niedriger Siphon, 197mm, Ablauf senkrecht, 1 Rinnenanschlu\u00df<\/h4>\n<p>       <button onclick=\"window.location.href='sn-niedriger-siphon-197mm-ablauf-senkrecht-1-rinnenanschluss' \"type=\"button\">Weiterlesen<\/button>\n    <\/div>\n<\/p><\/div>\n<div class=\"col-sm-3 galleryitem\">\n     <!-- order:2 --><\/p>\n<div class=\"one-item\">\n       <img decoding=\"async\" src=\"https:\/\/fabijan.si\/wp-content\/uploads\/site-content\/snn.JPG\" srcset=\" https:\/\/fabijan.si\/wp-content\/uploads\/site-content\/snn.JPG 300w, https:\/\/fabijan.si\/wp-content\/uploads\/site-content\/snn.JPG 150w \" \/><\/p>\n<h4>SN, niedriger Siphon, Ablauf senkrecht, 2 Rinnenanschlu\u00dfe 90\u00b0, 180\u00b0<\/h4>\n<p>       <button onclick=\"window.location.href='sn-niedriger-siphon-ablauf-senkrecht-2-rinnenanschlusse-90-180' \"type=\"button\">Weiterlesen<\/button>\n    <\/div>\n<\/p><\/div>\n<div class=\"col-sm-3 galleryitem\">\n     <!-- order:4 --><\/p>\n<div class=\"one-item\">\n       <img decoding=\"async\" src=\"https:\/\/fabijan.si\/wp-content\/uploads\/site-content\/svn.JPG\" srcset=\" https:\/\/fabijan.si\/wp-content\/uploads\/site-content\/svn.JPG 300w, https:\/\/fabijan.si\/wp-content\/uploads\/site-content\/svn.JPG 150w \" \/><\/p>\n<h4>SV, hoher Siphon, Ablauf senkrecht, 1 Rinnenanschlu\u00df<\/h4>\n<p>       <button onclick=\"window.location.href='sv-hoher-siphon-ablauf-senkrecht-1-rinnenanschluss' \"type=\"button\">Weiterlesen<\/button>\n    <\/div>\n<\/p><\/div>\n<div class=\"col-sm-3 galleryitem\">\n     <!-- order:5 --><\/p>\n<div class=\"one-item\">\n       <img decoding=\"async\" src=\"https:\/\/fabijan.si\/wp-content\/uploads\/site-content\/svn.JPG\" srcset=\" https:\/\/fabijan.si\/wp-content\/uploads\/site-content\/svn.JPG 300w, https:\/\/fabijan.si\/wp-content\/uploads\/site-content\/svn.JPG 150w \" \/><\/p>\n<h4>SV, hoher Siphon, Ablauf senkrecht, 2 Rinnenanschlu\u00dfe, Position 90\u00b0 und 180\u00b0<\/h4>\n<p>       <button onclick=\"window.location.href='sv-hoher-siphon-ablauf-senkrecht-2-rinnenanschlusse-position-90-und-180' \"type=\"button\">Weiterlesen<\/button>\n    <\/div>\n<\/p><\/div>\n<\/div>\n<div class=\"row\">\n<div class=\"col-sm-3 galleryitem\">\n     <!-- order:6 --><\/p>\n<div class=\"one-item\">\n       <img decoding=\"async\" src=\"https:\/\/fabijan.si\/wp-content\/uploads\/site-content\/sns.JPG\" srcset=\" https:\/\/fabijan.si\/wp-content\/uploads\/site-content\/sns.JPG 300w, https:\/\/fabijan.si\/wp-content\/uploads\/site-content\/sns.JPG 150w \" \/><\/p>\n<h4>SN, niedriger Siphon, Ablauf waagerecht, 1 Rinnenanschlu\u00df, Position 90\u00b0<\/h4>\n<p>       <button onclick=\"window.location.href='sn-niedriger-siphon-ablauf-waagerecht-1-rinnenanschluss-position-90' \"type=\"button\">Weiterlesen<\/button>\n    <\/div>\n<\/p><\/div>\n<div class=\"col-sm-3 galleryitem\">\n     <!-- order:10 --><\/p>\n<div class=\"one-item\">\n       <img decoding=\"async\" src=\"https:\/\/fabijan.si\/wp-content\/uploads\/site-content\/svs.JPG\" srcset=\" https:\/\/fabijan.si\/wp-content\/uploads\/site-content\/svs.JPG 300w, https:\/\/fabijan.si\/wp-content\/uploads\/site-content\/svs.JPG 150w \" \/><\/p>\n<h4>SV, hoher Siphon, Ablauf waagerecht, 3 Rinnenanschlu\u00dfe, Position 90\u00b0, 180\u00b0, 270\u00b0<\/h4>\n<p>       <button onclick=\"window.location.href='sv-hoher-siphon-ablauf-waagerecht-3-rinnenanschlusse-position-90-180-270' \"type=\"button\">Weiterlesen<\/button>\n    <\/div>\n<\/p><\/div>\n<div class=\"col-sm-3 galleryitem\">\n     <!-- order:11 --><\/p>\n<div class=\"one-item\">\n       <img decoding=\"async\" src=\"https:\/\/fabijan.si\/wp-content\/uploads\/site-content\/ko.JPG\" srcset=\" https:\/\/fabijan.si\/wp-content\/uploads\/site-content\/ko.JPG 300w, https:\/\/fabijan.si\/wp-content\/uploads\/site-content\/ko.JPG 150w \" \/><\/p>\n<h4>KO, Schlitzrinnen KO_101_89_3m<\/h4>\n<p>       <button onclick=\"window.location.href='ko-schlitzrinnen-ko_101_89_3m' \"type=\"button\">Weiterlesen<\/button>\n    <\/div>\n<\/p><\/div>\n<div class=\"col-sm-3 galleryitem\">\n     <!-- order:12 --><\/p>\n<div class=\"one-item\">\n       <img decoding=\"async\" src=\"https:\/\/fabijan.si\/wp-content\/uploads\/site-content\/ks.JPG\" srcset=\" https:\/\/fabijan.si\/wp-content\/uploads\/site-content\/ks.JPG 300w, https:\/\/fabijan.si\/wp-content\/uploads\/site-content\/ks.JPG 150w \" \/><\/p>\n<h4>KS, Kastenrinnen mit Gitterrost-Abdeckung KS_101_89_3m<\/h4>\n<p>       <button onclick=\"window.location.href='ks-kastenrinnen-mit-gitterrost-abdeckung-ks_101_89_3m' \"type=\"button\">Weiterlesen<\/button>\n    <\/div>\n<\/p><\/div>\n<\/div>\n<div class=\"row\">\n<div class=\"col-sm-3 galleryitem\">\n     <!-- order:13 --><\/p>\n<div class=\"one-item\">\n       <img decoding=\"async\" src=\"https:\/\/fabijan.si\/wp-content\/uploads\/site-content\/00049824.jpeg\" srcset=\" https:\/\/fabijan.si\/wp-content\/uploads\/site-content\/00049824.jpeg 300w, https:\/\/fabijan.si\/wp-content\/uploads\/site-content\/00049824.jpeg 150w \" \/><\/p>\n<h4>KO_ZP, Verschlussplatte, 77mm<\/h4>\n<p>       <button onclick=\"window.location.href='ko_zp-verschlussplatte-77mm' \"type=\"button\">Weiterlesen<\/button>\n    <\/div>\n<\/p><\/div>\n<div class=\"col-sm-3 galleryitem\">\n     <!-- order:14 --><\/p>\n<div class=\"one-item\">\n       <img decoding=\"async\" src=\"https:\/\/fabijan.si\/wp-content\/uploads\/site-content\/00049835.jpeg\" srcset=\" https:\/\/fabijan.si\/wp-content\/uploads\/site-content\/00049835.jpeg 300w, https:\/\/fabijan.si\/wp-content\/uploads\/site-content\/00049835.jpeg 150w \" \/><\/p>\n<h4>KS_ZP, Verschlussplatte KS_77_ZP<\/h4>\n<p>       <button onclick=\"window.location.href='ks_zp-verschlussplatte-ks_77_zp' \"type=\"button\">Weiterlesen<\/button>\n    <\/div>\n<\/p><\/div>\n<\/div>\n<\/div>\n","protected":false},"excerpt":{"rendered":"<p>Zuhause | Kellerei Rinnensysteme Edelstahl \u0160KRLJ SN, niedriger Siphon, 197mm, Ablauf senkrecht, 1 Rinnenanschlu\u00df Weiterlesen SN, niedriger Siphon, Ablauf senkrecht, 2 Rinnenanschlu\u00dfe 90\u00b0, 180\u00b0 Weiterlesen SV, hoher Siphon, Ablauf senkrecht, 1 Rinnenanschlu\u00df Weiterlesen SV, hoher Siphon, Ablauf senkrecht, 2 Rinnenanschlu\u00dfe, Position 90\u00b0 und 180\u00b0 Weiterlesen SN, niedriger Siphon, Ablauf waagerecht, 1 Rinnenanschlu\u00df, Position 90\u00b0 Weiterlesen [&hellip;]<\/p>\n","protected":false},"author":1,"featured_media":0,"parent":4577636,"menu_order":0,"comment_status":"closed","ping_status":"closed","template":"elementor_theme","meta":{"footnotes":""},"class_list":["post-4579070","page","type-page","status-publish","hentry"],"_links":{"self":[{"href":"https:\/\/fabijan.si\/de\/wp-json\/wp\/v2\/pages\/4579070","targetHints":{"allow":["GET"]}}],"collection":[{"href":"https:\/\/fabijan.si\/de\/wp-json\/wp\/v2\/pages"}],"about":[{"href":"https:\/\/fabijan.si\/de\/wp-json\/wp\/v2\/types\/page"}],"author":[{"embeddable":true,"href":"https:\/\/fabijan.si\/de\/wp-json\/wp\/v2\/users\/1"}],"replies":[{"embeddable":true,"href":"https:\/\/fabijan.si\/de\/wp-json\/wp\/v2\/comments?post=4579070"}],"version-history":[{"count":0,"href":"https:\/\/fabijan.si\/de\/wp-json\/wp\/v2\/pages\/4579070\/revisions"}],"up":[{"embeddable":true,"href":"https:\/\/fabijan.si\/de\/wp-json\/wp\/v2\/pages\/4577636"}],"wp:attachment":[{"href":"https:\/\/fabijan.si\/de\/wp-json\/wp\/v2\/media?parent=4579070"}],"curies":[{"name":"wp","href":"https:\/\/api.w.org\/{rel}","templated":true}]}}