{"id":4579103,"date":"2026-02-03T15:36:47","date_gmt":"2026-02-03T14:36:47","guid":{"rendered":"https:\/\/fabijan.si\/kellerei\/reagenzen\/"},"modified":"2026-02-03T15:36:47","modified_gmt":"2026-02-03T14:36:47","slug":"reagenzen","status":"publish","type":"page","link":"https:\/\/fabijan.si\/de\/kellerei\/reagenzen\/","title":{"rendered":"reagenzen"},"content":{"rendered":"<div class=\"breadcrumb-container\"><span><br \/>\n<a href=\"https:\/\/fabijan.si\/de\/\">Zuhause<\/a> | <a href=\"https:\/\/fabijan.si\/de\/kellerei\/\">Kellerei<\/a><\/span>\n<\/div>\n<div class=\"category-title\" style=\"display: flex; justify-content: center;\">\n<h2>Reagenzen<\/h2>\n<\/div>\n<div class=\"mygallery\">\n<div class=\"row\">\n<div class=\"col-sm-3 galleryitem\">\n     <!-- order:1 --><\/p>\n<div class=\"one-item\">\n       <img decoding=\"async\" src=\"https:\/\/fabijan.si\/wp-content\/uploads\/site-content\/00040502.jpg\" srcset=\" https:\/\/fabijan.si\/wp-content\/uploads\/site-content\/00040502.jpg 300w, https:\/\/fabijan.si\/wp-content\/uploads\/site-content\/00040502.jpg 150w \" \/><\/p>\n<h4><\/h4>\n<p>       <button onclick=\"window.location.href='mostomer-980-1130-brez-termometra-2-skali' \"type=\"button\">Weiterlesen<\/button>\n    <\/div>\n<\/p><\/div>\n<div class=\"col-sm-3 galleryitem\">\n     <!-- order:2 --><\/p>\n<div class=\"one-item\">\n       <img decoding=\"async\" src=\"https:\/\/fabijan.si\/wp-content\/uploads\/site-content\/00040503_2.jpg\" srcset=\" https:\/\/fabijan.si\/wp-content\/uploads\/site-content\/00040503_2.jpg 300w, https:\/\/fabijan.si\/wp-content\/uploads\/site-content\/00040503_2.jpg 150w \" \/><\/p>\n<h4><\/h4>\n<p>       <button onclick=\"window.location.href='mostomer-980-1130-s-termometrom-2-skali' \"type=\"button\">Weiterlesen<\/button>\n    <\/div>\n<\/p><\/div>\n<div class=\"col-sm-3 galleryitem\">\n     <!-- order:3 --><\/p>\n<div class=\"one-item\">\n       <img decoding=\"async\" src=\"https:\/\/fabijan.si\/wp-content\/uploads\/site-content\/00031935_1.jpg\" srcset=\" https:\/\/fabijan.si\/wp-content\/uploads\/site-content\/00031935_1.jpg 300w, https:\/\/fabijan.si\/wp-content\/uploads\/site-content\/00031935_1.jpg 150w \" \/><\/p>\n<h4>Digital-Refraktometer MA885<\/h4>\n<p>       <button onclick=\"window.location.href='digital-refraktometer-ma885' \"type=\"button\">Weiterlesen<\/button>\n    <\/div>\n<\/p><\/div>\n<div class=\"col-sm-3 galleryitem\">\n     <!-- order:4 --><\/p>\n<div class=\"one-item\">\n       <img decoding=\"async\" src=\"https:\/\/fabijan.si\/wp-content\/uploads\/site-content\/00036615.jpg\" srcset=\" https:\/\/fabijan.si\/wp-content\/uploads\/site-content\/00036615.jpg 300w, https:\/\/fabijan.si\/wp-content\/uploads\/site-content\/00036615.jpg 150w \" \/><\/p>\n<h4>REFRAKTOMETER-PLANA<\/h4>\n<p>       <button onclick=\"window.location.href='refraktometer-plana' \"type=\"button\">Weiterlesen<\/button>\n    <\/div>\n<\/p><\/div>\n<\/div>\n<div class=\"row\">\n<div class=\"col-sm-3 galleryitem\">\n     <!-- order:7 --><\/p>\n<div class=\"one-item\">\n       <img decoding=\"async\" src=\"https:\/\/fabijan.si\/wp-content\/uploads\/site-content\/epruveta-za-merjenje-zvepla-in-kisline.jpg\" srcset=\" https:\/\/fabijan.si\/wp-content\/uploads\/site-content\/epruveta-za-merjenje-zvepla-in-kisline.jpg 300w, https:\/\/fabijan.si\/wp-content\/uploads\/site-content\/epruveta-za-merjenje-zvepla-in-kisline.jpg 150w \" \/><\/p>\n<h4>S\u00e4uremesser<\/h4>\n<p>       <button onclick=\"window.location.href='sauremesser' \"type=\"button\">Weiterlesen<\/button>\n    <\/div>\n<\/p><\/div>\n<div class=\"col-sm-3 galleryitem\">\n     <!-- order:15 --><\/p>\n<div class=\"one-item\">\n       <img decoding=\"async\" src=\"https:\/\/fabijan.si\/wp-content\/uploads\/site-content\/00008706.jpg\" srcset=\" https:\/\/fabijan.si\/wp-content\/uploads\/site-content\/00008706.jpg 300w, https:\/\/fabijan.si\/wp-content\/uploads\/site-content\/00008706.jpg 150w \" \/><\/p>\n<h4>Weinheber 110mm Glask\u00f6rper Nr. 136<\/h4>\n<p>       <button onclick=\"window.location.href='weinheber-110mm-glaskorper-nr-136' \"type=\"button\">Weiterlesen<\/button>\n    <\/div>\n<\/p><\/div>\n<div class=\"col-sm-3 galleryitem\">\n     <!-- order:16 --><\/p>\n<div class=\"one-item\">\n       <img decoding=\"async\" src=\"https:\/\/fabijan.si\/wp-content\/uploads\/site-content\/00038861.jpg\" srcset=\" https:\/\/fabijan.si\/wp-content\/uploads\/site-content\/00038861.jpg 300w, https:\/\/fabijan.si\/wp-content\/uploads\/site-content\/00038861.jpg 150w \" \/><\/p>\n<h4><\/h4>\n<p>       <button onclick=\"window.location.href='natega-steklena-z-gumi-drzalom-l45-cm' \"type=\"button\">Weiterlesen<\/button>\n    <\/div>\n<\/p><\/div>\n<div class=\"col-sm-3 galleryitem\">\n     <!-- order:17 --><\/p>\n<div class=\"one-item\">\n       <img decoding=\"async\" src=\"https:\/\/fabijan.si\/wp-content\/uploads\/site-content\/00031367.jpg\" srcset=\" https:\/\/fabijan.si\/wp-content\/uploads\/site-content\/00031367.jpg 300w, https:\/\/fabijan.si\/wp-content\/uploads\/site-content\/00031367.jpg 150w \" \/><\/p>\n<h4>Weinheber f\u00fcr Barique<\/h4>\n<p>       <button onclick=\"window.location.href='weinheber-fur-barique' \"type=\"button\">Weiterlesen<\/button>\n    <\/div>\n<\/p><\/div>\n<\/div>\n<div class=\"row\">\n<div class=\"col-sm-3 galleryitem\">\n     <!-- order:18 --><\/p>\n<div class=\"one-item\">\n       <img decoding=\"async\" src=\"https:\/\/fabijan.si\/wp-content\/uploads\/site-content\/00000243.jpg\" srcset=\" https:\/\/fabijan.si\/wp-content\/uploads\/site-content\/00000243.jpg 300w, https:\/\/fabijan.si\/wp-content\/uploads\/site-content\/00000243.jpg 150w \" \/><\/p>\n<h4>Messzylinder 30 ml<\/h4>\n<p>       <button onclick=\"window.location.href='messzylinder-30-ml' \"type=\"button\">Weiterlesen<\/button>\n    <\/div>\n<\/p><\/div>\n<div class=\"col-sm-3 galleryitem\">\n     <!-- order:19 --><\/p>\n<div class=\"one-item\">\n       <img decoding=\"async\" src=\"https:\/\/fabijan.si\/wp-content\/uploads\/site-content\/00000264.jpg\" srcset=\" https:\/\/fabijan.si\/wp-content\/uploads\/site-content\/00000264.jpg 300w, https:\/\/fabijan.si\/wp-content\/uploads\/site-content\/00000264.jpg 150w \" \/><\/p>\n<h4>Messzylinder 150 ml<\/h4>\n<p>       <button onclick=\"window.location.href='messzylinder-150-ml' \"type=\"button\">Weiterlesen<\/button>\n    <\/div>\n<\/p><\/div>\n<div class=\"col-sm-3 galleryitem\">\n     <!-- order:20 --><\/p>\n<div class=\"one-item\">\n       <img decoding=\"async\" src=\"https:\/\/fabijan.si\/wp-content\/uploads\/site-content\/00000245.jpg\" srcset=\" https:\/\/fabijan.si\/wp-content\/uploads\/site-content\/00000245.jpg 300w, https:\/\/fabijan.si\/wp-content\/uploads\/site-content\/00000245.jpg 150w \" \/><\/p>\n<h4>Messzylinder 400 ml<\/h4>\n<p>       <button onclick=\"window.location.href='messzylinder-400-ml' \"type=\"button\">Weiterlesen<\/button>\n    <\/div>\n<\/p><\/div>\n<div class=\"col-sm-3 galleryitem\">\n     <!-- order:21 --><\/p>\n<div class=\"one-item\">\n       <img decoding=\"async\" src=\"https:\/\/fabijan.si\/wp-content\/uploads\/site-content\/00019742.jpg\" srcset=\" https:\/\/fabijan.si\/wp-content\/uploads\/site-content\/00019742.jpg 300w, https:\/\/fabijan.si\/wp-content\/uploads\/site-content\/00019742.jpg 150w \" \/><\/p>\n<h4>Erlenmeyerkolben WH 100 ml<\/h4>\n<p>       <button onclick=\"window.location.href='erlenmeyerkolben-wh-100-ml' \"type=\"button\">Weiterlesen<\/button>\n    <\/div>\n<\/p><\/div>\n<\/div>\n<div class=\"row\">\n<div class=\"col-sm-3 galleryitem\">\n     <!-- order:22 --><\/p>\n<div class=\"one-item\">\n       <img decoding=\"async\" src=\"https:\/\/fabijan.si\/wp-content\/uploads\/site-content\/00019356.jpg\" srcset=\" https:\/\/fabijan.si\/wp-content\/uploads\/site-content\/00019356.jpg 300w, https:\/\/fabijan.si\/wp-content\/uploads\/site-content\/00019356.jpg 150w \" \/><\/p>\n<h4>Erlenmeyerkolben WH 250 ml<\/h4>\n<p>       <button onclick=\"window.location.href='erlenmeyerkolben-wh-250-ml' \"type=\"button\">Weiterlesen<\/button>\n    <\/div>\n<\/p><\/div>\n<div class=\"col-sm-3 galleryitem\">\n     <!-- order:23 --><\/p>\n<div class=\"one-item\">\n       <img decoding=\"async\" src=\"https:\/\/fabijan.si\/wp-content\/uploads\/site-content\/00004579.jpg\" srcset=\" https:\/\/fabijan.si\/wp-content\/uploads\/site-content\/00004579.jpg 300w, https:\/\/fabijan.si\/wp-content\/uploads\/site-content\/00004579.jpg 150w \" \/><\/p>\n<h4>Alkoholmeter 0-100 Vol. mit Thermometer<\/h4>\n<p>       <button onclick=\"window.location.href='alkoholmeter-0-100-vol-mit-thermometer' \"type=\"button\">Weiterlesen<\/button>\n    <\/div>\n<\/p><\/div>\n<div class=\"col-sm-3 galleryitem\">\n     <!-- order:24 --><\/p>\n<div class=\"one-item\">\n       <img decoding=\"async\" src=\"https:\/\/fabijan.si\/wp-content\/uploads\/site-content\/00015868.jpg\" srcset=\" https:\/\/fabijan.si\/wp-content\/uploads\/site-content\/00015868.jpg 300w, https:\/\/fabijan.si\/wp-content\/uploads\/site-content\/00015868.jpg 150w \" \/><\/p>\n<h4>Messbecher 0.5l<\/h4>\n<p>       <button onclick=\"window.location.href='messbecher-0-5l' \"type=\"button\">Weiterlesen<\/button>\n    <\/div>\n<\/p><\/div>\n<div class=\"col-sm-3 galleryitem\">\n     <!-- order:25 --><\/p>\n<div class=\"one-item\">\n       <img decoding=\"async\" src=\"https:\/\/fabijan.si\/wp-content\/uploads\/site-content\/00005204.jpg\" srcset=\" https:\/\/fabijan.si\/wp-content\/uploads\/site-content\/00005204.jpg 300w, https:\/\/fabijan.si\/wp-content\/uploads\/site-content\/00005204.jpg 150w \" \/><\/p>\n<h4>Messbecher 1l mit Skala<\/h4>\n<p>       <button onclick=\"window.location.href='messbecher-1l-mit-skala' \"type=\"button\">Weiterlesen<\/button>\n    <\/div>\n<\/p><\/div>\n<\/div>\n<div class=\"row\">\n<div class=\"col-sm-3 galleryitem\">\n     <!-- order:26 --><\/p>\n<div class=\"one-item\">\n       <img decoding=\"async\" src=\"https:\/\/fabijan.si\/wp-content\/uploads\/site-content\/00005199.jpg\" srcset=\" https:\/\/fabijan.si\/wp-content\/uploads\/site-content\/00005199.jpg 300w, https:\/\/fabijan.si\/wp-content\/uploads\/site-content\/00005199.jpg 150w \" \/><\/p>\n<h4>Messbecher 2 l mit Skala<\/h4>\n<p>       <button onclick=\"window.location.href='messbecher-2-l-mit-skala' \"type=\"button\">Weiterlesen<\/button>\n    <\/div>\n<\/p><\/div>\n<div class=\"col-sm-3 galleryitem\">\n     <!-- order:27 --><\/p>\n<div class=\"one-item\">\n       <img decoding=\"async\" src=\"https:\/\/fabijan.si\/wp-content\/uploads\/site-content\/00005200.jpg\" srcset=\" https:\/\/fabijan.si\/wp-content\/uploads\/site-content\/00005200.jpg 300w, https:\/\/fabijan.si\/wp-content\/uploads\/site-content\/00005200.jpg 150w \" \/><\/p>\n<h4>Messbecher 3 l mit Skala<\/h4>\n<p>       <button onclick=\"window.location.href='messbecher-3-l-mit-skala' \"type=\"button\">Weiterlesen<\/button>\n    <\/div>\n<\/p><\/div>\n<div class=\"col-sm-3 galleryitem\">\n     <!-- order:28 --><\/p>\n<div class=\"one-item\">\n       <img decoding=\"async\" src=\"https:\/\/fabijan.si\/wp-content\/uploads\/site-content\/00005201.jpg\" srcset=\" https:\/\/fabijan.si\/wp-content\/uploads\/site-content\/00005201.jpg 300w, https:\/\/fabijan.si\/wp-content\/uploads\/site-content\/00005201.jpg 150w \" \/><\/p>\n<h4>Messbecher 5 lt mit Skala<\/h4>\n<p>       <button onclick=\"window.location.href='messbecher-5-lt-mit-skala' \"type=\"button\">Weiterlesen<\/button>\n    <\/div>\n<\/p><\/div>\n<div class=\"col-sm-3 galleryitem\">\n     <!-- order:30 --><\/p>\n<div class=\"one-item\">\n       <img decoding=\"async\" src=\"https:\/\/fabijan.si\/wp-content\/uploads\/site-content\/00000072.jpg\" srcset=\" https:\/\/fabijan.si\/wp-content\/uploads\/site-content\/00000072.jpg 300w, https:\/\/fabijan.si\/wp-content\/uploads\/site-content\/00000072.jpg 150w \" \/><\/p>\n<h4>INOX Eimer 12,3 l mit Skala<\/h4>\n<p>       <button onclick=\"window.location.href='inox-eimer-123-l-mit-skala' \"type=\"button\">Weiterlesen<\/button>\n    <\/div>\n<\/p><\/div>\n<\/div>\n<\/div>\n","protected":false},"excerpt":{"rendered":"<p>Zuhause | Kellerei Reagenzen Weiterlesen Weiterlesen Digital-Refraktometer MA885 Weiterlesen REFRAKTOMETER-PLANA Weiterlesen S\u00e4uremesser Weiterlesen Weinheber 110mm Glask\u00f6rper Nr. 136 Weiterlesen Weiterlesen Weinheber f\u00fcr Barique Weiterlesen Messzylinder 30 ml Weiterlesen Messzylinder 150 ml Weiterlesen Messzylinder 400 ml Weiterlesen Erlenmeyerkolben WH 100 ml Weiterlesen Erlenmeyerkolben WH 250 ml Weiterlesen Alkoholmeter 0-100 Vol. mit Thermometer Weiterlesen Messbecher 0.5l Weiterlesen [&hellip;]<\/p>\n","protected":false},"author":1,"featured_media":0,"parent":4577636,"menu_order":0,"comment_status":"closed","ping_status":"closed","template":"elementor_theme","meta":{"footnotes":""},"class_list":["post-4579103","page","type-page","status-publish","hentry"],"_links":{"self":[{"href":"https:\/\/fabijan.si\/de\/wp-json\/wp\/v2\/pages\/4579103","targetHints":{"allow":["GET"]}}],"collection":[{"href":"https:\/\/fabijan.si\/de\/wp-json\/wp\/v2\/pages"}],"about":[{"href":"https:\/\/fabijan.si\/de\/wp-json\/wp\/v2\/types\/page"}],"author":[{"embeddable":true,"href":"https:\/\/fabijan.si\/de\/wp-json\/wp\/v2\/users\/1"}],"replies":[{"embeddable":true,"href":"https:\/\/fabijan.si\/de\/wp-json\/wp\/v2\/comments?post=4579103"}],"version-history":[{"count":0,"href":"https:\/\/fabijan.si\/de\/wp-json\/wp\/v2\/pages\/4579103\/revisions"}],"up":[{"embeddable":true,"href":"https:\/\/fabijan.si\/de\/wp-json\/wp\/v2\/pages\/4577636"}],"wp:attachment":[{"href":"https:\/\/fabijan.si\/de\/wp-json\/wp\/v2\/media?parent=4579103"}],"curies":[{"name":"wp","href":"https:\/\/api.w.org\/{rel}","templated":true}]}}