{"id":4579349,"date":"2026-02-03T15:37:52","date_gmt":"2026-02-03T14:37:52","guid":{"rendered":"https:\/\/fabijan.si\/kellerei\/fittings-und-rohrfittings\/dichtungen\/"},"modified":"2026-02-03T15:37:52","modified_gmt":"2026-02-03T14:37:52","slug":"dichtungen","status":"publish","type":"page","link":"https:\/\/fabijan.si\/de\/kellerei\/fittings-und-rohrfittings\/dichtungen\/","title":{"rendered":"dichtungen"},"content":{"rendered":"<div class=\"breadcrumb-container\"><span><br \/>\n<a href=\"https:\/\/fabijan.si\/de\/\">Zuhause<\/a> | <a href=\"https:\/\/fabijan.si\/de\/kellerei\/\">Kellerei<\/a> | <a href=\"https:\/\/fabijan.si\/de\/kellerei\/fittings-und-rohrfittings\/\">Fittings und Rohrfittings<\/a><\/span>\n<\/div>\n<div class=\"category-title\" style=\"display: flex; justify-content: center;\">\n<h2>Dichtungen<\/h2>\n<\/div>\n<div class=\"mygallery\">\n<div class=\"row\">\n<div class=\"col-sm-3 galleryitem\">\n     <!-- order:1 --><\/p>\n<div class=\"one-item\">\n       <img decoding=\"async\" src=\"https:\/\/fabijan.si\/wp-content\/uploads\/site-content\/00011539.jpg\" srcset=\" https:\/\/fabijan.si\/wp-content\/uploads\/site-content\/00011539.jpg 300w, https:\/\/fabijan.si\/wp-content\/uploads\/site-content\/00011539.jpg 150w \" \/><\/p>\n<h4>Konusdichtung f\u00fcr Abf\u00fcller &#8211; rot<\/h4>\n<p>       <button onclick=\"window.location.href='konusdichtung-fur-abfuller-rot' \"type=\"button\">Weiterlesen<\/button>\n    <\/div>\n<\/p><\/div>\n<div class=\"col-sm-3 galleryitem\">\n     <!-- order:2 --><\/p>\n<div class=\"one-item\">\n       <img decoding=\"async\" src=\"https:\/\/fabijan.si\/wp-content\/uploads\/site-content\/00000220.jpg\" srcset=\" https:\/\/fabijan.si\/wp-content\/uploads\/site-content\/00000220.jpg 300w, https:\/\/fabijan.si\/wp-content\/uploads\/site-content\/00000220.jpg 150w \" \/><\/p>\n<h4>Dichtung f\u00fcr Rohransatz 1&#8243;<\/h4>\n<p>       <button onclick=\"window.location.href='dichtung-fur-rohransatz-1' \"type=\"button\">Weiterlesen<\/button>\n    <\/div>\n<\/p><\/div>\n<div class=\"col-sm-3 galleryitem\">\n     <!-- order:3 --><\/p>\n<div class=\"one-item\">\n       <img decoding=\"async\" src=\"https:\/\/fabijan.si\/wp-content\/uploads\/site-content\/00000220.jpg\" srcset=\" https:\/\/fabijan.si\/wp-content\/uploads\/site-content\/00000220.jpg 300w, https:\/\/fabijan.si\/wp-content\/uploads\/site-content\/00000220.jpg 150w \" \/><\/p>\n<h4>Dichtung f\u00fcr Rohransatz 5\/4&#8243;<\/h4>\n<p>       <button onclick=\"window.location.href='dichtung-fur-rohransatz-5-4' \"type=\"button\">Weiterlesen<\/button>\n    <\/div>\n<\/p><\/div>\n<div class=\"col-sm-3 galleryitem\">\n     <!-- order:4 --><\/p>\n<div class=\"one-item\">\n       <img decoding=\"async\" src=\"https:\/\/fabijan.si\/wp-content\/uploads\/site-content\/00000220.jpg\" srcset=\" https:\/\/fabijan.si\/wp-content\/uploads\/site-content\/00000220.jpg 300w, https:\/\/fabijan.si\/wp-content\/uploads\/site-content\/00000220.jpg 150w \" \/><\/p>\n<h4>Dichtung f\u00fcr Rohransatz 6\/4&#8243;<\/h4>\n<p>       <button onclick=\"window.location.href='dichtung-fur-rohransatz-6-4' \"type=\"button\">Weiterlesen<\/button>\n    <\/div>\n<\/p><\/div>\n<\/div>\n<div class=\"row\">\n<div class=\"col-sm-3 galleryitem\">\n     <!-- order:5 --><\/p>\n<div class=\"one-item\">\n       <img decoding=\"async\" src=\"https:\/\/fabijan.si\/wp-content\/uploads\/site-content\/00002479.jpg\" srcset=\" https:\/\/fabijan.si\/wp-content\/uploads\/site-content\/00002479.jpg 300w, https:\/\/fabijan.si\/wp-content\/uploads\/site-content\/00002479.jpg 150w \" \/><\/p>\n<h4>Dichtung f\u00fcr Scheibenventil DN25<\/h4>\n<p>       <button onclick=\"window.location.href='dichtung-fur-scheibenventil-dn25' \"type=\"button\">Weiterlesen<\/button>\n    <\/div>\n<\/p><\/div>\n<div class=\"col-sm-3 galleryitem\">\n     <!-- order:6 --><\/p>\n<div class=\"one-item\">\n       <img decoding=\"async\" src=\"https:\/\/fabijan.si\/wp-content\/uploads\/site-content\/00002479.jpg\" srcset=\" https:\/\/fabijan.si\/wp-content\/uploads\/site-content\/00002479.jpg 300w, https:\/\/fabijan.si\/wp-content\/uploads\/site-content\/00002479.jpg 150w \" \/><\/p>\n<h4>Dichtung f\u00fcr Scheibenventil DN32<\/h4>\n<p>       <button onclick=\"window.location.href='dichtung-fur-scheibenventil-dn32' \"type=\"button\">Weiterlesen<\/button>\n    <\/div>\n<\/p><\/div>\n<div class=\"col-sm-3 galleryitem\">\n     <!-- order:7 --><\/p>\n<div class=\"one-item\">\n       <img decoding=\"async\" src=\"https:\/\/fabijan.si\/wp-content\/uploads\/site-content\/00002479.jpg\" srcset=\" https:\/\/fabijan.si\/wp-content\/uploads\/site-content\/00002479.jpg 300w, https:\/\/fabijan.si\/wp-content\/uploads\/site-content\/00002479.jpg 150w \" \/><\/p>\n<h4>Dichtung f\u00fcr Scheibenventil DN40<\/h4>\n<p>       <button onclick=\"window.location.href='dichtung-fur-scheibenventil-dn40' \"type=\"button\">Weiterlesen<\/button>\n    <\/div>\n<\/p><\/div>\n<div class=\"col-sm-3 galleryitem\">\n     <!-- order:8 --><\/p>\n<div class=\"one-item\">\n       <img decoding=\"async\" src=\"https:\/\/fabijan.si\/wp-content\/uploads\/site-content\/00002429.jpg\" srcset=\" https:\/\/fabijan.si\/wp-content\/uploads\/site-content\/00002429.jpg 300w, https:\/\/fabijan.si\/wp-content\/uploads\/site-content\/00002429.jpg 150w \" \/><\/p>\n<h4>Dichtung DN20<\/h4>\n<p>       <button onclick=\"window.location.href='dichtung-dn20' \"type=\"button\">Weiterlesen<\/button>\n    <\/div>\n<\/p><\/div>\n<\/div>\n<div class=\"row\">\n<div class=\"col-sm-3 galleryitem\">\n     <!-- order:9 --><\/p>\n<div class=\"one-item\">\n       <img decoding=\"async\" src=\"https:\/\/fabijan.si\/wp-content\/uploads\/site-content\/00002429.jpg\" srcset=\" https:\/\/fabijan.si\/wp-content\/uploads\/site-content\/00002429.jpg 300w, https:\/\/fabijan.si\/wp-content\/uploads\/site-content\/00002429.jpg 150w \" \/><\/p>\n<h4>Dichtring EPDM DN25<\/h4>\n<p>       <button onclick=\"window.location.href='dichtring-epdm-dn25' \"type=\"button\">Weiterlesen<\/button>\n    <\/div>\n<\/p><\/div>\n<div class=\"col-sm-3 galleryitem\">\n     <!-- order:10 --><\/p>\n<div class=\"one-item\">\n       <img decoding=\"async\" src=\"https:\/\/fabijan.si\/wp-content\/uploads\/site-content\/00002429.jpg\" srcset=\" https:\/\/fabijan.si\/wp-content\/uploads\/site-content\/00002429.jpg 300w, https:\/\/fabijan.si\/wp-content\/uploads\/site-content\/00002429.jpg 150w \" \/><\/p>\n<h4>Dichtung EPDM DN32<\/h4>\n<p>       <button onclick=\"window.location.href='dichtung-epdm-dn32' \"type=\"button\">Weiterlesen<\/button>\n    <\/div>\n<\/p><\/div>\n<div class=\"col-sm-3 galleryitem\">\n     <!-- order:11 --><\/p>\n<div class=\"one-item\">\n       <img decoding=\"async\" src=\"https:\/\/fabijan.si\/wp-content\/uploads\/site-content\/00002501.JPG\" srcset=\" https:\/\/fabijan.si\/wp-content\/uploads\/site-content\/00002501.JPG 300w, https:\/\/fabijan.si\/wp-content\/uploads\/site-content\/00002501.JPG 150w \" \/><\/p>\n<h4>Dichtung EPDM DN40<\/h4>\n<p>       <button onclick=\"window.location.href='dichtung-epdm-dn40' \"type=\"button\">Weiterlesen<\/button>\n    <\/div>\n<\/p><\/div>\n<div class=\"col-sm-3 galleryitem\">\n     <!-- order:12 --><\/p>\n<div class=\"one-item\">\n       <img decoding=\"async\" src=\"https:\/\/fabijan.si\/wp-content\/uploads\/site-content\/00002501.JPG\" srcset=\" https:\/\/fabijan.si\/wp-content\/uploads\/site-content\/00002501.JPG 300w, https:\/\/fabijan.si\/wp-content\/uploads\/site-content\/00002501.JPG 150w \" \/><\/p>\n<h4>Dichtung EPDM DN50<\/h4>\n<p>       <button onclick=\"window.location.href='dichtung-epdm-dn50' \"type=\"button\">Weiterlesen<\/button>\n    <\/div>\n<\/p><\/div>\n<\/div>\n<div class=\"row\">\n<div class=\"col-sm-3 galleryitem\">\n     <!-- order:13 --><\/p>\n<div class=\"one-item\">\n       <img decoding=\"async\" src=\"https:\/\/fabijan.si\/wp-content\/uploads\/site-content\/00002429.jpg\" srcset=\" https:\/\/fabijan.si\/wp-content\/uploads\/site-content\/00002429.jpg 300w, https:\/\/fabijan.si\/wp-content\/uploads\/site-content\/00002429.jpg 150w \" \/><\/p>\n<h4>Dichtung EPDM DN65<\/h4>\n<p>       <button onclick=\"window.location.href='dichtung-epdm-dn65' \"type=\"button\">Weiterlesen<\/button>\n    <\/div>\n<\/p><\/div>\n<div class=\"col-sm-3 galleryitem\">\n     <!-- order:14 --><\/p>\n<div class=\"one-item\">\n       <img decoding=\"async\" src=\"https:\/\/fabijan.si\/wp-content\/uploads\/site-content\/00002429.jpg\" srcset=\" https:\/\/fabijan.si\/wp-content\/uploads\/site-content\/00002429.jpg 300w, https:\/\/fabijan.si\/wp-content\/uploads\/site-content\/00002429.jpg 150w \" \/><\/p>\n<h4>Dichtung EPDM DN80<\/h4>\n<p>       <button onclick=\"window.location.href='dichtung-epdm-dn80' \"type=\"button\">Weiterlesen<\/button>\n    <\/div>\n<\/p><\/div>\n<div class=\"col-sm-3 galleryitem\">\n     <!-- order:15 --><\/p>\n<div class=\"one-item\">\n       <img decoding=\"async\" src=\"https:\/\/fabijan.si\/wp-content\/uploads\/site-content\/00002501.JPG\" srcset=\" https:\/\/fabijan.si\/wp-content\/uploads\/site-content\/00002501.JPG 300w, https:\/\/fabijan.si\/wp-content\/uploads\/site-content\/00002501.JPG 150w \" \/><\/p>\n<h4>Dichtung EPDM DN100<\/h4>\n<p>       <button onclick=\"window.location.href='dichtung-epdm-dn100' \"type=\"button\">Weiterlesen<\/button>\n    <\/div>\n<\/p><\/div>\n<\/div>\n<\/div>\n","protected":false},"excerpt":{"rendered":"<p>Zuhause | Kellerei | Fittings und Rohrfittings Dichtungen Konusdichtung f\u00fcr Abf\u00fcller &#8211; rot Weiterlesen Dichtung f\u00fcr Rohransatz 1&#8243; Weiterlesen Dichtung f\u00fcr Rohransatz 5\/4&#8243; Weiterlesen Dichtung f\u00fcr Rohransatz 6\/4&#8243; Weiterlesen Dichtung f\u00fcr Scheibenventil DN25 Weiterlesen Dichtung f\u00fcr Scheibenventil DN32 Weiterlesen Dichtung f\u00fcr Scheibenventil DN40 Weiterlesen Dichtung DN20 Weiterlesen Dichtring EPDM DN25 Weiterlesen Dichtung EPDM DN32 Weiterlesen [&hellip;]<\/p>\n","protected":false},"author":1,"featured_media":0,"parent":4577687,"menu_order":0,"comment_status":"closed","ping_status":"closed","template":"elementor_theme","meta":{"footnotes":""},"class_list":["post-4579349","page","type-page","status-publish","hentry"],"_links":{"self":[{"href":"https:\/\/fabijan.si\/de\/wp-json\/wp\/v2\/pages\/4579349","targetHints":{"allow":["GET"]}}],"collection":[{"href":"https:\/\/fabijan.si\/de\/wp-json\/wp\/v2\/pages"}],"about":[{"href":"https:\/\/fabijan.si\/de\/wp-json\/wp\/v2\/types\/page"}],"author":[{"embeddable":true,"href":"https:\/\/fabijan.si\/de\/wp-json\/wp\/v2\/users\/1"}],"replies":[{"embeddable":true,"href":"https:\/\/fabijan.si\/de\/wp-json\/wp\/v2\/comments?post=4579349"}],"version-history":[{"count":0,"href":"https:\/\/fabijan.si\/de\/wp-json\/wp\/v2\/pages\/4579349\/revisions"}],"up":[{"embeddable":true,"href":"https:\/\/fabijan.si\/de\/wp-json\/wp\/v2\/pages\/4577687"}],"wp:attachment":[{"href":"https:\/\/fabijan.si\/de\/wp-json\/wp\/v2\/media?parent=4579349"}],"curies":[{"name":"wp","href":"https:\/\/api.w.org\/{rel}","templated":true}]}}