{"id":4579397,"date":"2026-02-03T15:38:04","date_gmt":"2026-02-03T14:38:04","guid":{"rendered":"https:\/\/fabijan.si\/kellerei\/fittings-und-rohrfittings\/schweissteile\/"},"modified":"2026-02-03T15:38:04","modified_gmt":"2026-02-03T14:38:04","slug":"schweissteile","status":"publish","type":"page","link":"https:\/\/fabijan.si\/de\/kellerei\/fittings-und-rohrfittings\/schweissteile\/","title":{"rendered":"schweissteile"},"content":{"rendered":"<div class=\"breadcrumb-container\"><span><br \/>\n<a href=\"https:\/\/fabijan.si\/de\/\">Zuhause<\/a> | <a href=\"https:\/\/fabijan.si\/de\/kellerei\/\">Kellerei<\/a> | <a href=\"https:\/\/fabijan.si\/de\/kellerei\/fittings-und-rohrfittings\/\">Fittings und Rohrfittings<\/a><\/span>\n<\/div>\n<div class=\"category-title\" style=\"display: flex; justify-content: center;\">\n<h2>Schwei\u00dfteile<\/h2>\n<\/div>\n<div class=\"mygallery\">\n<div class=\"row\">\n<div class=\"col-sm-3 galleryitem\">\n     <!-- order:1 --><\/p>\n<div class=\"one-item\">\n       <img decoding=\"async\" src=\"https:\/\/fabijan.si\/wp-content\/uploads\/site-content\/00002448.jpg\" srcset=\" https:\/\/fabijan.si\/wp-content\/uploads\/site-content\/00002448.jpg 300w, https:\/\/fabijan.si\/wp-content\/uploads\/site-content\/00002448.jpg 150w \" \/><\/p>\n<h4>Einschwei\u00dfschauglas DN 25<\/h4>\n<p>       <button onclick=\"window.location.href='einschweissschauglas-dn-25' \"type=\"button\">Weiterlesen<\/button>\n    <\/div>\n<\/p><\/div>\n<div class=\"col-sm-3 galleryitem\">\n     <!-- order:2 --><\/p>\n<div class=\"one-item\">\n       <img decoding=\"async\" src=\"https:\/\/fabijan.si\/wp-content\/uploads\/site-content\/00002448.jpg\" srcset=\" https:\/\/fabijan.si\/wp-content\/uploads\/site-content\/00002448.jpg 300w, https:\/\/fabijan.si\/wp-content\/uploads\/site-content\/00002448.jpg 150w \" \/><\/p>\n<h4>SCHAUGLAS DN32<\/h4>\n<p>       <button onclick=\"window.location.href='schauglas-dn32' \"type=\"button\">Weiterlesen<\/button>\n    <\/div>\n<\/p><\/div>\n<div class=\"col-sm-3 galleryitem\">\n     <!-- order:3 --><\/p>\n<div class=\"one-item\">\n       <img decoding=\"async\" src=\"https:\/\/fabijan.si\/wp-content\/uploads\/site-content\/00002448.jpg\" srcset=\" https:\/\/fabijan.si\/wp-content\/uploads\/site-content\/00002448.jpg 300w, https:\/\/fabijan.si\/wp-content\/uploads\/site-content\/00002448.jpg 150w \" \/><\/p>\n<h4>Anschwei\u00dfst\u00fcck f\u00fcr Schauglas  DN 40<\/h4>\n<p>       <button onclick=\"window.location.href='anschweissstuck-fur-schauglas-dn-40' \"type=\"button\">Weiterlesen<\/button>\n    <\/div>\n<\/p><\/div>\n<div class=\"col-sm-3 galleryitem\">\n     <!-- order:4 --><\/p>\n<div class=\"one-item\">\n       <img decoding=\"async\" src=\"https:\/\/fabijan.si\/wp-content\/uploads\/site-content\/00000210.jpg\" srcset=\" https:\/\/fabijan.si\/wp-content\/uploads\/site-content\/00000210.jpg 300w, https:\/\/fabijan.si\/wp-content\/uploads\/site-content\/00000210.jpg 150w \" \/><\/p>\n<h4>Gewindeanschwei\u00dfstutzen 1\/2\u02ddR<\/h4>\n<p>       <button onclick=\"window.location.href='gewindeanschweissstutzen-1-2-r' \"type=\"button\">Weiterlesen<\/button>\n    <\/div>\n<\/p><\/div>\n<\/div>\n<div class=\"row\">\n<div class=\"col-sm-3 galleryitem\">\n     <!-- order:5 --><\/p>\n<div class=\"one-item\">\n       <img decoding=\"async\" src=\"https:\/\/fabijan.si\/wp-content\/uploads\/site-content\/00000210.jpg\" srcset=\" https:\/\/fabijan.si\/wp-content\/uploads\/site-content\/00000210.jpg 300w, https:\/\/fabijan.si\/wp-content\/uploads\/site-content\/00000210.jpg 150w \" \/><\/p>\n<h4>Gewindeanschwei\u00dfstutzen 3\/4&#8243;<\/h4>\n<p>       <button onclick=\"window.location.href='gewindeanschweissstutzen-3-4' \"type=\"button\">Weiterlesen<\/button>\n    <\/div>\n<\/p><\/div>\n<div class=\"col-sm-3 galleryitem\">\n     <!-- order:6 --><\/p>\n<div class=\"one-item\">\n       <img decoding=\"async\" src=\"https:\/\/fabijan.si\/wp-content\/uploads\/site-content\/00000210.jpg\" srcset=\" https:\/\/fabijan.si\/wp-content\/uploads\/site-content\/00000210.jpg 300w, https:\/\/fabijan.si\/wp-content\/uploads\/site-content\/00000210.jpg 150w \" \/><\/p>\n<h4>Gewindeanschwei\u00dfstutzen 1\u02dd<\/h4>\n<p>       <button onclick=\"window.location.href='gewindeanschweissstutzen-1-' \"type=\"button\">Weiterlesen<\/button>\n    <\/div>\n<\/p><\/div>\n<div class=\"col-sm-3 galleryitem\">\n     <!-- order:7 --><\/p>\n<div class=\"one-item\">\n       <img decoding=\"async\" src=\"https:\/\/fabijan.si\/wp-content\/uploads\/site-content\/00000210.jpg\" srcset=\" https:\/\/fabijan.si\/wp-content\/uploads\/site-content\/00000210.jpg 300w, https:\/\/fabijan.si\/wp-content\/uploads\/site-content\/00000210.jpg 150w \" \/><\/p>\n<h4>Anschwei\u00dfgewinde 5\/4&#8243; WG<\/h4>\n<p>       <button onclick=\"window.location.href='anschweissgewinde-5-4-wg' \"type=\"button\">Weiterlesen<\/button>\n    <\/div>\n<\/p><\/div>\n<div class=\"col-sm-3 galleryitem\">\n     <!-- order:8 --><\/p>\n<div class=\"one-item\">\n       <img decoding=\"async\" src=\"https:\/\/fabijan.si\/wp-content\/uploads\/site-content\/00000210.jpg\" srcset=\" https:\/\/fabijan.si\/wp-content\/uploads\/site-content\/00000210.jpg 300w, https:\/\/fabijan.si\/wp-content\/uploads\/site-content\/00000210.jpg 150w \" \/><\/p>\n<h4>Anschwei\u00dfgewindestutzen 6\/4&#8243; WAG<\/h4>\n<p>       <button onclick=\"window.location.href='anschweissgewindestutzen-6-4-wag' \"type=\"button\">Weiterlesen<\/button>\n    <\/div>\n<\/p><\/div>\n<\/div>\n<div class=\"row\">\n<div class=\"col-sm-3 galleryitem\">\n     <!-- order:9 --><\/p>\n<div class=\"one-item\">\n       <img decoding=\"async\" src=\"https:\/\/fabijan.si\/wp-content\/uploads\/site-content\/00009524.jpg\" srcset=\" https:\/\/fabijan.si\/wp-content\/uploads\/site-content\/00009524.jpg 300w, https:\/\/fabijan.si\/wp-content\/uploads\/site-content\/00009524.jpg 150w \" \/><\/p>\n<h4>Schlaucht\u00fclle DN20<\/h4>\n<p>       <button onclick=\"window.location.href='schlauchtulle-dn20' \"type=\"button\">Weiterlesen<\/button>\n    <\/div>\n<\/p><\/div>\n<div class=\"col-sm-3 galleryitem\">\n     <!-- order:10 --><\/p>\n<div class=\"one-item\">\n       <img decoding=\"async\" src=\"https:\/\/fabijan.si\/wp-content\/uploads\/site-content\/00009524.jpg\" srcset=\" https:\/\/fabijan.si\/wp-content\/uploads\/site-content\/00009524.jpg 300w, https:\/\/fabijan.si\/wp-content\/uploads\/site-content\/00009524.jpg 150w \" \/><\/p>\n<h4>Schlaucht\u00fclle DN25<\/h4>\n<p>       <button onclick=\"window.location.href='schlauchtulle-dn25' \"type=\"button\">Weiterlesen<\/button>\n    <\/div>\n<\/p><\/div>\n<div class=\"col-sm-3 galleryitem\">\n     <!-- order:11 --><\/p>\n<div class=\"one-item\">\n       <img decoding=\"async\" src=\"https:\/\/fabijan.si\/wp-content\/uploads\/site-content\/00009524.jpg\" srcset=\" https:\/\/fabijan.si\/wp-content\/uploads\/site-content\/00009524.jpg 300w, https:\/\/fabijan.si\/wp-content\/uploads\/site-content\/00009524.jpg 150w \" \/><\/p>\n<h4>Schlaucht\u00fclle DN40<\/h4>\n<p>       <button onclick=\"window.location.href='schlauchtulle-dn40' \"type=\"button\">Weiterlesen<\/button>\n    <\/div>\n<\/p><\/div>\n<div class=\"col-sm-3 galleryitem\">\n     <!-- order:12 --><\/p>\n<div class=\"one-item\">\n       <img decoding=\"async\" src=\"https:\/\/fabijan.si\/wp-content\/uploads\/site-content\/00009524.jpg\" srcset=\" https:\/\/fabijan.si\/wp-content\/uploads\/site-content\/00009524.jpg 300w, https:\/\/fabijan.si\/wp-content\/uploads\/site-content\/00009524.jpg 150w \" \/><\/p>\n<h4>Schlaucht\u00fclle DN50<\/h4>\n<p>       <button onclick=\"window.location.href='schlauchtulle-dn50' \"type=\"button\">Weiterlesen<\/button>\n    <\/div>\n<\/p><\/div>\n<\/div>\n<div class=\"row\">\n<div class=\"col-sm-3 galleryitem\">\n     <!-- order:13 --><\/p>\n<div class=\"one-item\">\n       <img decoding=\"async\" src=\"https:\/\/fabijan.si\/wp-content\/uploads\/site-content\/00009524.jpg\" srcset=\" https:\/\/fabijan.si\/wp-content\/uploads\/site-content\/00009524.jpg 300w, https:\/\/fabijan.si\/wp-content\/uploads\/site-content\/00009524.jpg 150w \" \/><\/p>\n<h4>Schlaucht\u00fclle DN60<\/h4>\n<p>       <button onclick=\"window.location.href='schlauchtulle-dn60' \"type=\"button\">Weiterlesen<\/button>\n    <\/div>\n<\/p><\/div>\n<div class=\"col-sm-3 galleryitem\">\n     <!-- order:14 --><\/p>\n<div class=\"one-item\">\n       <img decoding=\"async\" src=\"https:\/\/fabijan.si\/wp-content\/uploads\/site-content\/00009524.jpg\" srcset=\" https:\/\/fabijan.si\/wp-content\/uploads\/site-content\/00009524.jpg 300w, https:\/\/fabijan.si\/wp-content\/uploads\/site-content\/00009524.jpg 150w \" \/><\/p>\n<h4>Schlaucht\u00fclle DN80<\/h4>\n<p>       <button onclick=\"window.location.href='schlauchtulle-dn80' \"type=\"button\">Weiterlesen<\/button>\n    <\/div>\n<\/p><\/div>\n<div class=\"col-sm-3 galleryitem\">\n     <!-- order:15 --><\/p>\n<div class=\"one-item\">\n       <img decoding=\"async\" src=\"https:\/\/fabijan.si\/wp-content\/uploads\/site-content\/00009524.jpg\" srcset=\" https:\/\/fabijan.si\/wp-content\/uploads\/site-content\/00009524.jpg 300w, https:\/\/fabijan.si\/wp-content\/uploads\/site-content\/00009524.jpg 150w \" \/><\/p>\n<h4>Schlaucht\u00fclle DN100<\/h4>\n<p>       <button onclick=\"window.location.href='schlauchtulle-dn100' \"type=\"button\">Weiterlesen<\/button>\n    <\/div>\n<\/p><\/div>\n<div class=\"col-sm-3 galleryitem\">\n     <!-- order:16 --><\/p>\n<div class=\"one-item\">\n       <img decoding=\"async\" src=\"https:\/\/fabijan.si\/wp-content\/uploads\/site-content\/00009524.jpg\" srcset=\" https:\/\/fabijan.si\/wp-content\/uploads\/site-content\/00009524.jpg 300w, https:\/\/fabijan.si\/wp-content\/uploads\/site-content\/00009524.jpg 150w \" \/><\/p>\n<h4>Schlaucht\u00fclle fi30<\/h4>\n<p>       <button onclick=\"window.location.href='schlauchtulle-fi30' \"type=\"button\">Weiterlesen<\/button>\n    <\/div>\n<\/p><\/div>\n<\/div>\n<div class=\"row\">\n<div class=\"col-sm-3 galleryitem\">\n     <!-- order:17 --><\/p>\n<div class=\"one-item\">\n       <img decoding=\"async\" src=\"https:\/\/fabijan.si\/wp-content\/uploads\/site-content\/00009524.jpg\" srcset=\" https:\/\/fabijan.si\/wp-content\/uploads\/site-content\/00009524.jpg 300w, https:\/\/fabijan.si\/wp-content\/uploads\/site-content\/00009524.jpg 150w \" \/><\/p>\n<h4>Schlaucht\u00fclle fi33 &#8211; fi28, L=52 mm<\/h4>\n<p>       <button onclick=\"window.location.href='schlauchtulle-fi33-fi28-l52-mm' \"type=\"button\">Weiterlesen<\/button>\n    <\/div>\n<\/p><\/div>\n<div class=\"col-sm-3 galleryitem\">\n     <!-- order:18 --><\/p>\n<div class=\"one-item\">\n       <img decoding=\"async\" src=\"https:\/\/fabijan.si\/wp-content\/uploads\/site-content\/00009546.jpg\" srcset=\" https:\/\/fabijan.si\/wp-content\/uploads\/site-content\/00009546.jpg 300w, https:\/\/fabijan.si\/wp-content\/uploads\/site-content\/00009546.jpg 150w \" \/><\/p>\n<h4>Anschwei\u00dfkegelstutzen DN32<\/h4>\n<p>       <button onclick=\"window.location.href='anschweisskegelstutzen-dn32' \"type=\"button\">Weiterlesen<\/button>\n    <\/div>\n<\/p><\/div>\n<div class=\"col-sm-3 galleryitem\">\n     <!-- order:19 --><\/p>\n<div class=\"one-item\">\n       <img decoding=\"async\" src=\"https:\/\/fabijan.si\/wp-content\/uploads\/site-content\/00002488.jpg\" srcset=\" https:\/\/fabijan.si\/wp-content\/uploads\/site-content\/00002488.jpg 300w, https:\/\/fabijan.si\/wp-content\/uploads\/site-content\/00002488.jpg 150w \" \/><\/p>\n<h4>Anschwei\u00dfgewindestutzen DN32<\/h4>\n<p>       <button onclick=\"window.location.href='anschweissgewindestutzen-dn32' \"type=\"button\">Weiterlesen<\/button>\n    <\/div>\n<\/p><\/div>\n<div class=\"col-sm-3 galleryitem\">\n     <!-- order:20 --><\/p>\n<div class=\"one-item\">\n       <img decoding=\"async\" src=\"https:\/\/fabijan.si\/wp-content\/uploads\/site-content\/00009546.jpg\" srcset=\" https:\/\/fabijan.si\/wp-content\/uploads\/site-content\/00009546.jpg 300w, https:\/\/fabijan.si\/wp-content\/uploads\/site-content\/00009546.jpg 150w \" \/><\/p>\n<h4>Anschwei\u00dfkegelstutzen DN40<\/h4>\n<p>       <button onclick=\"window.location.href='anschweisskegelstutzen-dn40' \"type=\"button\">Weiterlesen<\/button>\n    <\/div>\n<\/p><\/div>\n<\/div>\n<div class=\"row\">\n<div class=\"col-sm-3 galleryitem\">\n     <!-- order:21 --><\/p>\n<div class=\"one-item\">\n       <img decoding=\"async\" src=\"https:\/\/fabijan.si\/wp-content\/uploads\/site-content\/00002488.jpg\" srcset=\" https:\/\/fabijan.si\/wp-content\/uploads\/site-content\/00002488.jpg 300w, https:\/\/fabijan.si\/wp-content\/uploads\/site-content\/00002488.jpg 150w \" \/><\/p>\n<h4>Anschwei\u00dfgewindestutzen DN40<\/h4>\n<p>       <button onclick=\"window.location.href='anschweissgewindestutzen-dn40' \"type=\"button\">Weiterlesen<\/button>\n    <\/div>\n<\/p><\/div>\n<div class=\"col-sm-3 galleryitem\">\n     <!-- order:22 --><\/p>\n<div class=\"one-item\">\n       <img decoding=\"async\" src=\"https:\/\/fabijan.si\/wp-content\/uploads\/site-content\/00009546.jpg\" srcset=\" https:\/\/fabijan.si\/wp-content\/uploads\/site-content\/00009546.jpg 300w, https:\/\/fabijan.si\/wp-content\/uploads\/site-content\/00009546.jpg 150w \" \/><\/p>\n<h4>Anschwei\u00dfkegelstutzen DN50<\/h4>\n<p>       <button onclick=\"window.location.href='anschweisskegelstutzen-dn50' \"type=\"button\">Weiterlesen<\/button>\n    <\/div>\n<\/p><\/div>\n<div class=\"col-sm-3 galleryitem\">\n     <!-- order:23 --><\/p>\n<div class=\"one-item\">\n       <img decoding=\"async\" src=\"https:\/\/fabijan.si\/wp-content\/uploads\/site-content\/00002488.jpg\" srcset=\" https:\/\/fabijan.si\/wp-content\/uploads\/site-content\/00002488.jpg 300w, https:\/\/fabijan.si\/wp-content\/uploads\/site-content\/00002488.jpg 150w \" \/><\/p>\n<h4>Anschwei\u00dfgewindestutzen DN50<\/h4>\n<p>       <button onclick=\"window.location.href='anschweissgewindestutzen-dn50' \"type=\"button\">Weiterlesen<\/button>\n    <\/div>\n<\/p><\/div>\n<div class=\"col-sm-3 galleryitem\">\n     <!-- order:24 --><\/p>\n<div class=\"one-item\">\n       <img decoding=\"async\" src=\"https:\/\/fabijan.si\/wp-content\/uploads\/site-content\/00009546.jpg\" srcset=\" https:\/\/fabijan.si\/wp-content\/uploads\/site-content\/00009546.jpg 300w, https:\/\/fabijan.si\/wp-content\/uploads\/site-content\/00009546.jpg 150w \" \/><\/p>\n<h4>Anschwei\u00dfkegelstutzen DN65<\/h4>\n<p>       <button onclick=\"window.location.href='anschweisskegelstutzen-dn65' \"type=\"button\">Weiterlesen<\/button>\n    <\/div>\n<\/p><\/div>\n<\/div>\n<div class=\"row\">\n<div class=\"col-sm-3 galleryitem\">\n     <!-- order:25 --><\/p>\n<div class=\"one-item\">\n       <img decoding=\"async\" src=\"https:\/\/fabijan.si\/wp-content\/uploads\/site-content\/00002488.jpg\" srcset=\" https:\/\/fabijan.si\/wp-content\/uploads\/site-content\/00002488.jpg 300w, https:\/\/fabijan.si\/wp-content\/uploads\/site-content\/00002488.jpg 150w \" \/><\/p>\n<h4>Anschwei\u00dfgewindestutzen DN65<\/h4>\n<p>       <button onclick=\"window.location.href='anschweissgewindestutzen-dn65' \"type=\"button\">Weiterlesen<\/button>\n    <\/div>\n<\/p><\/div>\n<div class=\"col-sm-3 galleryitem\">\n     <!-- order:26 --><\/p>\n<div class=\"one-item\">\n       <img decoding=\"async\" src=\"https:\/\/fabijan.si\/wp-content\/uploads\/site-content\/00009546.jpg\" srcset=\" https:\/\/fabijan.si\/wp-content\/uploads\/site-content\/00009546.jpg 300w, https:\/\/fabijan.si\/wp-content\/uploads\/site-content\/00009546.jpg 150w \" \/><\/p>\n<h4>Anschwei\u00dfkegelstutzen DN80<\/h4>\n<p>       <button onclick=\"window.location.href='anschweisskegelstutzen-dn80' \"type=\"button\">Weiterlesen<\/button>\n    <\/div>\n<\/p><\/div>\n<div class=\"col-sm-3 galleryitem\">\n     <!-- order:27 --><\/p>\n<div class=\"one-item\">\n       <img decoding=\"async\" src=\"https:\/\/fabijan.si\/wp-content\/uploads\/site-content\/00002488.jpg\" srcset=\" https:\/\/fabijan.si\/wp-content\/uploads\/site-content\/00002488.jpg 300w, https:\/\/fabijan.si\/wp-content\/uploads\/site-content\/00002488.jpg 150w \" \/><\/p>\n<h4>Anschwei\u00dfgewindestutzen DN80<\/h4>\n<p>       <button onclick=\"window.location.href='anschweissgewindestutzen-dn80' \"type=\"button\">Weiterlesen<\/button>\n    <\/div>\n<\/p><\/div>\n<div class=\"col-sm-3 galleryitem\">\n     <!-- order:28 --><\/p>\n<div class=\"one-item\">\n       <img decoding=\"async\" src=\"https:\/\/fabijan.si\/wp-content\/uploads\/site-content\/00009546.jpg\" srcset=\" https:\/\/fabijan.si\/wp-content\/uploads\/site-content\/00009546.jpg 300w, https:\/\/fabijan.si\/wp-content\/uploads\/site-content\/00009546.jpg 150w \" \/><\/p>\n<h4>Anschwei\u00dfkegelstutzen DN100<\/h4>\n<p>       <button onclick=\"window.location.href='anschweisskegelstutzen-dn100' \"type=\"button\">Weiterlesen<\/button>\n    <\/div>\n<\/p><\/div>\n<\/div>\n<div class=\"row\">\n<div class=\"col-sm-3 galleryitem\">\n     <!-- order:29 --><\/p>\n<div class=\"one-item\">\n       <img decoding=\"async\" src=\"https:\/\/fabijan.si\/wp-content\/uploads\/site-content\/00002488.jpg\" srcset=\" https:\/\/fabijan.si\/wp-content\/uploads\/site-content\/00002488.jpg 300w, https:\/\/fabijan.si\/wp-content\/uploads\/site-content\/00002488.jpg 150w \" \/><\/p>\n<h4>Anschwei\u00dfgewindestutzen DN100 poliert<\/h4>\n<p>       <button onclick=\"window.location.href='anschweissgewindestutzen-dn100-poliert' \"type=\"button\">Weiterlesen<\/button>\n    <\/div>\n<\/p><\/div>\n<\/div>\n<\/div>\n","protected":false},"excerpt":{"rendered":"<p>Zuhause | Kellerei | Fittings und Rohrfittings Schwei\u00dfteile Einschwei\u00dfschauglas DN 25 Weiterlesen SCHAUGLAS DN32 Weiterlesen Anschwei\u00dfst\u00fcck f\u00fcr Schauglas DN 40 Weiterlesen Gewindeanschwei\u00dfstutzen 1\/2\u02ddR Weiterlesen Gewindeanschwei\u00dfstutzen 3\/4&#8243; Weiterlesen Gewindeanschwei\u00dfstutzen 1\u02dd Weiterlesen Anschwei\u00dfgewinde 5\/4&#8243; WG Weiterlesen Anschwei\u00dfgewindestutzen 6\/4&#8243; WAG Weiterlesen Schlaucht\u00fclle DN20 Weiterlesen Schlaucht\u00fclle DN25 Weiterlesen Schlaucht\u00fclle DN40 Weiterlesen Schlaucht\u00fclle DN50 Weiterlesen Schlaucht\u00fclle DN60 Weiterlesen Schlaucht\u00fclle DN80 [&hellip;]<\/p>\n","protected":false},"author":1,"featured_media":0,"parent":4577687,"menu_order":0,"comment_status":"closed","ping_status":"closed","template":"elementor_theme","meta":{"footnotes":""},"class_list":["post-4579397","page","type-page","status-publish","hentry"],"_links":{"self":[{"href":"https:\/\/fabijan.si\/de\/wp-json\/wp\/v2\/pages\/4579397","targetHints":{"allow":["GET"]}}],"collection":[{"href":"https:\/\/fabijan.si\/de\/wp-json\/wp\/v2\/pages"}],"about":[{"href":"https:\/\/fabijan.si\/de\/wp-json\/wp\/v2\/types\/page"}],"author":[{"embeddable":true,"href":"https:\/\/fabijan.si\/de\/wp-json\/wp\/v2\/users\/1"}],"replies":[{"embeddable":true,"href":"https:\/\/fabijan.si\/de\/wp-json\/wp\/v2\/comments?post=4579397"}],"version-history":[{"count":0,"href":"https:\/\/fabijan.si\/de\/wp-json\/wp\/v2\/pages\/4579397\/revisions"}],"up":[{"embeddable":true,"href":"https:\/\/fabijan.si\/de\/wp-json\/wp\/v2\/pages\/4577687"}],"wp:attachment":[{"href":"https:\/\/fabijan.si\/de\/wp-json\/wp\/v2\/media?parent=4579397"}],"curies":[{"name":"wp","href":"https:\/\/api.w.org\/{rel}","templated":true}]}}