{"id":4579724,"date":"2026-02-03T15:39:35","date_gmt":"2026-02-03T14:39:35","guid":{"rendered":"https:\/\/fabijan.si\/kellerei\/weinlagerung-und-handhabung\/vinplast-1210\/"},"modified":"2026-02-03T15:39:35","modified_gmt":"2026-02-03T14:39:35","slug":"vinplast-1210","status":"publish","type":"page","link":"https:\/\/fabijan.si\/de\/kellerei\/weinlagerung-und-handhabung\/vinplast-1210\/","title":{"rendered":"vinplast-1210"},"content":{"rendered":"\n<div class=\"container\">\n<div class=\"breadcrumb-container\"><span><br \/>\n<a href=\"https:\/\/fabijan.si\/de\/\">Zuhause<\/a> | <a href=\"https:\/\/fabijan.si\/de\/kellerei\/\">Kellerei<\/a> | <a href=\"https:\/\/fabijan.si\/de\/kellerei\/weinlagerung-und-handhabung\/\">Weinlagerung und -handhabung<\/a><\/span>\n<\/div>\n<div class=\"row\">\n<div class=\"col-6\">\n<div id=\"carouselExampleControls\" class=\"carousel slide carousel-container\" data-interval=\"false\">\n<div class=\"carousel-inner\">\n<div class=\"carousel-item active\"><iframe class=\"ytlnk\" src=\"https:\/\/www.youtube.com\/embed\/0ZM-ZCTfD2A\" title=\"YouTube video player\" frameborder=\"0\" allow=\"accelerometer; autoplay; clipboard-write; encrypted-media; gyroscope; picture-in-picture\" allowfullscreen><\/iframe><\/div>\n<div class=\"carousel-item \">   <img decoding=\"async\" src=\"https:\/\/fabijan.si\/wp-content\/uploads\/site-content\/00054271.jpg\" class=\"d-block w-100\" alt=\"...\"><\/div>\n<div class=\"carousel-item \">   <img decoding=\"async\" src=\"https:\/\/fabijan.si\/wp-content\/uploads\/site-content\/00054271_1.jpg\" class=\"d-block w-100\" alt=\"...\"><\/div>\n<div class=\"carousel-item \">   <img decoding=\"async\" src=\"https:\/\/fabijan.si\/wp-content\/uploads\/site-content\/00054271_2.jpg\" class=\"d-block w-100\" alt=\"...\"><\/div>\n<div class=\"carousel-item \">   <img decoding=\"async\" src=\"https:\/\/fabijan.si\/wp-content\/uploads\/site-content\/00054271_3.jpg\" class=\"d-block w-100\" alt=\"...\"><\/div>\n<\/p><\/div>\n<p>              <button class=\"carousel-control-prev\" type=\"button\" data-bs-target=\"#carouselExampleControls\" data-bs-slide=\"prev\"><br \/>\n                <span class=\"carousel-control-prev-icon\" aria-hidden=\"true\"><\/span><br \/>\n              <\/button><br \/>\n              <button class=\"carousel-control-next\" type=\"button\" data-bs-target=\"#carouselExampleControls\" data-bs-slide=\"next\"><br \/>\n                <span class=\"carousel-control-next-icon\" aria-hidden=\"true\"><\/span><br \/>\n              <\/button>\n            <\/div>\n<\/p><\/div>\n<div class=\"col-6 slo-name\">\n            VINPLAST 1210<\/p>\n<div class=\"brand\">Vinplast\u00ae ist das neue Lagersystem f\u00fcr Flaschenweine, eine innovative Alternative zu Metall- oder Holzverpackungen.<br \/>\nDie Flaschen reiben nicht aneinander, das Glas ist vor Kratzern und Br\u00fcchen gesch\u00fctzt, die Flaschen sind vor Licht gesch\u00fctzt und gew\u00e4hrleisten so den Alterungsprozess des Weines.<\/p>\n<p>Vinplast sorgt f\u00fcr eine optimale Raumnutzung in Ihren Kellern, sowohl in der H\u00f6he als auch in der Breite.<\/p>\n<p>* Vinplast 1210<br \/>\n* Vinplast pro Palette: 20<br \/>\n* Flaschen pro Vinplast: 42<br \/>\n* Flaschen pro Palette: 840<br \/>\n* Palettenstapelung: 2 + 1<br \/>\n* Abmessungen: 1200x1000mm<br \/>\n* Flaschentypen: Bordolese Bordeaux zylindrisch, Elsass, Burgunder, Champagner<br \/>\n* Maximaler Durchmesser (der Flaschen):  90mm<\/p><\/div>\n<p>\t\t\t<!-- \n\n<div class=\"price-container\">\n                \n\n<p class=\"price\">###PRICE###<\/p>\n\n --><br \/>\n                <!-- <button type=\"button\" class=\"btn btn-config btn-lg\">Pojdi na konfigurator<\/button> -->\n            <\/div>\n<\/p><\/div>\n<div class=\"menu\">\n<div class=\"btn-group d-flex justify-content-center\" id=\"menu-buttons\">\n              <button type=\"button\" onClick = \"showSpecs()\" class=\"btn menu-button menu-title active\">SPEZIFIKATIONEN<\/button><br \/>\n              <button type=\"button\" onClick = \"showDescription()\" class=\"btn menu-button menu-title\">BESCHREIBUNG<\/button><br \/>\n              <button type=\"button\" onClick = \"showMaterial()\" class=\"btn menu-button menu-title\">MATERIAL<\/button>\n            <\/div>\n<div id=\"specs\">\n<ul class=\"list-group\">\n                Vinplast\u00ae ist das neue Lagersystem f\u00fcr Flaschenweine, eine innovative Alternative zu Metall- oder Holzverpackungen.<br \/>\nDie Flaschen reiben nicht aneinander, das Glas ist vor Kratzern und Br\u00fcchen gesch\u00fctzt, die Flaschen sind vor Licht gesch\u00fctzt und gew\u00e4hrleisten so den Alterungsprozess des Weines.<\/p>\n<p>Vinplast sorgt f\u00fcr eine optimale Raumnutzung in Ihren Kellern, sowohl in der H\u00f6he als auch in der Breite.<\/p>\n<p>* Vinplast 1210<br \/>\n* Vinplast pro Palette: 20<br \/>\n* Flaschen pro Vinplast: 42<br \/>\n* Flaschen pro Palette: 840<br \/>\n* Palettenstapelung: 2 + 1<br \/>\n* Abmessungen: 1200x1000mm<br \/>\n* Flaschentypen: Bordolese Bordeaux zylindrisch, Elsass, Burgunder, Champagner<br \/>\n* Maximaler Durchmesser (der Flaschen):  90mm\n              <\/ul>\n<\/p><\/div>\n<div id=\"description\"><\/div>\n<div id=\"material\"><\/div>\n<\/p><\/div>\n<\/p><\/div>\n<\/p><\/div>\n","protected":false},"excerpt":{"rendered":"<p>Zuhause | Kellerei | Weinlagerung und -handhabung VINPLAST 1210 Vinplast\u00ae ist das neue Lagersystem f\u00fcr Flaschenweine, eine innovative Alternative zu Metall- oder Holzverpackungen. Die Flaschen reiben nicht aneinander, das Glas ist vor Kratzern und Br\u00fcchen gesch\u00fctzt, die Flaschen sind vor Licht gesch\u00fctzt und gew\u00e4hrleisten so den Alterungsprozess des Weines. Vinplast sorgt f\u00fcr eine optimale Raumnutzung [&hellip;]<\/p>\n","protected":false},"author":1,"featured_media":0,"parent":4579721,"menu_order":0,"comment_status":"closed","ping_status":"closed","template":"elementor_theme","meta":{"footnotes":""},"class_list":["post-4579724","page","type-page","status-publish","hentry"],"_links":{"self":[{"href":"https:\/\/fabijan.si\/de\/wp-json\/wp\/v2\/pages\/4579724","targetHints":{"allow":["GET"]}}],"collection":[{"href":"https:\/\/fabijan.si\/de\/wp-json\/wp\/v2\/pages"}],"about":[{"href":"https:\/\/fabijan.si\/de\/wp-json\/wp\/v2\/types\/page"}],"author":[{"embeddable":true,"href":"https:\/\/fabijan.si\/de\/wp-json\/wp\/v2\/users\/1"}],"replies":[{"embeddable":true,"href":"https:\/\/fabijan.si\/de\/wp-json\/wp\/v2\/comments?post=4579724"}],"version-history":[{"count":0,"href":"https:\/\/fabijan.si\/de\/wp-json\/wp\/v2\/pages\/4579724\/revisions"}],"up":[{"embeddable":true,"href":"https:\/\/fabijan.si\/de\/wp-json\/wp\/v2\/pages\/4579721"}],"wp:attachment":[{"href":"https:\/\/fabijan.si\/de\/wp-json\/wp\/v2\/media?parent=4579724"}],"curies":[{"name":"wp","href":"https:\/\/api.w.org\/{rel}","templated":true}]}}