{"id":4579853,"date":"2026-02-03T15:44:02","date_gmt":"2026-02-03T14:44:02","guid":{"rendered":"https:\/\/fabijan.si\/grunland\/schwader\/angebaute-giroschwader-kuhn-ga-300-gm-3201-g-3201-gm-3801-gm-4121-gm-4321-gm\/angebaute-giroschwader-kuhn-ga-3901-gm\/"},"modified":"2026-02-03T15:44:02","modified_gmt":"2026-02-03T14:44:02","slug":"angebaute-giroschwader-kuhn-ga-3901-gm","status":"publish","type":"page","link":"https:\/\/fabijan.si\/de\/grunland\/schwader\/angebaute-giroschwader-kuhn-ga-300-gm-3201-g-3201-gm-3801-gm-4121-gm-4321-gm\/angebaute-giroschwader-kuhn-ga-3901-gm\/","title":{"rendered":"angebaute-giroschwader-kuhn-ga-3901-gm"},"content":{"rendered":"\n<div class=\"container\">\n<div class=\"breadcrumb-container\"><span><br \/>\n<a href=\"https:\/\/fabijan.si\/de\/\">Zuhause<\/a> | <a href=\"https:\/\/fabijan.si\/de\/grunland\/\">Gr\u00fcnland<\/a> | <a href=\"https:\/\/fabijan.si\/de\/grunland\/schwader\/\">Schwader<\/a> | <a href=\"https:\/\/fabijan.si\/de\/grunland\/schwader\/angebaute-giroschwader-kuhn-ga-300-gm-3201-g-3201-gm-3801-gm-4121-gm-4321-gm\/\">Angebaute Giroschwader KUHN GA 300 GM\/3201 G\/3201 GM \/3801 GM\/4121 GM\/4321 GM<\/a><\/span>\n<\/div>\n<div class=\"row\">\n<div class=\"col-6\">\n<div id=\"carouselExampleControls\" class=\"carousel slide carousel-container\" data-interval=\"false\">\n<div class=\"carousel-inner\">\n<div class=\"carousel-item active\"><iframe class=\"ytlnk\" src=\"https:\/\/www.youtube.com\/embed\/https:\/\/youtu.be\/iGsgGBaH8Rw\" title=\"YouTube video player\" frameborder=\"0\" allow=\"accelerometer; autoplay; clipboard-write; encrypted-media; gyroscope; picture-in-picture\" allowfullscreen><\/iframe><\/div>\n<div class=\"carousel-item \">   <img decoding=\"async\" src=\"https:\/\/fabijan.si\/wp-content\/uploads\/site-content\/kuhn-ga-3801-gm.jpg\" class=\"d-block w-100\" alt=\"...\"><\/div>\n<div class=\"carousel-item \">   <img decoding=\"async\" src=\"https:\/\/fabijan.si\/wp-content\/uploads\/site-content\/kuhn-ga-xxx.jpg\" class=\"d-block w-100\" alt=\"...\"><\/div>\n<div class=\"carousel-item \">   <img decoding=\"async\" src=\"https:\/\/fabijan.si\/wp-content\/uploads\/site-content\/ga-masterdrive.jpg\" class=\"d-block w-100\" alt=\"...\"><\/div>\n<div class=\"carousel-item \">   <img decoding=\"async\" src=\"https:\/\/fabijan.si\/wp-content\/uploads\/site-content\/ga-3801-gm-work-john-deere-24.JPG\" class=\"d-block w-100\" alt=\"...\"><\/div>\n<div class=\"carousel-item \">   <img decoding=\"async\" src=\"https:\/\/fabijan.si\/wp-content\/uploads\/site-content\/ga-3801-gm-work-john-deere-50.JPG\" class=\"d-block w-100\" alt=\"...\"><\/div>\n<div class=\"carousel-item \">   <img decoding=\"async\" src=\"https:\/\/fabijan.si\/wp-content\/uploads\/site-content\/ga-3801-gm-work-john-deere-26.JPG\" class=\"d-block w-100\" alt=\"...\"><\/div>\n<\/p><\/div>\n<p>              <button class=\"carousel-control-prev\" type=\"button\" data-bs-target=\"#carouselExampleControls\" data-bs-slide=\"prev\"><br \/>\n                <span class=\"carousel-control-prev-icon\" aria-hidden=\"true\"><\/span><br \/>\n              <\/button><br \/>\n              <button class=\"carousel-control-next\" type=\"button\" data-bs-target=\"#carouselExampleControls\" data-bs-slide=\"next\"><br \/>\n                <span class=\"carousel-control-next-icon\" aria-hidden=\"true\"><\/span><br \/>\n              <\/button>\n            <\/div>\n<\/p><\/div>\n<div class=\"col-6 slo-name\">\n            Angebaute Giroschwader KUHN GA 3901 GM<\/p>\n<div class=\"brand\">Dieser Giroschwader mit einem Kreisel ist f\u00fcr Betriebe mittlerer Gr\u00f6\u00dfe gedacht: 3,80 m Arbeitsbreite, Kreiseldurchmesser von 2,98 m und vier Zinken je Zinkenarm. <\/p>\n<p>Bei der Entwicklung lag uns besonders eine hohe Rech- und Schwadqualit\u00e4t am Herzen:<br \/>\n&#8211; doppelt gekr\u00f6pfte, extra-tangential angelenkte Zinkenarme, die das Futter zu einem gleichm\u00e4\u00dfigen, luftigen Schwad zusammenlegen,<br \/>\n&#8211; breites Kreiselfahrwerk, das nahe an den Zinken positioniert ist, dadurch hervorragende Bodenanpassung,<br \/>\n&#8211; Schwadtuch, das an einem Parallelogramm angebaut ist, dadurch einfache Anpassung der Schwadbreite.<br \/>\n&#8211; ausgezeichnete Bodenfreiheit, dadurch problemloses \u00dcberqueren der Schwade.<\/p><\/div>\n<p>\t\t\t<!-- \n\n<div class=\"price-container\">\n                \n\n<p class=\"price\">###PRICE###<\/p>\n\n --><br \/>\n                <!-- <button type=\"button\" class=\"btn btn-config btn-lg\">Pojdi na konfigurator<\/button> -->\n            <\/div>\n<\/p><\/div>\n<div class=\"menu\">\n<div class=\"btn-group d-flex justify-content-center\" id=\"menu-buttons\">\n              <button type=\"button\" onClick = \"showSpecs()\" class=\"btn menu-button menu-title active\">SPEZIFIKATIONEN<\/button><br \/>\n              <button type=\"button\" onClick = \"showDescription()\" class=\"btn menu-button menu-title\">BESCHREIBUNG<\/button><br \/>\n              <button type=\"button\" onClick = \"showMaterial()\" class=\"btn menu-button menu-title\">MATERIAL<\/button>\n            <\/div>\n<div id=\"specs\">\n<ul class=\"list-group\">\n                Dieser Giroschwader mit einem Kreisel ist f\u00fcr Betriebe mittlerer Gr\u00f6\u00dfe gedacht: 3,80 m Arbeitsbreite, Kreiseldurchmesser von 2,98 m und vier Zinken je Zinkenarm. <\/p>\n<p>Bei der Entwicklung lag uns besonders eine hohe Rech- und Schwadqualit\u00e4t am Herzen:<br \/>\n&#8211; doppelt gekr\u00f6pfte, extra-tangential angelenkte Zinkenarme, die das Futter zu einem gleichm\u00e4\u00dfigen, luftigen Schwad zusammenlegen,<br \/>\n&#8211; breites Kreiselfahrwerk, das nahe an den Zinken positioniert ist, dadurch hervorragende Bodenanpassung,<br \/>\n&#8211; Schwadtuch, das an einem Parallelogramm angebaut ist, dadurch einfache Anpassung der Schwadbreite.<br \/>\n&#8211; ausgezeichnete Bodenfreiheit, dadurch problemloses \u00dcberqueren der Schwade.\n              <\/ul>\n<\/p><\/div>\n<div id=\"description\">\n              Kreiselanzahl:  1<br \/>\nArbeitsbreite (m):  3.80<br \/>\nSchwadablage:  links<br \/>\nAnzahl Zinkenarme pro Kreisel:  10<br \/>\nAnzahl Doppelzinken pro Arm:  4<br \/>\nAntrieb:  Standard-Getriebe<br \/>\nBereifung:  Superballon 16&#215;6.50-8<br \/>\nTandem-Fahrwerk:  als Sonderausr\u00fcstung<br \/>\nTransportbreite (m):  2.98 m mit eingeklappten Schutzvorrichtungen \/ 1.75 m nach Abnahme der Zinkenarme<br \/>\nAnbau:  3-Punkt \u2013 Kat. 1 + 2<br \/>\nLeistungsbedarf an der Zapfwelle (kW):  19<br \/>\nLeistungsbedarf an der Zapfwelle (PS):  25<br \/>\nGewicht (kg):  474\n            <\/div>\n<div id=\"material\">\n<div class=\"one-item\"><button onclick=\"window.open('https:\/\/fabijan.si\/wp-content\/uploads\/site-content\/ga_single_rotor_productpresentation_202006_en.pdf')\" type=\"button\">Katalog herunterladen<\/button><\/div>\n<\/p><\/div>\n<\/p><\/div>\n<\/p><\/div>\n<\/p><\/div>\n","protected":false},"excerpt":{"rendered":"<p>Zuhause | Gr\u00fcnland | Schwader | Angebaute Giroschwader KUHN GA 300 GM\/3201 G\/3201 GM \/3801 GM\/4121 GM\/4321 GM Angebaute Giroschwader KUHN GA 3901 GM Dieser Giroschwader mit einem Kreisel ist f\u00fcr Betriebe mittlerer Gr\u00f6\u00dfe gedacht: 3,80 m Arbeitsbreite, Kreiseldurchmesser von 2,98 m und vier Zinken je Zinkenarm. Bei der Entwicklung lag uns besonders eine hohe [&hellip;]<\/p>\n","protected":false},"author":1,"featured_media":0,"parent":4579847,"menu_order":0,"comment_status":"closed","ping_status":"closed","template":"elementor_theme","meta":{"footnotes":""},"class_list":["post-4579853","page","type-page","status-publish","hentry"],"_links":{"self":[{"href":"https:\/\/fabijan.si\/de\/wp-json\/wp\/v2\/pages\/4579853","targetHints":{"allow":["GET"]}}],"collection":[{"href":"https:\/\/fabijan.si\/de\/wp-json\/wp\/v2\/pages"}],"about":[{"href":"https:\/\/fabijan.si\/de\/wp-json\/wp\/v2\/types\/page"}],"author":[{"embeddable":true,"href":"https:\/\/fabijan.si\/de\/wp-json\/wp\/v2\/users\/1"}],"replies":[{"embeddable":true,"href":"https:\/\/fabijan.si\/de\/wp-json\/wp\/v2\/comments?post=4579853"}],"version-history":[{"count":0,"href":"https:\/\/fabijan.si\/de\/wp-json\/wp\/v2\/pages\/4579853\/revisions"}],"up":[{"embeddable":true,"href":"https:\/\/fabijan.si\/de\/wp-json\/wp\/v2\/pages\/4579847"}],"wp:attachment":[{"href":"https:\/\/fabijan.si\/de\/wp-json\/wp\/v2\/media?parent=4579853"}],"curies":[{"name":"wp","href":"https:\/\/api.w.org\/{rel}","templated":true}]}}