{"id":4579865,"date":"2026-02-03T15:44:50","date_gmt":"2026-02-03T14:44:50","guid":{"rendered":"https:\/\/fabijan.si\/garten\/stocker\/"},"modified":"2026-02-03T15:44:50","modified_gmt":"2026-02-03T14:44:50","slug":"stocker","status":"publish","type":"page","link":"https:\/\/fabijan.si\/de\/garten\/stocker\/","title":{"rendered":"stocker"},"content":{"rendered":"<div class=\"breadcrumb-container\"><span><br \/>\n<a href=\"https:\/\/fabijan.si\/de\/\">Zuhause<\/a> | <a href=\"https:\/\/fabijan.si\/de\/garten\/\">Garten<\/a><\/span>\n<\/div>\n<div class=\"category-title\" style=\"display: flex; justify-content: center;\">\n<h2>Stocker<\/h2>\n<\/div>\n<div class=\"mygallery\">\n<div class=\"row\">\n<div class=\"col-sm-3 galleryitem\">\n     <!-- order:2 --><\/p>\n<div class=\"one-item\">\n       <img decoding=\"async\" src=\"https:\/\/fabijan.si\/wp-content\/uploads\/site-content\/00035826.jpg\" srcset=\" https:\/\/fabijan.si\/wp-content\/uploads\/site-content\/00035826.jpg 300w, https:\/\/fabijan.si\/wp-content\/uploads\/site-content\/00035826.jpg 150w \" \/><\/p>\n<h4>ST-Klebelaterne 2 Stk.<\/h4>\n<p>       <button onclick=\"window.location.href='st-klebelaterne-2-stk-' \"type=\"button\">Weiterlesen<\/button>\n    <\/div>\n<\/p><\/div>\n<div class=\"col-sm-3 galleryitem\">\n     <!-- order:5 --><\/p>\n<div class=\"one-item\">\n       <img decoding=\"async\" src=\"https:\/\/fabijan.si\/wp-content\/uploads\/site-content\/00035825.jpg\" srcset=\" https:\/\/fabijan.si\/wp-content\/uploads\/site-content\/00035825.jpg 300w, https:\/\/fabijan.si\/wp-content\/uploads\/site-content\/00035825.jpg 150w \" \/><\/p>\n<h4>ST-Kleberolle 10mX25cm<\/h4>\n<p>       <button onclick=\"window.location.href='st-kleberolle-10mx25cm' \"type=\"button\">Weiterlesen<\/button>\n    <\/div>\n<\/p><\/div>\n<div class=\"col-sm-3 galleryitem\">\n     <!-- order:7 --><\/p>\n<div class=\"one-item\">\n       <img decoding=\"async\" src=\"https:\/\/fabijan.si\/wp-content\/uploads\/site-content\/00052997_1.jpg\" srcset=\" https:\/\/fabijan.si\/wp-content\/uploads\/site-content\/00052997_1.jpg 300w, https:\/\/fabijan.si\/wp-content\/uploads\/site-content\/00052997_1.jpg 150w \" \/><\/p>\n<h4>St-Schere Titania E-40 TP<\/h4>\n<p>       <button onclick=\"window.location.href='st-schere-titania-e-40-tp' \"type=\"button\">Weiterlesen<\/button>\n    <\/div>\n<\/p><\/div>\n<div class=\"col-sm-3 galleryitem\">\n     <!-- order:8 --><\/p>\n<div class=\"one-item\">\n       <img decoding=\"async\" src=\"https:\/\/fabijan.si\/wp-content\/uploads\/site-content\/00026294_1.jpg\" srcset=\" https:\/\/fabijan.si\/wp-content\/uploads\/site-content\/00026294_1.jpg 300w, https:\/\/fabijan.si\/wp-content\/uploads\/site-content\/00026294_1.jpg 150w \" \/><\/p>\n<h4>ST-Wespenfalle &#8211; Stocker  2 Stk.<\/h4>\n<p>       <button onclick=\"window.location.href='st-wespenfalle-stocker-2-stk-' \"type=\"button\">Weiterlesen<\/button>\n    <\/div>\n<\/p><\/div>\n<\/div>\n<div class=\"row\">\n<div class=\"col-sm-3 galleryitem\">\n     <!-- order:9 --><\/p>\n<div class=\"one-item\">\n       <img decoding=\"async\" src=\"https:\/\/fabijan.si\/wp-content\/uploads\/site-content\/00029386_1.jpg\" srcset=\" https:\/\/fabijan.si\/wp-content\/uploads\/site-content\/00029386_1.jpg 300w, https:\/\/fabijan.si\/wp-content\/uploads\/site-content\/00029386_1.jpg 150w \" \/><\/p>\n<h4>ST-Insect-Gelbtafel ohne Insektizide 24&#215;17 10 Stk.<\/h4>\n<p>       <button onclick=\"window.location.href='st-insect-gelbtafel-ohne-insektizide-24x17-10-stk-' \"type=\"button\">Weiterlesen<\/button>\n    <\/div>\n<\/p><\/div>\n<div class=\"col-sm-3 galleryitem\">\n     <!-- order:13 --><\/p>\n<div class=\"one-item\">\n       <img decoding=\"async\" src=\"https:\/\/fabijan.si\/wp-content\/uploads\/site-content\/00044865.jpg\" srcset=\" https:\/\/fabijan.si\/wp-content\/uploads\/site-content\/00044865.jpg 300w, https:\/\/fabijan.si\/wp-content\/uploads\/site-content\/00044865.jpg 150w \" \/><\/p>\n<h4>ST-El. R\u00fcckenspritze 8l<\/h4>\n<p>       <button onclick=\"window.location.href='st-el-ruckenspritze-8l' \"type=\"button\">Weiterlesen<\/button>\n    <\/div>\n<\/p><\/div>\n<div class=\"col-sm-3 galleryitem\">\n     <!-- order:15 --><\/p>\n<div class=\"one-item\">\n       <img decoding=\"async\" src=\"https:\/\/fabijan.si\/wp-content\/uploads\/site-content\/00035555_1.jpg\" srcset=\" https:\/\/fabijan.si\/wp-content\/uploads\/site-content\/00035555_1.jpg 300w, https:\/\/fabijan.si\/wp-content\/uploads\/site-content\/00035555_1.jpg 150w \" \/><\/p>\n<h4>ST-R\u00fcckenspritze 20 l<\/h4>\n<p>       <button onclick=\"window.location.href='st-ruckenspritze-20-l' \"type=\"button\">Weiterlesen<\/button>\n    <\/div>\n<\/p><\/div>\n<div class=\"col-sm-3 galleryitem\">\n     <!-- order:16 --><\/p>\n<div class=\"one-item\">\n       <img decoding=\"async\" src=\"https:\/\/fabijan.si\/wp-content\/uploads\/site-content\/00022062.jpg\" srcset=\" https:\/\/fabijan.si\/wp-content\/uploads\/site-content\/00022062.jpg 300w, https:\/\/fabijan.si\/wp-content\/uploads\/site-content\/00022062.jpg 150w \" \/><\/p>\n<h4>ST-R\u00fcckenspritze 16 l Stocker<\/h4>\n<p>       <button onclick=\"window.location.href='st-ruckenspritze-16-l-stocker' \"type=\"button\">Weiterlesen<\/button>\n    <\/div>\n<\/p><\/div>\n<\/div>\n<div class=\"row\">\n<div class=\"col-sm-3 galleryitem\">\n     <!-- order:19 --><\/p>\n<div class=\"one-item\">\n       <img decoding=\"async\" src=\"https:\/\/fabijan.si\/wp-content\/uploads\/site-content\/00035596.jpg\" srcset=\" https:\/\/fabijan.si\/wp-content\/uploads\/site-content\/00035596.jpg 300w, https:\/\/fabijan.si\/wp-content\/uploads\/site-content\/00035596.jpg 150w \" \/><\/p>\n<h4>ST-Handspritze 2 l Stocker<\/h4>\n<p>       <button onclick=\"window.location.href='st-handspritze-2-l-stocker' \"type=\"button\">Weiterlesen<\/button>\n    <\/div>\n<\/p><\/div>\n<div class=\"col-sm-3 galleryitem\">\n     <!-- order:21 --><\/p>\n<div class=\"one-item\">\n       <img decoding=\"async\" src=\"https:\/\/fabijan.si\/wp-content\/uploads\/site-content\/00035820.jpg\" srcset=\" https:\/\/fabijan.si\/wp-content\/uploads\/site-content\/00035820.jpg 300w, https:\/\/fabijan.si\/wp-content\/uploads\/site-content\/00035820.jpg 150w \" \/><\/p>\n<h4>ST-Heckenschere Profi 87cm<\/h4>\n<p>       <button onclick=\"window.location.href='st-heckenschere-profi-87cm' \"type=\"button\">Weiterlesen<\/button>\n    <\/div>\n<\/p><\/div>\n<div class=\"col-sm-3 galleryitem\">\n     <!-- order:22 --><\/p>\n<div class=\"one-item\">\n       <img decoding=\"async\" src=\"https:\/\/fabijan.si\/wp-content\/uploads\/site-content\/00024572.jpg\" srcset=\" https:\/\/fabijan.si\/wp-content\/uploads\/site-content\/00024572.jpg 300w, https:\/\/fabijan.si\/wp-content\/uploads\/site-content\/00024572.jpg 150w \" \/><\/p>\n<h4>ST-Astschere Profi 100 mit gebogener Klinge<\/h4>\n<p>       <button onclick=\"window.location.href='st-astschere-profi-100-mit-gebogener-klinge' \"type=\"button\">Weiterlesen<\/button>\n    <\/div>\n<\/p><\/div>\n<div class=\"col-sm-3 galleryitem\">\n     <!-- order:23 --><\/p>\n<div class=\"one-item\">\n       <img decoding=\"async\" src=\"https:\/\/fabijan.si\/wp-content\/uploads\/site-content\/00035554.jpg\" srcset=\" https:\/\/fabijan.si\/wp-content\/uploads\/site-content\/00035554.jpg 300w, https:\/\/fabijan.si\/wp-content\/uploads\/site-content\/00035554.jpg 150w \" \/><\/p>\n<h4>ST-Heckenschere Hobby 50<\/h4>\n<p>       <button onclick=\"window.location.href='st-heckenschere-hobby-50' \"type=\"button\">Weiterlesen<\/button>\n    <\/div>\n<\/p><\/div>\n<\/div>\n<div class=\"row\">\n<div class=\"col-sm-3 galleryitem\">\n     <!-- order:30 --><\/p>\n<div class=\"one-item\">\n       <img decoding=\"async\" src=\"https:\/\/fabijan.si\/wp-content\/uploads\/site-content\/00024570.jpg\" srcset=\" https:\/\/fabijan.si\/wp-content\/uploads\/site-content\/00024570.jpg 300w, https:\/\/fabijan.si\/wp-content\/uploads\/site-content\/00024570.jpg 150w \" \/><\/p>\n<h4>ST-Scheren und S\u00e4gentasche<\/h4>\n<p>       <button onclick=\"window.location.href='st-scheren-und-sagentasche' \"type=\"button\">Weiterlesen<\/button>\n    <\/div>\n<\/p><\/div>\n<div class=\"col-sm-3 galleryitem\">\n     <!-- order:32 --><\/p>\n<div class=\"one-item\">\n       <img decoding=\"async\" src=\"https:\/\/fabijan.si\/wp-content\/uploads\/site-content\/00035592.jpg\" srcset=\" https:\/\/fabijan.si\/wp-content\/uploads\/site-content\/00035592.jpg 300w, https:\/\/fabijan.si\/wp-content\/uploads\/site-content\/00035592.jpg 150w \" \/><\/p>\n<h4>ST-Arbeitshandschuhe L\/XL<\/h4>\n<p>       <button onclick=\"window.location.href='st-arbeitshandschuhe-l-xl' \"type=\"button\">Weiterlesen<\/button>\n    <\/div>\n<\/p><\/div>\n<div class=\"col-sm-3 galleryitem\">\n     <!-- order:33 --><\/p>\n<div class=\"one-item\">\n       <img decoding=\"async\" src=\"https:\/\/fabijan.si\/wp-content\/uploads\/site-content\/00039326_1.jpg\" srcset=\" https:\/\/fabijan.si\/wp-content\/uploads\/site-content\/00039326_1.jpg 300w, https:\/\/fabijan.si\/wp-content\/uploads\/site-content\/00039326_1.jpg 150w \" \/><\/p>\n<h4>ST-Handschuhe BAMBOO fibre 7\/XS<\/h4>\n<p>       <button onclick=\"window.location.href='st-handschuhe-bamboo-fibre-7-xs' \"type=\"button\">Weiterlesen<\/button>\n    <\/div>\n<\/p><\/div>\n<div class=\"col-sm-3 galleryitem\">\n     <!-- order:34 --><\/p>\n<div class=\"one-item\">\n       <img decoding=\"async\" src=\"https:\/\/fabijan.si\/wp-content\/uploads\/site-content\/00037825_1.jpg\" srcset=\" https:\/\/fabijan.si\/wp-content\/uploads\/site-content\/00037825_1.jpg 300w, https:\/\/fabijan.si\/wp-content\/uploads\/site-content\/00037825_1.jpg 150w \" \/><\/p>\n<h4>ST-Wasserabweisend. Winterhandschuhe 10\/L<\/h4>\n<p>       <button onclick=\"window.location.href='st-wasserabweisend-winterhandschuhe-10-l' \"type=\"button\">Weiterlesen<\/button>\n    <\/div>\n<\/p><\/div>\n<\/div>\n<div class=\"row\">\n<div class=\"col-sm-3 galleryitem\">\n     <!-- order:35 --><\/p>\n<div class=\"one-item\">\n       <img decoding=\"async\" src=\"https:\/\/fabijan.si\/wp-content\/uploads\/site-content\/00040593_1.jpg\" srcset=\" https:\/\/fabijan.si\/wp-content\/uploads\/site-content\/00040593_1.jpg 300w, https:\/\/fabijan.si\/wp-content\/uploads\/site-content\/00040593_1.jpg 150w \" \/><\/p>\n<h4>ST-Waserschlauch Eos 1\/2&#8243;- 25m- 45 bar<\/h4>\n<p>       <button onclick=\"window.location.href='st-waserschlauch-eos-1-2-25m-45-bar' \"type=\"button\">Weiterlesen<\/button>\n    <\/div>\n<\/p><\/div>\n<div class=\"col-sm-3 galleryitem\">\n     <!-- order:37 --><\/p>\n<div class=\"one-item\">\n       <img decoding=\"async\" src=\"https:\/\/fabijan.si\/wp-content\/uploads\/site-content\/00040593.jpg\" srcset=\" https:\/\/fabijan.si\/wp-content\/uploads\/site-content\/00040593.jpg 300w, https:\/\/fabijan.si\/wp-content\/uploads\/site-content\/00040593.jpg 150w \" \/><\/p>\n<h4>ST-Wasserschlauch 3\/4&#8243;  25m<\/h4>\n<p>       <button onclick=\"window.location.href='st-wasserschlauch-3-4-25m' \"type=\"button\">Weiterlesen<\/button>\n    <\/div>\n<\/p><\/div>\n<div class=\"col-sm-3 galleryitem\">\n     <!-- order:39 --><\/p>\n<div class=\"one-item\">\n       <img decoding=\"async\" src=\"https:\/\/fabijan.si\/wp-content\/uploads\/site-content\/00026319.jpg\" srcset=\" https:\/\/fabijan.si\/wp-content\/uploads\/site-content\/00026319.jpg 300w, https:\/\/fabijan.si\/wp-content\/uploads\/site-content\/00026319.jpg 150w \" \/><\/p>\n<h4>ST-Alu Gie\u00dfstab 94 cm mit 9 Wasserstrahlformen<\/h4>\n<p>       <button onclick=\"window.location.href='st-alu-giessstab-94-cm-mit-9-wasserstrahlformen' \"type=\"button\">Weiterlesen<\/button>\n    <\/div>\n<\/p><\/div>\n<div class=\"col-sm-3 galleryitem\">\n     <!-- order:40 --><\/p>\n<div class=\"one-item\">\n       <img decoding=\"async\" src=\"https:\/\/fabijan.si\/wp-content\/uploads\/site-content\/00039399.jpg\" srcset=\" https:\/\/fabijan.si\/wp-content\/uploads\/site-content\/00039399.jpg 300w, https:\/\/fabijan.si\/wp-content\/uploads\/site-content\/00039399.jpg 150w \" \/><\/p>\n<h4>ST-Multifunktions Brause<\/h4>\n<p>       <button onclick=\"window.location.href='st-multifunktions-brause' \"type=\"button\">Weiterlesen<\/button>\n    <\/div>\n<\/p><\/div>\n<\/div>\n<div class=\"row\">\n<div class=\"col-sm-3 galleryitem\">\n     <!-- order:41 --><\/p>\n<div class=\"one-item\">\n       <img decoding=\"async\" src=\"https:\/\/fabijan.si\/wp-content\/uploads\/site-content\/00022070.jpg\" srcset=\" https:\/\/fabijan.si\/wp-content\/uploads\/site-content\/00022070.jpg 300w, https:\/\/fabijan.si\/wp-content\/uploads\/site-content\/00022070.jpg 150w \" \/><\/p>\n<h4>ST-Set-Spritze mit Schnell-Schlauchanschluss<\/h4>\n<p>       <button onclick=\"window.location.href='st-set-spritze-mit-schnell-schlauchanschluss' \"type=\"button\">Weiterlesen<\/button>\n    <\/div>\n<\/p><\/div>\n<div class=\"col-sm-3 galleryitem\">\n     <!-- order:42 --><\/p>\n<div class=\"one-item\">\n       <img decoding=\"async\" src=\"https:\/\/fabijan.si\/wp-content\/uploads\/site-content\/00035556.jpg\" srcset=\" https:\/\/fabijan.si\/wp-content\/uploads\/site-content\/00035556.jpg 300w, https:\/\/fabijan.si\/wp-content\/uploads\/site-content\/00035556.jpg 150w \" \/><\/p>\n<h4>ST-Schnell-Schlauchanschluss 1\/2&#8243;<\/h4>\n<p>       <button onclick=\"window.location.href='st-schnell-schlauchanschluss-1-2' \"type=\"button\">Weiterlesen<\/button>\n    <\/div>\n<\/p><\/div>\n<div class=\"col-sm-3 galleryitem\">\n     <!-- order:43 --><\/p>\n<div class=\"one-item\">\n       <img decoding=\"async\" src=\"https:\/\/fabijan.si\/wp-content\/uploads\/site-content\/00041194.jpg\" srcset=\" https:\/\/fabijan.si\/wp-content\/uploads\/site-content\/00041194.jpg 300w, https:\/\/fabijan.si\/wp-content\/uploads\/site-content\/00041194.jpg 150w \" \/><\/p>\n<h4>ST-Wasserhahnanschluss 1\/2&#8243; 3\/4&#8243;<\/h4>\n<p>       <button onclick=\"window.location.href='st-wasserhahnanschluss-1-2-3-4' \"type=\"button\">Weiterlesen<\/button>\n    <\/div>\n<\/p><\/div>\n<div class=\"col-sm-3 galleryitem\">\n     <!-- order:44 --><\/p>\n<div class=\"one-item\">\n       <img decoding=\"async\" src=\"https:\/\/fabijan.si\/wp-content\/uploads\/site-content\/00041194.jpg\" srcset=\" https:\/\/fabijan.si\/wp-content\/uploads\/site-content\/00041194.jpg 300w, https:\/\/fabijan.si\/wp-content\/uploads\/site-content\/00041194.jpg 150w \" \/><\/p>\n<h4>ST-Wasserhahnanschluss 1&#8243; 3\/4&#8243;<\/h4>\n<p>       <button onclick=\"window.location.href='st-wasserhahnanschluss-1-3-4' \"type=\"button\">Weiterlesen<\/button>\n    <\/div>\n<\/p><\/div>\n<\/div>\n<div class=\"row\">\n<div class=\"col-sm-3 galleryitem\">\n     <!-- order:45 --><\/p>\n<div class=\"one-item\">\n       <img decoding=\"async\" src=\"https:\/\/fabijan.si\/wp-content\/uploads\/site-content\/00048967.jpg\" srcset=\" https:\/\/fabijan.si\/wp-content\/uploads\/site-content\/00048967.jpg 300w, https:\/\/fabijan.si\/wp-content\/uploads\/site-content\/00048967.jpg 150w \" \/><\/p>\n<h4>ST-Verbindungsst\u00fcck<\/h4>\n<p>       <button onclick=\"window.location.href='st-verbindungsstuck' \"type=\"button\">Weiterlesen<\/button>\n    <\/div>\n<\/p><\/div>\n<div class=\"col-sm-3 galleryitem\">\n     <!-- order:46 --><\/p>\n<div class=\"one-item\">\n       <img decoding=\"async\" src=\"https:\/\/fabijan.si\/wp-content\/uploads\/site-content\/00048968.jpg\" srcset=\" https:\/\/fabijan.si\/wp-content\/uploads\/site-content\/00048968.jpg 300w, https:\/\/fabijan.si\/wp-content\/uploads\/site-content\/00048968.jpg 150w \" \/><\/p>\n<h4>ST-Y-Verbinder<\/h4>\n<p>       <button onclick=\"window.location.href='st-y-verbinder' \"type=\"button\">Weiterlesen<\/button>\n    <\/div>\n<\/p><\/div>\n<div class=\"col-sm-3 galleryitem\">\n     <!-- order:47 --><\/p>\n<div class=\"one-item\">\n       <img decoding=\"async\" src=\"https:\/\/fabijan.si\/wp-content\/uploads\/site-content\/00048969_1.jpg\" srcset=\" https:\/\/fabijan.si\/wp-content\/uploads\/site-content\/00048969_1.jpg 300w, https:\/\/fabijan.si\/wp-content\/uploads\/site-content\/00048969_1.jpg 150w \" \/><\/p>\n<h4>ST-2-Wege-Hahnanschluss 1\/2&#8243;,5\/8&#8243;, 3\/4&#8243;<\/h4>\n<p>       <button onclick=\"window.location.href='st-2-wege-hahnanschluss-1-25-8-3-4' \"type=\"button\">Weiterlesen<\/button>\n    <\/div>\n<\/p><\/div>\n<div class=\"col-sm-3 galleryitem\">\n     <!-- order:48 --><\/p>\n<div class=\"one-item\">\n       <img decoding=\"async\" src=\"https:\/\/fabijan.si\/wp-content\/uploads\/site-content\/00004286.jpg\" srcset=\" https:\/\/fabijan.si\/wp-content\/uploads\/site-content\/00004286.jpg 300w, https:\/\/fabijan.si\/wp-content\/uploads\/site-content\/00004286.jpg 150w \" \/><\/p>\n<h4>Kugelauslaufhahn 1\/2&#8243;<\/h4>\n<p>       <button onclick=\"window.location.href='kugelauslaufhahn-1-2' \"type=\"button\">Weiterlesen<\/button>\n    <\/div>\n<\/p><\/div>\n<\/div>\n<div class=\"row\">\n<div class=\"col-sm-3 galleryitem\">\n     <!-- order:49 --><\/p>\n<div class=\"one-item\">\n       <img decoding=\"async\" src=\"https:\/\/fabijan.si\/wp-content\/uploads\/site-content\/00004286.jpg\" srcset=\" https:\/\/fabijan.si\/wp-content\/uploads\/site-content\/00004286.jpg 300w, https:\/\/fabijan.si\/wp-content\/uploads\/site-content\/00004286.jpg 150w \" \/><\/p>\n<h4>Kugelauslaufhahn 3\/4 f\u00fcr Garten<\/h4>\n<p>       <button onclick=\"window.location.href='kugelauslaufhahn-3-4-fur-garten' \"type=\"button\">Weiterlesen<\/button>\n    <\/div>\n<\/p><\/div>\n<div class=\"col-sm-3 galleryitem\">\n     <!-- order:51 --><\/p>\n<div class=\"one-item\">\n       <img decoding=\"async\" src=\"https:\/\/fabijan.si\/wp-content\/uploads\/site-content\/00003979.jpg\" srcset=\" https:\/\/fabijan.si\/wp-content\/uploads\/site-content\/00003979.jpg 300w, https:\/\/fabijan.si\/wp-content\/uploads\/site-content\/00003979.jpg 150w \" \/><\/p>\n<h4>ST-Regenmesser Stocker<\/h4>\n<p>       <button onclick=\"window.location.href='st-regenmesser-stocker' \"type=\"button\">Weiterlesen<\/button>\n    <\/div>\n<\/p><\/div>\n<div class=\"col-sm-3 galleryitem\">\n     <!-- order:53 --><\/p>\n<div class=\"one-item\">\n       <img decoding=\"async\" src=\"https:\/\/fabijan.si\/wp-content\/uploads\/site-content\/00035585.jpg\" srcset=\" https:\/\/fabijan.si\/wp-content\/uploads\/site-content\/00035585.jpg 300w, https:\/\/fabijan.si\/wp-content\/uploads\/site-content\/00035585.jpg 150w \" \/><\/p>\n<h4>ST-POP-UP Gartensack 50xh70 137l<\/h4>\n<p>       <button onclick=\"window.location.href='st-pop-up-gartensack-50xh70-137l' \"type=\"button\">Weiterlesen<\/button>\n    <\/div>\n<\/p><\/div>\n<div class=\"col-sm-3 galleryitem\">\n     <!-- order:54 --><\/p>\n<div class=\"one-item\">\n       <img decoding=\"async\" src=\"https:\/\/fabijan.si\/wp-content\/uploads\/site-content\/00035578.jpg\" srcset=\" https:\/\/fabijan.si\/wp-content\/uploads\/site-content\/00035578.jpg 300w, https:\/\/fabijan.si\/wp-content\/uploads\/site-content\/00035578.jpg 150w \" \/><\/p>\n<h4>ST-Herzf\u00f6rmige Hacke 400g<\/h4>\n<p>       <button onclick=\"window.location.href='st-herzformige-hacke-400g' \"type=\"button\">Weiterlesen<\/button>\n    <\/div>\n<\/p><\/div>\n<\/div>\n<div class=\"row\">\n<div class=\"col-sm-3 galleryitem\">\n     <!-- order:55 --><\/p>\n<div class=\"one-item\">\n       <img decoding=\"async\" src=\"https:\/\/fabijan.si\/wp-content\/uploads\/site-content\/00034138.jpg\" srcset=\" https:\/\/fabijan.si\/wp-content\/uploads\/site-content\/00034138.jpg 300w, https:\/\/fabijan.si\/wp-content\/uploads\/site-content\/00034138.jpg 150w \" \/><\/p>\n<h4>ST-Alu -Schnee und Getreideschaufel<\/h4>\n<p>       <button onclick=\"window.location.href='st-alu-schnee-und-getreideschaufel' \"type=\"button\">Weiterlesen<\/button>\n    <\/div>\n<\/p><\/div>\n<div class=\"col-sm-3 galleryitem\">\n     <!-- order:56 --><\/p>\n<div class=\"one-item\">\n       <img decoding=\"async\" src=\"https:\/\/fabijan.si\/wp-content\/uploads\/site-content\/00035584.jpg\" srcset=\" https:\/\/fabijan.si\/wp-content\/uploads\/site-content\/00035584.jpg 300w, https:\/\/fabijan.si\/wp-content\/uploads\/site-content\/00035584.jpg 150w \" \/><\/p>\n<h4>ST-Gartenspaten breit 124 cm<\/h4>\n<p>       <button onclick=\"window.location.href='st-gartenspaten-breit-124-cm' \"type=\"button\">Weiterlesen<\/button>\n    <\/div>\n<\/p><\/div>\n<div class=\"col-sm-3 galleryitem\">\n     <!-- order:57 --><\/p>\n<div class=\"one-item\">\n       <img decoding=\"async\" src=\"https:\/\/fabijan.si\/wp-content\/uploads\/site-content\/00052991_1.jpg\" srcset=\" https:\/\/fabijan.si\/wp-content\/uploads\/site-content\/00052991_1.jpg 300w, https:\/\/fabijan.si\/wp-content\/uploads\/site-content\/00052991_1.jpg 150w \" \/><\/p>\n<h4>St-Machete 270<\/h4>\n<p>       <button onclick=\"window.location.href='st-machete-270' \"type=\"button\">Weiterlesen<\/button>\n    <\/div>\n<\/p><\/div>\n<div class=\"col-sm-3 galleryitem\">\n     <!-- order:58 --><\/p>\n<div class=\"one-item\">\n       <img decoding=\"async\" src=\"https:\/\/fabijan.si\/wp-content\/uploads\/site-content\/00052992_2.jpg\" srcset=\" https:\/\/fabijan.si\/wp-content\/uploads\/site-content\/00052992_2.jpg 300w, https:\/\/fabijan.si\/wp-content\/uploads\/site-content\/00052992_2.jpg 150w \" \/><\/p>\n<h4>St-Forstbeil 700 g<\/h4>\n<p>       <button onclick=\"window.location.href='st-forstbeil-700-g' \"type=\"button\">Weiterlesen<\/button>\n    <\/div>\n<\/p><\/div>\n<\/div>\n<div class=\"row\">\n<div class=\"col-sm-3 galleryitem\">\n     <!-- order:59 --><\/p>\n<div class=\"one-item\">\n       <img decoding=\"async\" src=\"https:\/\/fabijan.si\/wp-content\/uploads\/site-content\/00041784.jpg\" srcset=\" https:\/\/fabijan.si\/wp-content\/uploads\/site-content\/00041784.jpg 300w, https:\/\/fabijan.si\/wp-content\/uploads\/site-content\/00041784.jpg 150w \" \/><\/p>\n<h4>ST-Universalmesser<\/h4>\n<p>       <button onclick=\"window.location.href='st-universalmesser' \"type=\"button\">Weiterlesen<\/button>\n    <\/div>\n<\/p><\/div>\n<div class=\"col-sm-3 galleryitem\">\n     <!-- order:60 --><\/p>\n<div class=\"one-item\">\n       <img decoding=\"async\" src=\"https:\/\/fabijan.si\/wp-content\/uploads\/site-content\/00004675_1.jpg\" srcset=\" https:\/\/fabijan.si\/wp-content\/uploads\/site-content\/00004675_1.jpg 300w, https:\/\/fabijan.si\/wp-content\/uploads\/site-content\/00004675_1.jpg 150w \" \/><\/p>\n<h4>ST-Okuliermesser mit Edelstahlklinge<\/h4>\n<p>       <button onclick=\"window.location.href='st-okuliermesser-mit-edelstahlklinge' \"type=\"button\">Weiterlesen<\/button>\n    <\/div>\n<\/p><\/div>\n<\/div>\n<\/div>\n","protected":false},"excerpt":{"rendered":"<p>Zuhause | Garten Stocker ST-Klebelaterne 2 Stk. Weiterlesen ST-Kleberolle 10mX25cm Weiterlesen St-Schere Titania E-40 TP Weiterlesen ST-Wespenfalle &#8211; Stocker 2 Stk. Weiterlesen ST-Insect-Gelbtafel ohne Insektizide 24&#215;17 10 Stk. Weiterlesen ST-El. R\u00fcckenspritze 8l Weiterlesen ST-R\u00fcckenspritze 20 l Weiterlesen ST-R\u00fcckenspritze 16 l Stocker Weiterlesen ST-Handspritze 2 l Stocker Weiterlesen ST-Heckenschere Profi 87cm Weiterlesen ST-Astschere Profi 100 mit [&hellip;]<\/p>\n","protected":false},"author":1,"featured_media":0,"parent":4579856,"menu_order":0,"comment_status":"closed","ping_status":"closed","template":"elementor_theme","meta":{"footnotes":""},"class_list":["post-4579865","page","type-page","status-publish","hentry"],"_links":{"self":[{"href":"https:\/\/fabijan.si\/de\/wp-json\/wp\/v2\/pages\/4579865","targetHints":{"allow":["GET"]}}],"collection":[{"href":"https:\/\/fabijan.si\/de\/wp-json\/wp\/v2\/pages"}],"about":[{"href":"https:\/\/fabijan.si\/de\/wp-json\/wp\/v2\/types\/page"}],"author":[{"embeddable":true,"href":"https:\/\/fabijan.si\/de\/wp-json\/wp\/v2\/users\/1"}],"replies":[{"embeddable":true,"href":"https:\/\/fabijan.si\/de\/wp-json\/wp\/v2\/comments?post=4579865"}],"version-history":[{"count":0,"href":"https:\/\/fabijan.si\/de\/wp-json\/wp\/v2\/pages\/4579865\/revisions"}],"up":[{"embeddable":true,"href":"https:\/\/fabijan.si\/de\/wp-json\/wp\/v2\/pages\/4579856"}],"wp:attachment":[{"href":"https:\/\/fabijan.si\/de\/wp-json\/wp\/v2\/media?parent=4579865"}],"curies":[{"name":"wp","href":"https:\/\/api.w.org\/{rel}","templated":true}]}}