{"id":4579901,"date":"2026-02-03T15:45:05","date_gmt":"2026-02-03T14:45:05","guid":{"rendered":"https:\/\/fabijan.si\/garten\/stocker\/st-heckenschere-hobby-50\/"},"modified":"2026-02-03T15:45:05","modified_gmt":"2026-02-03T14:45:05","slug":"st-heckenschere-hobby-50","status":"publish","type":"page","link":"https:\/\/fabijan.si\/de\/garten\/stocker\/st-heckenschere-hobby-50\/","title":{"rendered":"st-heckenschere-hobby-50"},"content":{"rendered":"\n<div class=\"container\">\n<div class=\"breadcrumb-container\"><span><br \/>\n<a href=\"https:\/\/fabijan.si\/de\/\">Zuhause<\/a> | <a href=\"https:\/\/fabijan.si\/de\/garten\/\">Garten<\/a> | <a href=\"https:\/\/fabijan.si\/de\/garten\/stocker\/\">Stocker<\/a><\/span>\n<\/div>\n<div class=\"row\">\n<div class=\"col-6\">\n<div id=\"carouselExampleControls\" class=\"carousel slide carousel-container\" data-interval=\"false\">\n<div class=\"carousel-inner\">\n<div class=\"carousel-item active\">   <img decoding=\"async\" src=\"https:\/\/fabijan.si\/wp-content\/uploads\/site-content\/00035554.jpg\" class=\"d-block w-100\" alt=\"...\"><\/div>\n<\/p><\/div>\n<p>              <button class=\"carousel-control-prev\" type=\"button\" data-bs-target=\"#carouselExampleControls\" data-bs-slide=\"prev\"><br \/>\n                <span class=\"carousel-control-prev-icon\" aria-hidden=\"true\"><\/span><br \/>\n              <\/button><br \/>\n              <button class=\"carousel-control-next\" type=\"button\" data-bs-target=\"#carouselExampleControls\" data-bs-slide=\"next\"><br \/>\n                <span class=\"carousel-control-next-icon\" aria-hidden=\"true\"><\/span><br \/>\n              <\/button>\n            <\/div>\n<\/p><\/div>\n<div class=\"col-6 slo-name\">\n            ST-Heckenschere Hobby 50<\/p>\n<div class=\"brand\">Ideales Werkzeug f\u00fcr den Hobbyg\u00e4rtner und Gartenliebhaber, um die Hecke zu schneiden und wieder in Form zu bringen.<\/p>\n<p> Klinge mit pr\u00e4zisem Wellenschliff<br \/>\n Ergonomisch rutschfeste Komfortgriffe<br \/>\n Alu-Griffrohre mit weichem Kunststoff\u00fcberzug<br \/>\n L\u00e4nge: 50 cm<br \/>\n Gewicht: 760 g<\/p><\/div>\n<p>\t\t\t<!-- \n\n<div class=\"price-container\">\n                \n\n<p class=\"price\">###PRICE###<\/p>\n\n --><br \/>\n                <!-- <button type=\"button\" class=\"btn btn-config btn-lg\">Pojdi na konfigurator<\/button> -->\n            <\/div>\n<\/p><\/div>\n<div class=\"menu\">\n<div class=\"btn-group d-flex justify-content-center\" id=\"menu-buttons\">\n              <button type=\"button\" onClick = \"showSpecs()\" class=\"btn menu-button menu-title active\">SPEZIFIKATIONEN<\/button><br \/>\n              <button type=\"button\" onClick = \"showDescription()\" class=\"btn menu-button menu-title\">BESCHREIBUNG<\/button><br \/>\n              <button type=\"button\" onClick = \"showMaterial()\" class=\"btn menu-button menu-title\">MATERIAL<\/button>\n            <\/div>\n<div id=\"specs\">\n<ul class=\"list-group\">\n                Ideales Werkzeug f\u00fcr den Hobbyg\u00e4rtner und Gartenliebhaber, um die Hecke zu schneiden und wieder in Form zu bringen.<\/p>\n<p> Klinge mit pr\u00e4zisem Wellenschliff<br \/>\n Ergonomisch rutschfeste Komfortgriffe<br \/>\n Alu-Griffrohre mit weichem Kunststoff\u00fcberzug<br \/>\n L\u00e4nge: 50 cm<br \/>\n Gewicht: 760 g\n              <\/ul>\n<\/p><\/div>\n<div id=\"description\"><\/div>\n<div id=\"material\"><\/div>\n<\/p><\/div>\n<\/p><\/div>\n<\/p><\/div>\n","protected":false},"excerpt":{"rendered":"<p>Zuhause | Garten | Stocker ST-Heckenschere Hobby 50 Ideales Werkzeug f\u00fcr den Hobbyg\u00e4rtner und Gartenliebhaber, um die Hecke zu schneiden und wieder in Form zu bringen. Klinge mit pr\u00e4zisem Wellenschliff Ergonomisch rutschfeste Komfortgriffe Alu-Griffrohre mit weichem Kunststoff\u00fcberzug L\u00e4nge: 50 cm Gewicht: 760 g SPEZIFIKATIONEN BESCHREIBUNG MATERIAL Ideales Werkzeug f\u00fcr den Hobbyg\u00e4rtner und Gartenliebhaber, um die [&hellip;]<\/p>\n","protected":false},"author":1,"featured_media":0,"parent":4579865,"menu_order":0,"comment_status":"closed","ping_status":"closed","template":"elementor_theme","meta":{"footnotes":""},"class_list":["post-4579901","page","type-page","status-publish","hentry"],"_links":{"self":[{"href":"https:\/\/fabijan.si\/de\/wp-json\/wp\/v2\/pages\/4579901","targetHints":{"allow":["GET"]}}],"collection":[{"href":"https:\/\/fabijan.si\/de\/wp-json\/wp\/v2\/pages"}],"about":[{"href":"https:\/\/fabijan.si\/de\/wp-json\/wp\/v2\/types\/page"}],"author":[{"embeddable":true,"href":"https:\/\/fabijan.si\/de\/wp-json\/wp\/v2\/users\/1"}],"replies":[{"embeddable":true,"href":"https:\/\/fabijan.si\/de\/wp-json\/wp\/v2\/comments?post=4579901"}],"version-history":[{"count":0,"href":"https:\/\/fabijan.si\/de\/wp-json\/wp\/v2\/pages\/4579901\/revisions"}],"up":[{"embeddable":true,"href":"https:\/\/fabijan.si\/de\/wp-json\/wp\/v2\/pages\/4579865"}],"wp:attachment":[{"href":"https:\/\/fabijan.si\/de\/wp-json\/wp\/v2\/media?parent=4579901"}],"curies":[{"name":"wp","href":"https:\/\/api.w.org\/{rel}","templated":true}]}}