{"id":4580264,"date":"2026-02-03T15:51:02","date_gmt":"2026-02-03T14:51:02","guid":{"rendered":"https:\/\/fabijan.si\/traubenverarbeitung\/vibrationstische\/rutteltisch-delta-trv35-2-gr-fu\/"},"modified":"2026-02-03T15:51:02","modified_gmt":"2026-02-03T14:51:02","slug":"rutteltisch-delta-trv35-2-gr-fu","status":"publish","type":"page","link":"https:\/\/fabijan.si\/de\/traubenverarbeitung\/vibrationstische\/rutteltisch-delta-trv35-2-gr-fu\/","title":{"rendered":"rutteltisch-delta-trv35-2-gr-fu"},"content":{"rendered":"\n<div class=\"container\">\n<div class=\"breadcrumb-container\"><span><br \/>\n<a href=\"https:\/\/fabijan.si\/de\/\">Zuhause<\/a> | <a href=\"https:\/\/fabijan.si\/de\/traubenverarbeitung\/\">Traubenverarbeitung<\/a> | <a href=\"https:\/\/fabijan.si\/de\/traubenverarbeitung\/vibrationstische\/\">Vibrationstische<\/a><\/span>\n<\/div>\n<div class=\"row\">\n<div class=\"col-6\">\n<div id=\"carouselExampleControls\" class=\"carousel slide carousel-container\" data-interval=\"false\">\n<div class=\"carousel-inner\">\n<div class=\"carousel-item active\">   <img decoding=\"async\" src=\"https:\/\/fabijan.si\/wp-content\/uploads\/site-content\/bucher-trv35.jpg\" class=\"d-block w-100\" alt=\"...\"><\/div>\n<\/p><\/div>\n<p>              <button class=\"carousel-control-prev\" type=\"button\" data-bs-target=\"#carouselExampleControls\" data-bs-slide=\"prev\"><br \/>\n                <span class=\"carousel-control-prev-icon\" aria-hidden=\"true\"><\/span><br \/>\n              <\/button><br \/>\n              <button class=\"carousel-control-next\" type=\"button\" data-bs-target=\"#carouselExampleControls\" data-bs-slide=\"next\"><br \/>\n                <span class=\"carousel-control-next-icon\" aria-hidden=\"true\"><\/span><br \/>\n              <\/button>\n            <\/div>\n<\/p><\/div>\n<div class=\"col-6 slo-name\">\n            R\u00fctteltisch Delta TRV35 2 Gr. FU<\/p>\n<div class=\"brand\">R\u00fctteltisch mit abnehmbarem Abtropfgitter<br \/>\n2 Gitter nicht inkl.<br \/>\nVer\u00e4nderliche Geschwindigkeit (6 Sortierstellen)<br \/>\nVerschiebbarer und abnehmbarer Saftauffangbeh\u00e4lter<br \/>\n2 verstellbare R\u00fcttelmotoren (2 x 0,62 kW)<br \/>\nL. 3500 &#8211; Breite 750 &#8211; Arbeitsh\u00f6he 900 mm<br \/>\nFahrbar, 4 schwenkbare R\u00e4der mit Bremse<\/div>\n<p>\t\t\t<!-- \n\n<div class=\"price-container\">\n                \n\n<p class=\"price\">###PRICE###<\/p>\n\n --><br \/>\n                <!-- <button type=\"button\" class=\"btn btn-config btn-lg\">Pojdi na konfigurator<\/button> -->\n            <\/div>\n<\/p><\/div>\n<div class=\"menu\">\n<div class=\"btn-group d-flex justify-content-center\" id=\"menu-buttons\">\n              <button type=\"button\" onClick = \"showSpecs()\" class=\"btn menu-button menu-title active\">SPEZIFIKATIONEN<\/button><br \/>\n              <button type=\"button\" onClick = \"showDescription()\" class=\"btn menu-button menu-title\">BESCHREIBUNG<\/button><br \/>\n              <button type=\"button\" onClick = \"showMaterial()\" class=\"btn menu-button menu-title\">MATERIAL<\/button>\n            <\/div>\n<div id=\"specs\">\n<ul class=\"list-group\">\n                R\u00fctteltisch mit abnehmbarem Abtropfgitter<br \/>\n2 Gitter nicht inkl.<br \/>\nVer\u00e4nderliche Geschwindigkeit (6 Sortierstellen)<br \/>\nVerschiebbarer und abnehmbarer Saftauffangbeh\u00e4lter<br \/>\n2 verstellbare R\u00fcttelmotoren (2 x 0,62 kW)<br \/>\nL. 3500 &#8211; Breite 750 &#8211; Arbeitsh\u00f6he 900 mm<br \/>\nFahrbar, 4 schwenkbare R\u00e4der mit Bremse\n              <\/ul>\n<\/p><\/div>\n<div id=\"description\">\n              R\u00fctteltisch mit abnehmbarem Abtropfgitter<br \/>\n2 Gitter nicht inkl.<br \/>\nVer\u00e4nderliche Geschwindigkeit (6 Sortierstellen)<br \/>\nRohrrahmen aus Edelstahl.<br \/>\nVerschiebbarer und abnehmbarer Saftauffangbeh\u00e4lter<br \/>\n2 verstellbare R\u00fcttelmotoren (2 x 0,62 kW)<br \/>\nL. 3500 &#8211; Breite 750 &#8211; Arbeitsh\u00f6he 900 mm<br \/>\nFahrbar, 4 schwenkbare R\u00e4der mit Bremse<br \/>\nGer\u00e4t f\u00fcr die Verteilung des Lesegutes, die Erleichterung<br \/>\ndes Sortierens per Hand, die Trennung des Lesegutes<br \/>\nvon den Abtropfs\u00e4ften und gleichm\u00e4\u00dfige Beschickung.\n            <\/div>\n<div id=\"material\">\n<div class=\"one-item\"><button onclick=\"window.open('https:\/\/fabijan.si\/wp-content\/uploads\/site-content\/bucher-delta-trv-20_35-de.pdf')\" type=\"button\">Katalog herunterladen<\/button><\/div>\n<div class=\"one-item\"><button onclick=\"window.open('https:\/\/fabijan.si\/wp-content\/uploads\/site-content\/bucher-delta-trv-20_35-gb.pdf')\" type=\"button\">Katalog herunterladen<\/button><\/div>\n<\/p><\/div>\n<\/p><\/div>\n<\/p><\/div>\n<\/p><\/div>\n","protected":false},"excerpt":{"rendered":"<p>Zuhause | Traubenverarbeitung | Vibrationstische R\u00fctteltisch Delta TRV35 2 Gr. FU R\u00fctteltisch mit abnehmbarem Abtropfgitter 2 Gitter nicht inkl. Ver\u00e4nderliche Geschwindigkeit (6 Sortierstellen) Verschiebbarer und abnehmbarer Saftauffangbeh\u00e4lter 2 verstellbare R\u00fcttelmotoren (2 x 0,62 kW) L. 3500 &#8211; Breite 750 &#8211; Arbeitsh\u00f6he 900 mm Fahrbar, 4 schwenkbare R\u00e4der mit Bremse SPEZIFIKATIONEN BESCHREIBUNG MATERIAL R\u00fctteltisch mit abnehmbarem [&hellip;]<\/p>\n","protected":false},"author":1,"featured_media":0,"parent":4580252,"menu_order":0,"comment_status":"closed","ping_status":"closed","template":"elementor_theme","meta":{"footnotes":""},"class_list":["post-4580264","page","type-page","status-publish","hentry"],"_links":{"self":[{"href":"https:\/\/fabijan.si\/de\/wp-json\/wp\/v2\/pages\/4580264","targetHints":{"allow":["GET"]}}],"collection":[{"href":"https:\/\/fabijan.si\/de\/wp-json\/wp\/v2\/pages"}],"about":[{"href":"https:\/\/fabijan.si\/de\/wp-json\/wp\/v2\/types\/page"}],"author":[{"embeddable":true,"href":"https:\/\/fabijan.si\/de\/wp-json\/wp\/v2\/users\/1"}],"replies":[{"embeddable":true,"href":"https:\/\/fabijan.si\/de\/wp-json\/wp\/v2\/comments?post=4580264"}],"version-history":[{"count":0,"href":"https:\/\/fabijan.si\/de\/wp-json\/wp\/v2\/pages\/4580264\/revisions"}],"up":[{"embeddable":true,"href":"https:\/\/fabijan.si\/de\/wp-json\/wp\/v2\/pages\/4580252"}],"wp:attachment":[{"href":"https:\/\/fabijan.si\/de\/wp-json\/wp\/v2\/media?parent=4580264"}],"curies":[{"name":"wp","href":"https:\/\/api.w.org\/{rel}","templated":true}]}}