{"id":4580309,"date":"2026-02-03T15:51:40","date_gmt":"2026-02-03T14:51:40","guid":{"rendered":"https:\/\/fabijan.si\/traubenverarbeitung\/traubentransport\/"},"modified":"2026-02-03T15:51:40","modified_gmt":"2026-02-03T14:51:40","slug":"traubentransport","status":"publish","type":"page","link":"https:\/\/fabijan.si\/de\/traubenverarbeitung\/traubentransport\/","title":{"rendered":"traubentransport"},"content":{"rendered":"<div class=\"breadcrumb-container\"><span><br \/>\n<a href=\"https:\/\/fabijan.si\/de\/\">Zuhause<\/a> | <a href=\"https:\/\/fabijan.si\/de\/traubenverarbeitung\/\">Traubenverarbeitung<\/a><\/span>\n<\/div>\n<div class=\"category-title\" style=\"display: flex; justify-content: center;\">\n<h2>Traubentransport<\/h2>\n<\/div>\n<div class=\"mygallery\">\n<div class=\"row\">\n<div class=\"col-sm-3 galleryitem\">\n     <!-- order:2 --><\/p>\n<div class=\"one-item\">\n       <img decoding=\"async\" src=\"https:\/\/fabijan.si\/wp-content\/uploads\/site-content\/bucher-delta-tre.jpg\" srcset=\" https:\/\/fabijan.si\/wp-content\/uploads\/site-content\/bucher-delta-tre.jpg 300w, https:\/\/fabijan.si\/wp-content\/uploads\/site-content\/bucher-delta-tre.jpg 150w \" \/><\/p>\n<h4>Fahrb. Schr\u00e4gf\u00f6rderer Delta TR300<\/h4>\n<p>       <button onclick=\"window.location.href='fahrb-schragforderer-delta-tr300' \"type=\"button\">Weiterlesen<\/button>\n    <\/div>\n<\/p><\/div>\n<div class=\"col-sm-3 galleryitem\">\n     <!-- order:3 --><\/p>\n<div class=\"one-item\">\n       <img decoding=\"async\" src=\"https:\/\/fabijan.si\/wp-content\/uploads\/site-content\/bucher-delta-tre.jpg\" srcset=\" https:\/\/fabijan.si\/wp-content\/uploads\/site-content\/bucher-delta-tre.jpg 300w, https:\/\/fabijan.si\/wp-content\/uploads\/site-content\/bucher-delta-tre.jpg 150w \" \/><\/p>\n<h4>Fahrb. Schr\u00e4gf\u00f6rderer BUCHER DELTA TRE 4 m<\/h4>\n<p>       <button onclick=\"window.location.href='fahrb-schragforderer-bucher-delta-tre-4-m' \"type=\"button\">Weiterlesen<\/button>\n    <\/div>\n<\/p><\/div>\n<div class=\"col-sm-3 galleryitem\">\n     <!-- order:4 --><\/p>\n<div class=\"one-item\">\n       <img decoding=\"async\" src=\"https:\/\/fabijan.si\/wp-content\/uploads\/site-content\/bucher-delta-tre.jpg\" srcset=\" https:\/\/fabijan.si\/wp-content\/uploads\/site-content\/bucher-delta-tre.jpg 300w, https:\/\/fabijan.si\/wp-content\/uploads\/site-content\/bucher-delta-tre.jpg 150w \" \/><\/p>\n<h4>Fahrb. Schr\u00e4gf\u00f6rderer BUCHER DELTA TRE 5 m<\/h4>\n<p>       <button onclick=\"window.location.href='fahrb-schragforderer-bucher-delta-tre-5-m' \"type=\"button\">Weiterlesen<\/button>\n    <\/div>\n<\/p><\/div>\n<div class=\"col-sm-3 galleryitem\">\n     <!-- order:5 --><\/p>\n<div class=\"one-item\">\n       <img decoding=\"async\" src=\"https:\/\/fabijan.si\/wp-content\/uploads\/site-content\/bucher-delta-elvtr-2.jpg\" srcset=\" https:\/\/fabijan.si\/wp-content\/uploads\/site-content\/bucher-delta-elvtr-2.jpg 300w, https:\/\/fabijan.si\/wp-content\/uploads\/site-content\/bucher-delta-elvtr-2.jpg 150w \" \/><\/p>\n<h4>F. Schr\u00e4gf\u00f6rder BUCHER DELTA ELVTR300 2,5 m<\/h4>\n<p>       <button onclick=\"window.location.href='f-schragforder-bucher-delta-elvtr300-25-m' \"type=\"button\">Weiterlesen<\/button>\n    <\/div>\n<\/p><\/div>\n<\/div>\n<div class=\"row\">\n<div class=\"col-sm-3 galleryitem\">\n     <!-- order:6 --><\/p>\n<div class=\"one-item\">\n       <img decoding=\"async\" src=\"https:\/\/fabijan.si\/wp-content\/uploads\/site-content\/bucher-delta-elvtr-1.jpg\" srcset=\" https:\/\/fabijan.si\/wp-content\/uploads\/site-content\/bucher-delta-elvtr-1.jpg 300w, https:\/\/fabijan.si\/wp-content\/uploads\/site-content\/bucher-delta-elvtr-1.jpg 150w \" \/><\/p>\n<h4>F.Schr\u00e4gf\u00f6rderer DeltaELVTR300 8M<\/h4>\n<p>       <button onclick=\"window.location.href='f-schragforderer-deltaelvtr300-8m' \"type=\"button\">Weiterlesen<\/button>\n    <\/div>\n<\/p><\/div>\n<div class=\"col-sm-3 galleryitem\">\n     <!-- order:7 --><\/p>\n<div class=\"one-item\">\n       <img decoding=\"async\" src=\"https:\/\/fabijan.si\/wp-content\/uploads\/site-content\/bucher-delta-elvtr-1.jpg\" srcset=\" https:\/\/fabijan.si\/wp-content\/uploads\/site-content\/bucher-delta-elvtr-1.jpg 300w, https:\/\/fabijan.si\/wp-content\/uploads\/site-content\/bucher-delta-elvtr-1.jpg 150w \" \/><\/p>\n<h4>F.Schr\u00e4gf\u00f6rderer D. ELVTR400 2,5M<\/h4>\n<p>       <button onclick=\"window.location.href='f-schragforderer-d-elvtr400-25m' \"type=\"button\">Weiterlesen<\/button>\n    <\/div>\n<\/p><\/div>\n<div class=\"col-sm-3 galleryitem\">\n     <!-- order:8 --><\/p>\n<div class=\"one-item\">\n       <img decoding=\"async\" src=\"https:\/\/fabijan.si\/wp-content\/uploads\/site-content\/bucher-delta-elvtr-2.jpg\" srcset=\" https:\/\/fabijan.si\/wp-content\/uploads\/site-content\/bucher-delta-elvtr-2.jpg 300w, https:\/\/fabijan.si\/wp-content\/uploads\/site-content\/bucher-delta-elvtr-2.jpg 150w \" \/><\/p>\n<h4>F.Schr\u00e4gf\u00f6rderer Delta ELVTR400 8M<\/h4>\n<p>       <button onclick=\"window.location.href='f-schragforderer-delta-elvtr400-8m' \"type=\"button\">Weiterlesen<\/button>\n    <\/div>\n<\/p><\/div>\n<div class=\"col-sm-3 galleryitem\">\n     <!-- order:9 --><\/p>\n<div class=\"one-item\">\n       <img decoding=\"async\" src=\"https:\/\/fabijan.si\/wp-content\/uploads\/site-content\/00059095-2.jpg\" srcset=\" https:\/\/fabijan.si\/wp-content\/uploads\/site-content\/00059095-2.jpg 300w, https:\/\/fabijan.si\/wp-content\/uploads\/site-content\/00059095-2.jpg 150w \" \/><\/p>\n<h4>Traubenf\u00f6rderband L=3 m<\/h4>\n<p>       <button onclick=\"window.location.href='traubenforderband-l3-m' \"type=\"button\">Weiterlesen<\/button>\n    <\/div>\n<\/p><\/div>\n<\/div>\n<div class=\"row\">\n<div class=\"col-sm-3 galleryitem\">\n     <!-- order:10 --><\/p>\n<div class=\"one-item\">\n       <img decoding=\"async\" src=\"https:\/\/fabijan.si\/wp-content\/uploads\/site-content\/00059095-2.jpg\" srcset=\" https:\/\/fabijan.si\/wp-content\/uploads\/site-content\/00059095-2.jpg 300w, https:\/\/fabijan.si\/wp-content\/uploads\/site-content\/00059095-2.jpg 150w \" \/><\/p>\n<h4>Traubenf\u00f6rderband L=4 m<\/h4>\n<p>       <button onclick=\"window.location.href='traubenforderband-l4-m' \"type=\"button\">Weiterlesen<\/button>\n    <\/div>\n<\/p><\/div>\n<div class=\"col-sm-3 galleryitem\">\n     <!-- order:11 --><\/p>\n<div class=\"one-item\">\n       <img decoding=\"async\" src=\"https:\/\/fabijan.si\/wp-content\/uploads\/site-content\/00059095-2.jpg\" srcset=\" https:\/\/fabijan.si\/wp-content\/uploads\/site-content\/00059095-2.jpg 300w, https:\/\/fabijan.si\/wp-content\/uploads\/site-content\/00059095-2.jpg 150w \" \/><\/p>\n<h4>Traubenf\u00f6rderband L=5 m<\/h4>\n<p>       <button onclick=\"window.location.href='traubenforderband-l5-m' \"type=\"button\">Weiterlesen<\/button>\n    <\/div>\n<\/p><\/div>\n<\/div>\n<\/div>\n","protected":false},"excerpt":{"rendered":"<p>Zuhause | Traubenverarbeitung Traubentransport Fahrb. Schr\u00e4gf\u00f6rderer Delta TR300 Weiterlesen Fahrb. Schr\u00e4gf\u00f6rderer BUCHER DELTA TRE 4 m Weiterlesen Fahrb. Schr\u00e4gf\u00f6rderer BUCHER DELTA TRE 5 m Weiterlesen F. Schr\u00e4gf\u00f6rder BUCHER DELTA ELVTR300 2,5 m Weiterlesen F.Schr\u00e4gf\u00f6rderer DeltaELVTR300 8M Weiterlesen F.Schr\u00e4gf\u00f6rderer D. ELVTR400 2,5M Weiterlesen F.Schr\u00e4gf\u00f6rderer Delta ELVTR400 8M Weiterlesen Traubenf\u00f6rderband L=3 m Weiterlesen Traubenf\u00f6rderband L=4 m Weiterlesen [&hellip;]<\/p>\n","protected":false},"author":1,"featured_media":0,"parent":4580237,"menu_order":0,"comment_status":"closed","ping_status":"closed","template":"elementor_theme","meta":{"footnotes":""},"class_list":["post-4580309","page","type-page","status-publish","hentry"],"_links":{"self":[{"href":"https:\/\/fabijan.si\/de\/wp-json\/wp\/v2\/pages\/4580309","targetHints":{"allow":["GET"]}}],"collection":[{"href":"https:\/\/fabijan.si\/de\/wp-json\/wp\/v2\/pages"}],"about":[{"href":"https:\/\/fabijan.si\/de\/wp-json\/wp\/v2\/types\/page"}],"author":[{"embeddable":true,"href":"https:\/\/fabijan.si\/de\/wp-json\/wp\/v2\/users\/1"}],"replies":[{"embeddable":true,"href":"https:\/\/fabijan.si\/de\/wp-json\/wp\/v2\/comments?post=4580309"}],"version-history":[{"count":0,"href":"https:\/\/fabijan.si\/de\/wp-json\/wp\/v2\/pages\/4580309\/revisions"}],"up":[{"embeddable":true,"href":"https:\/\/fabijan.si\/de\/wp-json\/wp\/v2\/pages\/4580237"}],"wp:attachment":[{"href":"https:\/\/fabijan.si\/de\/wp-json\/wp\/v2\/media?parent=4580309"}],"curies":[{"name":"wp","href":"https:\/\/api.w.org\/{rel}","templated":true}]}}