{"id":4580351,"date":"2026-02-03T15:52:04","date_gmt":"2026-02-03T14:52:04","guid":{"rendered":"https:\/\/fabijan.si\/traubenverarbeitung\/pressen\/hydropresse\/hydropresse-250l-kippbar-vspx\/"},"modified":"2026-02-03T15:52:04","modified_gmt":"2026-02-03T14:52:04","slug":"hydropresse-250l-kippbar-vspx","status":"publish","type":"page","link":"https:\/\/fabijan.si\/de\/traubenverarbeitung\/pressen\/hydropresse\/hydropresse-250l-kippbar-vspx\/","title":{"rendered":"hydropresse-250l-kippbar-vspx"},"content":{"rendered":"\n<div class=\"container\">\n<div class=\"breadcrumb-container\"><span><br \/>\n<a href=\"https:\/\/fabijan.si\/de\/\">Zuhause<\/a> | <a href=\"https:\/\/fabijan.si\/de\/traubenverarbeitung\/\">Traubenverarbeitung<\/a> | <a href=\"https:\/\/fabijan.si\/de\/traubenverarbeitung\/pressen\/\">Pressen<\/a> | <a href=\"https:\/\/fabijan.si\/de\/traubenverarbeitung\/pressen\/hydropresse\/\">Hydropresse<\/a><\/span>\n<\/div>\n<div class=\"row\">\n<div class=\"col-6\">\n<div id=\"carouselExampleControls\" class=\"carousel slide carousel-container\" data-interval=\"false\">\n<div class=\"carousel-inner\">\n<div class=\"carousel-item active\">   <img decoding=\"async\" src=\"https:\/\/fabijan.si\/wp-content\/uploads\/site-content\/vspx80.jpg\" class=\"d-block w-100\" alt=\"...\"><\/div>\n<\/p><\/div>\n<p>              <button class=\"carousel-control-prev\" type=\"button\" data-bs-target=\"#carouselExampleControls\" data-bs-slide=\"prev\"><br \/>\n                <span class=\"carousel-control-prev-icon\" aria-hidden=\"true\"><\/span><br \/>\n              <\/button><br \/>\n              <button class=\"carousel-control-next\" type=\"button\" data-bs-target=\"#carouselExampleControls\" data-bs-slide=\"next\"><br \/>\n                <span class=\"carousel-control-next-icon\" aria-hidden=\"true\"><\/span><br \/>\n              <\/button>\n            <\/div>\n<\/p><\/div>\n<div class=\"col-6 slo-name\">\n            Hydropresse 250l Kippbar VSPX<\/p>\n<div class=\"brand\">Korbg\u00f6\u00dfe:230 l<br \/>\nArbeitsdruck:2,5 bar<br \/>\nAusf\u00fchrung:mit pulverlackiertem Wagen<br \/>\nAbmessungen in cm:88\u00d790\u00d7155<br \/>\nGewicht:105 kg<br \/>\nAnmerkung:Druckregulator 1-4 bar<\/div>\n<p>\t\t\t<!-- \n\n<div class=\"price-container\">\n                \n\n<p class=\"price\">###PRICE###<\/p>\n\n --><br \/>\n                <!-- <button type=\"button\" class=\"btn btn-config btn-lg\">Pojdi na konfigurator<\/button> -->\n            <\/div>\n<\/p><\/div>\n<div class=\"menu\">\n<div class=\"btn-group d-flex justify-content-center\" id=\"menu-buttons\">\n              <button type=\"button\" onClick = \"showSpecs()\" class=\"btn menu-button menu-title active\">SPEZIFIKATIONEN<\/button><br \/>\n              <button type=\"button\" onClick = \"showDescription()\" class=\"btn menu-button menu-title\">BESCHREIBUNG<\/button><br \/>\n              <button type=\"button\" onClick = \"showMaterial()\" class=\"btn menu-button menu-title\">MATERIAL<\/button>\n            <\/div>\n<div id=\"specs\">\n<ul class=\"list-group\">\n                Korbg\u00f6\u00dfe:230 l<br \/>\nArbeitsdruck:2,5 bar<br \/>\nAusf\u00fchrung:mit pulverlackiertem Wagen<br \/>\nAbmessungen in cm:88\u00d790\u00d7155<br \/>\nGewicht:105 kg<br \/>\nAnmerkung:Druckregulator 1-4 bar\n              <\/ul>\n<\/p><\/div>\n<div id=\"description\">\n              * 2 fix R\u00e4der, 2 bewegliche R\u00e4der<br \/>\n* Pressnetz<br \/>\n* PVC Spritzschutz<br \/>\n* H\u00f6chstdruck 3 bar<br \/>\n* Sammelgef\u00e4\u00df,Deckel und Korb aus INOX, Grundrahmen lackiert<br \/>\n* Oberfl\u00e4che &#8211; elektropoliert\n            <\/div>\n<div id=\"material\"><\/div>\n<\/p><\/div>\n<\/p><\/div>\n<\/p><\/div>\n","protected":false},"excerpt":{"rendered":"<p>Zuhause | Traubenverarbeitung | Pressen | Hydropresse Hydropresse 250l Kippbar VSPX Korbg\u00f6\u00dfe:230 l Arbeitsdruck:2,5 bar Ausf\u00fchrung:mit pulverlackiertem Wagen Abmessungen in cm:88\u00d790\u00d7155 Gewicht:105 kg Anmerkung:Druckregulator 1-4 bar SPEZIFIKATIONEN BESCHREIBUNG MATERIAL Korbg\u00f6\u00dfe:230 l Arbeitsdruck:2,5 bar Ausf\u00fchrung:mit pulverlackiertem Wagen Abmessungen in cm:88\u00d790\u00d7155 Gewicht:105 kg Anmerkung:Druckregulator 1-4 bar * 2 fix R\u00e4der, 2 bewegliche R\u00e4der * Pressnetz * PVC [&hellip;]<\/p>\n","protected":false},"author":1,"featured_media":0,"parent":4580342,"menu_order":0,"comment_status":"closed","ping_status":"closed","template":"elementor_theme","meta":{"footnotes":""},"class_list":["post-4580351","page","type-page","status-publish","hentry"],"_links":{"self":[{"href":"https:\/\/fabijan.si\/de\/wp-json\/wp\/v2\/pages\/4580351","targetHints":{"allow":["GET"]}}],"collection":[{"href":"https:\/\/fabijan.si\/de\/wp-json\/wp\/v2\/pages"}],"about":[{"href":"https:\/\/fabijan.si\/de\/wp-json\/wp\/v2\/types\/page"}],"author":[{"embeddable":true,"href":"https:\/\/fabijan.si\/de\/wp-json\/wp\/v2\/users\/1"}],"replies":[{"embeddable":true,"href":"https:\/\/fabijan.si\/de\/wp-json\/wp\/v2\/comments?post=4580351"}],"version-history":[{"count":0,"href":"https:\/\/fabijan.si\/de\/wp-json\/wp\/v2\/pages\/4580351\/revisions"}],"up":[{"embeddable":true,"href":"https:\/\/fabijan.si\/de\/wp-json\/wp\/v2\/pages\/4580342"}],"wp:attachment":[{"href":"https:\/\/fabijan.si\/de\/wp-json\/wp\/v2\/media?parent=4580351"}],"curies":[{"name":"wp","href":"https:\/\/api.w.org\/{rel}","templated":true}]}}