{"id":4580357,"date":"2026-02-03T15:52:06","date_gmt":"2026-02-03T14:52:06","guid":{"rendered":"https:\/\/fabijan.si\/traubenverarbeitung\/pressen\/hydropresse\/hydropresse-lancman-vspix-170-l\/"},"modified":"2026-02-03T15:52:06","modified_gmt":"2026-02-03T14:52:06","slug":"hydropresse-lancman-vspix-170-l","status":"publish","type":"page","link":"https:\/\/fabijan.si\/de\/traubenverarbeitung\/pressen\/hydropresse\/hydropresse-lancman-vspix-170-l\/","title":{"rendered":"hydropresse-lancman-vspix-170-l"},"content":{"rendered":"\n<div class=\"container\">\n<div class=\"breadcrumb-container\"><span><br \/>\n<a href=\"https:\/\/fabijan.si\/de\/\">Zuhause<\/a> | <a href=\"https:\/\/fabijan.si\/de\/traubenverarbeitung\/\">Traubenverarbeitung<\/a> | <a href=\"https:\/\/fabijan.si\/de\/traubenverarbeitung\/pressen\/\">Pressen<\/a> | <a href=\"https:\/\/fabijan.si\/de\/traubenverarbeitung\/pressen\/hydropresse\/\">Hydropresse<\/a><\/span>\n<\/div>\n<div class=\"row\">\n<div class=\"col-6\">\n<div id=\"carouselExampleControls\" class=\"carousel slide carousel-container\" data-interval=\"false\">\n<div class=\"carousel-inner\">\n<div class=\"carousel-item active\">   <img decoding=\"async\" src=\"https:\/\/fabijan.si\/wp-content\/uploads\/site-content\/00004821.jpg\" class=\"d-block w-100\" alt=\"...\"><\/div>\n<\/p><\/div>\n<p>              <button class=\"carousel-control-prev\" type=\"button\" data-bs-target=\"#carouselExampleControls\" data-bs-slide=\"prev\"><br \/>\n                <span class=\"carousel-control-prev-icon\" aria-hidden=\"true\"><\/span><br \/>\n              <\/button><br \/>\n              <button class=\"carousel-control-next\" type=\"button\" data-bs-target=\"#carouselExampleControls\" data-bs-slide=\"next\"><br \/>\n                <span class=\"carousel-control-next-icon\" aria-hidden=\"true\"><\/span><br \/>\n              <\/button>\n            <\/div>\n<\/p><\/div>\n<div class=\"col-6 slo-name\">\n            Hydropresse LANCMAN VSPIX 170 l<\/p>\n<div class=\"brand\">Korbg\u00f6\u00dfe:170 l<br \/>\nArbeitsdruck:2,5 bar<br \/>\nAusf\u00fchrung:mit Wagen aus Edelstahl<br \/>\nAbmessungen in cm:88\u00d790\u00d7135<br \/>\nGewicht:83 kg<br \/>\nAnmerkung:Druckregulator 1-4 bar<\/div>\n<p>\t\t\t<!-- \n\n<div class=\"price-container\">\n                \n\n<p class=\"price\">###PRICE###<\/p>\n\n --><br \/>\n                <!-- <button type=\"button\" class=\"btn btn-config btn-lg\">Pojdi na konfigurator<\/button> -->\n            <\/div>\n<\/p><\/div>\n<div class=\"menu\">\n<div class=\"btn-group d-flex justify-content-center\" id=\"menu-buttons\">\n              <button type=\"button\" onClick = \"showSpecs()\" class=\"btn menu-button menu-title active\">SPEZIFIKATIONEN<\/button><br \/>\n              <button type=\"button\" onClick = \"showDescription()\" class=\"btn menu-button menu-title\">BESCHREIBUNG<\/button><br \/>\n              <button type=\"button\" onClick = \"showMaterial()\" class=\"btn menu-button menu-title\">MATERIAL<\/button>\n            <\/div>\n<div id=\"specs\">\n<ul class=\"list-group\">\n                Korbg\u00f6\u00dfe:170 l<br \/>\nArbeitsdruck:2,5 bar<br \/>\nAusf\u00fchrung:mit Wagen aus Edelstahl<br \/>\nAbmessungen in cm:88\u00d790\u00d7135<br \/>\nGewicht:83 kg<br \/>\nAnmerkung:Druckregulator 1-4 bar\n              <\/ul>\n<\/p><\/div>\n<div id=\"description\">\n              Kippbare Hydropresse mit Wagen aus Edelstahl<br \/>\nzum Pressen von Obst (z.B. \u00c4pfel, Trauben, etc.)<br \/>\nin wenigen Minuten. Solide und leichte Bauweise<br \/>\nmit Deckel, Wanne, Korb und Transportwagen aus Edelstahl.<br \/>\nDas vorhandene Kippsystem sorgt f\u00fcr eine<br \/>\neinfachere Leerung der Obstpresse.\n            <\/div>\n<div id=\"material\"><\/div>\n<\/p><\/div>\n<\/p><\/div>\n<\/p><\/div>\n","protected":false},"excerpt":{"rendered":"<p>Zuhause | Traubenverarbeitung | Pressen | Hydropresse Hydropresse LANCMAN VSPIX 170 l Korbg\u00f6\u00dfe:170 l Arbeitsdruck:2,5 bar Ausf\u00fchrung:mit Wagen aus Edelstahl Abmessungen in cm:88\u00d790\u00d7135 Gewicht:83 kg Anmerkung:Druckregulator 1-4 bar SPEZIFIKATIONEN BESCHREIBUNG MATERIAL Korbg\u00f6\u00dfe:170 l Arbeitsdruck:2,5 bar Ausf\u00fchrung:mit Wagen aus Edelstahl Abmessungen in cm:88\u00d790\u00d7135 Gewicht:83 kg Anmerkung:Druckregulator 1-4 bar Kippbare Hydropresse mit Wagen aus Edelstahl zum Pressen [&hellip;]<\/p>\n","protected":false},"author":1,"featured_media":0,"parent":4580342,"menu_order":0,"comment_status":"closed","ping_status":"closed","template":"elementor_theme","meta":{"footnotes":""},"class_list":["post-4580357","page","type-page","status-publish","hentry"],"_links":{"self":[{"href":"https:\/\/fabijan.si\/de\/wp-json\/wp\/v2\/pages\/4580357","targetHints":{"allow":["GET"]}}],"collection":[{"href":"https:\/\/fabijan.si\/de\/wp-json\/wp\/v2\/pages"}],"about":[{"href":"https:\/\/fabijan.si\/de\/wp-json\/wp\/v2\/types\/page"}],"author":[{"embeddable":true,"href":"https:\/\/fabijan.si\/de\/wp-json\/wp\/v2\/users\/1"}],"replies":[{"embeddable":true,"href":"https:\/\/fabijan.si\/de\/wp-json\/wp\/v2\/comments?post=4580357"}],"version-history":[{"count":0,"href":"https:\/\/fabijan.si\/de\/wp-json\/wp\/v2\/pages\/4580357\/revisions"}],"up":[{"embeddable":true,"href":"https:\/\/fabijan.si\/de\/wp-json\/wp\/v2\/pages\/4580342"}],"wp:attachment":[{"href":"https:\/\/fabijan.si\/de\/wp-json\/wp\/v2\/media?parent=4580357"}],"curies":[{"name":"wp","href":"https:\/\/api.w.org\/{rel}","templated":true}]}}