{"id":4580375,"date":"2026-02-03T15:54:00","date_gmt":"2026-02-03T14:54:00","guid":{"rendered":"https:\/\/fabijan.si\/traubenverarbeitung\/pressen\/pneumatische-presse\/skrlj\/pneumatische-presse-skrlj-serie-pst\/"},"modified":"2026-02-03T15:54:00","modified_gmt":"2026-02-03T14:54:00","slug":"pneumatische-presse-skrlj-serie-pst","status":"publish","type":"page","link":"https:\/\/fabijan.si\/de\/traubenverarbeitung\/pressen\/pneumatische-presse\/skrlj\/pneumatische-presse-skrlj-serie-pst\/","title":{"rendered":"pneumatische-presse-skrlj-serie-pst"},"content":{"rendered":"<div class=\"breadcrumb-container\"><span><br \/>\n<a href=\"https:\/\/fabijan.si\/de\/\">Zuhause<\/a> | <a href=\"https:\/\/fabijan.si\/de\/traubenverarbeitung\/\">Traubenverarbeitung<\/a> | <a href=\"https:\/\/fabijan.si\/de\/traubenverarbeitung\/pressen\/\">Pressen<\/a> | <a href=\"https:\/\/fabijan.si\/de\/traubenverarbeitung\/pressen\/pneumatische-presse\/\">Pneumatische Presse<\/a> | <a href=\"https:\/\/fabijan.si\/de\/traubenverarbeitung\/pressen\/pneumatische-presse\/skrlj\/\">\u0160KRLJ<\/a><\/span>\n<\/div>\n<div class=\"category-title\" style=\"display: flex; justify-content: center;\">\n<h2>Pneumatische Presse SKRLJ Serie PST<\/h2>\n<\/div>\n<div class=\"mygallery\">\n<div class=\"row\">\n<div class=\"col-sm-3 galleryitem\">\n     <!-- order:1 --><\/p>\n<div class=\"one-item\">\n       <img decoding=\"async\" src=\"https:\/\/fabijan.si\/wp-content\/uploads\/site-content\/00005407.jpg\" srcset=\" https:\/\/fabijan.si\/wp-content\/uploads\/site-content\/00005407.jpg 300w, https:\/\/fabijan.si\/wp-content\/uploads\/site-content\/00005407.jpg 150w \" \/><\/p>\n<h4>Automatische Pneumatische Presse SKRLJ PST 5 hl<\/h4>\n<p>       <button onclick=\"window.location.href='automatische-pneumatische-presse-skrlj-pst-5-hl' \"type=\"button\">Weiterlesen<\/button>\n    <\/div>\n<\/p><\/div>\n<div class=\"col-sm-3 galleryitem\">\n     <!-- order:2 --><\/p>\n<div class=\"one-item\">\n       <img decoding=\"async\" src=\"https:\/\/fabijan.si\/wp-content\/uploads\/site-content\/00005409.jpg\" srcset=\" https:\/\/fabijan.si\/wp-content\/uploads\/site-content\/00005409.jpg 300w, https:\/\/fabijan.si\/wp-content\/uploads\/site-content\/00005409.jpg 150w \" \/><\/p>\n<h4>Automatische Pneumatische Presse \u0160KRLJ PST 8 hl<\/h4>\n<p>       <button onclick=\"window.location.href='automatische-pneumatische-presse-skrlj-pst-8-hl' \"type=\"button\">Weiterlesen<\/button>\n    <\/div>\n<\/p><\/div>\n<div class=\"col-sm-3 galleryitem\">\n     <!-- order:3 --><\/p>\n<div class=\"one-item\">\n       <img decoding=\"async\" src=\"https:\/\/fabijan.si\/wp-content\/uploads\/site-content\/00005410.jpg\" srcset=\" https:\/\/fabijan.si\/wp-content\/uploads\/site-content\/00005410.jpg 300w, https:\/\/fabijan.si\/wp-content\/uploads\/site-content\/00005410.jpg 150w \" \/><\/p>\n<h4>Automatische Pneumatische Presse \u0160KRLJ PST 10 hl<\/h4>\n<p>       <button onclick=\"window.location.href='automatische-pneumatische-presse-skrlj-pst-10-hl' \"type=\"button\">Weiterlesen<\/button>\n    <\/div>\n<\/p><\/div>\n<div class=\"col-sm-3 galleryitem\">\n     <!-- order:4 --><\/p>\n<div class=\"one-item\">\n       <img decoding=\"async\" src=\"https:\/\/fabijan.si\/wp-content\/uploads\/site-content\/00005411-2.jpg\" srcset=\" https:\/\/fabijan.si\/wp-content\/uploads\/site-content\/00005411-2.jpg 300w, https:\/\/fabijan.si\/wp-content\/uploads\/site-content\/00005411-2.jpg 150w \" \/><\/p>\n<h4>Automatische Pneumatische Presse \u0160KRLJ PST 12 hl<\/h4>\n<p>       <button onclick=\"window.location.href='automatische-pneumatische-presse-skrlj-pst-12-hl' \"type=\"button\">Weiterlesen<\/button>\n    <\/div>\n<\/p><\/div>\n<\/div>\n<div class=\"row\">\n<div class=\"col-sm-3 galleryitem\">\n     <!-- order:5 --><\/p>\n<div class=\"one-item\">\n       <img decoding=\"async\" src=\"https:\/\/fabijan.si\/wp-content\/uploads\/site-content\/00005412-1.jpg\" srcset=\" https:\/\/fabijan.si\/wp-content\/uploads\/site-content\/00005412-1.jpg 300w, https:\/\/fabijan.si\/wp-content\/uploads\/site-content\/00005412-1.jpg 150w \" \/><\/p>\n<h4>Automatische Pneumatische Presse \u0160KRLJ PST 16 hl<\/h4>\n<p>       <button onclick=\"window.location.href='automatische-pneumatische-presse-skrlj-pst-16-hl' \"type=\"button\">Weiterlesen<\/button>\n    <\/div>\n<\/p><\/div>\n<div class=\"col-sm-3 galleryitem\">\n     <!-- order:6 --><\/p>\n<div class=\"one-item\">\n       <img decoding=\"async\" src=\"https:\/\/fabijan.si\/wp-content\/uploads\/site-content\/00005413-1.jpg\" srcset=\" https:\/\/fabijan.si\/wp-content\/uploads\/site-content\/00005413-1.jpg 300w, https:\/\/fabijan.si\/wp-content\/uploads\/site-content\/00005413-1.jpg 150w \" \/><\/p>\n<h4>Automatische Pneumatische Presse \u0160KRLJ PST 21 hl<\/h4>\n<p>       <button onclick=\"window.location.href='automatische-pneumatische-presse-skrlj-pst-21-hl' \"type=\"button\">Weiterlesen<\/button>\n    <\/div>\n<\/p><\/div>\n<div class=\"col-sm-3 galleryitem\">\n     <!-- order:7 --><\/p>\n<div class=\"one-item\">\n       <img decoding=\"async\" src=\"https:\/\/fabijan.si\/wp-content\/uploads\/site-content\/00005415-1.jpg\" srcset=\" https:\/\/fabijan.si\/wp-content\/uploads\/site-content\/00005415-1.jpg 300w, https:\/\/fabijan.si\/wp-content\/uploads\/site-content\/00005415-1.jpg 150w \" \/><\/p>\n<h4>Automatische Pneumatische Presse \u0160KRLJ PST 29 hl<\/h4>\n<p>       <button onclick=\"window.location.href='automatische-pneumatische-presse-skrlj-pst-29-hl' \"type=\"button\">Weiterlesen<\/button>\n    <\/div>\n<\/p><\/div>\n<div class=\"col-sm-3 galleryitem\">\n     <!-- order:8 --><\/p>\n<div class=\"one-item\">\n       <img decoding=\"async\" src=\"https:\/\/fabijan.si\/wp-content\/uploads\/site-content\/00005416-1.jpg\" srcset=\" https:\/\/fabijan.si\/wp-content\/uploads\/site-content\/00005416-1.jpg 300w, https:\/\/fabijan.si\/wp-content\/uploads\/site-content\/00005416-1.jpg 150w \" \/><\/p>\n<h4>Automatische Pneumatische Presse SKRLJ PST 42 hl<\/h4>\n<p>       <button onclick=\"window.location.href='automatische-pneumatische-presse-skrlj-pst-42-hl' \"type=\"button\">Weiterlesen<\/button>\n    <\/div>\n<\/p><\/div>\n<\/div>\n<div class=\"row\">\n<div class=\"col-sm-3 galleryitem\">\n     <!-- order:9 --><\/p>\n<div class=\"one-item\">\n       <img decoding=\"async\" src=\"https:\/\/fabijan.si\/wp-content\/uploads\/site-content\/00005417-2.jpg\" srcset=\" https:\/\/fabijan.si\/wp-content\/uploads\/site-content\/00005417-2.jpg 300w, https:\/\/fabijan.si\/wp-content\/uploads\/site-content\/00005417-2.jpg 150w \" \/><\/p>\n<h4>Automatische Pneumatische Presse \u0160KRLJ PST 55 hl<\/h4>\n<p>       <button onclick=\"window.location.href='automatische-pneumatische-presse-skrlj-pst-55-hl' \"type=\"button\">Weiterlesen<\/button>\n    <\/div>\n<\/p><\/div>\n<div class=\"col-sm-3 galleryitem\">\n     <!-- order:10 --><\/p>\n<div class=\"one-item\">\n       <img decoding=\"async\" src=\"https:\/\/fabijan.si\/wp-content\/uploads\/site-content\/00026198-1.jpg\" srcset=\" https:\/\/fabijan.si\/wp-content\/uploads\/site-content\/00026198-1.jpg 300w, https:\/\/fabijan.si\/wp-content\/uploads\/site-content\/00026198-1.jpg 150w \" \/><\/p>\n<h4>Automatische Pneumatische Presse \u0160KRLJ PST 80hl<\/h4>\n<p>       <button onclick=\"window.location.href='automatische-pneumatische-presse-skrlj-pst-80hl' \"type=\"button\">Weiterlesen<\/button>\n    <\/div>\n<\/p><\/div>\n<div class=\"col-sm-3 galleryitem\">\n     <!-- order:11 --><\/p>\n<div class=\"one-item\">\n       <img decoding=\"async\" src=\"https:\/\/fabijan.si\/wp-content\/uploads\/site-content\/00026199-1.jpg\" srcset=\" https:\/\/fabijan.si\/wp-content\/uploads\/site-content\/00026199-1.jpg 300w, https:\/\/fabijan.si\/wp-content\/uploads\/site-content\/00026199-1.jpg 150w \" \/><\/p>\n<h4>Automatische Pneumatische Presse \u0160KRLJ PST 100hl<\/h4>\n<p>       <button onclick=\"window.location.href='automatische-pneumatische-presse-skrlj-pst-100hl' \"type=\"button\">Weiterlesen<\/button>\n    <\/div>\n<\/p><\/div>\n<div class=\"col-sm-3 galleryitem\">\n     <!-- order:12 --><\/p>\n<div class=\"one-item\">\n       <img decoding=\"async\" src=\"https:\/\/fabijan.si\/wp-content\/uploads\/site-content\/00026199-2.jpg\" srcset=\" https:\/\/fabijan.si\/wp-content\/uploads\/site-content\/00026199-2.jpg 300w, https:\/\/fabijan.si\/wp-content\/uploads\/site-content\/00026199-2.jpg 150w \" \/><\/p>\n<h4>Automatische Pneumatische Presse \u0160KRLJ PST 130hl<\/h4>\n<p>       <button onclick=\"window.location.href='automatische-pneumatische-presse-skrlj-pst-130hl' \"type=\"button\">Weiterlesen<\/button>\n    <\/div>\n<\/p><\/div>\n<\/div>\n<div class=\"row\">\n<div class=\"col-sm-3 galleryitem\">\n     <!-- order:13 --><\/p>\n<div class=\"one-item\">\n       <img decoding=\"async\" src=\"https:\/\/fabijan.si\/wp-content\/uploads\/site-content\/00026201.jpeg\" srcset=\" https:\/\/fabijan.si\/wp-content\/uploads\/site-content\/00026201.jpeg 300w, https:\/\/fabijan.si\/wp-content\/uploads\/site-content\/00026201.jpeg 150w \" \/><\/p>\n<h4>Automatische Pneumatische Presse \u0160KRLJ PST 150hl<\/h4>\n<p>       <button onclick=\"window.location.href='automatische-pneumatische-presse-skrlj-pst-150hl' \"type=\"button\">Weiterlesen<\/button>\n    <\/div>\n<\/p><\/div>\n<div class=\"col-sm-3 galleryitem\">\n     <!-- order:14 --><\/p>\n<div class=\"one-item\">\n       <img decoding=\"async\" src=\"https:\/\/fabijan.si\/wp-content\/uploads\/site-content\/00026202.jpeg\" srcset=\" https:\/\/fabijan.si\/wp-content\/uploads\/site-content\/00026202.jpeg 300w, https:\/\/fabijan.si\/wp-content\/uploads\/site-content\/00026202.jpeg 150w \" \/><\/p>\n<h4>Automatische Pneumatische Presse \u0160KRLJ PST 200hl<\/h4>\n<p>       <button onclick=\"window.location.href='automatische-pneumatische-presse-skrlj-pst-200hl' \"type=\"button\">Weiterlesen<\/button>\n    <\/div>\n<\/p><\/div>\n<\/div>\n<\/div>\n","protected":false},"excerpt":{"rendered":"<p>Zuhause | Traubenverarbeitung | Pressen | Pneumatische Presse | \u0160KRLJ Pneumatische Presse SKRLJ Serie PST Automatische Pneumatische Presse SKRLJ PST 5 hl Weiterlesen Automatische Pneumatische Presse \u0160KRLJ PST 8 hl Weiterlesen Automatische Pneumatische Presse \u0160KRLJ PST 10 hl Weiterlesen Automatische Pneumatische Presse \u0160KRLJ PST 12 hl Weiterlesen Automatische Pneumatische Presse \u0160KRLJ PST 16 hl Weiterlesen [&hellip;]<\/p>\n","protected":false},"author":1,"featured_media":0,"parent":4580246,"menu_order":0,"comment_status":"closed","ping_status":"closed","template":"elementor_theme","meta":{"footnotes":""},"class_list":["post-4580375","page","type-page","status-publish","hentry"],"_links":{"self":[{"href":"https:\/\/fabijan.si\/de\/wp-json\/wp\/v2\/pages\/4580375","targetHints":{"allow":["GET"]}}],"collection":[{"href":"https:\/\/fabijan.si\/de\/wp-json\/wp\/v2\/pages"}],"about":[{"href":"https:\/\/fabijan.si\/de\/wp-json\/wp\/v2\/types\/page"}],"author":[{"embeddable":true,"href":"https:\/\/fabijan.si\/de\/wp-json\/wp\/v2\/users\/1"}],"replies":[{"embeddable":true,"href":"https:\/\/fabijan.si\/de\/wp-json\/wp\/v2\/comments?post=4580375"}],"version-history":[{"count":0,"href":"https:\/\/fabijan.si\/de\/wp-json\/wp\/v2\/pages\/4580375\/revisions"}],"up":[{"embeddable":true,"href":"https:\/\/fabijan.si\/de\/wp-json\/wp\/v2\/pages\/4580246"}],"wp:attachment":[{"href":"https:\/\/fabijan.si\/de\/wp-json\/wp\/v2\/media?parent=4580375"}],"curies":[{"name":"wp","href":"https:\/\/api.w.org\/{rel}","templated":true}]}}