{"id":4580411,"date":"2026-02-03T15:54:31","date_gmt":"2026-02-03T14:54:31","guid":{"rendered":"https:\/\/fabijan.si\/traubenverarbeitung\/pressen\/pneumatische-presse\/skrlj\/pneumatische-presse-skrlj-serie-pst\/automatische-pneumatische-presse-skrlj-pst-130hl\/"},"modified":"2026-02-03T15:54:31","modified_gmt":"2026-02-03T14:54:31","slug":"automatische-pneumatische-presse-skrlj-pst-130hl","status":"publish","type":"page","link":"https:\/\/fabijan.si\/de\/traubenverarbeitung\/pressen\/pneumatische-presse\/skrlj\/pneumatische-presse-skrlj-serie-pst\/automatische-pneumatische-presse-skrlj-pst-130hl\/","title":{"rendered":"automatische-pneumatische-presse-skrlj-pst-130hl"},"content":{"rendered":"\n<div class=\"container\">\n<div class=\"breadcrumb-container\"><span><br \/>\n<a href=\"https:\/\/fabijan.si\/de\/\">Zuhause<\/a> | <a href=\"https:\/\/fabijan.si\/de\/traubenverarbeitung\/\">Traubenverarbeitung<\/a> | <a href=\"https:\/\/fabijan.si\/de\/traubenverarbeitung\/pressen\/\">Pressen<\/a> | <a href=\"https:\/\/fabijan.si\/de\/traubenverarbeitung\/pressen\/pneumatische-presse\/\">Pneumatische Presse<\/a> | <a href=\"https:\/\/fabijan.si\/de\/traubenverarbeitung\/pressen\/pneumatische-presse\/skrlj\/\">\u0160KRLJ<\/a> | <a href=\"https:\/\/fabijan.si\/de\/traubenverarbeitung\/pressen\/pneumatische-presse\/skrlj\/pneumatische-presse-skrlj-serie-pst\/\">Pneumatische Presse SKRLJ Serie PST<\/a><\/span>\n<\/div>\n<div class=\"row\">\n<div class=\"col-6\">\n<div id=\"carouselExampleControls\" class=\"carousel slide carousel-container\" data-interval=\"false\">\n<div class=\"carousel-inner\">\n<div class=\"carousel-item active\">   <img decoding=\"async\" src=\"https:\/\/fabijan.si\/wp-content\/uploads\/site-content\/00026199-2.jpg\" class=\"d-block w-100\" alt=\"...\"><\/div>\n<div class=\"carousel-item \">   <img decoding=\"async\" src=\"https:\/\/fabijan.si\/wp-content\/uploads\/site-content\/pst-kanali.jpg\" class=\"d-block w-100\" alt=\"...\"><\/div>\n<\/p><\/div>\n<p>              <button class=\"carousel-control-prev\" type=\"button\" data-bs-target=\"#carouselExampleControls\" data-bs-slide=\"prev\"><br \/>\n                <span class=\"carousel-control-prev-icon\" aria-hidden=\"true\"><\/span><br \/>\n              <\/button><br \/>\n              <button class=\"carousel-control-next\" type=\"button\" data-bs-target=\"#carouselExampleControls\" data-bs-slide=\"next\"><br \/>\n                <span class=\"carousel-control-next-icon\" aria-hidden=\"true\"><\/span><br \/>\n              <\/button>\n            <\/div>\n<\/p><\/div>\n<div class=\"col-6 slo-name\">\n            Automatische Pneumatische Presse \u0160KRLJ PST 130hl<\/p>\n<div class=\"brand\">Nominalvolumen in hl: 130<br \/>\nSteuerung Steuerung Typ ATK<br \/>\nBetriebsspannung: 400V 50Hz 3PH<br \/>\nMax. Betriebsdruck bar\u00fc: 1,5<br \/>\nBreite D in mm: 2450<br \/>\nL\u00e4nge L in mm: 5910<br \/>\nH\u00f6he Z in mm: 2720<\/div>\n<p>\t\t\t<!-- \n\n<div class=\"price-container\">\n                \n\n<p class=\"price\">###PRICE###<\/p>\n\n --><br \/>\n                <!-- <button type=\"button\" class=\"btn btn-config btn-lg\">Pojdi na konfigurator<\/button> -->\n            <\/div>\n<\/p><\/div>\n<div class=\"menu\">\n<div class=\"btn-group d-flex justify-content-center\" id=\"menu-buttons\">\n              <button type=\"button\" onClick = \"showSpecs()\" class=\"btn menu-button menu-title active\">SPEZIFIKATIONEN<\/button><br \/>\n              <button type=\"button\" onClick = \"showDescription()\" class=\"btn menu-button menu-title\">BESCHREIBUNG<\/button><br \/>\n              <button type=\"button\" onClick = \"showMaterial()\" class=\"btn menu-button menu-title\">MATERIAL<\/button>\n            <\/div>\n<div id=\"specs\">\n<ul class=\"list-group\">\n                Nominalvolumen in hl: 130<br \/>\nSteuerung Steuerung Typ ATK<br \/>\nBetriebsspannung: 400V 50Hz 3PH<br \/>\nMax. Betriebsdruck bar\u00fc: 1,5<br \/>\nBreite D in mm: 2450<br \/>\nL\u00e4nge L in mm: 5910<br \/>\nH\u00f6he Z in mm: 2720\n              <\/ul>\n<\/p><\/div>\n<div id=\"description\">\n              Pneumatische Presse in geschlossener Ausf\u00fchrung, erm\u00f6glicht auch die Mazeration der Maische.<br \/>\n\tDer Most flie\u00dft durch die innenliegenden Saftkan\u00e4le in die Sammelwanne ab.<br \/>\n\tPST 130_AVk_HP_400V3PH50Hz_S1_DE<br \/>\nTrommelinhalt (l)\t13000<br \/>\nBreite &#8211; Transport (mm)\t2450<br \/>\nBreite &#8211; Betrieb (mm)\t2750<br \/>\nL\u00e4nge L \/ Lcp (mm)\t1<br \/>\nH\u00f6he \/ H\u00f6he mit R\u00e4der (mm)\t2750\/keine R\u00e4der<br \/>\nGewicht (kg)\t4113<br \/>\nMax.Betriebsdruck (barg)\t1,5<br \/>\nKapazit\u00e4t ganze Trauben  (kg):\t6500-9000<br \/>\nKapazit\u00e4t Maische (kg):\t20000-28000<br \/>\nKapazit\u00e4t fermentierte Maische (kg):\t32500-39000<br \/>\nOberfl\u00e4che\tSandgestrahlt (CrNi Perlen)<br \/>\nGestell\tSERIE X PS 130<br \/>\nTrommel\tPST 130, GESCHLOSSEN, HALBMEMBRANE<br \/>\nT\u00fcr\tHERMETISCHE PS 80-150, 800x600mm, einfl\u00fcgelig<br \/>\nAntrieb der Schiebet\u00fcr\tPNEUMATISCHER ANTREIB DER EINFL\u00dcGELIGEN SCHIEBET\u00dcR<br \/>\nverstellbares \u00d6ffnen der T\u00fcr\tZWEI POSITIONEN DER T\u00dcR (OFFEN_GESCHLOSSEN)<br \/>\nAbflusskan\u00e4le\tPST_130, 18x, S=3,9375m2, ELEKTROPOLIERT<br \/>\nReinigungs\u00f6ffnung\tDN100 DIN11851 MIT KAPPE<br \/>\nAnschluss zur Zentralbef\u00fcllung\tANSCHLUSS DN125<br \/>\nVentil der Zentralbef\u00fcllung\tOHNE VENTIL<br \/>\nAnschlussspannung\tPSx 130, 400V, 50Hz, 3PH, 12,8kW\/5,8kW<br \/>\nSicherheit\tSICHERHEITSSCHNURR<br \/>\nSteuerung\tAVk auf Kabel, 10 voreingestellte Programme, einstellbar (6 Standardprogramme, 3 sequentielle Programme, 1 Sonderprogramm)<br \/>\nVakuumpumpe\tPSx 80-150 230\/400V 2,2kW<br \/>\nKompressor\tOHNE KOMPRESOR<br \/>\nHilfskompressor\tHILFSKOMPRESSOR PMK PSx 21-150 (erforderlich f\u00fcr HERMETISCHE T\u00dcR, PNEUMATISCHEN ANTRIEB DER SCHIEBET\u00dcR, PSH, MOSTSELEKTOR)<br \/>\nSammelwanne \tFIX BEFESTIGT AUF DAS GEH\u00c4USE, VOLUMEN 450 L<br \/>\nAnschluss auf der Sammelwanne \tDN80 DIN11851<br \/>\n\tDOKUMENTATION:<br \/>\n\tKONFORMIT\u00c4TSERKL\u00c4RUNG CE<br \/>\n\tKONFORMIT\u00c4TSERKL\u00c4RUNG CE GEM\u00c4\u00df PED (97\/23\/EG)<br \/>\n\tGEBRAUCHS- UND WARTUNGSANWEISUNGEN<br \/>\n\tERSATZTEILLISTE\n            <\/div>\n<div id=\"material\">\n<div class=\"one-item\"><button onclick=\"window.open('https:\/\/fabijan.si\/wp-content\/uploads\/site-content\/pnevmatske-stiskalnice-2015-sl.pdf')\" type=\"button\">Katalog herunterladen<\/button><\/div>\n<div class=\"one-item\"><button onclick=\"window.open('https:\/\/fabijan.si\/wp-content\/uploads\/site-content\/pnevmatske-stiskalnice-skrlj-2015-de.pdf')\" type=\"button\">Katalog herunterladen<\/button><\/div>\n<\/p><\/div>\n<\/p><\/div>\n<\/p><\/div>\n<\/p><\/div>\n","protected":false},"excerpt":{"rendered":"<p>Zuhause | Traubenverarbeitung | Pressen | Pneumatische Presse | \u0160KRLJ | Pneumatische Presse SKRLJ Serie PST Automatische Pneumatische Presse \u0160KRLJ PST 130hl Nominalvolumen in hl: 130 Steuerung Steuerung Typ ATK Betriebsspannung: 400V 50Hz 3PH Max. Betriebsdruck bar\u00fc: 1,5 Breite D in mm: 2450 L\u00e4nge L in mm: 5910 H\u00f6he Z in mm: 2720 SPEZIFIKATIONEN BESCHREIBUNG [&hellip;]<\/p>\n","protected":false},"author":1,"featured_media":0,"parent":4580375,"menu_order":0,"comment_status":"closed","ping_status":"closed","template":"elementor_theme","meta":{"footnotes":""},"class_list":["post-4580411","page","type-page","status-publish","hentry"],"_links":{"self":[{"href":"https:\/\/fabijan.si\/de\/wp-json\/wp\/v2\/pages\/4580411","targetHints":{"allow":["GET"]}}],"collection":[{"href":"https:\/\/fabijan.si\/de\/wp-json\/wp\/v2\/pages"}],"about":[{"href":"https:\/\/fabijan.si\/de\/wp-json\/wp\/v2\/types\/page"}],"author":[{"embeddable":true,"href":"https:\/\/fabijan.si\/de\/wp-json\/wp\/v2\/users\/1"}],"replies":[{"embeddable":true,"href":"https:\/\/fabijan.si\/de\/wp-json\/wp\/v2\/comments?post=4580411"}],"version-history":[{"count":0,"href":"https:\/\/fabijan.si\/de\/wp-json\/wp\/v2\/pages\/4580411\/revisions"}],"up":[{"embeddable":true,"href":"https:\/\/fabijan.si\/de\/wp-json\/wp\/v2\/pages\/4580375"}],"wp:attachment":[{"href":"https:\/\/fabijan.si\/de\/wp-json\/wp\/v2\/media?parent=4580411"}],"curies":[{"name":"wp","href":"https:\/\/api.w.org\/{rel}","templated":true}]}}