{"id":4580429,"date":"2026-02-03T15:54:38","date_gmt":"2026-02-03T14:54:38","guid":{"rendered":"https:\/\/fabijan.si\/traubenverarbeitung\/pressen\/pneumatische-presse\/skrlj\/pneumatische-presse-skrlj-serie-psh\/automatische-pneumatische-presse-skrlj-psh-42-hl\/"},"modified":"2026-02-03T15:54:38","modified_gmt":"2026-02-03T14:54:38","slug":"automatische-pneumatische-presse-skrlj-psh-42-hl","status":"publish","type":"page","link":"https:\/\/fabijan.si\/de\/traubenverarbeitung\/pressen\/pneumatische-presse\/skrlj\/pneumatische-presse-skrlj-serie-psh\/automatische-pneumatische-presse-skrlj-psh-42-hl\/","title":{"rendered":"automatische-pneumatische-presse-skrlj-psh-42-hl"},"content":{"rendered":"\n<div class=\"container\">\n<div class=\"breadcrumb-container\"><span><br \/>\n<a href=\"https:\/\/fabijan.si\/de\/\">Zuhause<\/a> | <a href=\"https:\/\/fabijan.si\/de\/traubenverarbeitung\/\">Traubenverarbeitung<\/a> | <a href=\"https:\/\/fabijan.si\/de\/traubenverarbeitung\/pressen\/\">Pressen<\/a> | <a href=\"https:\/\/fabijan.si\/de\/traubenverarbeitung\/pressen\/pneumatische-presse\/\">Pneumatische Presse<\/a> | <a href=\"https:\/\/fabijan.si\/de\/traubenverarbeitung\/pressen\/pneumatische-presse\/skrlj\/\">\u0160KRLJ<\/a> | <a href=\"https:\/\/fabijan.si\/de\/traubenverarbeitung\/pressen\/pneumatische-presse\/skrlj\/pneumatische-presse-skrlj-serie-psh\/\">Pneumatische presse \u0160KRLJ Serie PSH<\/a><\/span>\n<\/div>\n<div class=\"row\">\n<div class=\"col-6\">\n<div id=\"carouselExampleControls\" class=\"carousel slide carousel-container\" data-interval=\"false\">\n<div class=\"carousel-inner\">\n<div class=\"carousel-item active\">   <img decoding=\"async\" src=\"https:\/\/fabijan.si\/wp-content\/uploads\/site-content\/hippereduktivno-stiskanje-skrlj.jpg\" class=\"d-block w-100\" alt=\"...\"><\/div>\n<div class=\"carousel-item \">   <img decoding=\"async\" src=\"https:\/\/fabijan.si\/wp-content\/uploads\/site-content\/00024910.jpg\" class=\"d-block w-100\" alt=\"...\"><\/div>\n<div class=\"carousel-item \">   <img decoding=\"async\" src=\"https:\/\/fabijan.si\/wp-content\/uploads\/site-content\/skrlj-pst-in-psh.jpg\" class=\"d-block w-100\" alt=\"...\"><\/div>\n<div class=\"carousel-item \">   <img decoding=\"async\" src=\"https:\/\/fabijan.si\/wp-content\/uploads\/site-content\/psh-kanali.jpg\" class=\"d-block w-100\" alt=\"...\"><\/div>\n<\/p><\/div>\n<p>              <button class=\"carousel-control-prev\" type=\"button\" data-bs-target=\"#carouselExampleControls\" data-bs-slide=\"prev\"><br \/>\n                <span class=\"carousel-control-prev-icon\" aria-hidden=\"true\"><\/span><br \/>\n              <\/button><br \/>\n              <button class=\"carousel-control-next\" type=\"button\" data-bs-target=\"#carouselExampleControls\" data-bs-slide=\"next\"><br \/>\n                <span class=\"carousel-control-next-icon\" aria-hidden=\"true\"><\/span><br \/>\n              <\/button>\n            <\/div>\n<\/p><\/div>\n<div class=\"col-6 slo-name\">\n            Automatische Pneumatische Presse \u0160KRLJ PSH 42 hl<\/p>\n<div class=\"brand\">Halbmembrane<br \/>\n R\u00e4der<br \/>\n geschlossene Trommel, Abflusskan\u00e4le<br \/>\n Automatik AVk auf Kabel mit Konektor<br \/>\n Vakuumpumpe<br \/>\n eingebauter Lamellenkompressor<br \/>\n Schiebet\u00fcr, manuelles \u00d6ffnen<br \/>\n Sicherheitsschnur<br \/>\n elektropolierte Abflusskan\u00e4le<br \/>\n Anschluss zur Zentralbef\u00fcllung DN 100<br \/>\n Sammelwanne fix befestigt auf das Geh\u00e4use<br \/>\n Anschlu\u00dfspannung 400V 50HZ, dreiphasig<br \/>\n Konformit\u00e4tserkl\u00e4rung CE \/ Dokumentation PED (97\/23\/EG)<\/div>\n<p>\t\t\t<!-- \n\n<div class=\"price-container\">\n                \n\n<p class=\"price\">###PRICE###<\/p>\n\n --><br \/>\n                <!-- <button type=\"button\" class=\"btn btn-config btn-lg\">Pojdi na konfigurator<\/button> -->\n            <\/div>\n<\/p><\/div>\n<div class=\"menu\">\n<div class=\"btn-group d-flex justify-content-center\" id=\"menu-buttons\">\n              <button type=\"button\" onClick = \"showSpecs()\" class=\"btn menu-button menu-title active\">SPEZIFIKATIONEN<\/button><br \/>\n              <button type=\"button\" onClick = \"showDescription()\" class=\"btn menu-button menu-title\">BESCHREIBUNG<\/button><br \/>\n              <button type=\"button\" onClick = \"showMaterial()\" class=\"btn menu-button menu-title\">MATERIAL<\/button>\n            <\/div>\n<div id=\"specs\">\n<ul class=\"list-group\">\n                Halbmembrane<br \/>\n R\u00e4der<br \/>\n geschlossene Trommel, Abflusskan\u00e4le<br \/>\n Automatik AVk auf Kabel mit Konektor<br \/>\n Vakuumpumpe<br \/>\n eingebauter Lamellenkompressor<br \/>\n Schiebet\u00fcr, manuelles \u00d6ffnen<br \/>\n Sicherheitsschnur<br \/>\n elektropolierte Abflusskan\u00e4le<br \/>\n Anschluss zur Zentralbef\u00fcllung DN 100<br \/>\n Sammelwanne fix befestigt auf das Geh\u00e4use<br \/>\n Anschlu\u00dfspannung 400V 50HZ, dreiphasig<br \/>\n Konformit\u00e4tserkl\u00e4rung CE \/ Dokumentation PED (97\/23\/EG)\n              <\/ul>\n<\/p><\/div>\n<div id=\"description\"><\/div>\n<div id=\"material\">\n<div class=\"one-item\"><button onclick=\"window.open('https:\/\/fabijan.si\/wp-content\/uploads\/site-content\/pnevmatske-stiskalnice-2015-sl.pdf')\" type=\"button\">Katalog herunterladen<\/button><\/div>\n<div class=\"one-item\"><button onclick=\"window.open('https:\/\/fabijan.si\/wp-content\/uploads\/site-content\/pnevmatske-stiskalnice-skrlj-2015-de.pdf')\" type=\"button\">Katalog herunterladen<\/button><\/div>\n<\/p><\/div>\n<\/p><\/div>\n<\/p><\/div>\n<\/p><\/div>\n","protected":false},"excerpt":{"rendered":"<p>Zuhause | Traubenverarbeitung | Pressen | Pneumatische Presse | \u0160KRLJ | Pneumatische presse \u0160KRLJ Serie PSH Automatische Pneumatische Presse \u0160KRLJ PSH 42 hl Halbmembrane R\u00e4der geschlossene Trommel, Abflusskan\u00e4le Automatik AVk auf Kabel mit Konektor Vakuumpumpe eingebauter Lamellenkompressor Schiebet\u00fcr, manuelles \u00d6ffnen Sicherheitsschnur elektropolierte Abflusskan\u00e4le Anschluss zur Zentralbef\u00fcllung DN 100 Sammelwanne fix befestigt auf das Geh\u00e4use Anschlu\u00dfspannung [&hellip;]<\/p>\n","protected":false},"author":1,"featured_media":0,"parent":4580420,"menu_order":0,"comment_status":"closed","ping_status":"closed","template":"elementor_theme","meta":{"footnotes":""},"class_list":["post-4580429","page","type-page","status-publish","hentry"],"_links":{"self":[{"href":"https:\/\/fabijan.si\/de\/wp-json\/wp\/v2\/pages\/4580429","targetHints":{"allow":["GET"]}}],"collection":[{"href":"https:\/\/fabijan.si\/de\/wp-json\/wp\/v2\/pages"}],"about":[{"href":"https:\/\/fabijan.si\/de\/wp-json\/wp\/v2\/types\/page"}],"author":[{"embeddable":true,"href":"https:\/\/fabijan.si\/de\/wp-json\/wp\/v2\/users\/1"}],"replies":[{"embeddable":true,"href":"https:\/\/fabijan.si\/de\/wp-json\/wp\/v2\/comments?post=4580429"}],"version-history":[{"count":0,"href":"https:\/\/fabijan.si\/de\/wp-json\/wp\/v2\/pages\/4580429\/revisions"}],"up":[{"embeddable":true,"href":"https:\/\/fabijan.si\/de\/wp-json\/wp\/v2\/pages\/4580420"}],"wp:attachment":[{"href":"https:\/\/fabijan.si\/de\/wp-json\/wp\/v2\/media?parent=4580429"}],"curies":[{"name":"wp","href":"https:\/\/api.w.org\/{rel}","templated":true}]}}