{"id":4580435,"date":"2026-02-03T15:54:40","date_gmt":"2026-02-03T14:54:40","guid":{"rendered":"https:\/\/fabijan.si\/traubenverarbeitung\/pressen\/pneumatische-presse\/bucher\/xplus-inertys\/"},"modified":"2026-02-03T15:54:40","modified_gmt":"2026-02-03T14:54:40","slug":"xplus-inertys","status":"publish","type":"page","link":"https:\/\/fabijan.si\/de\/traubenverarbeitung\/pressen\/pneumatische-presse\/bucher\/xplus-inertys\/","title":{"rendered":"xplus-inertys"},"content":{"rendered":"<div class=\"breadcrumb-container\"><span><br \/>\n<a href=\"https:\/\/fabijan.si\/de\/\">Zuhause<\/a> | <a href=\"https:\/\/fabijan.si\/de\/traubenverarbeitung\/\">Traubenverarbeitung<\/a> | <a href=\"https:\/\/fabijan.si\/de\/traubenverarbeitung\/pressen\/\">Pressen<\/a> | <a href=\"https:\/\/fabijan.si\/de\/traubenverarbeitung\/pressen\/pneumatische-presse\/\">Pneumatische Presse<\/a> | <a href=\"https:\/\/fabijan.si\/de\/traubenverarbeitung\/pressen\/pneumatische-presse\/bucher\/\">BUCHER<\/a><\/span>\n<\/div>\n<div class=\"category-title\" style=\"display: flex; justify-content: center;\">\n<h2>XPlus Inertys<\/h2>\n<\/div>\n<div class=\"mygallery\">\n<div class=\"row\">\n<div class=\"col-sm-3 galleryitem\">\n     <!-- order:7 --><\/p>\n<div class=\"one-item\">\n       <img decoding=\"async\" src=\"https:\/\/fabijan.si\/wp-content\/uploads\/site-content\/bucher-xplus-inertys.jpg\" srcset=\" https:\/\/fabijan.si\/wp-content\/uploads\/site-content\/bucher-xplus-inertys.jpg 300w, https:\/\/fabijan.si\/wp-content\/uploads\/site-content\/bucher-xplus-inertys.jpg 150w \" \/><\/p>\n<h4>Bucher XPlus22 DT IT Inertys Spritzd\u00fcse<\/h4>\n<p>       <button onclick=\"window.location.href='bucher-xplus22-dt-it-inertys-spritzduse' \"type=\"button\">Weiterlesen<\/button>\n    <\/div>\n<\/p><\/div>\n<div class=\"col-sm-3 galleryitem\">\n     <!-- order:10 --><\/p>\n<div class=\"one-item\">\n       <img decoding=\"async\" src=\"https:\/\/fabijan.si\/wp-content\/uploads\/site-content\/bucher-xplus-inertys.jpg\" srcset=\" https:\/\/fabijan.si\/wp-content\/uploads\/site-content\/bucher-xplus-inertys.jpg 300w, https:\/\/fabijan.si\/wp-content\/uploads\/site-content\/bucher-xplus-inertys.jpg 150w \" \/><\/p>\n<h4>Bucher XPlus30 Dichte T\u00fcr IT Inertys Spritzd\u00fcse<\/h4>\n<p>       <button onclick=\"window.location.href='bucher-xplus30-dichte-tur-it-inertys-spritzduse' \"type=\"button\">Weiterlesen<\/button>\n    <\/div>\n<\/p><\/div>\n<div class=\"col-sm-3 galleryitem\">\n     <!-- order:18 --><\/p>\n<div class=\"one-item\">\n       <img decoding=\"async\" src=\"https:\/\/fabijan.si\/wp-content\/uploads\/site-content\/bucher-xplus-inertys.jpg\" srcset=\" https:\/\/fabijan.si\/wp-content\/uploads\/site-content\/bucher-xplus-inertys.jpg 300w, https:\/\/fabijan.si\/wp-content\/uploads\/site-content\/bucher-xplus-inertys.jpg 150w \" \/><\/p>\n<h4>Bucher XPlus40 DT IT Inertys Spritzd\u00fcse<\/h4>\n<p>       <button onclick=\"window.location.href='bucher-xplus40-dt-it-inertys-spritzduse' \"type=\"button\">Weiterlesen<\/button>\n    <\/div>\n<\/p><\/div>\n<div class=\"col-sm-3 galleryitem\">\n     <!-- order:19 --><\/p>\n<div class=\"one-item\">\n       <img decoding=\"async\" src=\"https:\/\/fabijan.si\/wp-content\/uploads\/site-content\/bucher-xplus-inertys.jpg\" srcset=\" https:\/\/fabijan.si\/wp-content\/uploads\/site-content\/bucher-xplus-inertys.jpg 300w, https:\/\/fabijan.si\/wp-content\/uploads\/site-content\/bucher-xplus-inertys.jpg 150w \" \/><\/p>\n<h4>Bucher XPlus50 1T IT Inertys Spritzd\u00fcs*<\/h4>\n<p>       <button onclick=\"window.location.href='bucher-xplus50-1t-it-inertys-spritzdus*' \"type=\"button\">Weiterlesen<\/button>\n    <\/div>\n<\/p><\/div>\n<\/div>\n<div class=\"row\">\n<div class=\"col-sm-3 galleryitem\">\n     <!-- order:24 --><\/p>\n<div class=\"one-item\">\n       <img decoding=\"async\" src=\"https:\/\/fabijan.si\/wp-content\/uploads\/site-content\/bucher-xplus-inertys.jpg\" srcset=\" https:\/\/fabijan.si\/wp-content\/uploads\/site-content\/bucher-xplus-inertys.jpg 300w, https:\/\/fabijan.si\/wp-content\/uploads\/site-content\/bucher-xplus-inertys.jpg 150w \" \/><\/p>\n<h4>Bucher XPlus50 2T IT Inertys Auto Rein*<\/h4>\n<p>       <button onclick=\"window.location.href='bucher-xplus50-2t-it-inertys-auto-rein*' \"type=\"button\">Weiterlesen<\/button>\n    <\/div>\n<\/p><\/div>\n<div class=\"col-sm-3 galleryitem\">\n     <!-- order:26 --><\/p>\n<div class=\"one-item\">\n       <img decoding=\"async\" src=\"https:\/\/fabijan.si\/wp-content\/uploads\/site-content\/bucher-xplus-inertys.jpg\" srcset=\" https:\/\/fabijan.si\/wp-content\/uploads\/site-content\/bucher-xplus-inertys.jpg 300w, https:\/\/fabijan.si\/wp-content\/uploads\/site-content\/bucher-xplus-inertys.jpg 150w \" \/><\/p>\n<h4>Bucher XPlus62 1T IT Inert ATP Spritz.*<\/h4>\n<p>       <button onclick=\"window.location.href='bucher-xplus62-1t-it-inert-atp-spritz-*' \"type=\"button\">Weiterlesen<\/button>\n    <\/div>\n<\/p><\/div>\n<div class=\"col-sm-3 galleryitem\">\n     <!-- order:30 --><\/p>\n<div class=\"one-item\">\n       <img decoding=\"async\" src=\"https:\/\/fabijan.si\/wp-content\/uploads\/site-content\/bucher-xplus-inertys.jpg\" srcset=\" https:\/\/fabijan.si\/wp-content\/uploads\/site-content\/bucher-xplus-inertys.jpg 300w, https:\/\/fabijan.si\/wp-content\/uploads\/site-content\/bucher-xplus-inertys.jpg 150w \" \/><\/p>\n<h4>Bucher XPlus62 2T IT Inertys Auto Rein*<\/h4>\n<p>       <button onclick=\"window.location.href='bucher-xplus62-2t-it-inertys-auto-rein*' \"type=\"button\">Weiterlesen<\/button>\n    <\/div>\n<\/p><\/div>\n<div class=\"col-sm-3 galleryitem\">\n     <!-- order:33 --><\/p>\n<div class=\"one-item\">\n       <img decoding=\"async\" src=\"https:\/\/fabijan.si\/wp-content\/uploads\/site-content\/bucher-xplus-inertys.jpg\" srcset=\" https:\/\/fabijan.si\/wp-content\/uploads\/site-content\/bucher-xplus-inertys.jpg 300w, https:\/\/fabijan.si\/wp-content\/uploads\/site-content\/bucher-xplus-inertys.jpg 150w \" \/><\/p>\n<h4>Bucher XPlus80 1T IT Inertys Auto Rein*<\/h4>\n<p>       <button onclick=\"window.location.href='bucher-xplus80-1t-it-inertys-auto-rein*' \"type=\"button\">Weiterlesen<\/button>\n    <\/div>\n<\/p><\/div>\n<\/div>\n<div class=\"row\">\n<div class=\"col-sm-3 galleryitem\">\n     <!-- order:34 --><\/p>\n<div class=\"one-item\">\n       <img decoding=\"async\" src=\"https:\/\/fabijan.si\/wp-content\/uploads\/site-content\/bucher-xplus-inertys.jpg\" srcset=\" https:\/\/fabijan.si\/wp-content\/uploads\/site-content\/bucher-xplus-inertys.jpg 300w, https:\/\/fabijan.si\/wp-content\/uploads\/site-content\/bucher-xplus-inertys.jpg 150w \" \/><\/p>\n<h4>Bucher XPlus80 2T IT Inertys Spritzd\u00fcs*<\/h4>\n<p>       <button onclick=\"window.location.href='bucher-xplus80-2t-it-inertys-spritzdus*' \"type=\"button\">Weiterlesen<\/button>\n    <\/div>\n<\/p><\/div>\n<\/div>\n<\/div>\n","protected":false},"excerpt":{"rendered":"<p>Zuhause | Traubenverarbeitung | Pressen | Pneumatische Presse | BUCHER XPlus Inertys Bucher XPlus22 DT IT Inertys Spritzd\u00fcse Weiterlesen Bucher XPlus30 Dichte T\u00fcr IT Inertys Spritzd\u00fcse Weiterlesen Bucher XPlus40 DT IT Inertys Spritzd\u00fcse Weiterlesen Bucher XPlus50 1T IT Inertys Spritzd\u00fcs* Weiterlesen Bucher XPlus50 2T IT Inertys Auto Rein* Weiterlesen Bucher XPlus62 1T IT Inert ATP [&hellip;]<\/p>\n","protected":false},"author":1,"featured_media":0,"parent":4580249,"menu_order":0,"comment_status":"closed","ping_status":"closed","template":"elementor_theme","meta":{"footnotes":""},"class_list":["post-4580435","page","type-page","status-publish","hentry"],"_links":{"self":[{"href":"https:\/\/fabijan.si\/de\/wp-json\/wp\/v2\/pages\/4580435","targetHints":{"allow":["GET"]}}],"collection":[{"href":"https:\/\/fabijan.si\/de\/wp-json\/wp\/v2\/pages"}],"about":[{"href":"https:\/\/fabijan.si\/de\/wp-json\/wp\/v2\/types\/page"}],"author":[{"embeddable":true,"href":"https:\/\/fabijan.si\/de\/wp-json\/wp\/v2\/users\/1"}],"replies":[{"embeddable":true,"href":"https:\/\/fabijan.si\/de\/wp-json\/wp\/v2\/comments?post=4580435"}],"version-history":[{"count":0,"href":"https:\/\/fabijan.si\/de\/wp-json\/wp\/v2\/pages\/4580435\/revisions"}],"up":[{"embeddable":true,"href":"https:\/\/fabijan.si\/de\/wp-json\/wp\/v2\/pages\/4580249"}],"wp:attachment":[{"href":"https:\/\/fabijan.si\/de\/wp-json\/wp\/v2\/media?parent=4580435"}],"curies":[{"name":"wp","href":"https:\/\/api.w.org\/{rel}","templated":true}]}}