{"id":4580438,"date":"2026-02-03T15:54:53","date_gmt":"2026-02-03T14:54:53","guid":{"rendered":"https:\/\/fabijan.si\/traubenverarbeitung\/pressen\/pneumatische-presse\/bucher\/xplus-inertys\/bucher-xplus22-dt-it-inertys-spritzduse\/"},"modified":"2026-02-03T15:54:53","modified_gmt":"2026-02-03T14:54:53","slug":"bucher-xplus22-dt-it-inertys-spritzduse","status":"publish","type":"page","link":"https:\/\/fabijan.si\/de\/traubenverarbeitung\/pressen\/pneumatische-presse\/bucher\/xplus-inertys\/bucher-xplus22-dt-it-inertys-spritzduse\/","title":{"rendered":"bucher-xplus22-dt-it-inertys-spritzduse"},"content":{"rendered":"\n<div class=\"container\">\n<div class=\"breadcrumb-container\"><span><br \/>\n<a href=\"https:\/\/fabijan.si\/de\/\">Zuhause<\/a> | <a href=\"https:\/\/fabijan.si\/de\/traubenverarbeitung\/\">Traubenverarbeitung<\/a> | <a href=\"https:\/\/fabijan.si\/de\/traubenverarbeitung\/pressen\/\">Pressen<\/a> | <a href=\"https:\/\/fabijan.si\/de\/traubenverarbeitung\/pressen\/pneumatische-presse\/\">Pneumatische Presse<\/a> | <a href=\"https:\/\/fabijan.si\/de\/traubenverarbeitung\/pressen\/pneumatische-presse\/bucher\/\">BUCHER<\/a> | <a href=\"https:\/\/fabijan.si\/de\/traubenverarbeitung\/pressen\/pneumatische-presse\/bucher\/xplus-inertys\/\">XPlus Inertys<\/a><\/span>\n<\/div>\n<div class=\"row\">\n<div class=\"col-6\">\n<div id=\"carouselExampleControls\" class=\"carousel slide carousel-container\" data-interval=\"false\">\n<div class=\"carousel-inner\">\n<div class=\"carousel-item active\">   <img decoding=\"async\" src=\"https:\/\/fabijan.si\/wp-content\/uploads\/site-content\/bucher-xplus-inertys.jpg\" class=\"d-block w-100\" alt=\"...\"><\/div>\n<\/p><\/div>\n<p>              <button class=\"carousel-control-prev\" type=\"button\" data-bs-target=\"#carouselExampleControls\" data-bs-slide=\"prev\"><br \/>\n                <span class=\"carousel-control-prev-icon\" aria-hidden=\"true\"><\/span><br \/>\n              <\/button><br \/>\n              <button class=\"carousel-control-next\" type=\"button\" data-bs-target=\"#carouselExampleControls\" data-bs-slide=\"next\"><br \/>\n                <span class=\"carousel-control-next-icon\" aria-hidden=\"true\"><\/span><br \/>\n              <\/button>\n            <\/div>\n<\/p><\/div>\n<div class=\"col-6 slo-name\">\n            Bucher XPlus22 DT IT Inertys Spritzd\u00fcse<\/p>\n<div class=\"brand\">Serienausstattung:<br \/>\n&#8211; Rahmen aus Edelstahl<br \/>\n&#8211; Sicherheit Rand<br \/>\n&#8211; Dichte T\u00fcr (735 x 425) &#8211; Manuelle \u00d6ffnung und Schlie\u00dfung<br \/>\n&#8211; Elektropolierte und klappbare Saftkan\u00e4le &#8211; Mazerationsverschl\u00fcsse<br \/>\n&#8211; Vakuumpumpe 145 m3\/St.<br \/>\n&#8211; Inkl. Sp\u00fclrohr und Spritzd\u00fcse (Hochdruckreiniger optional)<br \/>\n&#8211; Bucher IT: Touchscreen Display 12&#8220;<br \/>\n&#8211; Kompatibel f\u00fcr Industrie 4.0<br \/>\n&#8211; Organ Steuerung: selbstentscheidendes Presseprogramm mit Durchfluss<\/div>\n<p>\t\t\t<!-- \n\n<div class=\"price-container\">\n                \n\n<p class=\"price\">###PRICE###<\/p>\n\n --><br \/>\n                <!-- <button type=\"button\" class=\"btn btn-config btn-lg\">Pojdi na konfigurator<\/button> -->\n            <\/div>\n<\/p><\/div>\n<div class=\"menu\">\n<div class=\"btn-group d-flex justify-content-center\" id=\"menu-buttons\">\n              <button type=\"button\" onClick = \"showSpecs()\" class=\"btn menu-button menu-title active\">SPEZIFIKATIONEN<\/button><br \/>\n              <button type=\"button\" onClick = \"showDescription()\" class=\"btn menu-button menu-title\">BESCHREIBUNG<\/button><br \/>\n              <button type=\"button\" onClick = \"showMaterial()\" class=\"btn menu-button menu-title\">MATERIAL<\/button>\n            <\/div>\n<div id=\"specs\">\n<ul class=\"list-group\">\n                Serienausstattung:<br \/>\n&#8211; Rahmen aus Edelstahl<br \/>\n&#8211; Sicherheit Rand<br \/>\n&#8211; Dichte T\u00fcr (735 x 425) &#8211; Manuelle \u00d6ffnung und Schlie\u00dfung<br \/>\n&#8211; Elektropolierte und klappbare Saftkan\u00e4le &#8211; Mazerationsverschl\u00fcsse<br \/>\n&#8211; Vakuumpumpe 145 m3\/St.<br \/>\n&#8211; Inkl. Sp\u00fclrohr und Spritzd\u00fcse (Hochdruckreiniger optional)<br \/>\n&#8211; Bucher IT: Touchscreen Display 12&#8220;<br \/>\n&#8211; Kompatibel f\u00fcr Industrie 4.0<br \/>\n&#8211; Organ Steuerung: selbstentscheidendes Presseprogramm mit Durchfluss\n              <\/ul>\n<\/p><\/div>\n<div id=\"description\">\n              Saftwanne und Fu\u00df-Erh\u00f6hungen nicht mitgeliefert<br \/>\naus der Liste auszuw\u00e4hlen<\/p>\n<p>Serienausstattung nach Kundenwunsch ver\u00e4nderbar:<br \/>\n&#8211; Integriertes Kompressor 60 m3\/St.<br \/>\n&#8211; Integriertes Bedienungspult auf der Oberseite des Schaltschranks<br \/>\nH=1065mm von der Fu\u00dfunterkante, ohne Erh\u00f6hung und R\u00e4der<br \/>\n&#8211; Spannung 400 V \/ 50HZ\n            <\/p><\/div>\n<div id=\"material\">\n<div class=\"one-item\"><button onclick=\"window.open('https:\/\/fabijan.si\/wp-content\/uploads\/site-content\/bucher-inertys-de.pdf')\" type=\"button\">Katalog herunterladen<\/button><\/div>\n<div class=\"one-item\"><button onclick=\"window.open('https:\/\/fabijan.si\/wp-content\/uploads\/site-content\/bucher-guide-inertys-gb.pdf')\" type=\"button\">Katalog herunterladen<\/button><\/div>\n<\/p><\/div>\n<\/p><\/div>\n<\/p><\/div>\n<\/p><\/div>\n","protected":false},"excerpt":{"rendered":"<p>Zuhause | Traubenverarbeitung | Pressen | Pneumatische Presse | BUCHER | XPlus Inertys Bucher XPlus22 DT IT Inertys Spritzd\u00fcse Serienausstattung: &#8211; Rahmen aus Edelstahl &#8211; Sicherheit Rand &#8211; Dichte T\u00fcr (735 x 425) &#8211; Manuelle \u00d6ffnung und Schlie\u00dfung &#8211; Elektropolierte und klappbare Saftkan\u00e4le &#8211; Mazerationsverschl\u00fcsse &#8211; Vakuumpumpe 145 m3\/St. &#8211; Inkl. Sp\u00fclrohr und Spritzd\u00fcse (Hochdruckreiniger [&hellip;]<\/p>\n","protected":false},"author":1,"featured_media":0,"parent":4580435,"menu_order":0,"comment_status":"closed","ping_status":"closed","template":"elementor_theme","meta":{"footnotes":""},"class_list":["post-4580438","page","type-page","status-publish","hentry"],"_links":{"self":[{"href":"https:\/\/fabijan.si\/de\/wp-json\/wp\/v2\/pages\/4580438","targetHints":{"allow":["GET"]}}],"collection":[{"href":"https:\/\/fabijan.si\/de\/wp-json\/wp\/v2\/pages"}],"about":[{"href":"https:\/\/fabijan.si\/de\/wp-json\/wp\/v2\/types\/page"}],"author":[{"embeddable":true,"href":"https:\/\/fabijan.si\/de\/wp-json\/wp\/v2\/users\/1"}],"replies":[{"embeddable":true,"href":"https:\/\/fabijan.si\/de\/wp-json\/wp\/v2\/comments?post=4580438"}],"version-history":[{"count":0,"href":"https:\/\/fabijan.si\/de\/wp-json\/wp\/v2\/pages\/4580438\/revisions"}],"up":[{"embeddable":true,"href":"https:\/\/fabijan.si\/de\/wp-json\/wp\/v2\/pages\/4580435"}],"wp:attachment":[{"href":"https:\/\/fabijan.si\/de\/wp-json\/wp\/v2\/media?parent=4580438"}],"curies":[{"name":"wp","href":"https:\/\/api.w.org\/{rel}","templated":true}]}}