{"id":4580456,"date":"2026-02-03T15:55:02","date_gmt":"2026-02-03T14:55:02","guid":{"rendered":"https:\/\/fabijan.si\/traubenverarbeitung\/pressen\/pneumatische-presse\/bucher\/xplus-inertys\/bucher-xplus62-2t-it-inertys-auto-rein\/"},"modified":"2026-02-03T15:55:02","modified_gmt":"2026-02-03T14:55:02","slug":"bucher-xplus62-2t-it-inertys-auto-rein","status":"publish","type":"page","link":"https:\/\/fabijan.si\/de\/traubenverarbeitung\/pressen\/pneumatische-presse\/bucher\/xplus-inertys\/bucher-xplus62-2t-it-inertys-auto-rein\/","title":{"rendered":"bucher-xplus62-2t-it-inertys-auto-rein*"},"content":{"rendered":"\n<div class=\"container\">\n<div class=\"breadcrumb-container\"><span><br \/>\n<a href=\"https:\/\/fabijan.si\/de\/\">Zuhause<\/a> | <a href=\"https:\/\/fabijan.si\/de\/traubenverarbeitung\/\">Traubenverarbeitung<\/a> | <a href=\"https:\/\/fabijan.si\/de\/traubenverarbeitung\/pressen\/\">Pressen<\/a> | <a href=\"https:\/\/fabijan.si\/de\/traubenverarbeitung\/pressen\/pneumatische-presse\/\">Pneumatische Presse<\/a> | <a href=\"https:\/\/fabijan.si\/de\/traubenverarbeitung\/pressen\/pneumatische-presse\/bucher\/\">BUCHER<\/a> | <a href=\"https:\/\/fabijan.si\/de\/traubenverarbeitung\/pressen\/pneumatische-presse\/bucher\/xplus-inertys\/\">XPlus Inertys<\/a><\/span>\n<\/div>\n<div class=\"row\">\n<div class=\"col-6\">\n<div id=\"carouselExampleControls\" class=\"carousel slide carousel-container\" data-interval=\"false\">\n<div class=\"carousel-inner\">\n<div class=\"carousel-item active\">   <img decoding=\"async\" src=\"https:\/\/fabijan.si\/wp-content\/uploads\/site-content\/bucher-xplus.jpg\" class=\"d-block w-100\" alt=\"...\"><\/div>\n<div class=\"carousel-item \">   <img decoding=\"async\" src=\"https:\/\/fabijan.si\/wp-content\/uploads\/site-content\/bucher-xplus-inertys.jpg\" class=\"d-block w-100\" alt=\"...\"><\/div>\n<\/p><\/div>\n<p>              <button class=\"carousel-control-prev\" type=\"button\" data-bs-target=\"#carouselExampleControls\" data-bs-slide=\"prev\"><br \/>\n                <span class=\"carousel-control-prev-icon\" aria-hidden=\"true\"><\/span><br \/>\n              <\/button><br \/>\n              <button class=\"carousel-control-next\" type=\"button\" data-bs-target=\"#carouselExampleControls\" data-bs-slide=\"next\"><br \/>\n                <span class=\"carousel-control-next-icon\" aria-hidden=\"true\"><\/span><br \/>\n              <\/button>\n            <\/div>\n<\/p><\/div>\n<div class=\"col-6 slo-name\">\n            Bucher XPlus62 2T IT Inertys Auto Rein*<\/p>\n<div class=\"brand\">Serienausstattung:<br \/>\n&#8211; Rahmen aus Edelstahl<br \/>\n&#8211; Sicherheit Rand<br \/>\n&#8211; Dichte T\u00fcr (630 x 430) &#8211; Automatische \u00d6ffnung und Schlie\u00dfung<br \/>\n&#8211; Elektropolierte und klappbare Saftkan\u00e4le &#8211; Mazerationsverschl\u00fcsse<br \/>\n&#8211; Feststehende Saftwanne 330 Liter<br \/>\n&#8211; Pumpesteuerung und Pumpe Leistungssteckdose<br \/>\n&#8211; Vakuumpumpe 220 m3\/St.<br \/>\n&#8211; Fernbedienung<br \/>\n&#8211; Bucher IT: Touchscreen Display 12&#8220; intuitiv<br \/>\n&#8211; Kompatibel f\u00fcr Industrie 4.0<\/div>\n<p>\t\t\t<!-- \n\n<div class=\"price-container\">\n                \n\n<p class=\"price\">###PRICE###<\/p>\n\n --><br \/>\n                <!-- <button type=\"button\" class=\"btn btn-config btn-lg\">Pojdi na konfigurator<\/button> -->\n            <\/div>\n<\/p><\/div>\n<div class=\"menu\">\n<div class=\"btn-group d-flex justify-content-center\" id=\"menu-buttons\">\n              <button type=\"button\" onClick = \"showSpecs()\" class=\"btn menu-button menu-title active\">SPEZIFIKATIONEN<\/button><br \/>\n              <button type=\"button\" onClick = \"showDescription()\" class=\"btn menu-button menu-title\">BESCHREIBUNG<\/button><br \/>\n              <button type=\"button\" onClick = \"showMaterial()\" class=\"btn menu-button menu-title\">MATERIAL<\/button>\n            <\/div>\n<div id=\"specs\">\n<ul class=\"list-group\">\n                Serienausstattung:<br \/>\n&#8211; Rahmen aus Edelstahl<br \/>\n&#8211; Sicherheit Rand<br \/>\n&#8211; Dichte T\u00fcr (630 x 430) &#8211; Automatische \u00d6ffnung und Schlie\u00dfung<br \/>\n&#8211; Elektropolierte und klappbare Saftkan\u00e4le &#8211; Mazerationsverschl\u00fcsse<br \/>\n&#8211; Feststehende Saftwanne 330 Liter<br \/>\n&#8211; Pumpesteuerung und Pumpe Leistungssteckdose<br \/>\n&#8211; Vakuumpumpe 220 m3\/St.<br \/>\n&#8211; Fernbedienung<br \/>\n&#8211; Bucher IT: Touchscreen Display 12&#8220; intuitiv<br \/>\n&#8211; Kompatibel f\u00fcr Industrie 4.0\n              <\/ul>\n<\/p><\/div>\n<div id=\"description\">\n              Fu\u00dfverl\u00e4ngerungen 300 mm enthalten<br \/>\nInertys Gassak nicht mitgeliefert aus der Liste auszuw\u00e4hlen<br \/>\nSerienausstattung nach Kundenwunsch ver\u00e4nderbar:<br \/>\n&#8211; Kompressor 140 m3\/h oder extern Luftversorgung inklusiv<br \/>\n&#8211; Integriertes Bedienungspult auf der Oberseite des Schaltschranks<br \/>\nH=1165mm von der Fu\u00dfunterkante, ohne Erh\u00f6hung und R\u00e4der<br \/>\n&#8211; Bevorzugte Entleerungst\u00fcr: Schaltschrankseite<br \/>\n&#8211; Spannung 400 V \/ 50HZ<\/p>\n<p>Am Saftwanne-Ausgang ist eine abgedichtete Pumpe oder ein Ventil vorzu\n            <\/p><\/div>\n<div id=\"material\">\n<div class=\"one-item\"><button onclick=\"window.open('https:\/\/fabijan.si\/wp-content\/uploads\/site-content\/guide-bucher-inertys-de.pdf')\" type=\"button\">Katalog herunterladen<\/button><\/div>\n<div class=\"one-item\"><button onclick=\"window.open('https:\/\/fabijan.si\/wp-content\/uploads\/site-content\/bucher-guide-inertys-gb.pdf')\" type=\"button\">Katalog herunterladen<\/button><\/div>\n<\/p><\/div>\n<\/p><\/div>\n<\/p><\/div>\n<\/p><\/div>\n","protected":false},"excerpt":{"rendered":"<p>Zuhause | Traubenverarbeitung | Pressen | Pneumatische Presse | BUCHER | XPlus Inertys Bucher XPlus62 2T IT Inertys Auto Rein* Serienausstattung: &#8211; Rahmen aus Edelstahl &#8211; Sicherheit Rand &#8211; Dichte T\u00fcr (630 x 430) &#8211; Automatische \u00d6ffnung und Schlie\u00dfung &#8211; Elektropolierte und klappbare Saftkan\u00e4le &#8211; Mazerationsverschl\u00fcsse &#8211; Feststehende Saftwanne 330 Liter &#8211; Pumpesteuerung und Pumpe [&hellip;]<\/p>\n","protected":false},"author":1,"featured_media":0,"parent":4580435,"menu_order":0,"comment_status":"closed","ping_status":"closed","template":"elementor_theme","meta":{"footnotes":""},"class_list":["post-4580456","page","type-page","status-publish","hentry"],"_links":{"self":[{"href":"https:\/\/fabijan.si\/de\/wp-json\/wp\/v2\/pages\/4580456","targetHints":{"allow":["GET"]}}],"collection":[{"href":"https:\/\/fabijan.si\/de\/wp-json\/wp\/v2\/pages"}],"about":[{"href":"https:\/\/fabijan.si\/de\/wp-json\/wp\/v2\/types\/page"}],"author":[{"embeddable":true,"href":"https:\/\/fabijan.si\/de\/wp-json\/wp\/v2\/users\/1"}],"replies":[{"embeddable":true,"href":"https:\/\/fabijan.si\/de\/wp-json\/wp\/v2\/comments?post=4580456"}],"version-history":[{"count":0,"href":"https:\/\/fabijan.si\/de\/wp-json\/wp\/v2\/pages\/4580456\/revisions"}],"up":[{"embeddable":true,"href":"https:\/\/fabijan.si\/de\/wp-json\/wp\/v2\/pages\/4580435"}],"wp:attachment":[{"href":"https:\/\/fabijan.si\/de\/wp-json\/wp\/v2\/media?parent=4580456"}],"curies":[{"name":"wp","href":"https:\/\/api.w.org\/{rel}","templated":true}]}}