{"id":4580468,"date":"2026-02-03T15:55:15","date_gmt":"2026-02-03T14:55:15","guid":{"rendered":"https:\/\/fabijan.si\/traubenverarbeitung\/sortierlinien\/sortiertisch-delta-vistalys-hd\/"},"modified":"2026-02-03T15:55:15","modified_gmt":"2026-02-03T14:55:15","slug":"sortiertisch-delta-vistalys-hd","status":"publish","type":"page","link":"https:\/\/fabijan.si\/de\/traubenverarbeitung\/sortierlinien\/sortiertisch-delta-vistalys-hd\/","title":{"rendered":"sortiertisch-delta-vistalys-hd"},"content":{"rendered":"\n<div class=\"container\">\n<div class=\"breadcrumb-container\"><span><br \/>\n<a href=\"https:\/\/fabijan.si\/de\/\">Zuhause<\/a> | <a href=\"https:\/\/fabijan.si\/de\/traubenverarbeitung\/\">Traubenverarbeitung<\/a> | <a href=\"https:\/\/fabijan.si\/de\/traubenverarbeitung\/sortierlinien\/\">Sortierlinien<\/a><\/span>\n<\/div>\n<div class=\"row\">\n<div class=\"col-6\">\n<div id=\"carouselExampleControls\" class=\"carousel slide carousel-container\" data-interval=\"false\">\n<div class=\"carousel-inner\">\n<div class=\"carousel-item active\">   <img decoding=\"async\" src=\"https:\/\/fabijan.si\/wp-content\/uploads\/site-content\/bucher-delta-vistalys-hd.jpg\" class=\"d-block w-100\" alt=\"...\"><\/div>\n<div class=\"carousel-item \">   <img decoding=\"async\" src=\"https:\/\/fabijan.si\/wp-content\/uploads\/site-content\/bucher-delta-vistalys_01.jpg\" class=\"d-block w-100\" alt=\"...\"><\/div>\n<div class=\"carousel-item \">   <img decoding=\"async\" src=\"https:\/\/fabijan.si\/wp-content\/uploads\/site-content\/bucher-delta-vistalys_02.jpg\" class=\"d-block w-100\" alt=\"...\"><\/div>\n<div class=\"carousel-item \">   <img decoding=\"async\" src=\"https:\/\/fabijan.si\/wp-content\/uploads\/site-content\/bucher-delta-vistalys_03.jpg\" class=\"d-block w-100\" alt=\"...\"><\/div>\n<\/p><\/div>\n<p>              <button class=\"carousel-control-prev\" type=\"button\" data-bs-target=\"#carouselExampleControls\" data-bs-slide=\"prev\"><br \/>\n                <span class=\"carousel-control-prev-icon\" aria-hidden=\"true\"><\/span><br \/>\n              <\/button><br \/>\n              <button class=\"carousel-control-next\" type=\"button\" data-bs-target=\"#carouselExampleControls\" data-bs-slide=\"next\"><br \/>\n                <span class=\"carousel-control-next-icon\" aria-hidden=\"true\"><\/span><br \/>\n              <\/button>\n            <\/div>\n<\/p><\/div>\n<div class=\"col-6 slo-name\">\n            Sortiertisch Delta Vistalys HD<\/p>\n<div class=\"brand\">Kontrollierte Beleuchtung mit LED<br \/>\nMit Kamera HD und automatischer Steuerung mit<br \/>\nvordefinierten, ver\u00e4nderlichen Programmen<br \/>\nAuswurfsystem f\u00fcr unerw\u00fcnschte Elemente<br \/>\nElektrischeleistung: 3.3 kW<br \/>\nDruckluft Leistung: 40 m3\/h 6 bars<br \/>\nDurchmesser den Presslufteingang: gasrohr 1&#8243;<br \/>\nDurchmesser den Wassereingang: kannelierte Kappe 1\/2&#8243;<br \/>\nAutomatische optische Sortieranlage mit<br \/>\nH\u00f6chstleistungen 5 bis 10 t\/Stunde nach Rebsorte.<\/div>\n<p>\t\t\t<!-- \n\n<div class=\"price-container\">\n                \n\n<p class=\"price\">###PRICE###<\/p>\n\n --><br \/>\n                <!-- <button type=\"button\" class=\"btn btn-config btn-lg\">Pojdi na konfigurator<\/button> -->\n            <\/div>\n<\/p><\/div>\n<div class=\"menu\">\n<div class=\"btn-group d-flex justify-content-center\" id=\"menu-buttons\">\n              <button type=\"button\" onClick = \"showSpecs()\" class=\"btn menu-button menu-title active\">SPEZIFIKATIONEN<\/button><br \/>\n              <button type=\"button\" onClick = \"showDescription()\" class=\"btn menu-button menu-title\">BESCHREIBUNG<\/button><br \/>\n              <button type=\"button\" onClick = \"showMaterial()\" class=\"btn menu-button menu-title\">MATERIAL<\/button>\n            <\/div>\n<div id=\"specs\">\n<ul class=\"list-group\">\n                Kontrollierte Beleuchtung mit LED<br \/>\nMit Kamera HD und automatischer Steuerung mit<br \/>\nvordefinierten, ver\u00e4nderlichen Programmen<br \/>\nAuswurfsystem f\u00fcr unerw\u00fcnschte Elemente<br \/>\nElektrischeleistung: 3.3 kW<br \/>\nDruckluft Leistung: 40 m3\/h 6 bars<br \/>\nDurchmesser den Presslufteingang: gasrohr 1&#8243;<br \/>\nDurchmesser den Wassereingang: kannelierte Kappe 1\/2&#8243;<br \/>\nAutomatische optische Sortieranlage mit<br \/>\nH\u00f6chstleistungen 5 bis 10 t\/Stunde nach Rebsorte.\n              <\/ul>\n<\/p><\/div>\n<div id=\"description\">\n              Rahmen aus Edelstahl<br \/>\nLeseguttransport mit hoher Geschwindigkeit<br \/>\nauf profiliertem F\u00f6rderband<br \/>\nKontrollierte Beleuchtung mit LED<br \/>\nMit Kamera HD und automatischer Steuerung mit<br \/>\nvordefinierten, ver\u00e4nderlichen Programmen<br \/>\nAuswurfsystem f\u00fcr unerw\u00fcnschte Elemente<br \/>\nElektrischeleistung: 3.3 kW<br \/>\nDruckluft Leistung: 40 m3\/h 6 bars<br \/>\nDurchmesser den Presslufteingang: gasrohr 1&#8243;<br \/>\nDurchmesser den Wassereingang: kannelierte Kappe 1\/2&#8243;<br \/>\nAutomatische optische Sortieranlage mit<br \/>\nH\u00f6chstleistungen 5 bis 10 t\/Stunde nach Rebsorte.<br \/>\nVor der Sortierentisch R2 Vistalys muss die Verteilung der<br \/>\nWeinlese mit einer R\u00fctteltisch zum Beispiel Delta TRV20\/25<br \/>\nmit Verteiler gemacht sein.\n            <\/div>\n<div id=\"material\">\n<div class=\"one-item\"><button onclick=\"window.open('https:\/\/fabijan.si\/wp-content\/uploads\/site-content\/bucher-delta-vistalys-de.pdf')\" type=\"button\">Katalog herunterladen<\/button><\/div>\n<div class=\"one-item\"><button onclick=\"window.open('https:\/\/fabijan.si\/wp-content\/uploads\/site-content\/bucher-delta-vistalys-hd-gb.pdf')\" type=\"button\">Katalog herunterladen<\/button><\/div>\n<\/p><\/div>\n<\/p><\/div>\n<\/p><\/div>\n<\/p><\/div>\n","protected":false},"excerpt":{"rendered":"<p>Zuhause | Traubenverarbeitung | Sortierlinien Sortiertisch Delta Vistalys HD Kontrollierte Beleuchtung mit LED Mit Kamera HD und automatischer Steuerung mit vordefinierten, ver\u00e4nderlichen Programmen Auswurfsystem f\u00fcr unerw\u00fcnschte Elemente Elektrischeleistung: 3.3 kW Druckluft Leistung: 40 m3\/h 6 bars Durchmesser den Presslufteingang: gasrohr 1&#8243; Durchmesser den Wassereingang: kannelierte Kappe 1\/2&#8243; Automatische optische Sortieranlage mit H\u00f6chstleistungen 5 bis 10 [&hellip;]<\/p>\n","protected":false},"author":1,"featured_media":0,"parent":4580465,"menu_order":0,"comment_status":"closed","ping_status":"closed","template":"elementor_theme","meta":{"footnotes":""},"class_list":["post-4580468","page","type-page","status-publish","hentry"],"_links":{"self":[{"href":"https:\/\/fabijan.si\/de\/wp-json\/wp\/v2\/pages\/4580468","targetHints":{"allow":["GET"]}}],"collection":[{"href":"https:\/\/fabijan.si\/de\/wp-json\/wp\/v2\/pages"}],"about":[{"href":"https:\/\/fabijan.si\/de\/wp-json\/wp\/v2\/types\/page"}],"author":[{"embeddable":true,"href":"https:\/\/fabijan.si\/de\/wp-json\/wp\/v2\/users\/1"}],"replies":[{"embeddable":true,"href":"https:\/\/fabijan.si\/de\/wp-json\/wp\/v2\/comments?post=4580468"}],"version-history":[{"count":0,"href":"https:\/\/fabijan.si\/de\/wp-json\/wp\/v2\/pages\/4580468\/revisions"}],"up":[{"embeddable":true,"href":"https:\/\/fabijan.si\/de\/wp-json\/wp\/v2\/pages\/4580465"}],"wp:attachment":[{"href":"https:\/\/fabijan.si\/de\/wp-json\/wp\/v2\/media?parent=4580468"}],"curies":[{"name":"wp","href":"https:\/\/api.w.org\/{rel}","templated":true}]}}