{"id":4580474,"date":"2026-02-03T15:55:22","date_gmt":"2026-02-03T14:55:22","guid":{"rendered":"https:\/\/fabijan.si\/traubenverarbeitung\/sortierlinien\/bucher-delta-trio-xm\/"},"modified":"2026-02-03T15:55:22","modified_gmt":"2026-02-03T14:55:22","slug":"bucher-delta-trio-xm","status":"publish","type":"page","link":"https:\/\/fabijan.si\/de\/traubenverarbeitung\/sortierlinien\/bucher-delta-trio-xm\/","title":{"rendered":"bucher-delta-trio-xm"},"content":{"rendered":"\n<div class=\"container\">\n<div class=\"breadcrumb-container\"><span><br \/>\n<a href=\"https:\/\/fabijan.si\/de\/\">Zuhause<\/a> | <a href=\"https:\/\/fabijan.si\/de\/traubenverarbeitung\/\">Traubenverarbeitung<\/a> | <a href=\"https:\/\/fabijan.si\/de\/traubenverarbeitung\/sortierlinien\/\">Sortierlinien<\/a><\/span>\n<\/div>\n<div class=\"row\">\n<div class=\"col-6\">\n<div id=\"carouselExampleControls\" class=\"carousel slide carousel-container\" data-interval=\"false\">\n<div class=\"carousel-inner\">\n<div class=\"carousel-item active\">   <img decoding=\"async\" src=\"https:\/\/fabijan.si\/wp-content\/uploads\/site-content\/bucher-delta-trio.jpg\" class=\"d-block w-100\" alt=\"...\"><\/div>\n<div class=\"carousel-item \">   <img decoding=\"async\" src=\"https:\/\/fabijan.si\/wp-content\/uploads\/site-content\/bucher-delta-trio-2.jpg\" class=\"d-block w-100\" alt=\"...\"><\/div>\n<\/p><\/div>\n<p>              <button class=\"carousel-control-prev\" type=\"button\" data-bs-target=\"#carouselExampleControls\" data-bs-slide=\"prev\"><br \/>\n                <span class=\"carousel-control-prev-icon\" aria-hidden=\"true\"><\/span><br \/>\n              <\/button><br \/>\n              <button class=\"carousel-control-next\" type=\"button\" data-bs-target=\"#carouselExampleControls\" data-bs-slide=\"next\"><br \/>\n                <span class=\"carousel-control-next-icon\" aria-hidden=\"true\"><\/span><br \/>\n              <\/button>\n            <\/div>\n<\/p><\/div>\n<div class=\"col-6 slo-name\">\n            BUCHER DELTA TRIO XM<\/p>\n<div class=\"brand\">Ausleser von abgebeertem Handlesegut sowie Maschinenlesegut<br \/>\nMax. Leistung: bis 15 t\/s (abh\u00e4ngig vom Lesegut und<br \/>\nArbeitsbedingungen)<br \/>\n23 Rollen<br \/>\n6 Vollrollen und 17 verstellbare Rollen<br \/>\nSystem um Abstand von 15 bis 19 mm w\u00e4hrend des Betriebes<br \/>\ndie Rollen zu regulieren.<br \/>\nRohrrahmen aus Edelstahl h\u00f6henvestellbar<br \/>\nVibrierender F\u00fclltrichter<br \/>\nAusgangstrichter f\u00fcr Beeren 720 x 685 mm<br \/>\nDrehbare R\u00e4der mit Bremse<br \/>\nOhne Tricher unter dem Trio XM<\/div>\n<p>\t\t\t<!-- \n\n<div class=\"price-container\">\n                \n\n<p class=\"price\">###PRICE###<\/p>\n\n --><br \/>\n                <!-- <button type=\"button\" class=\"btn btn-config btn-lg\">Pojdi na konfigurator<\/button> -->\n            <\/div>\n<\/p><\/div>\n<div class=\"menu\">\n<div class=\"btn-group d-flex justify-content-center\" id=\"menu-buttons\">\n              <button type=\"button\" onClick = \"showSpecs()\" class=\"btn menu-button menu-title active\">SPEZIFIKATIONEN<\/button><br \/>\n              <button type=\"button\" onClick = \"showDescription()\" class=\"btn menu-button menu-title\">BESCHREIBUNG<\/button><br \/>\n              <button type=\"button\" onClick = \"showMaterial()\" class=\"btn menu-button menu-title\">MATERIAL<\/button>\n            <\/div>\n<div id=\"specs\">\n<ul class=\"list-group\">\n                Ausleser von abgebeertem Handlesegut sowie Maschinenlesegut<br \/>\nMax. Leistung: bis 15 t\/s (abh\u00e4ngig vom Lesegut und<br \/>\nArbeitsbedingungen)<br \/>\n23 Rollen<br \/>\n6 Vollrollen und 17 verstellbare Rollen<br \/>\nSystem um Abstand von 15 bis 19 mm w\u00e4hrend des Betriebes<br \/>\ndie Rollen zu regulieren.<br \/>\nRohrrahmen aus Edelstahl h\u00f6henvestellbar<br \/>\nVibrierender F\u00fclltrichter<br \/>\nAusgangstrichter f\u00fcr Beeren 720 x 685 mm<br \/>\nDrehbare R\u00e4der mit Bremse<br \/>\nOhne Tricher unter dem Trio XM\n              <\/ul>\n<\/p><\/div>\n<div id=\"description\"><\/div>\n<div id=\"material\">\n<div class=\"one-item\"><button onclick=\"window.open('https:\/\/fabijan.si\/wp-content\/uploads\/site-content\/bucher-delta-trio-de.pdf')\" type=\"button\">Katalog herunterladen<\/button><\/div>\n<div class=\"one-item\"><button onclick=\"window.open('https:\/\/fabijan.si\/wp-content\/uploads\/site-content\/bucher-delta-trio-gb.pdf')\" type=\"button\">Katalog herunterladen<\/button><\/div>\n<\/p><\/div>\n<\/p><\/div>\n<\/p><\/div>\n<\/p><\/div>\n","protected":false},"excerpt":{"rendered":"<p>Zuhause | Traubenverarbeitung | Sortierlinien BUCHER DELTA TRIO XM Ausleser von abgebeertem Handlesegut sowie Maschinenlesegut Max. Leistung: bis 15 t\/s (abh\u00e4ngig vom Lesegut und Arbeitsbedingungen) 23 Rollen 6 Vollrollen und 17 verstellbare Rollen System um Abstand von 15 bis 19 mm w\u00e4hrend des Betriebes die Rollen zu regulieren. Rohrrahmen aus Edelstahl h\u00f6henvestellbar Vibrierender F\u00fclltrichter Ausgangstrichter [&hellip;]<\/p>\n","protected":false},"author":1,"featured_media":0,"parent":4580465,"menu_order":0,"comment_status":"closed","ping_status":"closed","template":"elementor_theme","meta":{"footnotes":""},"class_list":["post-4580474","page","type-page","status-publish","hentry"],"_links":{"self":[{"href":"https:\/\/fabijan.si\/de\/wp-json\/wp\/v2\/pages\/4580474","targetHints":{"allow":["GET"]}}],"collection":[{"href":"https:\/\/fabijan.si\/de\/wp-json\/wp\/v2\/pages"}],"about":[{"href":"https:\/\/fabijan.si\/de\/wp-json\/wp\/v2\/types\/page"}],"author":[{"embeddable":true,"href":"https:\/\/fabijan.si\/de\/wp-json\/wp\/v2\/users\/1"}],"replies":[{"embeddable":true,"href":"https:\/\/fabijan.si\/de\/wp-json\/wp\/v2\/comments?post=4580474"}],"version-history":[{"count":0,"href":"https:\/\/fabijan.si\/de\/wp-json\/wp\/v2\/pages\/4580474\/revisions"}],"up":[{"embeddable":true,"href":"https:\/\/fabijan.si\/de\/wp-json\/wp\/v2\/pages\/4580465"}],"wp:attachment":[{"href":"https:\/\/fabijan.si\/de\/wp-json\/wp\/v2\/media?parent=4580474"}],"curies":[{"name":"wp","href":"https:\/\/api.w.org\/{rel}","templated":true}]}}