{"id":4580489,"date":"2026-02-03T16:02:59","date_gmt":"2026-02-03T15:02:59","guid":{"rendered":"https:\/\/fabijan.si\/ersatzteile\/kuhn\/"},"modified":"2026-02-03T16:02:59","modified_gmt":"2026-02-03T15:02:59","slug":"kuhn","status":"publish","type":"page","link":"https:\/\/fabijan.si\/de\/ersatzteile\/kuhn\/","title":{"rendered":"kuhn"},"content":{"rendered":"<div class=\"breadcrumb-container\"><span><br \/>\n<a href=\"https:\/\/fabijan.si\/de\/\">Zuhause<\/a> | <a href=\"https:\/\/fabijan.si\/de\/ersatzteile\/\">Ersatzteile<\/a><\/span>\n<\/div>\n<div class=\"category-title\" style=\"display: flex; justify-content: center;\">\n<h2>KUHN<\/h2>\n<\/div>\n<div class=\"mygallery\">\n<div class=\"row\">\n<div class=\"col-sm-3 galleryitem\">\n     <!-- order:9 --><\/p>\n<div class=\"one-item\">\n       <img decoding=\"async\" src=\"https:\/\/fabijan.si\/wp-content\/uploads\/site-content\/00031456.jpg\" srcset=\" https:\/\/fabijan.si\/wp-content\/uploads\/site-content\/00031456.jpg 300w, https:\/\/fabijan.si\/wp-content\/uploads\/site-content\/00031456.jpg 150w \" \/><\/p>\n<h4>Rasenm\u00e4hermesser GMD select 66<\/h4>\n<p>       <button onclick=\"window.location.href='rasenmahermesser-gmd-select-66' \"type=\"button\">Weiterlesen<\/button>\n    <\/div>\n<\/p><\/div>\n<div class=\"col-sm-3 galleryitem\">\n     <!-- order:13 --><\/p>\n<div class=\"one-item\">\n       <img decoding=\"async\" src=\"https:\/\/fabijan.si\/wp-content\/uploads\/site-content\/00031450.jpg\" srcset=\" https:\/\/fabijan.si\/wp-content\/uploads\/site-content\/00031450.jpg 300w, https:\/\/fabijan.si\/wp-content\/uploads\/site-content\/00031450.jpg 150w \" \/><\/p>\n<h4>Messer f\u00fcr Rasenm\u00e4hermesse l GMD 302<\/h4>\n<p>       <button onclick=\"window.location.href='messer-fur-rasenmahermesse-l-gmd-302' \"type=\"button\">Weiterlesen<\/button>\n    <\/div>\n<\/p><\/div>\n<div class=\"col-sm-3 galleryitem\">\n     <!-- order:14 --><\/p>\n<div class=\"one-item\">\n       <img decoding=\"async\" src=\"https:\/\/fabijan.si\/wp-content\/uploads\/site-content\/00031451.jpg\" srcset=\" https:\/\/fabijan.si\/wp-content\/uploads\/site-content\/00031451.jpg 300w, https:\/\/fabijan.si\/wp-content\/uploads\/site-content\/00031451.jpg 150w \" \/><\/p>\n<h4>Messer f\u00fcr Rasenm\u00e4hermesser D GMD 302<\/h4>\n<p>       <button onclick=\"window.location.href='messer-fur-rasenmahermesser-d-gmd-302' \"type=\"button\">Weiterlesen<\/button>\n    <\/div>\n<\/p><\/div>\n<div class=\"col-sm-3 galleryitem\">\n     <!-- order:17 --><\/p>\n<div class=\"one-item\">\n       <img decoding=\"async\" src=\"https:\/\/fabijan.si\/wp-content\/uploads\/site-content\/00031376.jpg\" srcset=\" https:\/\/fabijan.si\/wp-content\/uploads\/site-content\/00031376.jpg 300w, https:\/\/fabijan.si\/wp-content\/uploads\/site-content\/00031376.jpg 150w \" \/><\/p>\n<h4>Sicherheitsschraube FF<\/h4>\n<p>       <button onclick=\"window.location.href='sicherheitsschraube-ff' \"type=\"button\">Weiterlesen<\/button>\n    <\/div>\n<\/p><\/div>\n<\/div>\n<div class=\"row\">\n<div class=\"col-sm-3 galleryitem\">\n     <!-- order:18 --><\/p>\n<div class=\"one-item\">\n       <img decoding=\"async\" src=\"https:\/\/fabijan.si\/wp-content\/uploads\/site-content\/00031377.jpg\" srcset=\" https:\/\/fabijan.si\/wp-content\/uploads\/site-content\/00031377.jpg 300w, https:\/\/fabijan.si\/wp-content\/uploads\/site-content\/00031377.jpg 150w \" \/><\/p>\n<h4>Sicherheitsmutter FLZNNC<\/h4>\n<p>       <button onclick=\"window.location.href='sicherheitsmutter-flznnc' \"type=\"button\">Weiterlesen<\/button>\n    <\/div>\n<\/p><\/div>\n<div class=\"col-sm-3 galleryitem\">\n     <!-- order:21 --><\/p>\n<div class=\"one-item\">\n       <img decoding=\"async\" src=\"https:\/\/fabijan.si\/wp-content\/uploads\/site-content\/00031378.jpg\" srcset=\" https:\/\/fabijan.si\/wp-content\/uploads\/site-content\/00031378.jpg 300w, https:\/\/fabijan.si\/wp-content\/uploads\/site-content\/00031378.jpg 150w \" \/><\/p>\n<h4>Sicherheisschraube GMD FF<\/h4>\n<p>       <button onclick=\"window.location.href='sicherheisschraube-gmd-ff' \"type=\"button\">Weiterlesen<\/button>\n    <\/div>\n<\/p><\/div>\n<div class=\"col-sm-3 galleryitem\">\n     <!-- order:22 --><\/p>\n<div class=\"one-item\">\n       <img decoding=\"async\" src=\"https:\/\/fabijan.si\/wp-content\/uploads\/site-content\/00041963.jpg\" srcset=\" https:\/\/fabijan.si\/wp-content\/uploads\/site-content\/00041963.jpg 300w, https:\/\/fabijan.si\/wp-content\/uploads\/site-content\/00041963.jpg 150w \" \/><\/p>\n<h4><\/h4>\n<p>       <button onclick=\"window.location.href='kuhn-lezaj-grebena-gmd-81104577' \"type=\"button\">Weiterlesen<\/button>\n    <\/div>\n<\/p><\/div>\n<div class=\"col-sm-3 galleryitem\">\n     <!-- order:23 --><\/p>\n<div class=\"one-item\">\n       <img decoding=\"async\" src=\"https:\/\/fabijan.si\/wp-content\/uploads\/site-content\/00031438_1.jpg\" srcset=\" https:\/\/fabijan.si\/wp-content\/uploads\/site-content\/00031438_1.jpg 300w, https:\/\/fabijan.si\/wp-content\/uploads\/site-content\/00031438_1.jpg 150w \" \/><\/p>\n<h4>Messer Prolonger<\/h4>\n<p>       <button onclick=\"window.location.href='messer-prolonger' \"type=\"button\">Weiterlesen<\/button>\n    <\/div>\n<\/p><\/div>\n<\/div>\n<div class=\"row\">\n<div class=\"col-sm-3 galleryitem\">\n     <!-- order:28 --><\/p>\n<div class=\"one-item\">\n       <img decoding=\"async\" src=\"https:\/\/fabijan.si\/wp-content\/uploads\/site-content\/00031445_1.jpg\" srcset=\" https:\/\/fabijan.si\/wp-content\/uploads\/site-content\/00031445_1.jpg 300w, https:\/\/fabijan.si\/wp-content\/uploads\/site-content\/00031445_1.jpg 150w \" \/><\/p>\n<h4>Messer rechts &#8211; Kreiselegge<\/h4>\n<p>       <button onclick=\"window.location.href='messer-rechts-kreiselegge' \"type=\"button\">Weiterlesen<\/button>\n    <\/div>\n<\/p><\/div>\n<div class=\"col-sm-3 galleryitem\">\n     <!-- order:29 --><\/p>\n<div class=\"one-item\">\n       <img decoding=\"async\" src=\"https:\/\/fabijan.si\/wp-content\/uploads\/site-content\/00031446.jpg\" srcset=\" https:\/\/fabijan.si\/wp-content\/uploads\/site-content\/00031446.jpg 300w, https:\/\/fabijan.si\/wp-content\/uploads\/site-content\/00031446.jpg 150w \" \/><\/p>\n<h4>Messer links &#8211; Kreiselegge<\/h4>\n<p>       <button onclick=\"window.location.href='messer-links-kreiselegge' \"type=\"button\">Weiterlesen<\/button>\n    <\/div>\n<\/p><\/div>\n<div class=\"col-sm-3 galleryitem\">\n     <!-- order:30 --><\/p>\n<div class=\"one-item\">\n       <img decoding=\"async\" src=\"https:\/\/fabijan.si\/wp-content\/uploads\/site-content\/00031448.jpg\" srcset=\" https:\/\/fabijan.si\/wp-content\/uploads\/site-content\/00031448.jpg 300w, https:\/\/fabijan.si\/wp-content\/uploads\/site-content\/00031448.jpg 150w \" \/><\/p>\n<h4>Mutter f\u00fcr Messer &#8211; Kreiselegge<\/h4>\n<p>       <button onclick=\"window.location.href='mutter-fur-messer-kreiselegge' \"type=\"button\">Weiterlesen<\/button>\n    <\/div>\n<\/p><\/div>\n<div class=\"col-sm-3 galleryitem\">\n     <!-- order:31 --><\/p>\n<div class=\"one-item\">\n       <img decoding=\"async\" src=\"https:\/\/fabijan.si\/wp-content\/uploads\/site-content\/00031449.jpg\" srcset=\" https:\/\/fabijan.si\/wp-content\/uploads\/site-content\/00031449.jpg 300w, https:\/\/fabijan.si\/wp-content\/uploads\/site-content\/00031449.jpg 150w \" \/><\/p>\n<h4>Schraube f\u00fcr Messer &#8211; Kreiselegge<\/h4>\n<p>       <button onclick=\"window.location.href='schraube-fur-messer-kreiselegge' \"type=\"button\">Weiterlesen<\/button>\n    <\/div>\n<\/p><\/div>\n<\/div>\n<div class=\"row\">\n<div class=\"col-sm-3 galleryitem\">\n     <!-- order:35 --><\/p>\n<div class=\"one-item\">\n       <img decoding=\"async\" src=\"https:\/\/fabijan.si\/wp-content\/uploads\/site-content\/00045319.jpg\" srcset=\" https:\/\/fabijan.si\/wp-content\/uploads\/site-content\/00045319.jpg 300w, https:\/\/fabijan.si\/wp-content\/uploads\/site-content\/00045319.jpg 150w \" \/><\/p>\n<h4><\/h4>\n<p>       <button onclick=\"window.location.href='kuhn-vilica-zgrabljalnika-ga-k8011670' \"type=\"button\">Weiterlesen<\/button>\n    <\/div>\n<\/p><\/div>\n<div class=\"col-sm-3 galleryitem\">\n     <!-- order:36 --><\/p>\n<div class=\"one-item\">\n       <img decoding=\"async\" src=\"https:\/\/fabijan.si\/wp-content\/uploads\/site-content\/00037315.jpg\" srcset=\" https:\/\/fabijan.si\/wp-content\/uploads\/site-content\/00037315.jpg 300w, https:\/\/fabijan.si\/wp-content\/uploads\/site-content\/00037315.jpg 150w \" \/><\/p>\n<h4><\/h4>\n<p>       <button onclick=\"window.location.href='kuhn-nosilec-palice-roke-zgrabljalnika-57713510' \"type=\"button\">Weiterlesen<\/button>\n    <\/div>\n<\/p><\/div>\n<div class=\"col-sm-3 galleryitem\">\n     <!-- order:38 --><\/p>\n<div class=\"one-item\">\n       <img decoding=\"async\" src=\"https:\/\/fabijan.si\/wp-content\/uploads\/site-content\/00031462_1.jpg\" srcset=\" https:\/\/fabijan.si\/wp-content\/uploads\/site-content\/00031462_1.jpg 300w, https:\/\/fabijan.si\/wp-content\/uploads\/site-content\/00031462_1.jpg 150w \" \/><\/p>\n<h4>Zinke GF 8702<\/h4>\n<p>       <button onclick=\"window.location.href='zinke-gf-8702' \"type=\"button\">Weiterlesen<\/button>\n    <\/div>\n<\/p><\/div>\n<div class=\"col-sm-3 galleryitem\">\n     <!-- order:39 --><\/p>\n<div class=\"one-item\">\n       <img decoding=\"async\" src=\"https:\/\/fabijan.si\/wp-content\/uploads\/site-content\/00042300.jpg\" srcset=\" https:\/\/fabijan.si\/wp-content\/uploads\/site-content\/00042300.jpg 300w, https:\/\/fabijan.si\/wp-content\/uploads\/site-content\/00042300.jpg 150w \" \/><\/p>\n<h4><\/h4>\n<p>       <button onclick=\"window.location.href='kuhn-vilica-obracalnika-gf-57609000' \"type=\"button\">Weiterlesen<\/button>\n    <\/div>\n<\/p><\/div>\n<\/div>\n<div class=\"row\">\n<div class=\"col-sm-3 galleryitem\">\n     <!-- order:44 --><\/p>\n<div class=\"one-item\">\n       <img decoding=\"async\" src=\"https:\/\/fabijan.si\/wp-content\/uploads\/site-content\/00037243_1.jpg\" srcset=\" https:\/\/fabijan.si\/wp-content\/uploads\/site-content\/00037243_1.jpg 300w, https:\/\/fabijan.si\/wp-content\/uploads\/site-content\/00037243_1.jpg 150w \" \/><\/p>\n<h4><\/h4>\n<p>       <button onclick=\"window.location.href='kuhn-lemez-desni-14-622134' \"type=\"button\">Weiterlesen<\/button>\n    <\/div>\n<\/p><\/div>\n<div class=\"col-sm-3 galleryitem\">\n     <!-- order:45 --><\/p>\n<div class=\"one-item\">\n       <img decoding=\"async\" src=\"https:\/\/fabijan.si\/wp-content\/uploads\/site-content\/00037244.jpg\" srcset=\" https:\/\/fabijan.si\/wp-content\/uploads\/site-content\/00037244.jpg 300w, https:\/\/fabijan.si\/wp-content\/uploads\/site-content\/00037244.jpg 150w \" \/><\/p>\n<h4><\/h4>\n<p>       <button onclick=\"window.location.href='kuhn-lemez-levi-14-622135' \"type=\"button\">Weiterlesen<\/button>\n    <\/div>\n<\/p><\/div>\n<div class=\"col-sm-3 galleryitem\">\n     <!-- order:46 --><\/p>\n<div class=\"one-item\">\n       <img decoding=\"async\" src=\"https:\/\/fabijan.si\/wp-content\/uploads\/site-content\/00032845.jpg\" srcset=\" https:\/\/fabijan.si\/wp-content\/uploads\/site-content\/00032845.jpg 300w, https:\/\/fabijan.si\/wp-content\/uploads\/site-content\/00032845.jpg 150w \" \/><\/p>\n<h4>16&#8243; SHARE R Kuhn<\/h4>\n<p>       <button onclick=\"window.location.href='16-share-r-kuhn' \"type=\"button\">Weiterlesen<\/button>\n    <\/div>\n<\/p><\/div>\n<div class=\"col-sm-3 galleryitem\">\n     <!-- order:57 --><\/p>\n<div class=\"one-item\">\n       <img decoding=\"async\" src=\"https:\/\/fabijan.si\/wp-content\/uploads\/site-content\/00032850.jpg\" srcset=\" https:\/\/fabijan.si\/wp-content\/uploads\/site-content\/00032850.jpg 300w, https:\/\/fabijan.si\/wp-content\/uploads\/site-content\/00032850.jpg 150w \" \/><\/p>\n<h4><\/h4>\n<p>       <button onclick=\"window.location.href='kuhn-vijak-m14x35-z-matico-za-noz-lemeza-h0609430' \"type=\"button\">Weiterlesen<\/button>\n    <\/div>\n<\/p><\/div>\n<\/div>\n<div class=\"row\">\n<div class=\"col-sm-3 galleryitem\">\n     <!-- order:58 --><\/p>\n<div class=\"one-item\">\n       <img decoding=\"async\" src=\"https:\/\/fabijan.si\/wp-content\/uploads\/site-content\/00035027.jpg\" srcset=\" https:\/\/fabijan.si\/wp-content\/uploads\/site-content\/00035027.jpg 300w, https:\/\/fabijan.si\/wp-content\/uploads\/site-content\/00035027.jpg 150w \" \/><\/p>\n<h4><\/h4>\n<p>       <button onclick=\"window.location.href='kuhn-rezilo-za-vb-fb-vbp-fbp-i-bio-z4533760' \"type=\"button\">Weiterlesen<\/button>\n    <\/div>\n<\/p><\/div>\n<div class=\"col-sm-3 galleryitem\">\n     <!-- order:62 --><\/p>\n<div class=\"one-item\">\n       <img decoding=\"async\" src=\"https:\/\/fabijan.si\/wp-content\/uploads\/site-content\/00042149.jpg\" srcset=\" https:\/\/fabijan.si\/wp-content\/uploads\/site-content\/00042149.jpg 300w, https:\/\/fabijan.si\/wp-content\/uploads\/site-content\/00042149.jpg 150w \" \/><\/p>\n<h4><\/h4>\n<p>       <button onclick=\"window.location.href='kuhn-rezilo-za-vb-fb-vbp-fbp-i-bio-z4545590' \"type=\"button\">Weiterlesen<\/button>\n    <\/div>\n<\/p><\/div>\n<div class=\"col-sm-3 galleryitem\">\n     <!-- order:65 --><\/p>\n<div class=\"one-item\">\n       <img decoding=\"async\" src=\"https:\/\/fabijan.si\/wp-content\/uploads\/site-content\/00042408.jpg\" srcset=\" https:\/\/fabijan.si\/wp-content\/uploads\/site-content\/00042408.jpg 300w, https:\/\/fabijan.si\/wp-content\/uploads\/site-content\/00042408.jpg 150w \" \/><\/p>\n<h4><\/h4>\n<p>       <button onclick=\"window.location.href='kuhn-rezilo-za-vb-fb-vbp-z4079940' \"type=\"button\">Weiterlesen<\/button>\n    <\/div>\n<\/p><\/div>\n<div class=\"col-sm-3 galleryitem\">\n     <!-- order:72 --><\/p>\n<div class=\"one-item\">\n       <img decoding=\"async\" src=\"https:\/\/fabijan.si\/wp-content\/uploads\/site-content\/00042176.jpg\" srcset=\" https:\/\/fabijan.si\/wp-content\/uploads\/site-content\/00042176.jpg 300w, https:\/\/fabijan.si\/wp-content\/uploads\/site-content\/00042176.jpg 150w \" \/><\/p>\n<h4><\/h4>\n<p>       <button onclick=\"window.location.href='kuhn-filter-hidravlike-vbp-i-bio-z4102410' \"type=\"button\">Weiterlesen<\/button>\n    <\/div>\n<\/p><\/div>\n<\/div>\n<div class=\"row\">\n<div class=\"col-sm-3 galleryitem\">\n     <!-- order:73 --><\/p>\n<div class=\"one-item\">\n       <img decoding=\"async\" src=\"https:\/\/fabijan.si\/wp-content\/uploads\/site-content\/00040002.jpg\" srcset=\" https:\/\/fabijan.si\/wp-content\/uploads\/site-content\/00040002.jpg 300w, https:\/\/fabijan.si\/wp-content\/uploads\/site-content\/00040002.jpg 150w \" \/><\/p>\n<h4><\/h4>\n<p>       <button onclick=\"window.location.href='kuhn-vzmet-noza-i-bio-vb-z4523480' \"type=\"button\">Weiterlesen<\/button>\n    <\/div>\n<\/p><\/div>\n<div class=\"col-sm-3 galleryitem\">\n     <!-- order:74 --><\/p>\n<div class=\"one-item\">\n       <img decoding=\"async\" src=\"https:\/\/fabijan.si\/wp-content\/uploads\/site-content\/00039878.jpg\" srcset=\" https:\/\/fabijan.si\/wp-content\/uploads\/site-content\/00039878.jpg 300w, https:\/\/fabijan.si\/wp-content\/uploads\/site-content\/00039878.jpg 150w \" \/><\/p>\n<h4><\/h4>\n<p>       <button onclick=\"window.location.href='kuhn-scetka-mazanja-verige-z5000020' \"type=\"button\">Weiterlesen<\/button>\n    <\/div>\n<\/p><\/div>\n<div class=\"col-sm-3 galleryitem\">\n     <!-- order:75 --><\/p>\n<div class=\"one-item\">\n       <img decoding=\"async\" src=\"https:\/\/fabijan.si\/wp-content\/uploads\/site-content\/00039537.jpg\" srcset=\" https:\/\/fabijan.si\/wp-content\/uploads\/site-content\/00039537.jpg 300w, https:\/\/fabijan.si\/wp-content\/uploads\/site-content\/00039537.jpg 150w \" \/><\/p>\n<h4><\/h4>\n<p>       <button onclick=\"window.location.href='kuhn-noz-za-euromix-a5375580' \"type=\"button\">Weiterlesen<\/button>\n    <\/div>\n<\/p><\/div>\n<div class=\"col-sm-3 galleryitem\">\n     <!-- order:76 --><\/p>\n<div class=\"one-item\">\n       <img decoding=\"async\" src=\"https:\/\/fabijan.si\/wp-content\/uploads\/site-content\/z4300010.jpg\" srcset=\" https:\/\/fabijan.si\/wp-content\/uploads\/site-content\/z4300010.jpg 300w, https:\/\/fabijan.si\/wp-content\/uploads\/site-content\/z4300010.jpg 150w \" \/><\/p>\n<h4><\/h4>\n<p>       <button onclick=\"window.location.href='kuhn-senzor-z4300010' \"type=\"button\">Weiterlesen<\/button>\n    <\/div>\n<\/p><\/div>\n<\/div>\n<div class=\"row\">\n<div class=\"col-sm-3 galleryitem\">\n     <!-- order:77 --><\/p>\n<div class=\"one-item\">\n       <img decoding=\"async\" src=\"https:\/\/fabijan.si\/wp-content\/uploads\/site-content\/a543469036.jpg\" srcset=\" https:\/\/fabijan.si\/wp-content\/uploads\/site-content\/a543469036.jpg 300w, https:\/\/fabijan.si\/wp-content\/uploads\/site-content\/a543469036.jpg 150w \" \/><\/p>\n<h4><\/h4>\n<p>       <button onclick=\"window.location.href='kuhn-noz-y-za-prolonger-a5434690' \"type=\"button\">Weiterlesen<\/button>\n    <\/div>\n<\/p><\/div>\n<div class=\"col-sm-3 galleryitem\">\n     <!-- order:78 --><\/p>\n<div class=\"one-item\">\n       <img decoding=\"async\" src=\"https:\/\/fabijan.si\/wp-content\/uploads\/site-content\/a5434680.jpg\" srcset=\" https:\/\/fabijan.si\/wp-content\/uploads\/site-content\/a5434680.jpg 300w, https:\/\/fabijan.si\/wp-content\/uploads\/site-content\/a5434680.jpg 150w \" \/><\/p>\n<h4><\/h4>\n<p>       <button onclick=\"window.location.href='kuhn-obesalo-90-noza-prolonger-a5434680' \"type=\"button\">Weiterlesen<\/button>\n    <\/div>\n<\/p><\/div>\n<div class=\"col-sm-3 galleryitem\">\n     <!-- order:79 --><\/p>\n<div class=\"one-item\">\n       <img decoding=\"async\" src=\"https:\/\/fabijan.si\/wp-content\/uploads\/site-content\/00042575.jpg\" srcset=\" https:\/\/fabijan.si\/wp-content\/uploads\/site-content\/00042575.jpg 300w, https:\/\/fabijan.si\/wp-content\/uploads\/site-content\/00042575.jpg 150w \" \/><\/p>\n<h4><\/h4>\n<p>       <button onclick=\"window.location.href='kuhn-sprej-rdec-83503026' \"type=\"button\">Weiterlesen<\/button>\n    <\/div>\n<\/p><\/div>\n<div class=\"col-sm-3 galleryitem\">\n     <!-- order:80 --><\/p>\n<div class=\"one-item\">\n       <img decoding=\"async\" src=\"https:\/\/fabijan.si\/wp-content\/uploads\/site-content\/00055293.jpg\" srcset=\" https:\/\/fabijan.si\/wp-content\/uploads\/site-content\/00055293.jpg 300w, https:\/\/fabijan.si\/wp-content\/uploads\/site-content\/00055293.jpg 150w \" \/><\/p>\n<h4><\/h4>\n<p>       <button onclick=\"window.location.href='kuhn-sprej-siv-83503034' \"type=\"button\">Weiterlesen<\/button>\n    <\/div>\n<\/p><\/div>\n<\/div>\n<div class=\"row\">\n<div class=\"col-sm-3 galleryitem\">\n     <!-- order:81 --><\/p>\n<div class=\"one-item\">\n       <img decoding=\"async\" src=\"https:\/\/fabijan.si\/wp-content\/uploads\/site-content\/00035565.jpg\" srcset=\" https:\/\/fabijan.si\/wp-content\/uploads\/site-content\/00035565.jpg 300w, https:\/\/fabijan.si\/wp-content\/uploads\/site-content\/00035565.jpg 150w \" \/><\/p>\n<h4><\/h4>\n<p>       <button onclick=\"window.location.href='kuhn-noz-desni-za-vicon-cm-pz-300-f-z1000020' \"type=\"button\">Weiterlesen<\/button>\n    <\/div>\n<\/p><\/div>\n<div class=\"col-sm-3 galleryitem\">\n     <!-- order:82 --><\/p>\n<div class=\"one-item\">\n       <img decoding=\"async\" src=\"https:\/\/fabijan.si\/wp-content\/uploads\/site-content\/00035566.jpg\" srcset=\" https:\/\/fabijan.si\/wp-content\/uploads\/site-content\/00035566.jpg 300w, https:\/\/fabijan.si\/wp-content\/uploads\/site-content\/00035566.jpg 150w \" \/><\/p>\n<h4><\/h4>\n<p>       <button onclick=\"window.location.href='kuhn-noz-levi-za-vicon-cm-pz-300-f-z1000010' \"type=\"button\">Weiterlesen<\/button>\n    <\/div>\n<\/p><\/div>\n<\/div>\n<\/div>\n","protected":false},"excerpt":{"rendered":"<p>Zuhause | Ersatzteile KUHN Rasenm\u00e4hermesser GMD select 66 Weiterlesen Messer f\u00fcr Rasenm\u00e4hermesse l GMD 302 Weiterlesen Messer f\u00fcr Rasenm\u00e4hermesser D GMD 302 Weiterlesen Sicherheitsschraube FF Weiterlesen Sicherheitsmutter FLZNNC Weiterlesen Sicherheisschraube GMD FF Weiterlesen Weiterlesen Messer Prolonger Weiterlesen Messer rechts &#8211; Kreiselegge Weiterlesen Messer links &#8211; Kreiselegge Weiterlesen Mutter f\u00fcr Messer &#8211; Kreiselegge Weiterlesen Schraube f\u00fcr [&hellip;]<\/p>\n","protected":false},"author":1,"featured_media":0,"parent":4580480,"menu_order":0,"comment_status":"closed","ping_status":"closed","template":"elementor_theme","meta":{"footnotes":""},"class_list":["post-4580489","page","type-page","status-publish","hentry"],"_links":{"self":[{"href":"https:\/\/fabijan.si\/de\/wp-json\/wp\/v2\/pages\/4580489","targetHints":{"allow":["GET"]}}],"collection":[{"href":"https:\/\/fabijan.si\/de\/wp-json\/wp\/v2\/pages"}],"about":[{"href":"https:\/\/fabijan.si\/de\/wp-json\/wp\/v2\/types\/page"}],"author":[{"embeddable":true,"href":"https:\/\/fabijan.si\/de\/wp-json\/wp\/v2\/users\/1"}],"replies":[{"embeddable":true,"href":"https:\/\/fabijan.si\/de\/wp-json\/wp\/v2\/comments?post=4580489"}],"version-history":[{"count":0,"href":"https:\/\/fabijan.si\/de\/wp-json\/wp\/v2\/pages\/4580489\/revisions"}],"up":[{"embeddable":true,"href":"https:\/\/fabijan.si\/de\/wp-json\/wp\/v2\/pages\/4580480"}],"wp:attachment":[{"href":"https:\/\/fabijan.si\/de\/wp-json\/wp\/v2\/media?parent=4580489"}],"curies":[{"name":"wp","href":"https:\/\/api.w.org\/{rel}","templated":true}]}}