{"id":4580594,"date":"2026-02-03T16:03:28","date_gmt":"2026-02-03T15:03:28","guid":{"rendered":"https:\/\/fabijan.si\/ersatzteile\/mccormick-und-valpadana\/ole-und-schmiermittel\/"},"modified":"2026-02-03T16:03:28","modified_gmt":"2026-02-03T15:03:28","slug":"ole-und-schmiermittel","status":"publish","type":"page","link":"https:\/\/fabijan.si\/de\/ersatzteile\/mccormick-und-valpadana\/ole-und-schmiermittel\/","title":{"rendered":"ole-und-schmiermittel"},"content":{"rendered":"<div class=\"breadcrumb-container\"><span><br \/>\n<a href=\"https:\/\/fabijan.si\/de\/\">Zuhause<\/a> | <a href=\"https:\/\/fabijan.si\/de\/ersatzteile\/\">Ersatzteile<\/a> | <a href=\"https:\/\/fabijan.si\/de\/ersatzteile\/mccormick-und-valpadana\/\">McCormick und Valpadana<\/a><\/span>\n<\/div>\n<div class=\"category-title\" style=\"display: flex; justify-content: center;\">\n<h2>\u00d6le und Schmiermittel<\/h2>\n<\/div>\n<div class=\"mygallery\">\n<div class=\"row\">\n<div class=\"col-sm-3 galleryitem\">\n     <!-- order:2 --><\/p>\n<div class=\"one-item\">\n       <img decoding=\"async\" src=\"https:\/\/fabijan.si\/wp-content\/uploads\/site-content\/00022549.jpg\" srcset=\" https:\/\/fabijan.si\/wp-content\/uploads\/site-content\/00022549.jpg 300w, https:\/\/fabijan.si\/wp-content\/uploads\/site-content\/00022549.jpg 150w \" \/><\/p>\n<h4>Motor\u00f6l 15W-40 5l<\/h4>\n<p>       <button onclick=\"window.location.href='motorol-15w-40-5l' \"type=\"button\">Weiterlesen<\/button>\n    <\/div>\n<\/p><\/div>\n<div class=\"col-sm-3 galleryitem\">\n     <!-- order:3 --><\/p>\n<div class=\"one-item\">\n       <img decoding=\"async\" src=\"https:\/\/fabijan.si\/wp-content\/uploads\/site-content\/00037070.jpg\" srcset=\" https:\/\/fabijan.si\/wp-content\/uploads\/site-content\/00037070.jpg 300w, https:\/\/fabijan.si\/wp-content\/uploads\/site-content\/00037070.jpg 150w \" \/><\/p>\n<h4>\u00d6l SOLEA LD7 15W-40 je 20 lt<\/h4>\n<p>       <button onclick=\"window.location.href='ol-solea-ld7-15w-40-je-20-lt' \"type=\"button\">Weiterlesen<\/button>\n    <\/div>\n<\/p><\/div>\n<div class=\"col-sm-3 galleryitem\">\n     <!-- order:4 --><\/p>\n<div class=\"one-item\">\n       <img decoding=\"async\" src=\"https:\/\/fabijan.si\/wp-content\/uploads\/site-content\/mccormick-olja.jpg\" srcset=\" https:\/\/fabijan.si\/wp-content\/uploads\/site-content\/mccormick-olja.jpg 300w, https:\/\/fabijan.si\/wp-content\/uploads\/site-content\/mccormick-olja.jpg 150w \" \/><\/p>\n<h4>Motor\u00f6l SOLEA LD7 15W-40 per 1l 6632348A1<\/h4>\n<p>       <button onclick=\"window.location.href='motorol-solea-ld7-15w-40-per-1l-6632348a1' \"type=\"button\">Weiterlesen<\/button>\n    <\/div>\n<\/p><\/div>\n<div class=\"col-sm-3 galleryitem\">\n     <!-- order:6 --><\/p>\n<div class=\"one-item\">\n       <img decoding=\"async\" src=\"https:\/\/fabijan.si\/wp-content\/uploads\/site-content\/00031427.jpg\" srcset=\" https:\/\/fabijan.si\/wp-content\/uploads\/site-content\/00031427.jpg 300w, https:\/\/fabijan.si\/wp-content\/uploads\/site-content\/00031427.jpg 150w \" \/><\/p>\n<h4>\u00d6l VELA\/B 20l je 20 lt<\/h4>\n<p>       <button onclick=\"window.location.href='ol-vela-b-20l-je-20-lt' \"type=\"button\">Weiterlesen<\/button>\n    <\/div>\n<\/p><\/div>\n<\/div>\n<div class=\"row\">\n<div class=\"col-sm-3 galleryitem\">\n     <!-- order:7 --><\/p>\n<div class=\"one-item\">\n       <img decoding=\"async\" src=\"https:\/\/fabijan.si\/wp-content\/uploads\/site-content\/mccormick-olja.jpg\" srcset=\" https:\/\/fabijan.si\/wp-content\/uploads\/site-content\/mccormick-olja.jpg 300w, https:\/\/fabijan.si\/wp-content\/uploads\/site-content\/mccormick-olja.jpg 150w \" \/><\/p>\n<h4>\u00d6l VELA\/B je l 6632374A1<\/h4>\n<p>       <button onclick=\"window.location.href='ol-vela-b-je-l-6632374a1' \"type=\"button\">Weiterlesen<\/button>\n    <\/div>\n<\/p><\/div>\n<div class=\"col-sm-3 galleryitem\">\n     <!-- order:8 --><\/p>\n<div class=\"one-item\">\n       <img decoding=\"async\" src=\"https:\/\/fabijan.si\/wp-content\/uploads\/site-content\/00022551.jpg\" srcset=\" https:\/\/fabijan.si\/wp-content\/uploads\/site-content\/00022551.jpg 300w, https:\/\/fabijan.si\/wp-content\/uploads\/site-content\/00022551.jpg 150w \" \/><\/p>\n<h4>\u00d6l VELA\/C+ 5l<\/h4>\n<p>       <button onclick=\"window.location.href='ol-vela-c-5l' \"type=\"button\">Weiterlesen<\/button>\n    <\/div>\n<\/p><\/div>\n<div class=\"col-sm-3 galleryitem\">\n     <!-- order:9 --><\/p>\n<div class=\"one-item\">\n       <img decoding=\"async\" src=\"https:\/\/fabijan.si\/wp-content\/uploads\/site-content\/00022552.jpg\" srcset=\" https:\/\/fabijan.si\/wp-content\/uploads\/site-content\/00022552.jpg 300w, https:\/\/fabijan.si\/wp-content\/uploads\/site-content\/00022552.jpg 150w \" \/><\/p>\n<h4>Getriebe\u00f6l VELA\/C+ je 20 lt<\/h4>\n<p>       <button onclick=\"window.location.href='getriebeol-vela-c-je-20-lt' \"type=\"button\">Weiterlesen<\/button>\n    <\/div>\n<\/p><\/div>\n<div class=\"col-sm-3 galleryitem\">\n     <!-- order:10 --><\/p>\n<div class=\"one-item\">\n       <img decoding=\"async\" src=\"https:\/\/fabijan.si\/wp-content\/uploads\/site-content\/mccormick-olja.jpg\" srcset=\" https:\/\/fabijan.si\/wp-content\/uploads\/site-content\/mccormick-olja.jpg 300w, https:\/\/fabijan.si\/wp-content\/uploads\/site-content\/mccormick-olja.jpg 150w \" \/><\/p>\n<h4>\u00d6l VELA\/C+ per l 6632364A1<\/h4>\n<p>       <button onclick=\"window.location.href='ol-vela-c-per-l-6632364a1' \"type=\"button\">Weiterlesen<\/button>\n    <\/div>\n<\/p><\/div>\n<\/div>\n<div class=\"row\">\n<div class=\"col-sm-3 galleryitem\">\n     <!-- order:11 --><\/p>\n<div class=\"one-item\">\n       <img decoding=\"async\" src=\"https:\/\/fabijan.si\/wp-content\/uploads\/site-content\/00039249.jpg\" srcset=\" https:\/\/fabijan.si\/wp-content\/uploads\/site-content\/00039249.jpg 300w, https:\/\/fabijan.si\/wp-content\/uploads\/site-content\/00039249.jpg 150w \" \/><\/p>\n<h4><\/h4>\n<p>       <button onclick=\"window.location.href='olje-vela-htx-15w-30-5l-kantica' \"type=\"button\">Weiterlesen<\/button>\n    <\/div>\n<\/p><\/div>\n<div class=\"col-sm-3 galleryitem\">\n     <!-- order:12 --><\/p>\n<div class=\"one-item\">\n       <img decoding=\"async\" src=\"https:\/\/fabijan.si\/wp-content\/uploads\/site-content\/00031670.jpg\" srcset=\" https:\/\/fabijan.si\/wp-content\/uploads\/site-content\/00031670.jpg 300w, https:\/\/fabijan.si\/wp-content\/uploads\/site-content\/00031670.jpg 150w \" \/><\/p>\n<h4>\u00d6L VELA HTX 20l je 20 lt<\/h4>\n<p>       <button onclick=\"window.location.href='ol-vela-htx-20l-je-20-lt' \"type=\"button\">Weiterlesen<\/button>\n    <\/div>\n<\/p><\/div>\n<div class=\"col-sm-3 galleryitem\">\n     <!-- order:13 --><\/p>\n<div class=\"one-item\">\n       <img decoding=\"async\" src=\"https:\/\/fabijan.si\/wp-content\/uploads\/site-content\/mccormick-olja.jpg\" srcset=\" https:\/\/fabijan.si\/wp-content\/uploads\/site-content\/mccormick-olja.jpg 300w, https:\/\/fabijan.si\/wp-content\/uploads\/site-content\/mccormick-olja.jpg 150w \" \/><\/p>\n<h4>\u00d6l VELA HTX<\/h4>\n<p>       <button onclick=\"window.location.href='ol-vela-htx' \"type=\"button\">Weiterlesen<\/button>\n    <\/div>\n<\/p><\/div>\n<div class=\"col-sm-3 galleryitem\">\n     <!-- order:14 --><\/p>\n<div class=\"one-item\">\n       <img decoding=\"async\" src=\"https:\/\/fabijan.si\/wp-content\/uploads\/site-content\/00042172.jpg\" srcset=\" https:\/\/fabijan.si\/wp-content\/uploads\/site-content\/00042172.jpg 300w, https:\/\/fabijan.si\/wp-content\/uploads\/site-content\/00042172.jpg 150w \" \/><\/p>\n<h4>\u00d6l VELA F6 je 20 lt<\/h4>\n<p>       <button onclick=\"window.location.href='ol-vela-f6-je-20-lt' \"type=\"button\">Weiterlesen<\/button>\n    <\/div>\n<\/p><\/div>\n<\/div>\n<div class=\"row\">\n<div class=\"col-sm-3 galleryitem\">\n     <!-- order:15 --><\/p>\n<div class=\"one-item\">\n       <img decoding=\"async\" src=\"https:\/\/fabijan.si\/wp-content\/uploads\/site-content\/mccormick-olja.jpg\" srcset=\" https:\/\/fabijan.si\/wp-content\/uploads\/site-content\/mccormick-olja.jpg 300w, https:\/\/fabijan.si\/wp-content\/uploads\/site-content\/mccormick-olja.jpg 150w \" \/><\/p>\n<h4><\/h4>\n<p>       <button onclick=\"window.location.href='olje-vela-f6-sod-205lcena-za-1l' \"type=\"button\">Weiterlesen<\/button>\n    <\/div>\n<\/p><\/div>\n<div class=\"col-sm-3 galleryitem\">\n     <!-- order:16 --><\/p>\n<div class=\"one-item\">\n       <img decoding=\"async\" src=\"https:\/\/fabijan.si\/wp-content\/uploads\/site-content\/00008996.jpg\" srcset=\" https:\/\/fabijan.si\/wp-content\/uploads\/site-content\/00008996.jpg 300w, https:\/\/fabijan.si\/wp-content\/uploads\/site-content\/00008996.jpg 150w \" \/><\/p>\n<h4>Brems\u00f6l (Red Brake) 6653752A1<\/h4>\n<p>       <button onclick=\"window.location.href='bremsol-red-brake-6653752a1' \"type=\"button\">Weiterlesen<\/button>\n    <\/div>\n<\/p><\/div>\n<div class=\"col-sm-3 galleryitem\">\n     <!-- order:17 --><\/p>\n<div class=\"one-item\">\n       <img decoding=\"async\" src=\"https:\/\/fabijan.si\/wp-content\/uploads\/site-content\/00047637.jpg\" srcset=\" https:\/\/fabijan.si\/wp-content\/uploads\/site-content\/00047637.jpg 300w, https:\/\/fabijan.si\/wp-content\/uploads\/site-content\/00047637.jpg 150w \" \/><\/p>\n<h4><\/h4>\n<p>       <button onclick=\"window.location.href='olje-carina-80w-90-5l-kantica' \"type=\"button\">Weiterlesen<\/button>\n    <\/div>\n<\/p><\/div>\n<div class=\"col-sm-3 galleryitem\">\n     <!-- order:18 --><\/p>\n<div class=\"one-item\">\n       <img decoding=\"async\" src=\"https:\/\/fabijan.si\/wp-content\/uploads\/site-content\/00022545.jpg\" srcset=\" https:\/\/fabijan.si\/wp-content\/uploads\/site-content\/00022545.jpg 300w, https:\/\/fabijan.si\/wp-content\/uploads\/site-content\/00022545.jpg 150w \" \/><\/p>\n<h4>\u00d6l CARINA 90 5l<\/h4>\n<p>       <button onclick=\"window.location.href='ol-carina-90-5l' \"type=\"button\">Weiterlesen<\/button>\n    <\/div>\n<\/p><\/div>\n<\/div>\n<div class=\"row\">\n<div class=\"col-sm-3 galleryitem\">\n     <!-- order:19 --><\/p>\n<div class=\"one-item\">\n       <img decoding=\"async\" src=\"https:\/\/fabijan.si\/wp-content\/uploads\/site-content\/mccormick-olja.jpg\" srcset=\" https:\/\/fabijan.si\/wp-content\/uploads\/site-content\/mccormick-olja.jpg 300w, https:\/\/fabijan.si\/wp-content\/uploads\/site-content\/mccormick-olja.jpg 150w \" \/><\/p>\n<h4>\u00d6l CARINA 80W\/90 6653755A1<\/h4>\n<p>       <button onclick=\"window.location.href='ol-carina-80w-90-6653755a1' \"type=\"button\">Weiterlesen<\/button>\n    <\/div>\n<\/p><\/div>\n<div class=\"col-sm-3 galleryitem\">\n     <!-- order:21 --><\/p>\n<div class=\"one-item\">\n       <img decoding=\"async\" src=\"https:\/\/fabijan.si\/wp-content\/uploads\/site-content\/mccormick-olja.jpg\" srcset=\" https:\/\/fabijan.si\/wp-content\/uploads\/site-content\/mccormick-olja.jpg 300w, https:\/\/fabijan.si\/wp-content\/uploads\/site-content\/mccormick-olja.jpg 150w \" \/><\/p>\n<h4><\/h4>\n<p>       <button onclick=\"window.location.href='olje-alcor-iso-3268-hv-sod-205lcena-za-1l' \"type=\"button\">Weiterlesen<\/button>\n    <\/div>\n<\/p><\/div>\n<div class=\"col-sm-3 galleryitem\">\n     <!-- order:22 --><\/p>\n<div class=\"one-item\">\n       <img decoding=\"async\" src=\"https:\/\/fabijan.si\/wp-content\/uploads\/site-content\/murex-blue.jpg\" srcset=\" https:\/\/fabijan.si\/wp-content\/uploads\/site-content\/murex-blue.jpg 300w, https:\/\/fabijan.si\/wp-content\/uploads\/site-content\/murex-blue.jpg 150w \" \/><\/p>\n<h4>Antifriz MUREX 5l<\/h4>\n<p>       <button onclick=\"window.location.href='antifriz-murex-5l' \"type=\"button\">Weiterlesen<\/button>\n    <\/div>\n<\/p><\/div>\n<div class=\"col-sm-3 galleryitem\">\n     <!-- order:24 --><\/p>\n<div class=\"one-item\">\n       <img decoding=\"async\" src=\"https:\/\/fabijan.si\/wp-content\/uploads\/site-content\/murex-red.jpg\" srcset=\" https:\/\/fabijan.si\/wp-content\/uploads\/site-content\/murex-red.jpg 300w, https:\/\/fabijan.si\/wp-content\/uploads\/site-content\/murex-red.jpg 150w \" \/><\/p>\n<h4><\/h4>\n<p>       <button onclick=\"window.location.href='antifriz-murex-red-organic-38-5l-kantica' \"type=\"button\">Weiterlesen<\/button>\n    <\/div>\n<\/p><\/div>\n<\/div>\n<div class=\"row\">\n<div class=\"col-sm-3 galleryitem\">\n     <!-- order:26 --><\/p>\n<div class=\"one-item\">\n       <img decoding=\"async\" src=\"https:\/\/fabijan.si\/wp-content\/uploads\/site-content\/00022546_1.jpg\" srcset=\" https:\/\/fabijan.si\/wp-content\/uploads\/site-content\/00022546_1.jpg 300w, https:\/\/fabijan.si\/wp-content\/uploads\/site-content\/00022546_1.jpg 150w \" \/><\/p>\n<h4>Fettkartusche GENA GREASE EP<\/h4>\n<p>       <button onclick=\"window.location.href='fettkartusche-gena-grease-ep' \"type=\"button\">Weiterlesen<\/button>\n    <\/div>\n<\/p><\/div>\n<div class=\"col-sm-3 galleryitem\">\n     <!-- order:27 --><\/p>\n<div class=\"one-item\">\n       <img decoding=\"async\" src=\"https:\/\/fabijan.si\/wp-content\/uploads\/site-content\/00037048.jpg\" srcset=\" https:\/\/fabijan.si\/wp-content\/uploads\/site-content\/00037048.jpg 300w, https:\/\/fabijan.si\/wp-content\/uploads\/site-content\/00037048.jpg 150w \" \/><\/p>\n<h4><\/h4>\n<p>       <button onclick=\"window.location.href='mast-gena-grease-ep-850g' \"type=\"button\">Weiterlesen<\/button>\n    <\/div>\n<\/p><\/div>\n<\/div>\n<\/div>\n","protected":false},"excerpt":{"rendered":"<p>Zuhause | Ersatzteile | McCormick und Valpadana \u00d6le und Schmiermittel Motor\u00f6l 15W-40 5l Weiterlesen \u00d6l SOLEA LD7 15W-40 je 20 lt Weiterlesen Motor\u00f6l SOLEA LD7 15W-40 per 1l 6632348A1 Weiterlesen \u00d6l VELA\/B 20l je 20 lt Weiterlesen \u00d6l VELA\/B je l 6632374A1 Weiterlesen \u00d6l VELA\/C+ 5l Weiterlesen Getriebe\u00f6l VELA\/C+ je 20 lt Weiterlesen \u00d6l VELA\/C+ [&hellip;]<\/p>\n","protected":false},"author":1,"featured_media":0,"parent":4580483,"menu_order":0,"comment_status":"closed","ping_status":"closed","template":"elementor_theme","meta":{"footnotes":""},"class_list":["post-4580594","page","type-page","status-publish","hentry"],"_links":{"self":[{"href":"https:\/\/fabijan.si\/de\/wp-json\/wp\/v2\/pages\/4580594","targetHints":{"allow":["GET"]}}],"collection":[{"href":"https:\/\/fabijan.si\/de\/wp-json\/wp\/v2\/pages"}],"about":[{"href":"https:\/\/fabijan.si\/de\/wp-json\/wp\/v2\/types\/page"}],"author":[{"embeddable":true,"href":"https:\/\/fabijan.si\/de\/wp-json\/wp\/v2\/users\/1"}],"replies":[{"embeddable":true,"href":"https:\/\/fabijan.si\/de\/wp-json\/wp\/v2\/comments?post=4580594"}],"version-history":[{"count":0,"href":"https:\/\/fabijan.si\/de\/wp-json\/wp\/v2\/pages\/4580594\/revisions"}],"up":[{"embeddable":true,"href":"https:\/\/fabijan.si\/de\/wp-json\/wp\/v2\/pages\/4580483"}],"wp:attachment":[{"href":"https:\/\/fabijan.si\/de\/wp-json\/wp\/v2\/media?parent=4580594"}],"curies":[{"name":"wp","href":"https:\/\/api.w.org\/{rel}","templated":true}]}}